{"id":3025,"date":"2025-04-14T17:45:40","date_gmt":"2025-04-14T20:45:40","guid":{"rendered":"https:\/\/enapol.com\/xii\/ouro-preto\/"},"modified":"2025-04-14T18:02:15","modified_gmt":"2025-04-14T21:02:15","slug":"ouro-preto","status":"publish","type":"page","link":"https:\/\/enapol.com\/xii\/es\/recepcion\/ouro-preto\/","title":{"rendered":"Ouro Preto"},"content":{"rendered":"<div class=\"wpb-content-wrapper\">[vc_row][vc_column][vc_column_text css=\u00bb\u00bb]\n<p><span lang=\"ES-TRAD\">Ouro Preto es una ciudad hist\u00f3rica ubicada en el estado de Minas Gerais, conocida por su impactante belleza y riqueza cultural. Fue fundada a fines del siglo XVII, floreci\u00f3 durante el ciclo del oro, siendo uno de los mayores centros de miner\u00eda de Brasil en la \u00e9poca de la colonia. Sus calles angostas y sinuosas, rodeadas por casas coloniales e iglesias ornamentales, hacen de la ciudad un verdadero museo a cielo abierto. Es una de las ciudades m\u00e1s visitadas de Brasil y considerado por la UNESCO como Patrimonio Hist\u00f3rico de la Humanidad. <\/span><\/p>\n<h3><span style=\"color: #ff0000;\"><strong><a href=\"https:\/\/enapol.com\/xii\/wp-content\/uploads\/sites\/10\/2025\/04\/ouro_preto_001.jpg\"><img fetchpriority=\"high\" decoding=\"async\" class=\"aligncenter size-full wp-image-2998\" src=\"https:\/\/enapol.com\/xii\/wp-content\/uploads\/sites\/10\/2025\/04\/ouro_preto_001.jpg\" alt=\"\" width=\"625\" height=\"442\" srcset=\"https:\/\/enapol.com\/xii\/wp-content\/uploads\/sites\/10\/2025\/04\/ouro_preto_001.jpg 625w, https:\/\/enapol.com\/xii\/wp-content\/uploads\/sites\/10\/2025\/04\/ouro_preto_001-300x212.jpg 300w, https:\/\/enapol.com\/xii\/wp-content\/uploads\/sites\/10\/2025\/04\/ouro_preto_001-500x354.jpg 500w\" sizes=\"(max-width: 625px) 100vw, 625px\" \/><\/a><\/strong><\/span><\/h3>\n<h3><span style=\"color: #ff0000;\"><strong><a href=\"https:\/\/enapol.com\/xii\/wp-content\/uploads\/sites\/10\/2025\/04\/ouro_preto_002.jpg\"><img decoding=\"async\" class=\"aligncenter size-full wp-image-3000\" src=\"https:\/\/enapol.com\/xii\/wp-content\/uploads\/sites\/10\/2025\/04\/ouro_preto_002.jpg\" alt=\"\" width=\"602\" height=\"399\" srcset=\"https:\/\/enapol.com\/xii\/wp-content\/uploads\/sites\/10\/2025\/04\/ouro_preto_002.jpg 602w, https:\/\/enapol.com\/xii\/wp-content\/uploads\/sites\/10\/2025\/04\/ouro_preto_002-300x199.jpg 300w, https:\/\/enapol.com\/xii\/wp-content\/uploads\/sites\/10\/2025\/04\/ouro_preto_002-500x331.jpg 500w\" sizes=\"(max-width: 602px) 100vw, 602px\" \/><\/a><\/strong><\/span><\/h3>\n<h3><span style=\"color: #ff0000;\"><b>C\u00f3mo llegar<\/b><\/span><\/h3>\n<ul>\n<li><strong>En auto<\/strong><\/li>\n<\/ul>\n<p>En el aeropuerto de Confins y en Belo Horizonte, hay agencias de alquiler autos. Saliendo de Belo Horizonte, el mejor trayecto es por la ruta BR-356. El trayecto de 100km se recorre en 1h40 aproximadamente. Si se sale del Aeropuerto son 140km.<\/p>\n<ul>\n<li><strong>En \u00f3mnibus <\/strong><\/li>\n<\/ul>\n<p>Saliendo de Belo Horizonte, el trayecto es realizado por la Viacao P\u00e1ssaro Verde y tambien por Buser. El tiempo estimado de viaje es de 2 horas y cada trayecto cuesta alrededor de R$25 a R$40. Hay diversas opciones de horarios durante todo el dia.<\/p>\n<ul>\n<li><strong>Transfer particular <\/strong><\/li>\n<li>De las empresas especializadas en transferencia de Confins para Ouro Preto est\u00e1 <a href=\"https:\/\/www.ouropretomg.com\/reservation\/transferconfinsouropreto\">Esse Trem Turismo<\/a> y <a href=\"https:\/\/www.turismoouropreto.com\/\">Turismo Ouro Preto<\/a>.<\/li>\n<\/ul>\n<h3><span style=\"color: #ff0000;\"><strong><a href=\"https:\/\/enapol.com\/xii\/wp-content\/uploads\/sites\/10\/2025\/04\/ouro_preto_003.jpg\"><img decoding=\"async\" class=\"aligncenter size-full wp-image-3002\" src=\"https:\/\/enapol.com\/xii\/wp-content\/uploads\/sites\/10\/2025\/04\/ouro_preto_003.jpg\" alt=\"\" width=\"602\" height=\"399\" srcset=\"https:\/\/enapol.com\/xii\/wp-content\/uploads\/sites\/10\/2025\/04\/ouro_preto_003.jpg 602w, https:\/\/enapol.com\/xii\/wp-content\/uploads\/sites\/10\/2025\/04\/ouro_preto_003-300x199.jpg 300w, https:\/\/enapol.com\/xii\/wp-content\/uploads\/sites\/10\/2025\/04\/ouro_preto_003-500x331.jpg 500w\" sizes=\"(max-width: 602px) 100vw, 602px\" \/><\/a>Puntos Tur\u00edsticos<\/strong><\/span><\/h3>\n<ul>\n<li><strong>Iglesia S\u00e3o Francisco de Assis: <\/strong>la expresi\u00f3n m\u00e1s elevada del estilo rococ\u00f3. Es considerada obra prima de Alejadinho, precursor del barroco en Brasil.<\/li>\n<li><strong>Iglesia Matriz Nossa Senhora do Pilar<\/strong>: Considerada la m\u00e1xima expresi\u00f3n de opulencia y dramatismo del barroco. La iglesia m\u00e1s rica de Minas Gerais muestra todo su esplendor de la primera fase del barroco.<\/li>\n<li><strong>Igreja Matriz de Nossa Senhora da Concei\u00e7\u00e3o de Ant\u00f4nio Dias: <\/strong>Iglesia cat\u00f3lica del siglo XVIII, con museo y tumba de Aleijadinho, adem\u00e1s de decoraci\u00f3n de estilo barroco.<\/li>\n<li><strong>Iglesia de Nossa Senhora del Carmo:<\/strong> La Iglesia de Nossa Senhora do Carmo es un templo cat\u00f3lico de Ouro Preto, importante ejemplar de la tradici\u00f3n del rococ\u00f3 en Brasil.<\/li>\n<li><strong>Iglesia de Nossa Senhora del Ros\u00e1rio de los Pretos: <\/strong>Iglesia constru\u00edda y frecuentada en su momento por los esclavos.<\/li>\n<li><strong>Museo de la Inconfidencia:<\/strong> Re\u00fane diversas obras del patrimonio hist\u00f3rico y art\u00edstico de Minas Gerais.<\/li>\n<li><strong>Museo Aleijadinho:<\/strong> Re\u00fane obras del mayor escultor brasile\u00f1o del per\u00edodo barroco \u2013 Ant\u00f4nio Francisco Lisboa, conocido por Aleijadinho.<\/li>\n<li><strong>Museo do Oratorio: <\/strong>Con una colecci\u00f3n de 162 oratorios y 300 im\u00e1genes de los siglos XVII al XX, el Museo del Oratorio proporciona una inmersi\u00f3n en papel de la fe y del arte en la historia de Brasil.<\/li>\n<li><strong>Casa de los Contos: <\/strong>Casa hist\u00f3rica transformada en museo con muebles, documentos y libros de los siglos XVIII y XIX.<\/li>\n<li><strong>Parque Natural Municipal das Andorinhas<\/strong>: Para los amantes de la aventura, recomendamos este parque cercano a la ciudad, con varias cascadas y exuberante naturaleza.<\/li>\n<\/ul>\n<p>&nbsp;<\/p>\n[\/vc_column_text]<div class=\"vcex-image-grid-wrap\"><div class=\"vcex-module vcex-image-grid grid-style-masonry wpex-row wpex-clr vcex-isotope-grid no-transition wpex-overflow-hidden wpex-lightbox-group\" data-transition-duration=\"0.0\"><div class=\"id-3005 vcex-image-grid-entry vcex-grid-item vcex-isotope-entry wpex-text-center span_1_of_3 col col-1\"><figure class=\"vcex-image-grid-entry-figure wpex-last-mb-0 wpex-clr\"><div class=\"vcex-image-grid-entry-img entry-media wpex-relative wpex-mb-20\"><a href=\"https:\/\/enapol.com\/xii\/wp-content\/uploads\/sites\/10\/2025\/04\/ouro_preto_004.jpg\" class=\"vcex-image-grid-entry-link wpex-lightbox-group-item\" ><img width=\"532\" height=\"353\" src=\"https:\/\/enapol.com\/xii\/wp-content\/uploads\/sites\/10\/2025\/04\/ouro_preto_004.jpg\" class=\"wpex-align-middle skip-lazy\" alt=\"\" data-no-lazy=\"1\" srcset=\"https:\/\/enapol.com\/xii\/wp-content\/uploads\/sites\/10\/2025\/04\/ouro_preto_004.jpg 532w, https:\/\/enapol.com\/xii\/wp-content\/uploads\/sites\/10\/2025\/04\/ouro_preto_004-300x199.jpg 300w, https:\/\/enapol.com\/xii\/wp-content\/uploads\/sites\/10\/2025\/04\/ouro_preto_004-500x332.jpg 500w\" sizes=\"(max-width: 532px) 100vw, 532px\" \/><\/a><\/div><\/figure><\/div><div class=\"id-3007 vcex-image-grid-entry vcex-grid-item vcex-isotope-entry wpex-text-center span_1_of_3 col col-2\"><figure class=\"vcex-image-grid-entry-figure wpex-last-mb-0 wpex-clr\"><div class=\"vcex-image-grid-entry-img entry-media wpex-relative wpex-mb-20\"><a href=\"https:\/\/enapol.com\/xii\/wp-content\/uploads\/sites\/10\/2025\/04\/ouro_preto_005.jpg\" class=\"vcex-image-grid-entry-link wpex-lightbox-group-item\" ><img width=\"532\" height=\"323\" src=\"https:\/\/enapol.com\/xii\/wp-content\/uploads\/sites\/10\/2025\/04\/ouro_preto_005.jpg\" class=\"wpex-align-middle skip-lazy\" alt=\"\" data-no-lazy=\"1\" srcset=\"https:\/\/enapol.com\/xii\/wp-content\/uploads\/sites\/10\/2025\/04\/ouro_preto_005.jpg 532w, https:\/\/enapol.com\/xii\/wp-content\/uploads\/sites\/10\/2025\/04\/ouro_preto_005-300x182.jpg 300w, https:\/\/enapol.com\/xii\/wp-content\/uploads\/sites\/10\/2025\/04\/ouro_preto_005-500x304.jpg 500w\" sizes=\"(max-width: 532px) 100vw, 532px\" \/><\/a><\/div><\/figure><\/div><div class=\"id-3009 vcex-image-grid-entry vcex-grid-item vcex-isotope-entry wpex-text-center span_1_of_3 col col-3\"><figure class=\"vcex-image-grid-entry-figure wpex-last-mb-0 wpex-clr\"><div class=\"vcex-image-grid-entry-img entry-media wpex-relative wpex-mb-20\"><a href=\"https:\/\/enapol.com\/xii\/wp-content\/uploads\/sites\/10\/2025\/04\/ouro_preto_006.jpg\" class=\"vcex-image-grid-entry-link wpex-lightbox-group-item\" ><img width=\"325\" height=\"490\" src=\"https:\/\/enapol.com\/xii\/wp-content\/uploads\/sites\/10\/2025\/04\/ouro_preto_006.jpg\" class=\"wpex-align-middle skip-lazy\" alt=\"\" data-no-lazy=\"1\" srcset=\"https:\/\/enapol.com\/xii\/wp-content\/uploads\/sites\/10\/2025\/04\/ouro_preto_006.jpg 325w, https:\/\/enapol.com\/xii\/wp-content\/uploads\/sites\/10\/2025\/04\/ouro_preto_006-199x300.jpg 199w\" sizes=\"(max-width: 325px) 100vw, 325px\" \/><\/a><\/div><\/figure><\/div><div class=\"id-3011 vcex-image-grid-entry vcex-grid-item vcex-isotope-entry wpex-text-center span_1_of_3 col col-1\"><figure class=\"vcex-image-grid-entry-figure wpex-last-mb-0 wpex-clr\"><div class=\"vcex-image-grid-entry-img entry-media wpex-relative wpex-mb-20\"><a href=\"https:\/\/enapol.com\/xii\/wp-content\/uploads\/sites\/10\/2025\/04\/ouro_preto_007.jpg\" class=\"vcex-image-grid-entry-link wpex-lightbox-group-item\" ><img width=\"325\" height=\"492\" src=\"https:\/\/enapol.com\/xii\/wp-content\/uploads\/sites\/10\/2025\/04\/ouro_preto_007.jpg\" class=\"wpex-align-middle skip-lazy\" alt=\"\" data-no-lazy=\"1\" srcset=\"https:\/\/enapol.com\/xii\/wp-content\/uploads\/sites\/10\/2025\/04\/ouro_preto_007.jpg 325w, https:\/\/enapol.com\/xii\/wp-content\/uploads\/sites\/10\/2025\/04\/ouro_preto_007-198x300.jpg 198w\" sizes=\"(max-width: 325px) 100vw, 325px\" \/><\/a><\/div><\/figure><\/div><div class=\"id-3013 vcex-image-grid-entry vcex-grid-item vcex-isotope-entry wpex-text-center span_1_of_3 col col-2\"><figure class=\"vcex-image-grid-entry-figure wpex-last-mb-0 wpex-clr\"><div class=\"vcex-image-grid-entry-img entry-media wpex-relative wpex-mb-20\"><a href=\"https:\/\/enapol.com\/xii\/wp-content\/uploads\/sites\/10\/2025\/04\/ouro_preto_008.jpg\" class=\"vcex-image-grid-entry-link wpex-lightbox-group-item\" ><img width=\"313\" height=\"417\" src=\"https:\/\/enapol.com\/xii\/wp-content\/uploads\/sites\/10\/2025\/04\/ouro_preto_008.jpg\" class=\"wpex-align-middle skip-lazy\" alt=\"\" data-no-lazy=\"1\" srcset=\"https:\/\/enapol.com\/xii\/wp-content\/uploads\/sites\/10\/2025\/04\/ouro_preto_008.jpg 313w, https:\/\/enapol.com\/xii\/wp-content\/uploads\/sites\/10\/2025\/04\/ouro_preto_008-225x300.jpg 225w\" sizes=\"(max-width: 313px) 100vw, 313px\" \/><\/a><\/div><\/figure><\/div><div class=\"id-3015 vcex-image-grid-entry vcex-grid-item vcex-isotope-entry wpex-text-center span_1_of_3 col col-3\"><figure class=\"vcex-image-grid-entry-figure wpex-last-mb-0 wpex-clr\"><div class=\"vcex-image-grid-entry-img entry-media wpex-relative wpex-mb-20\"><a href=\"https:\/\/enapol.com\/xii\/wp-content\/uploads\/sites\/10\/2025\/04\/ouro_preto_009.jpg\" class=\"vcex-image-grid-entry-link wpex-lightbox-group-item\" ><img width=\"546\" height=\"362\" src=\"https:\/\/enapol.com\/xii\/wp-content\/uploads\/sites\/10\/2025\/04\/ouro_preto_009.jpg\" class=\"wpex-align-middle skip-lazy\" alt=\"\" data-no-lazy=\"1\" srcset=\"https:\/\/enapol.com\/xii\/wp-content\/uploads\/sites\/10\/2025\/04\/ouro_preto_009.jpg 546w, https:\/\/enapol.com\/xii\/wp-content\/uploads\/sites\/10\/2025\/04\/ouro_preto_009-300x199.jpg 300w, https:\/\/enapol.com\/xii\/wp-content\/uploads\/sites\/10\/2025\/04\/ouro_preto_009-500x332.jpg 500w\" sizes=\"(max-width: 546px) 100vw, 546px\" \/><\/a><\/div><\/figure><\/div><\/div><\/div>[vc_column_text css=\u00bb\u00bb]\n<h3><span style=\"color: #ff0000;\"><strong>D\u00f3nde hospedarse<\/strong><\/span><\/h3>\n<ul>\n<li><strong>Pousada dos Of\u00edcios <\/strong>\n<ul>\n<li><a href=\"https:\/\/www.google.com\/search?client=safari&amp;sca_esv=6720e53ef255ba62&amp;rls=en&amp;sxsrf=AHTn8zrfI7WFMCuPkIG8KdfoKfszKnJnJg:1742643887360&amp;q=pousada+dos+oficios+endere%C3%A7o&amp;ludocid=9224925571942458307&amp;sa=X&amp;ved=2ahUKEwiG8YCvzp2MAxVOJbkGHYAJNukQ6BN6BAgrEAI\"><strong>Direcci\u00f3n<\/strong><\/a><strong>:<\/strong> R. Padre Rolim, 765 &#8211; Ouro Preto<\/li>\n<li><strong>Tel\u00e9fono:<\/strong> <a href=\"https:\/\/www.google.com\/search?client=safari&amp;rls=en&amp;q=pousada+dos+oficios+ouro+preto&amp;ie=UTF-8&amp;oe=UTF-8\">(31) 3551-7735<\/a><\/li>\n<li><strong>WhatsApp:<\/strong> (31) 99964-4899<\/li>\n<li><a href=\"https:\/\/pousadadosoficios.com.br\/contato\/\">https:\/\/pousadadosoficios.com.br\/contato\/<\/a><\/li>\n<\/ul>\n<\/li>\n<li><strong>Hotel Solar do Ros\u00e1rio<\/strong>\n<ul>\n<li><strong>Direcci\u00f3n: <\/strong>R. Getulio Vargas, 270 &#8211; Ros\u00e1rio, Ouro Preto<\/li>\n<li><strong>Tel\u00e9fono\/WhatsApp: <\/strong><a href=\"https:\/\/www.google.com\/search?client=safari&amp;rls=en&amp;q=solar+do+rosario+ouro+preto&amp;ie=UTF-8&amp;oe=UTF-8\">(31) 3551-5200<\/a><\/li>\n<li><a href=\"https:\/\/hotelsolardorosario.com\">https:\/\/hotelsolardorosario.com<\/a><\/li>\n<\/ul>\n<\/li>\n<li><strong>Grande Hotel de Ouro Preto <\/strong>\n<ul>\n<li><strong>Direcci\u00f3n:<\/strong> Rua Senador Rocha Lagoa, 162, Ouro Preto<\/li>\n<li><strong>Tel\u00e9fono: <\/strong>\u00a0<a href=\"https:\/\/www.google.com\/search?client=safari&amp;rls=en&amp;q=grande+hotel+de+ouro+perto&amp;ie=UTF-8&amp;oe=UTF-8\">(31) 3551-1488<\/a><\/li>\n<li><a href=\"https:\/\/api.whatsapp.com\/send?l=pt&amp;phone=5531986110709&amp;text=Ol\u00e1!%20Desejo%20informa\u00e7\u00f5es%20sobre%20o%20hotel#_blank\"><strong>WhatsApp: <\/strong>(31) 98611-0709<\/a><\/li>\n<li><a href=\"http:\/\/www.grandehotelouropreto.com.br\">http:\/\/www.grandehotelouropreto.com.br<\/a><\/li>\n<\/ul>\n<\/li>\n<\/ul>\n<h3><span style=\"color: #ff0000;\"><strong><a href=\"https:\/\/enapol.com\/xii\/wp-content\/uploads\/sites\/10\/2025\/04\/ouro_preto_010.jpg\"><img loading=\"lazy\" decoding=\"async\" class=\"aligncenter size-full wp-image-3016\" src=\"https:\/\/enapol.com\/xii\/wp-content\/uploads\/sites\/10\/2025\/04\/ouro_preto_010.jpg\" alt=\"\" width=\"602\" height=\"908\" srcset=\"https:\/\/enapol.com\/xii\/wp-content\/uploads\/sites\/10\/2025\/04\/ouro_preto_010.jpg 602w, https:\/\/enapol.com\/xii\/wp-content\/uploads\/sites\/10\/2025\/04\/ouro_preto_010-199x300.jpg 199w, https:\/\/enapol.com\/xii\/wp-content\/uploads\/sites\/10\/2025\/04\/ouro_preto_010-500x754.jpg 500w\" sizes=\"(max-width: 602px) 100vw, 602px\" \/><\/a><\/strong><\/span><\/h3>\n<h3><span style=\"color: #ff0000;\"><strong>Gastronomia<\/strong><\/span><\/h3>\n<p><strong>Regional<\/strong><strong>\u00a0<\/strong><\/p>\n<ul>\n<li><strong>Casa do Ouvidor<\/strong> (<em> Conde de Bobadela, 42<\/em>)<\/li>\n<li><strong>Restaurante Tropea <\/strong>(<em> Cel. Alves, 15<\/em>)<\/li>\n<\/ul>\n<p>Los restaurants de Ouro Preto est\u00e1n concentrados en el Centro Hist\u00f3rico, especialmente en la calle Direita (o calle Conde de Bobadela) y en la calle S\u00e3o Jos\u00e9. Ambas opciones presentan platos t\u00edpicos, preparados al cl\u00e1sico modo minero, recordando que la ciudad est\u00e1 repleta de espacios que ofrecen culinaria minera autentica.<\/p>\n<p><strong>Caf\u00e9s<\/strong><strong>\u00a0<\/strong><\/p>\n<ul>\n<li><strong>Opera Caf\u00e9<\/strong> (<em> Conde de Bobadela, 75<\/em>)<\/li>\n<li><strong>Hamburgueria P\u00e3o de Queijo Gourmet <\/strong>(<em> Bar\u00e3o de Camargos, 22<\/em>).<strong>\u00a0<\/strong><\/li>\n<\/ul>\n<p>Entre los paseos, para descansar, vale la pena probar los p\u00e3es de queijo, las tortas y el caf\u00e9 mineiro.<strong>\u00a0<\/strong><\/p>\n<p><strong>Recomendamos<\/strong><strong>\u00a0<\/strong><\/p>\n<ul>\n<li><strong>O Passo<\/strong> (<em> S\u00e3o Jos\u00e9, 56<\/em>)<\/li>\n<li><strong>Ben\u00e9 da Flauta<\/strong> ( S\u00e3o Francisco de Assis, 32)<\/li>\n<\/ul>\n<p>Con un men\u00fa refinado y elaborado, estos locales llaman la atenci\u00f3n por la linda y abastecida bodega de vinos, cervezas y cacha\u00e7as.<\/p>\n<p><a href=\"https:\/\/enapol.com\/xii\/wp-content\/uploads\/sites\/10\/2025\/04\/ouro_preto_011.jpg\"><img loading=\"lazy\" decoding=\"async\" class=\"aligncenter size-full wp-image-3018\" src=\"https:\/\/enapol.com\/xii\/wp-content\/uploads\/sites\/10\/2025\/04\/ouro_preto_011.jpg\" alt=\"\" width=\"632\" height=\"953\" srcset=\"https:\/\/enapol.com\/xii\/wp-content\/uploads\/sites\/10\/2025\/04\/ouro_preto_011.jpg 632w, https:\/\/enapol.com\/xii\/wp-content\/uploads\/sites\/10\/2025\/04\/ouro_preto_011-199x300.jpg 199w, https:\/\/enapol.com\/xii\/wp-content\/uploads\/sites\/10\/2025\/04\/ouro_preto_011-500x754.jpg 500w\" sizes=\"(max-width: 632px) 100vw, 632px\" \/><\/a>[\/vc_column_text][\/vc_column][\/vc_row][vc_row][vc_column][\/vc_column][\/vc_row]\n<\/div>","protected":false},"excerpt":{"rendered":"<p>[vc_row][vc_column][vc_column_text css=\u00bb\u00bb] Ouro Preto es una ciudad hist\u00f3rica ubicada en el estado de Minas Gerais, conocida por su impactante belleza y riqueza cultural. Fue fundada a fines del siglo XVII, floreci\u00f3 durante el ciclo del oro, siendo uno de los mayores centros de miner\u00eda de Brasil en la \u00e9poca de la colonia. Sus calles angostas&hellip;<\/p>\n","protected":false},"author":3,"featured_media":0,"parent":570,"menu_order":0,"comment_status":"closed","ping_status":"closed","template":"","meta":{"_monsterinsights_skip_tracking":false,"_monsterinsights_sitenote_active":false,"_monsterinsights_sitenote_note":"","_monsterinsights_sitenote_category":0,"footnotes":""},"_links":{"self":[{"href":"https:\/\/enapol.com\/xii\/es\/wp-json\/wp\/v2\/pages\/3025"}],"collection":[{"href":"https:\/\/enapol.com\/xii\/es\/wp-json\/wp\/v2\/pages"}],"about":[{"href":"https:\/\/enapol.com\/xii\/es\/wp-json\/wp\/v2\/types\/page"}],"author":[{"embeddable":true,"href":"https:\/\/enapol.com\/xii\/es\/wp-json\/wp\/v2\/users\/3"}],"replies":[{"embeddable":true,"href":"https:\/\/enapol.com\/xii\/es\/wp-json\/wp\/v2\/comments?post=3025"}],"version-history":[{"count":7,"href":"https:\/\/enapol.com\/xii\/es\/wp-json\/wp\/v2\/pages\/3025\/revisions"}],"predecessor-version":[{"id":3033,"href":"https:\/\/enapol.com\/xii\/es\/wp-json\/wp\/v2\/pages\/3025\/revisions\/3033"}],"up":[{"embeddable":true,"href":"https:\/\/enapol.com\/xii\/es\/wp-json\/wp\/v2\/pages\/570"}],"wp:attachment":[{"href":"https:\/\/enapol.com\/xii\/es\/wp-json\/wp\/v2\/media?parent=3025"}],"curies":[{"name":"wp","href":"https:\/\/api.w.org\/{rel}","templated":true}]}}