{"id":3290,"date":"2025-04-22T11:20:34","date_gmt":"2025-04-22T14:20:34","guid":{"rendered":"https:\/\/enapol.com\/xii\/epistemico\/tambor\/boletins\/tambor-2\/"},"modified":"2025-06-03T16:17:08","modified_gmt":"2025-06-03T19:17:08","slug":"tambor-2","status":"publish","type":"page","link":"https:\/\/enapol.com\/xii\/es\/epistemico\/tambor\/boletins\/tambor-2\/","title":{"rendered":"Tambor 2"},"content":{"rendered":"<div class=\"wpb-content-wrapper\">[vc_row][vc_column]<figure class=\"vcex-image vcex-module\"><div class=\"vcex-image-inner wpex-relative wpex-inline-block\"><img width=\"5288\" height=\"1575\" src=\"https:\/\/enapol.com\/xii\/wp-content\/uploads\/sites\/10\/2025\/02\/cabecalho.png\" class=\"vcex-image-img wpex-align-middle\" alt=\"\" loading=\"lazy\" decoding=\"async\" srcset=\"https:\/\/enapol.com\/xii\/wp-content\/uploads\/sites\/10\/2025\/02\/cabecalho.png 5288w, https:\/\/enapol.com\/xii\/wp-content\/uploads\/sites\/10\/2025\/02\/cabecalho-300x89.png 300w, https:\/\/enapol.com\/xii\/wp-content\/uploads\/sites\/10\/2025\/02\/cabecalho-1024x305.png 1024w, https:\/\/enapol.com\/xii\/wp-content\/uploads\/sites\/10\/2025\/02\/cabecalho-768x229.png 768w, https:\/\/enapol.com\/xii\/wp-content\/uploads\/sites\/10\/2025\/02\/cabecalho-1536x457.png 1536w, https:\/\/enapol.com\/xii\/wp-content\/uploads\/sites\/10\/2025\/02\/cabecalho-2048x610.png 2048w, https:\/\/enapol.com\/xii\/wp-content\/uploads\/sites\/10\/2025\/02\/cabecalho-500x149.png 500w, https:\/\/enapol.com\/xii\/wp-content\/uploads\/sites\/10\/2025\/02\/cabecalho-700x208.png 700w\" sizes=\"(max-width: 5288px) 100vw, 5288px\" \/><\/div><\/figure>[\/vc_column][\/vc_row][vc_row][vc_column][vc_column_text css=\u00bb.vc_custom_1746121801128{padding-top: 20px !important;padding-right: 20px !important;padding-bottom: 20px !important;padding-left: 20px !important;background-color: #EE643D !important;}\u00bb]\n<p style=\"text-align: left;\"><span style=\"font-size: 18px;\"><strong><span style=\"color: #ffffff;\">Bolet\u00edn Tambor 2<\/span><\/strong><\/span><\/p>\n[\/vc_column_text][\/vc_column][\/vc_row][vc_row][vc_column][vc_column_text css=\u00bb\u00bb]\n<h3><u>R\u00fabrica Eje 1:<br \/>\n<\/u><u><em>ESO<\/em> RESUENA EN EL CUERPO COMO UN TAMBOR<\/u><\/h3>\n<p><em>Luisa Arag\u00f3n &#8211; NEL\/AMP<\/em><\/p>\n<p><em>Hablar con el ni\u00f1o<\/em> releva el lugar de la palabra en un an\u00e1lisis y sus alcances, trascendiendo la distinci\u00f3n de edad. <em>\u00a1Hay que hablar, porque hace bien! <\/em>es la consigna que hoy se promueve a trav\u00e9s de la proliferaci\u00f3n de propuestas terap\u00e9uticas, \u00bfqu\u00e9 es lo que distingue nuestra pr\u00e1ctica como experiencia de palabra?<\/p>\n<p style=\"text-align: justify;\"><a title=\"R\u00fabrica Eje 1: ESO RESUENA EN EL CUERPO COMO UN TAMBOR\" href=\"https:\/\/enapol.com\/xii\/es\/rubrica-eje-1-eso-resuena-en-el-cuerpo-como-un-tambor\/\">[Leer +]<\/a><\/p>\n[\/vc_column_text][\/vc_column][\/vc_row][vc_row][vc_column][vc_column_text css=\u00bb\u00bb]\n<h3><u>R\u00fabrica Eje 3:<br \/>\nINEXTINGUIBLE INFANCIA, DOCILIDAD TRANSFERENCIAL<\/u><\/h3>\n<p><em>Marcela Antelo &#8211; EBP\/AMP<\/em><\/p>\n<p>Se suele decir que la infancia se pierde, que la inocencia se pierde, que los ideales se destrozan y las ilusiones se corroen, que el amor se erosiona, y que no lo reflejamos como ayer. El tiempo y el lugar del ocio, del juego, del dolce far niente se hace cada vez m\u00e1s costoso. Sin mencionar el tono muscular, la piel de durazno y el pelo sedoso. Una dimensi\u00f3n de lo que perdura es la p\u00e9rdida pura, como dec\u00eda Lacan, en la patolog\u00eda de la vida cotidiana, de la vida que dura.<\/p>\n<p><a title=\"Eje 3: INEXTINGUIBLE INFANCIA, DOCILIDAD TRANSFERENCIAL\" href=\"https:\/\/enapol.com\/xii\/es\/eje-3-inextinguible-infancia-docilidad-transferencial\/\"><span style=\"color: #ff0000;\">[<\/span>Leer\u00a0+]<\/a><\/p>\n[\/vc_column_text][\/vc_column][\/vc_row][vc_row][vc_column][vc_column_text css=\u00bb\u00bb]\n<h3><u>Conexiones \u2013 \u201cLo inextinguible de la infancia\u201d<\/u><\/h3>\n<p><a href=\"https:\/\/enapol.com\/xii\/wp-content\/uploads\/sites\/10\/2025\/04\/thumb_video_esp.png\"><img fetchpriority=\"high\" decoding=\"async\" class=\"aligncenter wp-image-3661\" src=\"https:\/\/enapol.com\/xii\/wp-content\/uploads\/sites\/10\/2025\/04\/thumb_video_esp.png\" alt=\"\" width=\"500\" height=\"272\" srcset=\"https:\/\/enapol.com\/xii\/wp-content\/uploads\/sites\/10\/2025\/04\/thumb_video_esp.png 1887w, https:\/\/enapol.com\/xii\/wp-content\/uploads\/sites\/10\/2025\/04\/thumb_video_esp-300x163.png 300w, https:\/\/enapol.com\/xii\/wp-content\/uploads\/sites\/10\/2025\/04\/thumb_video_esp-1024x558.png 1024w, https:\/\/enapol.com\/xii\/wp-content\/uploads\/sites\/10\/2025\/04\/thumb_video_esp-768x418.png 768w, https:\/\/enapol.com\/xii\/wp-content\/uploads\/sites\/10\/2025\/04\/thumb_video_esp-1536x837.png 1536w, https:\/\/enapol.com\/xii\/wp-content\/uploads\/sites\/10\/2025\/04\/thumb_video_esp-500x272.png 500w, https:\/\/enapol.com\/xii\/wp-content\/uploads\/sites\/10\/2025\/04\/thumb_video_esp-700x381.png 700w\" sizes=\"(max-width: 500px) 100vw, 500px\" \/><\/a><\/p>\n<p><a title=\"\u201cLo inextinguible de la infancia\u201d\" href=\"https:\/\/enapol.com\/xii\/es\/lo-inextinguible-de-la-infancia\/\"><span style=\"color: #ff0000;\">[leer +]<\/span><\/a><\/p>\n[\/vc_column_text][\/vc_column][\/vc_row][vc_row][vc_column][vc_column_text css=\u00bb\u00bb]\n<h3><u>CITAS Y REFERENCIAS BIBLIOGR\u00c1FICAS<\/u><\/h3>\n<div>\n<h3><span style=\"color: #ff0000;\"><strong>FREUD<\/strong><\/span><\/h3>\n<p>\u201cEn muchos casos he recibido la impresi\u00f3n de que la consabida amnesia infantil, tan sustantiva para nuestra teor\u00eda, est\u00e1 contrabalanceada en su totalidad por los recuerdos encubridores. En estos no se conserva s\u00f3lo algo esencial de la vida infantil, sino en verdad todo lo esencial. S\u00f3lo hace falta saber desarrollarlo desde ellos por medio del an\u00e1lisis. Representan (<em>repr\u00e4sentieren<\/em>) tan acabadamente a los a\u00f1os infantiles olvidados como el contenido manifiesto del sue\u00f1o a los pensamientos on\u00edricos\u201d.<\/p>\n<p><a title=\"CITAS Y REFERENCIAS BIBLIOGR\u00c1FICAS\" href=\"https:\/\/enapol.com\/xii\/es\/citas-y-referencias-bibliograficas\/\"><span style=\"color: #ff0000;\">[L<\/span>eer +]<\/a><\/p>\n<\/div>\n[\/vc_column_text][\/vc_column][\/vc_row]\n<\/div>","protected":false},"excerpt":{"rendered":"<p>[vc_row][vc_column][\/vc_column][\/vc_row][vc_row][vc_column][vc_column_text css=\u00bb.vc_custom_1746121801128{padding-top: 20px !important;padding-right: 20px !important;padding-bottom: 20px !important;padding-left: 20px !important;background-color: #EE643D !important;}\u00bb] Bolet\u00edn Tambor 2 [\/vc_column_text][\/vc_column][\/vc_row][vc_row][vc_column][vc_column_text css=\u00bb\u00bb] R\u00fabrica Eje 1: ESO RESUENA EN EL CUERPO COMO UN TAMBOR Luisa Arag\u00f3n &#8211; NEL\/AMP Hablar con el ni\u00f1o releva el lugar de la palabra en un an\u00e1lisis y sus alcances, trascendiendo la distinci\u00f3n de edad. \u00a1Hay que&hellip;<\/p>\n","protected":false},"author":3,"featured_media":0,"parent":1956,"menu_order":0,"comment_status":"closed","ping_status":"closed","template":"","meta":{"_monsterinsights_skip_tracking":false,"_monsterinsights_sitenote_active":false,"_monsterinsights_sitenote_note":"","_monsterinsights_sitenote_category":0,"footnotes":""},"_links":{"self":[{"href":"https:\/\/enapol.com\/xii\/es\/wp-json\/wp\/v2\/pages\/3290"}],"collection":[{"href":"https:\/\/enapol.com\/xii\/es\/wp-json\/wp\/v2\/pages"}],"about":[{"href":"https:\/\/enapol.com\/xii\/es\/wp-json\/wp\/v2\/types\/page"}],"author":[{"embeddable":true,"href":"https:\/\/enapol.com\/xii\/es\/wp-json\/wp\/v2\/users\/3"}],"replies":[{"embeddable":true,"href":"https:\/\/enapol.com\/xii\/es\/wp-json\/wp\/v2\/comments?post=3290"}],"version-history":[{"count":15,"href":"https:\/\/enapol.com\/xii\/es\/wp-json\/wp\/v2\/pages\/3290\/revisions"}],"predecessor-version":[{"id":5426,"href":"https:\/\/enapol.com\/xii\/es\/wp-json\/wp\/v2\/pages\/3290\/revisions\/5426"}],"up":[{"embeddable":true,"href":"https:\/\/enapol.com\/xii\/es\/wp-json\/wp\/v2\/pages\/1956"}],"wp:attachment":[{"href":"https:\/\/enapol.com\/xii\/es\/wp-json\/wp\/v2\/media?parent=3290"}],"curies":[{"name":"wp","href":"https:\/\/api.w.org\/{rel}","templated":true}]}}