{"id":4609,"date":"2025-05-02T08:27:00","date_gmt":"2025-05-02T11:27:00","guid":{"rendered":"https:\/\/enapol.com\/xii\/?page_id=4609"},"modified":"2025-08-14T06:32:39","modified_gmt":"2025-08-14T09:32:39","slug":"rubrica-eje-1","status":"publish","type":"page","link":"https:\/\/enapol.com\/xii\/es\/epistemico\/tambor\/rubricas\/rubrica-eje-1\/","title":{"rendered":"R\u00fabrica Eje 1"},"content":{"rendered":"<div class=\"wpb-content-wrapper\">[vc_row][vc_column][vc_column_text css=\u00bb\u00bb]\n<h3><span style=\"color: #ff0000;\"><strong>R\u00fabrica Eje 1<br \/>\n<\/strong><strong>UN TAMBOR VIBRA EN UN DISPOSITIVO DE SALUD P\u00daBLICA<\/strong><\/span><\/h3>\n<p><em>Mar\u00eda Laura Errecarte &#8211; EOL\/AMP<\/em><\/p>\n<p><strong>\u00a0<\/strong>Siguiendo el sonido del Tambor de este ENAPOL en el eje \u201cHablar de eso de lo que no se puede hablar,\u201d transmitir\u00e9 una experiencia actual en la que estoy trabajando junto a un equipo de salud. Experiencia cl\u00ednica brindando acceso a la interrupci\u00f3n del embarazo y la atenci\u00f3n post-aborto.[\/vc_column_text]<a href=\"https:\/\/enapol.com\/xii\/es\/rubrica-eje-1-un-tambor-vibra-en-un-dispositivo-de-salud-publica\/\" class=\"vcex-button theme-button inline\"><span class=\"vcex-button-inner theme-button-inner wpex-flex wpex-flex-wrap wpex-items-center wpex-justify-center\">Leer +<\/span><\/a> [\/vc_column][\/vc_row][vc_row][vc_column][vc_column_text css=\u00bb\u00bb]\n<h3><span style=\"color: #ff0000;\"><u>R\u00fabrica Eje 1:<br \/>\n<\/u><u><em>ESO<\/em>\u00a0RESUENA EN EL CUERPO COMO UN TAMBOR<\/u><\/span><\/h3>\n<p><em>Luisa Arag\u00f3n \u2013 NEL\/AMP<\/em><\/p>\n<p><em>Hablar con el ni\u00f1o<\/em>\u00a0releva el lugar de la palabra en un an\u00e1lisis y sus alcances, trascendiendo la distinci\u00f3n de edad.\u00a0<em>\u00a1Hay que hablar, porque hace bien!\u00a0<\/em>es la consigna que hoy se promueve a trav\u00e9s de la proliferaci\u00f3n de propuestas terap\u00e9uticas, \u00bfqu\u00e9 es lo que distingue nuestra pr\u00e1ctica como experiencia de palabra?[\/vc_column_text]<a href=\"https:\/\/enapol.com\/xii\/es\/rubrica-eje-1-eso-resuena-en-el-cuerpo-como-un-tambor\/\" class=\"vcex-button theme-button inline\"><span class=\"vcex-button-inner theme-button-inner wpex-flex wpex-flex-wrap wpex-items-center wpex-justify-center\">Leer +<\/span><\/a> [\/vc_column][\/vc_row]\n<\/div>","protected":false},"excerpt":{"rendered":"<p>[vc_row][vc_column][vc_column_text css=\u00bb\u00bb] R\u00fabrica Eje 1 UN TAMBOR VIBRA EN UN DISPOSITIVO DE SALUD P\u00daBLICA Mar\u00eda Laura Errecarte &#8211; EOL\/AMP \u00a0Siguiendo el sonido del Tambor de este ENAPOL en el eje \u201cHablar de eso de lo que no se puede hablar,\u201d transmitir\u00e9 una experiencia actual en la que estoy trabajando junto a un equipo de salud.&hellip;<\/p>\n","protected":false},"author":3,"featured_media":0,"parent":1957,"menu_order":0,"comment_status":"closed","ping_status":"closed","template":"","meta":{"_monsterinsights_skip_tracking":false,"_monsterinsights_sitenote_active":false,"_monsterinsights_sitenote_note":"","_monsterinsights_sitenote_category":0,"footnotes":""},"_links":{"self":[{"href":"https:\/\/enapol.com\/xii\/es\/wp-json\/wp\/v2\/pages\/4609"}],"collection":[{"href":"https:\/\/enapol.com\/xii\/es\/wp-json\/wp\/v2\/pages"}],"about":[{"href":"https:\/\/enapol.com\/xii\/es\/wp-json\/wp\/v2\/types\/page"}],"author":[{"embeddable":true,"href":"https:\/\/enapol.com\/xii\/es\/wp-json\/wp\/v2\/users\/3"}],"replies":[{"embeddable":true,"href":"https:\/\/enapol.com\/xii\/es\/wp-json\/wp\/v2\/comments?post=4609"}],"version-history":[{"count":7,"href":"https:\/\/enapol.com\/xii\/es\/wp-json\/wp\/v2\/pages\/4609\/revisions"}],"predecessor-version":[{"id":7088,"href":"https:\/\/enapol.com\/xii\/es\/wp-json\/wp\/v2\/pages\/4609\/revisions\/7088"}],"up":[{"embeddable":true,"href":"https:\/\/enapol.com\/xii\/es\/wp-json\/wp\/v2\/pages\/1957"}],"wp:attachment":[{"href":"https:\/\/enapol.com\/xii\/es\/wp-json\/wp\/v2\/media?parent=4609"}],"curies":[{"name":"wp","href":"https:\/\/api.w.org\/{rel}","templated":true}]}}