{"id":4616,"date":"2025-05-02T08:31:36","date_gmt":"2025-05-02T11:31:36","guid":{"rendered":"https:\/\/enapol.com\/xii\/epistemico\/tambor\/rubricas\/rubrica-eixo-3\/"},"modified":"2025-08-20T16:51:22","modified_gmt":"2025-08-20T19:51:22","slug":"rubrica-eje-3","status":"publish","type":"page","link":"https:\/\/enapol.com\/xii\/es\/epistemico\/tambor\/rubricas\/rubrica-eje-3\/","title":{"rendered":"R\u00fabrica Eje 3"},"content":{"rendered":"<div class=\"wpb-content-wrapper\">[vc_row][vc_column][vc_column_text css=\u00bb\u00bb]\n<h3><span style=\"color: #ff0000;\"><u>R\u00daBRICA EJE<\/u><u>\u00a03<br \/>\n<\/u><strong>EL ANALISTA AL LADO: UN FRAGMENTO CL\u00cdNICO<\/strong><\/span><\/h3>\n<p><span style=\"font-size: 13px;\"><strong>Frederico Feu de Carvalho &#8211; <\/strong><strong>EBP\/AMP<\/strong><\/span><\/p>\n<p>Un analizante argumenta que su hablar en an\u00e1lisis, marcado por un inter\u00e9s genuino por la trama significante del inconsciente en torno de su novela familiar, recuerdos y sue\u00f1os, hab\u00eda llegado a un impasse y se tornaba repetitivo y aburrido.[\/vc_column_text]<a href=\"https:\/\/enapol.com\/xii\/es\/rubrica-eje-3-el-analista-al-lado-un-fragmento-clinico\/\" class=\"vcex-button theme-button inline\"><span class=\"vcex-button-inner theme-button-inner wpex-flex wpex-flex-wrap wpex-items-center wpex-justify-center\">LEER +<\/span><\/a> [\/vc_column][\/vc_row][vc_row][vc_column][vc_column_text css=\u00bb\u00bb]\n<h3><span style=\"color: #ff0000;\"><u>R\u00daBRICA EJE 3<br \/>\n<\/u><strong>\u00bfPOR QU\u00c9 HABLAR CON EL NI\u00d1O BAJO TRANSFERENCIA, HOY?<\/strong><\/span><\/h3>\n<p><span style=\"font-size: 13px;\"><strong>Withney Ferrufino &#8211; Miembro bajo condiciones &#8211; NEL<\/strong><\/span><\/p>\n<p>En la \u00e9poca de la decadencia del orden simb\u00f3lico, los sujetos no quieren hablar, no quieren saber, pero gozan. Parece no haber lugar para hablar de aquel resultado del impacto de <em>lalange <\/em>en el cuerpo, una de las formas de entender lo que este XII ENAPOL nos propone como \u201chablar con el ni\u00f1o\u201d, pero que a pesar de todo se habla s\u00f3lo en el parletre, o retorna en lo real sin mediaci\u00f3n, haci\u00e9ndose cada vez m\u00e1s frecuentes las urgencias subjetivas en sus distintas modalidades cargadas de angustia.[\/vc_column_text]<a href=\"https:\/\/enapol.com\/xii\/es\/rubrica-eje-3-por-que-hablar-con-el-nino-bajo-transferencia-hoy\/\" class=\"vcex-button theme-button inline\"><span class=\"vcex-button-inner theme-button-inner wpex-flex wpex-flex-wrap wpex-items-center wpex-justify-center\">LEER +<\/span><\/a> [\/vc_column][\/vc_row][vc_row][vc_column][vc_column_text css=\u00bb\u00bb]\n<h3><span style=\"color: #ff0000;\"><u>R\u00fabrica Eje 3:<br \/>\n<\/u><u><em>CON<\/em> EL NI\u00d1O<\/u><\/span><\/h3>\n<p><em>Manuel Zlotnik &#8211; EOL\/AMP<\/em><\/p>\n<p>En otras \u00e9pocas al ni\u00f1o no se lo dejaba hablar. \u201cT\u00fa no sabes lo qu\u00e9 es el hambre!\u201d le dijeron a nuestro colega Alejandro Reinoso cuando era un ni\u00f1o y lo callaron, el ni\u00f1o no sab\u00eda, no ten\u00eda experiencia ni conocimientos, por lo tanto, no pod\u00eda hablar, hablaban los mayores y los menores se callaban; era la \u00e9poca de la supremac\u00eda del Nombre del Padre.[\/vc_column_text]<a href=\"https:\/\/enapol.com\/xii\/es\/rubrica-eje-3-con-el-nino\/\" class=\"vcex-button theme-button inline\"><span class=\"vcex-button-inner theme-button-inner wpex-flex wpex-flex-wrap wpex-items-center wpex-justify-center\">LEER +<\/span><\/a> [\/vc_column][\/vc_row][vc_row][vc_column][vc_column_text css=\u00bb\u00bb]\n<h3><span style=\"color: #ff0000;\"><u>R\u00fabrica Eje 3:<br \/>\n<\/u><u>INEXTINGUIBLE INFANCIA, DOCILIDAD TRANSFERENCIAL<\/u><\/span><\/h3>\n<p><em>Marcela Antelo \u2013 EBP\/AMP<br \/>\n<\/em><\/p>\n<p>Se suele decir que la infancia se pierde, que la inocencia se pierde, que los ideales se destrozan y las ilusiones se corroen, que el amor se erosiona, y que no lo reflejamos como ayer. El tiempo y el lugar del ocio, del juego, del dolce far niente se hace cada vez m\u00e1s costoso. Sin mencionar el tono muscular, la piel de durazno y el pelo sedoso. Una dimensi\u00f3n de lo que perdura es la p\u00e9rdida pura, como dec\u00eda Lacan, en la patolog\u00eda de la vida cotidiana, de la vida que dura.[\/vc_column_text]<a href=\"https:\/\/enapol.com\/xii\/es\/eje-3-inextinguible-infancia-docilidad-transferencial\/\" class=\"vcex-button theme-button inline\"><span class=\"vcex-button-inner theme-button-inner wpex-flex wpex-flex-wrap wpex-items-center wpex-justify-center\">LEER +<\/span><\/a> [\/vc_column][\/vc_row]\n<\/div>","protected":false},"excerpt":{"rendered":"<p>[vc_row][vc_column][vc_column_text css=\u00bb\u00bb] R\u00daBRICA EJE\u00a03 EL ANALISTA AL LADO: UN FRAGMENTO CL\u00cdNICO Frederico Feu de Carvalho &#8211; EBP\/AMP Un analizante argumenta que su hablar en an\u00e1lisis, marcado por un inter\u00e9s genuino por la trama significante del inconsciente en torno de su novela familiar, recuerdos y sue\u00f1os, hab\u00eda llegado a un impasse y se tornaba repetitivo y&hellip;<\/p>\n","protected":false},"author":3,"featured_media":0,"parent":1957,"menu_order":0,"comment_status":"closed","ping_status":"closed","template":"","meta":{"_monsterinsights_skip_tracking":false,"_monsterinsights_sitenote_active":false,"_monsterinsights_sitenote_note":"","_monsterinsights_sitenote_category":0,"footnotes":""},"_links":{"self":[{"href":"https:\/\/enapol.com\/xii\/es\/wp-json\/wp\/v2\/pages\/4616"}],"collection":[{"href":"https:\/\/enapol.com\/xii\/es\/wp-json\/wp\/v2\/pages"}],"about":[{"href":"https:\/\/enapol.com\/xii\/es\/wp-json\/wp\/v2\/types\/page"}],"author":[{"embeddable":true,"href":"https:\/\/enapol.com\/xii\/es\/wp-json\/wp\/v2\/users\/3"}],"replies":[{"embeddable":true,"href":"https:\/\/enapol.com\/xii\/es\/wp-json\/wp\/v2\/comments?post=4616"}],"version-history":[{"count":13,"href":"https:\/\/enapol.com\/xii\/es\/wp-json\/wp\/v2\/pages\/4616\/revisions"}],"predecessor-version":[{"id":7303,"href":"https:\/\/enapol.com\/xii\/es\/wp-json\/wp\/v2\/pages\/4616\/revisions\/7303"}],"up":[{"embeddable":true,"href":"https:\/\/enapol.com\/xii\/es\/wp-json\/wp\/v2\/pages\/1957"}],"wp:attachment":[{"href":"https:\/\/enapol.com\/xii\/es\/wp-json\/wp\/v2\/media?parent=4616"}],"curies":[{"name":"wp","href":"https:\/\/api.w.org\/{rel}","templated":true}]}}