{"id":4789,"date":"2025-05-12T06:57:27","date_gmt":"2025-05-12T09:57:27","guid":{"rendered":"https:\/\/enapol.com\/xii\/epistemico\/tambor\/boletins\/tambor-3\/"},"modified":"2025-06-03T16:18:02","modified_gmt":"2025-06-03T19:18:02","slug":"tambor-3","status":"publish","type":"page","link":"https:\/\/enapol.com\/xii\/es\/epistemico\/tambor\/boletins\/tambor-3\/","title":{"rendered":"Tambor 3"},"content":{"rendered":"<div class=\"wpb-content-wrapper\">[vc_row][vc_column]<figure class=\"vcex-image vcex-module\"><div class=\"vcex-image-inner wpex-relative wpex-inline-block\"><img width=\"5288\" height=\"1575\" src=\"https:\/\/enapol.com\/xii\/wp-content\/uploads\/sites\/10\/2025\/02\/cabecalho.png\" class=\"vcex-image-img wpex-align-middle\" alt=\"\" loading=\"lazy\" decoding=\"async\" srcset=\"https:\/\/enapol.com\/xii\/wp-content\/uploads\/sites\/10\/2025\/02\/cabecalho.png 5288w, https:\/\/enapol.com\/xii\/wp-content\/uploads\/sites\/10\/2025\/02\/cabecalho-300x89.png 300w, https:\/\/enapol.com\/xii\/wp-content\/uploads\/sites\/10\/2025\/02\/cabecalho-1024x305.png 1024w, https:\/\/enapol.com\/xii\/wp-content\/uploads\/sites\/10\/2025\/02\/cabecalho-768x229.png 768w, https:\/\/enapol.com\/xii\/wp-content\/uploads\/sites\/10\/2025\/02\/cabecalho-1536x457.png 1536w, https:\/\/enapol.com\/xii\/wp-content\/uploads\/sites\/10\/2025\/02\/cabecalho-2048x610.png 2048w, https:\/\/enapol.com\/xii\/wp-content\/uploads\/sites\/10\/2025\/02\/cabecalho-500x149.png 500w, https:\/\/enapol.com\/xii\/wp-content\/uploads\/sites\/10\/2025\/02\/cabecalho-700x208.png 700w\" sizes=\"(max-width: 5288px) 100vw, 5288px\" \/><\/div><\/figure>[\/vc_column][\/vc_row][vc_row][vc_column][vc_column_text css=\u00bb.vc_custom_1747043908374{padding-top: 20px !important;padding-right: 20px !important;padding-bottom: 20px !important;padding-left: 20px !important;background-color: #FEAD32 !important;}\u00bb]\n<p style=\"text-align: left;\"><span style=\"font-size: 18px;\"><strong><span style=\"color: #ffffff;\">Bolet\u00edn Tambor 3<\/span><\/strong><\/span><\/p>\n[\/vc_column_text][\/vc_column][\/vc_row][vc_row][vc_column][vc_column_text css=\u00bb\u00bb]\n<h3><u>R\u00fabrica Eje 4:<\/u><\/h3>\n<figure id=\"attachment_4785\" aria-describedby=\"caption-attachment-4785\" style=\"width: 500px\" class=\"wp-caption aligncenter\"><a href=\"https:\/\/enapol.com\/xii\/wp-content\/uploads\/sites\/10\/2025\/05\/capa_boletim3_001.jpg\"><img fetchpriority=\"high\" decoding=\"async\" class=\"wp-image-4785\" src=\"https:\/\/enapol.com\/xii\/wp-content\/uploads\/sites\/10\/2025\/05\/capa_boletim3_001.jpg\" alt=\"\" width=\"500\" height=\"376\" srcset=\"https:\/\/enapol.com\/xii\/wp-content\/uploads\/sites\/10\/2025\/05\/capa_boletim3_001.jpg 623w, https:\/\/enapol.com\/xii\/wp-content\/uploads\/sites\/10\/2025\/05\/capa_boletim3_001-300x225.jpg 300w, https:\/\/enapol.com\/xii\/wp-content\/uploads\/sites\/10\/2025\/05\/capa_boletim3_001-500x376.jpg 500w\" sizes=\"(max-width: 500px) 100vw, 500px\" \/><\/a><figcaption id=\"caption-attachment-4785\" class=\"wp-caption-text\">Ciudad Cultural Konex (Buenos Aires) \u2013 Foto: Lisa Erbin<\/figcaption><\/figure>\n<h3><u><br \/>\n\u00a1ALERTA AM\u00c9RICA! NI\u00d1OS EN PELIGRO ANTE EL AVANCE A PASO FIRME DEL DISCURSO DE LA UNIVERSALIZACI\u00d3N<\/u><\/h3>\n<p style=\"margin: 0cm;\"><span style=\"font-size: 13px;\"><em>Viviana Berger &#8211; NEL\/AMP<\/em><\/span><\/p>\n<p style=\"margin: 0cm; text-align: justify;\">\u00bfQu\u00e9 otra respuesta puede dar el psicoan\u00e1lisis sino empu\u00f1ar su interpretaci\u00f3n directamente al centro del coraz\u00f3n del \u201cni\u00f1o generalizado\u201d como nos proponen los discursos de nuestra modernidad? \u00a1PSICOANALISTAS! \u00a1SALGAN A DECIR! \u00a1Est\u00e1n atropellando lo m\u00e1s precioso del sujeto! &#8211; apremia la FAPOL.<\/p>\n<p style=\"text-align: justify;\"><a title=\"Rubrica Eixo 1: ISSO RESSOA NO CORPO COMO UM TAMBOR\" href=\"https:\/\/enapol.com\/xii\/es\/rubrica-eje-4-alerta-america-ninos-en-peligro-ante-el-avance-a-paso-firme-del-discurso-de-la-universalizacion\/\"><span style=\"color: #ff0000;\">[Leer+]<\/span><\/a><\/p>\n[\/vc_column_text][\/vc_column][\/vc_row][vc_row][vc_column][vc_column_text css=\u00bb\u00bb]\n<h3><u>R\u00fabrica Eje 2:<\/u><\/h3>\n<figure id=\"attachment_4882\" aria-describedby=\"caption-attachment-4882\" style=\"width: 500px\" class=\"wp-caption aligncenter\"><a href=\"https:\/\/enapol.com\/xii\/wp-content\/uploads\/sites\/10\/2025\/05\/WhatsApp-Image-2025-05-14-at-07.41.32-1.jpeg\"><img decoding=\"async\" class=\"wp-image-4882\" src=\"https:\/\/enapol.com\/xii\/wp-content\/uploads\/sites\/10\/2025\/05\/WhatsApp-Image-2025-05-14-at-07.41.32-1.jpeg\" alt=\"\" width=\"500\" height=\"667\" srcset=\"https:\/\/enapol.com\/xii\/wp-content\/uploads\/sites\/10\/2025\/05\/WhatsApp-Image-2025-05-14-at-07.41.32-1.jpeg 960w, https:\/\/enapol.com\/xii\/wp-content\/uploads\/sites\/10\/2025\/05\/WhatsApp-Image-2025-05-14-at-07.41.32-1-225x300.jpeg 225w, https:\/\/enapol.com\/xii\/wp-content\/uploads\/sites\/10\/2025\/05\/WhatsApp-Image-2025-05-14-at-07.41.32-1-768x1024.jpeg 768w, https:\/\/enapol.com\/xii\/wp-content\/uploads\/sites\/10\/2025\/05\/WhatsApp-Image-2025-05-14-at-07.41.32-1-500x667.jpeg 500w, https:\/\/enapol.com\/xii\/wp-content\/uploads\/sites\/10\/2025\/05\/WhatsApp-Image-2025-05-14-at-07.41.32-1-700x933.jpeg 700w\" sizes=\"(max-width: 500px) 100vw, 500px\" \/><\/a><figcaption id=\"caption-attachment-4882\" class=\"wp-caption-text\">Ciudad Cultural Konex (Buenos Aires) \u2013 Foto: Lisa Erbin<\/figcaption><\/figure>\n<h3><u><br \/>\nHABLAR EN AN\u00c1LISIS: ENTRE LA FICCI\u00d3N Y LO REAL<\/u><\/h3>\n<p><em>Gabriela Villarroel &#8211; Miembro bajo condiciones &#8211; NEL<\/em><\/p>\n<p style=\"text-align: justify;\">Convocada por las vibraciones del tambor del ENAPOL, comparto algunas resonancias que el eje 2: Hablar\u2026 \u201ctestimoniar de la mejor manera posible sobre la verdad mentirosa\u201d me gener\u00f3.<\/p>\n<p><a title=\"Rubrica Eixo 3: INF\u00c2NCIA INEXTINGU\u00cdVEL, DOCILIDADE TRANSFERENCIAL\" href=\"https:\/\/enapol.com\/xii\/es\/rubrica-eje-2-hablar-en-analisis-entre-la-ficcion-y-lo-real\/\"><span style=\"color: #ff0000;\">[Leer+]<\/span><\/a><\/p>\n[\/vc_column_text][\/vc_column][\/vc_row][vc_row][vc_column][vc_column_text css=\u00bb\u00bb]\n<h3><u>Conexiones &#8211; <\/u><u>LA BOMBA DE TIEMPO: RESONANCIAS-ENSE\u00d1ANZAS<\/u><\/h3>\n<p><span style=\"font-size: 13px;\"><em>Ana Sol Sikic, Lisa Erbin, Micaela Parici &#8211; EOL\/AMP<\/em><\/span><\/p>\n<figure id=\"attachment_4781\" aria-describedby=\"caption-attachment-4781\" style=\"width: 500px\" class=\"wp-caption aligncenter\"><a href=\"https:\/\/enapol.com\/xii\/wp-content\/uploads\/sites\/10\/2025\/05\/capa_boletim3_003.jpg\"><img decoding=\"async\" class=\"wp-image-4781\" src=\"https:\/\/enapol.com\/xii\/wp-content\/uploads\/sites\/10\/2025\/05\/capa_boletim3_003.jpg\" alt=\"\" width=\"500\" height=\"341\" srcset=\"https:\/\/enapol.com\/xii\/wp-content\/uploads\/sites\/10\/2025\/05\/capa_boletim3_003.jpg 568w, https:\/\/enapol.com\/xii\/wp-content\/uploads\/sites\/10\/2025\/05\/capa_boletim3_003-300x204.jpg 300w, https:\/\/enapol.com\/xii\/wp-content\/uploads\/sites\/10\/2025\/05\/capa_boletim3_003-500x341.jpg 500w\" sizes=\"(max-width: 500px) 100vw, 500px\" \/><\/a><figcaption id=\"caption-attachment-4781\" class=\"wp-caption-text\">Gabriel Spiller. Foto: Lisa Erbin | Realizaci\u00f3n y edici\u00f3n de v\u00eddeo: Juliana Horowitz | Subt\u00edtulos: K\u00e9sia Ramos y Bruno Senna<\/figcaption><\/figure>\n<p style=\"text-align: justify;\">Para la Conexi\u00f3n de este n\u00famero de Tambor elegimos <strong>La Bomba de Tiempo<\/strong> ya que es un grupo a puro Tambor. Percusiones, ritmos, vibraciones, se\u00f1as, cuerpos, bailes, tiempo, encuentro vez a vez,\u00a0 improvisaci\u00f3n. Todo esto pasa ah\u00ed cuando ellos se juntan los lunes 20 h sobre el hermoso escenario de la Ciudad Cultural Konex, Buenos Aires, desde hace 14 a\u00f1os. Gabriel Spiller accedi\u00f3 a charlar con nosotros sobre esto orientados por dejarnos ense\u00f1ar por los artistas.<\/p>\n<p><a title=\"\u201cO inextingu\u00edvel da inf\u00e2ncia\u201d\" href=\"https:\/\/enapol.com\/xii\/es\/la-bomba-de-tiempo-resonancias-ensenanzas\/\"><span style=\"color: #ff0000;\">[Leer+]<\/span><\/a><\/p>\n[\/vc_column_text][\/vc_column][\/vc_row][vc_row][vc_column][vc_column_text css=\u00bb\u00bb]\n<h3><u>CITAS Y REFERENCIAS BIBLIOGR\u00c1FICAS<\/u><u><\/u><\/h3>\n<div>\n<h3><span style=\"color: #ff0000;\"><strong>LACAN<\/strong><\/span><\/h3>\n<p style=\"text-align: justify;\">\u201cLo que conviene indicar aqu\u00ed es(&#8230;) oponi\u00e9ndose a que sea el cuerpo del ni\u00f1o el que responda al objeto a (&#8230;) El impulso del: tu cuerpo es tuyo, en que se vulgariza hacia principios del siglo un adagio del liberalismo, la cuesti\u00f3n de saber si por ignorar c\u00f3mo ese cuerpo es considerado por el sujeto de la ciencia, se tendr\u00e1 el derecho de dividirlo para el intercambio (&#8230;) \u00bfExtraemos la consecuencia de un t\u00e9rmino como el del ni\u00f1o generalizado? (&#8230;) He ah\u00ed lo que signa la entrada de todo un mundo en la v\u00eda de la segregaci\u00f3n\u201d.<\/p>\n<p><a title=\"CITA\u00c7\u00d5ES E REFER\u00caNCIAS BIBLIOGR\u00c1FICAS\" href=\"https:\/\/enapol.com\/xii\/es\/citas-y-referencias-bibliograficas-2\/\"><span style=\"color: #ff0000;\">[Leer+]<\/span><\/a><\/p>\n<\/div>\n[\/vc_column_text][\/vc_column][\/vc_row]\n<\/div>","protected":false},"excerpt":{"rendered":"<p>[vc_row][vc_column][\/vc_column][\/vc_row][vc_row][vc_column][vc_column_text css=\u00bb.vc_custom_1747043908374{padding-top: 20px !important;padding-right: 20px !important;padding-bottom: 20px !important;padding-left: 20px !important;background-color: #FEAD32 !important;}\u00bb] Bolet\u00edn Tambor 3 [\/vc_column_text][\/vc_column][\/vc_row][vc_row][vc_column][vc_column_text css=\u00bb\u00bb] R\u00fabrica Eje 4: \u00a1ALERTA AM\u00c9RICA! NI\u00d1OS EN PELIGRO ANTE EL AVANCE A PASO FIRME DEL DISCURSO DE LA UNIVERSALIZACI\u00d3N Viviana Berger &#8211; NEL\/AMP \u00bfQu\u00e9 otra respuesta puede dar el psicoan\u00e1lisis sino empu\u00f1ar su interpretaci\u00f3n directamente al centro del&hellip;<\/p>\n","protected":false},"author":3,"featured_media":0,"parent":1956,"menu_order":0,"comment_status":"closed","ping_status":"closed","template":"","meta":{"_monsterinsights_skip_tracking":false,"_monsterinsights_sitenote_active":false,"_monsterinsights_sitenote_note":"","_monsterinsights_sitenote_category":0,"footnotes":""},"_links":{"self":[{"href":"https:\/\/enapol.com\/xii\/es\/wp-json\/wp\/v2\/pages\/4789"}],"collection":[{"href":"https:\/\/enapol.com\/xii\/es\/wp-json\/wp\/v2\/pages"}],"about":[{"href":"https:\/\/enapol.com\/xii\/es\/wp-json\/wp\/v2\/types\/page"}],"author":[{"embeddable":true,"href":"https:\/\/enapol.com\/xii\/es\/wp-json\/wp\/v2\/users\/3"}],"replies":[{"embeddable":true,"href":"https:\/\/enapol.com\/xii\/es\/wp-json\/wp\/v2\/comments?post=4789"}],"version-history":[{"count":10,"href":"https:\/\/enapol.com\/xii\/es\/wp-json\/wp\/v2\/pages\/4789\/revisions"}],"predecessor-version":[{"id":5428,"href":"https:\/\/enapol.com\/xii\/es\/wp-json\/wp\/v2\/pages\/4789\/revisions\/5428"}],"up":[{"embeddable":true,"href":"https:\/\/enapol.com\/xii\/es\/wp-json\/wp\/v2\/pages\/1956"}],"wp:attachment":[{"href":"https:\/\/enapol.com\/xii\/es\/wp-json\/wp\/v2\/media?parent=4789"}],"curies":[{"name":"wp","href":"https:\/\/api.w.org\/{rel}","templated":true}]}}