{"id":4853,"date":"2025-05-14T07:03:25","date_gmt":"2025-05-14T10:03:25","guid":{"rendered":"https:\/\/enapol.com\/xii\/cinema-com-lacan\/"},"modified":"2025-08-11T05:45:25","modified_gmt":"2025-08-11T08:45:25","slug":"cine-con-lacan","status":"publish","type":"page","link":"https:\/\/enapol.com\/xii\/es\/reds-tal\/cine-con-lacan\/","title":{"rendered":"Cine con Lacan"},"content":{"rendered":"<div class=\"wpb-content-wrapper\">[vc_row][vc_column]<div class=\"vcex-spacing wpex-w-100 wpex-clear\"><\/div>[\/vc_column][\/vc_row][vc_row][vc_column width=\u00bb1\/2&#8243;][vc_column_text css=\u00bb\u00bb]La Federaci\u00f3n Americana de Psicoan\u00e1lisis de la Orientaci\u00f3n Lacaniana (FAPOL), la Escuela Brasile\u00f1a de Psicoan\u00e1lisis \u2013 MG y el Palacio de las Artes invitan a un encuentro Psicoan\u00e1lisis y cine \u2013 conversando sobre la pel\u00edcula Dolor y gloria de Pedro Almod\u00f3var<\/p>\n<ul>\n<li><strong>Invitadas<\/strong>: Ondina Machado (EBP\/AMP) y Diana Paulosky (EOL\/AMP)<\/li>\n<li><strong>Coordinaci\u00f3n<\/strong>: Ant\u00f4nio Teixeira (EBP\/AMP)<\/li>\n<li><strong>Fecha<\/strong>: 4 de septiembre, a las 19 h<\/li>\n<li><strong>Lugar<\/strong>: Sala Humberto Mauro, Av. Afonso Pena 1537<\/li>\n<li><strong>Actividad presencial \u2013 Entrada gratuita<\/strong><br \/>\nLas entradas deben retirarse en la plataforma Eventim, dos por CPF, hasta una hora antes del inicio\u00a0de\u00a0la\u00a0pel\u00edcula.<\/li>\n<\/ul>\n[\/vc_column_text][\/vc_column][vc_column width=\u00bb1\/2&#8243;]<figure class=\"vcex-image vcex-module\"><div class=\"vcex-image-inner wpex-relative wpex-inline-block\"><a href=\"https:\/\/enapol.com\/xii\/wp-content\/uploads\/sites\/10\/2025\/08\/cinema.jpg\" class=\"wpex-lightbox\"><img width=\"1024\" height=\"1280\" src=\"https:\/\/enapol.com\/xii\/wp-content\/uploads\/sites\/10\/2025\/08\/cinema.jpg\" class=\"vcex-image-img wpex-align-middle\" alt=\"\" loading=\"lazy\" decoding=\"async\" srcset=\"https:\/\/enapol.com\/xii\/wp-content\/uploads\/sites\/10\/2025\/08\/cinema.jpg 1024w, https:\/\/enapol.com\/xii\/wp-content\/uploads\/sites\/10\/2025\/08\/cinema-240x300.jpg 240w, https:\/\/enapol.com\/xii\/wp-content\/uploads\/sites\/10\/2025\/08\/cinema-819x1024.jpg 819w, https:\/\/enapol.com\/xii\/wp-content\/uploads\/sites\/10\/2025\/08\/cinema-768x960.jpg 768w, https:\/\/enapol.com\/xii\/wp-content\/uploads\/sites\/10\/2025\/08\/cinema-500x625.jpg 500w, https:\/\/enapol.com\/xii\/wp-content\/uploads\/sites\/10\/2025\/08\/cinema-700x875.jpg 700w\" sizes=\"(max-width: 1024px) 100vw, 1024px\" \/><\/a><\/div><\/figure>[\/vc_column][\/vc_row]\n<\/div>","protected":false},"excerpt":{"rendered":"<p>[vc_row][vc_column][\/vc_column][\/vc_row][vc_row][vc_column width=\u00bb1\/2&#8243;][vc_column_text css=\u00bb\u00bb]La Federaci\u00f3n Americana de Psicoan\u00e1lisis de la Orientaci\u00f3n Lacaniana (FAPOL), la Escuela Brasile\u00f1a de Psicoan\u00e1lisis \u2013 MG y el Palacio de las Artes invitan a un encuentro Psicoan\u00e1lisis y cine \u2013 conversando sobre la pel\u00edcula Dolor y gloria de Pedro Almod\u00f3var Invitadas: Ondina Machado (EBP\/AMP) y Diana Paulosky (EOL\/AMP) Coordinaci\u00f3n: Ant\u00f4nio Teixeira (EBP\/AMP)&hellip;<\/p>\n","protected":false},"author":3,"featured_media":0,"parent":4894,"menu_order":0,"comment_status":"closed","ping_status":"closed","template":"","meta":{"_monsterinsights_skip_tracking":false,"_monsterinsights_sitenote_active":false,"_monsterinsights_sitenote_note":"","_monsterinsights_sitenote_category":0,"footnotes":""},"_links":{"self":[{"href":"https:\/\/enapol.com\/xii\/es\/wp-json\/wp\/v2\/pages\/4853"}],"collection":[{"href":"https:\/\/enapol.com\/xii\/es\/wp-json\/wp\/v2\/pages"}],"about":[{"href":"https:\/\/enapol.com\/xii\/es\/wp-json\/wp\/v2\/types\/page"}],"author":[{"embeddable":true,"href":"https:\/\/enapol.com\/xii\/es\/wp-json\/wp\/v2\/users\/3"}],"replies":[{"embeddable":true,"href":"https:\/\/enapol.com\/xii\/es\/wp-json\/wp\/v2\/comments?post=4853"}],"version-history":[{"count":4,"href":"https:\/\/enapol.com\/xii\/es\/wp-json\/wp\/v2\/pages\/4853\/revisions"}],"predecessor-version":[{"id":7005,"href":"https:\/\/enapol.com\/xii\/es\/wp-json\/wp\/v2\/pages\/4853\/revisions\/7005"}],"up":[{"embeddable":true,"href":"https:\/\/enapol.com\/xii\/es\/wp-json\/wp\/v2\/pages\/4894"}],"wp:attachment":[{"href":"https:\/\/enapol.com\/xii\/es\/wp-json\/wp\/v2\/media?parent=4853"}],"curies":[{"name":"wp","href":"https:\/\/api.w.org\/{rel}","templated":true}]}}