{"id":4855,"date":"2025-05-14T07:05:03","date_gmt":"2025-05-14T10:05:03","guid":{"rendered":"https:\/\/enapol.com\/xii\/real\/"},"modified":"2025-06-29T07:31:43","modified_gmt":"2025-06-29T10:31:43","slug":"real","status":"publish","type":"page","link":"https:\/\/enapol.com\/xii\/es\/reds-tal\/real\/","title":{"rendered":"REAL"},"content":{"rendered":"<div class=\"wpb-content-wrapper\">[vc_row][vc_column width=\u00bb1\/2&#8243;]<div class=\"vcex-spacing wpex-w-100 wpex-clear\"><\/div>[vc_column_text css=\u00bb\u00bb]\n<h3><span style=\"color: #ff0000;\"><strong>REAL \u2013 Red de Estudios sobre el Autismo en Am\u00e9rica Latina<\/strong><\/span><\/h3>\n<p><strong>Conversaci\u00f3n de REAL con \u00c9ric Laurent<\/strong><\/p>\n<p>HABLARLE AL AUTISTA<\/p>\n<p>Del vertiginoso ascenso del autismo a escenarios p\u00fablicos diversos emergen un sinn\u00famero de teor\u00edas y pr\u00e1cticas de amplio alcance, que intentan abordar tanto la dimensi\u00f3n de la causa como del tratamiento del autista. REAL es una Red de estudios e investigaciones sobre el autismo creada por la FAPOL para las tres Escuelas de Am\u00e9rica \u2013 EOL, EBP y NEL &#8211; para destacar nuevas perspectivas de abordaje del autismo que, en lugar de imponer conductas normativas u homog\u00e9neas, dan lugar al sujeto autista y acogen su singularidad.<\/p>\n<p>Parece claro que lo que se escucha del sujeto autista, determina, en buena medida, el modo de dirigirse a \u00e9l. De esta manera, uno de los aspectos de mayor consideraci\u00f3n, es el lugar que tiene el lenguaje como instrumento de intervenci\u00f3n, m\u00e1s a\u00fan, si el autista no dispone de un habla efectiva. En este sentido, se requiere que aquel que se orienta por el psicoan\u00e1lisis escuche y observe en detalle los intereses, las posiciones y las palabras particulares que usualmente defienden al autista del Otro. Este es el acto inicial que abre una experiencia in\u00e9dita para uno y para otro, a reinventarse cada vez.<\/p>\n<p>Si partimos de la indicaci\u00f3n de Lacan seg\u00fan la cual a los autistas \u201csin duda hay algo para decirles\u201d<a href=\"#_ftn1\" name=\"_ftnref1\">[1]<\/a>, podemos preguntarnos: \u00bfC\u00f3mo apostar a la ense\u00f1anza de Lacan sobre la lengua cuando no se cuenta con el semblante del di\u00e1logo, de la dial\u00e9ctica, de la conversaci\u00f3n, del lazo? \u00bfC\u00f3mo ser d\u00f3ciles a sus \u00ednfimas invenciones, para que sean fecundas? Qu\u00e9 posibilidades abre la conversaci\u00f3n con sus padres, sus educadores y otros practicantes?<\/p>\n<p>Invitamos los interesados a participar de la <strong>Conversaci\u00f3n de REAL con \u00c9ric Laurent, <\/strong>a partir del programa de investigaci\u00f3n cl\u00ednica que tuvo lugar en los encuentros previos entre los participantes de REAL.<\/p>\n<p><strong>Fecha: 4 de septiembre de 2025<\/strong><\/p>\n<p><strong>Horario: 9h30 \u2013 12h00<\/strong><\/p>\n<p>COORDINACI\u00d3N de REAL<\/p>\n<ul>\n<li><em>Claudia Lijtinstens y Silvia Elena Tendlarz (EOL)<\/em><\/li>\n<li><em>Elisa Alvarenga y Paula Pimenta (EBP)<\/em><\/li>\n<li><em>Lizbeth Ahumada y\u00a0 Piedad Spurrier (NEL)<\/em><\/li>\n<\/ul>\n<hr \/>\n<p><span style=\"font-size: 13px;\"><a href=\"#_ftnref1\" name=\"_ftn1\">[1]<\/a> Lacan, J. Conferencia en Ginebra sobre el s\u00edntoma, in <em>Intervenciones y textos<\/em> 2. Buenos Aires: Ed. Manantial, 1988, p. 134.<\/span>[\/vc_column_text][\/vc_column][vc_column width=\u00bb1\/2&#8243;]<div class=\"vcex-spacing wpex-w-100 wpex-clear\"><\/div><figure class=\"vcex-image vcex-module\"><div class=\"vcex-image-inner wpex-relative wpex-inline-block\"><img width=\"1240\" height=\"1754\" src=\"https:\/\/enapol.com\/xii\/wp-content\/uploads\/sites\/10\/2025\/06\/WhatsApp-Image-2025-06-11-at-19.02.52.jpeg\" class=\"vcex-image-img wpex-align-middle\" alt=\"\" loading=\"lazy\" decoding=\"async\" srcset=\"https:\/\/enapol.com\/xii\/wp-content\/uploads\/sites\/10\/2025\/06\/WhatsApp-Image-2025-06-11-at-19.02.52.jpeg 1240w, https:\/\/enapol.com\/xii\/wp-content\/uploads\/sites\/10\/2025\/06\/WhatsApp-Image-2025-06-11-at-19.02.52-212x300.jpeg 212w, https:\/\/enapol.com\/xii\/wp-content\/uploads\/sites\/10\/2025\/06\/WhatsApp-Image-2025-06-11-at-19.02.52-724x1024.jpeg 724w, https:\/\/enapol.com\/xii\/wp-content\/uploads\/sites\/10\/2025\/06\/WhatsApp-Image-2025-06-11-at-19.02.52-768x1086.jpeg 768w, https:\/\/enapol.com\/xii\/wp-content\/uploads\/sites\/10\/2025\/06\/WhatsApp-Image-2025-06-11-at-19.02.52-1086x1536.jpeg 1086w, https:\/\/enapol.com\/xii\/wp-content\/uploads\/sites\/10\/2025\/06\/WhatsApp-Image-2025-06-11-at-19.02.52-500x707.jpeg 500w, https:\/\/enapol.com\/xii\/wp-content\/uploads\/sites\/10\/2025\/06\/WhatsApp-Image-2025-06-11-at-19.02.52-700x990.jpeg 700w\" sizes=\"(max-width: 1240px) 100vw, 1240px\" \/><\/div><\/figure><div class=\"vcex-spacing wpex-w-100 wpex-clear\"><\/div><a href=\"https:\/\/tally.so\/r\/mejXWQ\" class=\"vcex-button theme-button inline\" target=\"_blank\" rel=\"noopener noreferrer\"><span class=\"vcex-button-inner theme-button-inner wpex-flex wpex-flex-wrap wpex-items-center wpex-justify-center\">INSCRIPCI\u00d3N<\/span><\/a> [\/vc_column][\/vc_row]\n<\/div>","protected":false},"excerpt":{"rendered":"<p>[vc_row][vc_column width=\u00bb1\/2&#8243;][vc_column_text css=\u00bb\u00bb] REAL \u2013 Red de Estudios sobre el Autismo en Am\u00e9rica Latina Conversaci\u00f3n de REAL con \u00c9ric Laurent HABLARLE AL AUTISTA Del vertiginoso ascenso del autismo a escenarios p\u00fablicos diversos emergen un sinn\u00famero de teor\u00edas y pr\u00e1cticas de amplio alcance, que intentan abordar tanto la dimensi\u00f3n de la causa como del tratamiento del&hellip;<\/p>\n","protected":false},"author":3,"featured_media":0,"parent":4894,"menu_order":0,"comment_status":"closed","ping_status":"closed","template":"","meta":{"_monsterinsights_skip_tracking":false,"_monsterinsights_sitenote_active":false,"_monsterinsights_sitenote_note":"","_monsterinsights_sitenote_category":0,"footnotes":""},"_links":{"self":[{"href":"https:\/\/enapol.com\/xii\/es\/wp-json\/wp\/v2\/pages\/4855"}],"collection":[{"href":"https:\/\/enapol.com\/xii\/es\/wp-json\/wp\/v2\/pages"}],"about":[{"href":"https:\/\/enapol.com\/xii\/es\/wp-json\/wp\/v2\/types\/page"}],"author":[{"embeddable":true,"href":"https:\/\/enapol.com\/xii\/es\/wp-json\/wp\/v2\/users\/3"}],"replies":[{"embeddable":true,"href":"https:\/\/enapol.com\/xii\/es\/wp-json\/wp\/v2\/comments?post=4855"}],"version-history":[{"count":8,"href":"https:\/\/enapol.com\/xii\/es\/wp-json\/wp\/v2\/pages\/4855\/revisions"}],"predecessor-version":[{"id":5996,"href":"https:\/\/enapol.com\/xii\/es\/wp-json\/wp\/v2\/pages\/4855\/revisions\/5996"}],"up":[{"embeddable":true,"href":"https:\/\/enapol.com\/xii\/es\/wp-json\/wp\/v2\/pages\/4894"}],"wp:attachment":[{"href":"https:\/\/enapol.com\/xii\/es\/wp-json\/wp\/v2\/media?parent=4855"}],"curies":[{"name":"wp","href":"https:\/\/api.w.org\/{rel}","templated":true}]}}