{"id":4856,"date":"2025-05-14T07:05:19","date_gmt":"2025-05-14T10:05:19","guid":{"rendered":"https:\/\/enapol.com\/xii\/rpa\/"},"modified":"2025-06-29T07:33:48","modified_gmt":"2025-06-29T10:33:48","slug":"rpa","status":"publish","type":"page","link":"https:\/\/enapol.com\/xii\/es\/reds-tal\/rpa\/","title":{"rendered":"RPA"},"content":{"rendered":"<div class=\"wpb-content-wrapper\">[vc_row][vc_column width=\u00bb1\/2&#8243;]<div class=\"vcex-spacing wpex-w-100 wpex-clear\"><\/div>[vc_column_text css=\u00bb\u00bb]\n<h3><span style=\"color: #ff0000;\"><strong>REDE PSICOANALISIS APLICADO &#8211; RPA\/ FAPOL<\/strong><\/span><\/h3>\n<p><strong>Hablar de lo traum\u00e1tico<\/strong><\/p>\n<p>Hablar de lo traum\u00e1tico encierra una paradoja, la paradoja misma del psicoan\u00e1lisis en tanto que all\u00ed hablamos de lo que es imposible de decir. El trauma es efectivamente lo imposible de decir sin embargo hablamos de \u00e9l.<\/p>\n<p>\u00bfC\u00f3mo tratamos lo traum\u00e1tico hoy en los dispositivos institucionales de atenci\u00f3n que se orientan por el psicoan\u00e1lisis de la orientaci\u00f3n lacaniana? \u00bfC\u00f3mo podemos dejarnos ense\u00f1ar por el saber nuevo que encontramos en cada caso?<\/p>\n<p>Es en torno a esas preguntas que invitamos, a todos los interesados, a participar de la Conversaci\u00f3n con Ricardo Seldes, a partir del programa de estudio e investigaci\u00f3n que tuvo lugar en los encuentros previos entre los participantes de la RPA.<\/p>\n<p>Para consultas o aclaraciones: rpa.fapol@gmail.com<\/p>\n<p>Responsables:<\/p>\n<ul>\n<li>Isabel do R\u00eago Barros Duarte y Musso Greco (EBP)<\/li>\n<li>Eugenia Serrano y Maria Laura Errecarte (EOL)<\/li>\n<li>Laura Arciniegas y Viviana Berger (NEL)<\/li>\n<\/ul>\n[\/vc_column_text][\/vc_column][vc_column width=\u00bb1\/2&#8243;]<div class=\"vcex-spacing wpex-w-100 wpex-clear\"><\/div><figure class=\"vcex-image vcex-module\"><div class=\"vcex-image-inner wpex-relative wpex-inline-block\"><img width=\"1240\" height=\"1754\" src=\"https:\/\/enapol.com\/xii\/wp-content\/uploads\/sites\/10\/2025\/06\/WhatsApp-Image-2025-06-11-at-19.01.20.jpeg\" class=\"vcex-image-img wpex-align-middle\" alt=\"\" loading=\"lazy\" decoding=\"async\" srcset=\"https:\/\/enapol.com\/xii\/wp-content\/uploads\/sites\/10\/2025\/06\/WhatsApp-Image-2025-06-11-at-19.01.20.jpeg 1240w, https:\/\/enapol.com\/xii\/wp-content\/uploads\/sites\/10\/2025\/06\/WhatsApp-Image-2025-06-11-at-19.01.20-212x300.jpeg 212w, https:\/\/enapol.com\/xii\/wp-content\/uploads\/sites\/10\/2025\/06\/WhatsApp-Image-2025-06-11-at-19.01.20-724x1024.jpeg 724w, https:\/\/enapol.com\/xii\/wp-content\/uploads\/sites\/10\/2025\/06\/WhatsApp-Image-2025-06-11-at-19.01.20-768x1086.jpeg 768w, https:\/\/enapol.com\/xii\/wp-content\/uploads\/sites\/10\/2025\/06\/WhatsApp-Image-2025-06-11-at-19.01.20-1086x1536.jpeg 1086w, https:\/\/enapol.com\/xii\/wp-content\/uploads\/sites\/10\/2025\/06\/WhatsApp-Image-2025-06-11-at-19.01.20-500x707.jpeg 500w, https:\/\/enapol.com\/xii\/wp-content\/uploads\/sites\/10\/2025\/06\/WhatsApp-Image-2025-06-11-at-19.01.20-700x990.jpeg 700w\" sizes=\"(max-width: 1240px) 100vw, 1240px\" \/><\/div><\/figure><div class=\"vcex-spacing wpex-w-100 wpex-clear\"><\/div><a href=\"https:\/\/tally.so\/r\/mOeNKk\" class=\"vcex-button theme-button inline\" target=\"_blank\" rel=\"noopener noreferrer\"><span class=\"vcex-button-inner theme-button-inner wpex-flex wpex-flex-wrap wpex-items-center wpex-justify-center\">INSCRIPCI\u00d3N<\/span><\/a> [\/vc_column][\/vc_row]\n<\/div>","protected":false},"excerpt":{"rendered":"<p>[vc_row][vc_column width=\u00bb1\/2&#8243;][vc_column_text css=\u00bb\u00bb] REDE PSICOANALISIS APLICADO &#8211; RPA\/ FAPOL Hablar de lo traum\u00e1tico Hablar de lo traum\u00e1tico encierra una paradoja, la paradoja misma del psicoan\u00e1lisis en tanto que all\u00ed hablamos de lo que es imposible de decir. El trauma es efectivamente lo imposible de decir sin embargo hablamos de \u00e9l. \u00bfC\u00f3mo tratamos lo traum\u00e1tico hoy&hellip;<\/p>\n","protected":false},"author":3,"featured_media":0,"parent":4894,"menu_order":0,"comment_status":"closed","ping_status":"closed","template":"","meta":{"_monsterinsights_skip_tracking":false,"_monsterinsights_sitenote_active":false,"_monsterinsights_sitenote_note":"","_monsterinsights_sitenote_category":0,"footnotes":""},"_links":{"self":[{"href":"https:\/\/enapol.com\/xii\/es\/wp-json\/wp\/v2\/pages\/4856"}],"collection":[{"href":"https:\/\/enapol.com\/xii\/es\/wp-json\/wp\/v2\/pages"}],"about":[{"href":"https:\/\/enapol.com\/xii\/es\/wp-json\/wp\/v2\/types\/page"}],"author":[{"embeddable":true,"href":"https:\/\/enapol.com\/xii\/es\/wp-json\/wp\/v2\/users\/3"}],"replies":[{"embeddable":true,"href":"https:\/\/enapol.com\/xii\/es\/wp-json\/wp\/v2\/comments?post=4856"}],"version-history":[{"count":9,"href":"https:\/\/enapol.com\/xii\/es\/wp-json\/wp\/v2\/pages\/4856\/revisions"}],"predecessor-version":[{"id":5998,"href":"https:\/\/enapol.com\/xii\/es\/wp-json\/wp\/v2\/pages\/4856\/revisions\/5998"}],"up":[{"embeddable":true,"href":"https:\/\/enapol.com\/xii\/es\/wp-json\/wp\/v2\/pages\/4894"}],"wp:attachment":[{"href":"https:\/\/enapol.com\/xii\/es\/wp-json\/wp\/v2\/media?parent=4856"}],"curies":[{"name":"wp","href":"https:\/\/api.w.org\/{rel}","templated":true}]}}