{"id":4857,"date":"2025-05-14T07:05:18","date_gmt":"2025-05-14T10:05:18","guid":{"rendered":"https:\/\/enapol.com\/xii\/rua\/"},"modified":"2025-08-31T07:49:54","modified_gmt":"2025-08-31T10:49:54","slug":"rua","status":"publish","type":"page","link":"https:\/\/enapol.com\/xii\/es\/reds-tal\/rua\/","title":{"rendered":"RUA"},"content":{"rendered":"<div class=\"wpb-content-wrapper\">[vc_row][vc_column width=\u00bb1\/2&#8243;]<div class=\"vcex-spacing wpex-w-100 wpex-clear\"><\/div>[vc_column_text css=\u00bb\u00bb]\n<h3><span style=\"color: #ff0000;\"><strong>LOS ALGORITMOS DEL SABER: PSICOAN\u00c1LISIS Y UNIVERSIDAD<\/strong><\/span><\/h3>\n<p>Las primeras m\u00e1quinas cibern\u00e9ticas, nombradas as\u00ed por el matem\u00e1tico Norbert Wiener<a href=\"#_ftn1\" name=\"_ftnref1\"><sup>[1]<\/sup><\/a>, sorprend\u00edan en los a\u00f1os 50 y siguen sorprendiendo hoy;\u00a0con su l\u00f3gica binaria de combinaciones algor\u00edtmicas y ciclos repetitivos, ilustran la naturaleza del lenguaje purificado de sentido, pura sintaxis, con autonom\u00eda propia. Lacan<a href=\"#_ftn2\" name=\"_ftnref2\"><sup>[2]<\/sup><\/a>, en su conferencia sobre <em>Psicoan\u00e1lisis y Cibern\u00e9tica<\/em>, dictada en el inicio de su ense\u00f1anza, describe la naturaleza del lenguaje, subrayando en las m\u00e1quinas, esa dimensi\u00f3n de lo simb\u00f3lico como un aparato que trabaja solo, con total independencia de la subjetividad, con ese modo secuencial de funcionar que, en s\u00ed mismo, no significa nada.<\/p>\n<p>La m\u00e1quina \u201c(&#8230;) no reivindica nada. En el hombre no sucede lo mismo, la escansi\u00f3n tiene vida\u201d<a href=\"#_ftn3\" name=\"_ftnref3\"><sup>[3]<\/sup><\/a>. La m\u00e1quina puede incluso pensar, dice Lacan en el Seminario 20, \u201c\u00bf(&#8230;) pero qui\u00e9n puede decir que sabe? Pues la fundaci\u00f3n de un saber es que el goce de su ejercicio es el mismo que el de su adquisici\u00f3n\u201d<a href=\"#_ftn4\" name=\"_ftnref4\"><sup>[4]<\/sup><\/a>. Entonces, para el psicoan\u00e1lisis, el saber se articula con el goce. Este saber aut\u00e9ntico se diferencia de los saberes artificiales, aquellos que tienen su origen en el discurso universitario. El saber tiene diferentes estatutos de acuerdo al lugar que ocupe en los discursos, y el discurso anal\u00edtico pone a prueba el saber que no tiene valor de ense\u00f1anza. Y, como propone Miller, en <em>El ni\u00f1o y el saber<\/em><a href=\"#_ftn5\" name=\"_ftnref5\"><em><sup><strong>[5]<\/strong><\/sup><\/em><\/a><em>,<\/em> el saber del ni\u00f1o es aut\u00e9ntico.<\/p>\n<p>A partir de estas indicaciones, nos proponemos conversar sobre los algoritmos del saber y su relaci\u00f3n con los artificios en la perspectiva del psicoan\u00e1lisis de orientaci\u00f3n lacaniana y su inserci\u00f3n en la universidad. \u00bfC\u00f3mo impacta la inteligencia artificial en la relaci\u00f3n con el saber y pone al trabajo nuestro deseo de transmisi\u00f3n del psicoan\u00e1lisis en la universidad? \u00bfC\u00f3mo hablar con las nuevas generaciones marcadas por la presencia masiva del \u201csaber artificial\u201d en la era del Uno y de la civilizaci\u00f3n digital?<\/p>\n<p>La investigaci\u00f3n rumbo al XII ENAPOL, realizada previamente a trav\u00e9s de grupos de trabajo con colegas de las tres Escuelas de la FAPOL que trabajan en la Universidad, pretende hacer de la RUA un territorio vivo de intercambio de experiencias, cuyos frutos ser\u00e1n objeto de una Conversaci\u00f3n con Carolina Koretzky.<\/p>\n<p>Orientaremos nuestro trabajo con base en tres ejes fundamentales:<\/p>\n<ol>\n<li>Artificios del saber y saber aut\u00e9ntico<\/li>\n<li>Los algoritmos del discurso en la Universidad y los algoritmos del psicoan\u00e1lisis<\/li>\n<li>Universidad: deseo de ense\u00f1ar y futuro del psicoan\u00e1lisis<\/li>\n<\/ol>\n<p><strong>Fecha: 4 de septiembre de 2025<\/strong><\/p>\n<p><strong>Horario: <\/strong><strong>16h \u00e0s 18h<\/strong><\/p>\n<p><strong>Responsables:<\/strong><\/p>\n<ul>\n<li>Ines Sotelo y Roxana Vogler (EOL)<\/li>\n<li>Alejandro Reinoso y Fernando Espa\u00f1a (NEL)<\/li>\n<li>Cleide Monteiro y Virg\u00ednia Carvalho (EBP)<\/li>\n<\/ul>\n<hr \/>\n<p><span style=\"font-size: 13px;\"><a href=\"#_ftnref1\" name=\"_ftn1\"><sup>[1]<\/sup><\/a> NORBERT WIENER (<a href=\"https:\/\/es.wikipedia.org\/wiki\/Columbia,_Missouri\">Columbia<\/a>, <a href=\"https:\/\/es.wikipedia.org\/wiki\/Misuri\">Misuri<\/a>, 26-11-1894-<a href=\"https:\/\/es.wikipedia.org\/wiki\/Estocolmo\">Estocolmo<\/a>, 18-3- 1964) fue un <a href=\"https:\/\/es.wikipedia.org\/wiki\/Matem%C3%A1tico\">matem\u00e1tico<\/a> y <a href=\"https:\/\/es.wikipedia.org\/wiki\/Filosof%C3%ADa\">fil\u00f3sofo<\/a> <a href=\"https:\/\/es.wikipedia.org\/wiki\/Estados_Unidos\">estadounidense<\/a>, conocido como el fundador de la <a href=\"https:\/\/es.wikipedia.org\/wiki\/Cibern%C3%A9tica\">cibern\u00e9tica<\/a>. Acu\u00f1\u00f3 el t\u00e9rmino en su libro <em>Cibern\u00e9tica o el control y comunicaci\u00f3n en animales y m\u00e1quinas<\/em>, publicado en 1948.<\/span><\/p>\n<p><span style=\"font-size: 13px;\"><a href=\"#_ftnref2\" name=\"_ftn2\"><sup>[2]<\/sup><\/a> LACAN, J. (1954-1955) <em>El Seminario, Libro 2, El yo en la teor\u00eda psicoanal\u00edtica, <\/em>Buenos Aires, Paid\u00f3s, 1988, p.454.<\/span><\/p>\n<p><span style=\"font-size: 13px;\"><a href=\"#_ftnref3\" name=\"_ftn3\"><sup>[3]<\/sup><\/a><em> I<\/em><em>bidem<\/em><\/span><\/p>\n<p><span style=\"font-size: 13px;\"><a href=\"#_ftnref4\" name=\"_ftn4\"><sup>[4]<\/sup><\/a> LACAN.J. (1972-1973<em>)El Seminario, Libro 20, A\u00fan<\/em>, Buenos Aires, Paid\u00f3s, 1991.p. 117<\/span><\/p>\n<p><span style=\"font-size: 13px;\"><a href=\"#_ftnref5\" name=\"_ftn5\"><sup>[5]<\/sup><\/a> MILLER, J.-A. \u201cEl ni\u00f1o y el saber\u201d,<em> Los miedos en los ni\u00f1os<\/em>, Buenos Aires, Paid\u00f3s, 2017.<\/span><\/p>\n[\/vc_column_text][\/vc_column][vc_column width=\u00bb1\/2&#8243;]<div class=\"vcex-spacing wpex-w-100 wpex-clear\"><\/div><figure class=\"vcex-image vcex-module\"><div class=\"vcex-image-inner wpex-relative wpex-inline-block\"><img width=\"1240\" height=\"1754\" src=\"https:\/\/enapol.com\/xii\/wp-content\/uploads\/sites\/10\/2025\/06\/cartaz_rua.jpeg\" class=\"vcex-image-img wpex-align-middle\" alt=\"\" loading=\"lazy\" decoding=\"async\" srcset=\"https:\/\/enapol.com\/xii\/wp-content\/uploads\/sites\/10\/2025\/06\/cartaz_rua.jpeg 1240w, https:\/\/enapol.com\/xii\/wp-content\/uploads\/sites\/10\/2025\/06\/cartaz_rua-212x300.jpeg 212w, https:\/\/enapol.com\/xii\/wp-content\/uploads\/sites\/10\/2025\/06\/cartaz_rua-724x1024.jpeg 724w, https:\/\/enapol.com\/xii\/wp-content\/uploads\/sites\/10\/2025\/06\/cartaz_rua-768x1086.jpeg 768w, https:\/\/enapol.com\/xii\/wp-content\/uploads\/sites\/10\/2025\/06\/cartaz_rua-1086x1536.jpeg 1086w, https:\/\/enapol.com\/xii\/wp-content\/uploads\/sites\/10\/2025\/06\/cartaz_rua-500x707.jpeg 500w, https:\/\/enapol.com\/xii\/wp-content\/uploads\/sites\/10\/2025\/06\/cartaz_rua-700x990.jpeg 700w\" sizes=\"(max-width: 1240px) 100vw, 1240px\" \/><\/div><\/figure><div class=\"vcex-spacing wpex-w-100 wpex-clear\"><\/div><a href=\"https:\/\/tally.so\/r\/w2zNb9\" class=\"vcex-button theme-button inline\" target=\"_blank\" rel=\"noopener noreferrer\"><span class=\"vcex-button-inner theme-button-inner wpex-flex wpex-flex-wrap wpex-items-center wpex-justify-center\">INSCRIPCI\u00d3N<\/span><\/a> [\/vc_column][\/vc_row][vc_row][vc_column][vc_column_text css=\u00bb\u00bb]\n<h3 style=\"text-align: justify;\"><span style=\"color: #ff0000;\"><strong>Artificios del Saber y Saber Aut\u00e9ntico<\/strong><\/span><\/h3>\n[\/vc_column_text]<div class=\"vcex-spacing wpex-w-100 wpex-clear\"><\/div><a href=\"https:\/\/enapol.com\/xii\/es\/artificios-del-saber-y-saber-autentico\/\" class=\"vcex-button theme-button inline\"><span class=\"vcex-button-inner theme-button-inner wpex-flex wpex-flex-wrap wpex-items-center wpex-justify-center\">Leer+<\/span><\/a> <div class=\"vcex-spacing wpex-w-100 wpex-clear\"><\/div>[\/vc_column][\/vc_row][vc_row][vc_column][vc_column_text css=\u00bb\u00bb]\n<h3 style=\"text-align: justify;\"><span style=\"color: #ff0000;\"><strong>Los Algoritmos del Discurso en la Universidad y los Algoritmos del Psicoan\u00e1lisis<\/strong><\/span><\/h3>\n[\/vc_column_text]<div class=\"vcex-spacing wpex-w-100 wpex-clear\"><\/div><a href=\"https:\/\/enapol.com\/xii\/es\/los-algoritmos-del-saber-psicoanalisis-y-universidad\/\" class=\"vcex-button theme-button inline\"><span class=\"vcex-button-inner theme-button-inner wpex-flex wpex-flex-wrap wpex-items-center wpex-justify-center\">Leer+<\/span><\/a> <div class=\"vcex-spacing wpex-w-100 wpex-clear\"><\/div>[\/vc_column][\/vc_row][vc_row][vc_column][vc_column_text css=\u00bb\u00bb]\n<h3 style=\"text-align: justify;\"><span style=\"color: #ff0000;\"><strong>Universidad: el deseo de ense\u00f1ar y el futuro del psicoan\u00e1lisis en tiempos de inteligencia artificial<\/strong><\/span><\/h3>\n[\/vc_column_text]<div class=\"vcex-spacing wpex-w-100 wpex-clear\"><\/div><a href=\"https:\/\/enapol.com\/xii\/es\/universidad-el-deseo-de-ensenar-y-el-futuro-del-psicoanalisis-en-tiempos-de-inteligencia-artificial\/\" class=\"vcex-button theme-button inline\"><span class=\"vcex-button-inner theme-button-inner wpex-flex wpex-flex-wrap wpex-items-center wpex-justify-center\">Leer+<\/span><\/a> <div class=\"vcex-spacing wpex-w-100 wpex-clear\"><\/div>[\/vc_column][\/vc_row]\n<\/div>","protected":false},"excerpt":{"rendered":"<p>[vc_row][vc_column width=\u00bb1\/2&#8243;][vc_column_text css=\u00bb\u00bb] LOS ALGORITMOS DEL SABER: PSICOAN\u00c1LISIS Y UNIVERSIDAD Las primeras m\u00e1quinas cibern\u00e9ticas, nombradas as\u00ed por el matem\u00e1tico Norbert Wiener[1], sorprend\u00edan en los a\u00f1os 50 y siguen sorprendiendo hoy;\u00a0con su l\u00f3gica binaria de combinaciones algor\u00edtmicas y ciclos repetitivos, ilustran la naturaleza del lenguaje purificado de sentido, pura sintaxis, con autonom\u00eda propia. Lacan[2], en su&hellip;<\/p>\n","protected":false},"author":3,"featured_media":0,"parent":4894,"menu_order":0,"comment_status":"closed","ping_status":"closed","template":"","meta":{"_monsterinsights_skip_tracking":false,"_monsterinsights_sitenote_active":false,"_monsterinsights_sitenote_note":"","_monsterinsights_sitenote_category":0,"footnotes":""},"_links":{"self":[{"href":"https:\/\/enapol.com\/xii\/es\/wp-json\/wp\/v2\/pages\/4857"}],"collection":[{"href":"https:\/\/enapol.com\/xii\/es\/wp-json\/wp\/v2\/pages"}],"about":[{"href":"https:\/\/enapol.com\/xii\/es\/wp-json\/wp\/v2\/types\/page"}],"author":[{"embeddable":true,"href":"https:\/\/enapol.com\/xii\/es\/wp-json\/wp\/v2\/users\/3"}],"replies":[{"embeddable":true,"href":"https:\/\/enapol.com\/xii\/es\/wp-json\/wp\/v2\/comments?post=4857"}],"version-history":[{"count":11,"href":"https:\/\/enapol.com\/xii\/es\/wp-json\/wp\/v2\/pages\/4857\/revisions"}],"predecessor-version":[{"id":7901,"href":"https:\/\/enapol.com\/xii\/es\/wp-json\/wp\/v2\/pages\/4857\/revisions\/7901"}],"up":[{"embeddable":true,"href":"https:\/\/enapol.com\/xii\/es\/wp-json\/wp\/v2\/pages\/4894"}],"wp:attachment":[{"href":"https:\/\/enapol.com\/xii\/es\/wp-json\/wp\/v2\/media?parent=4857"}],"curies":[{"name":"wp","href":"https:\/\/api.w.org\/{rel}","templated":true}]}}