{"id":4927,"date":"2025-05-15T15:59:25","date_gmt":"2025-05-15T18:59:25","guid":{"rendered":"https:\/\/enapol.com\/xii\/?page_id=4927"},"modified":"2025-08-20T16:52:59","modified_gmt":"2025-08-20T19:52:59","slug":"rubrica-eje-4","status":"publish","type":"page","link":"https:\/\/enapol.com\/xii\/es\/epistemico\/tambor\/rubricas\/rubrica-eje-4\/","title":{"rendered":"R\u00fabrica Eje 4"},"content":{"rendered":"<div class=\"wpb-content-wrapper\">[vc_row][vc_column][vc_column_text css=\u00bb\u00bb]\n<h3><span style=\"color: #ff0000;\"><u>R\u00daBRICA EJE<\/u><u>\u00a04<br \/>\n<\/u><strong>LO IMPOSIBLE DE EDUCAR<\/strong><\/span><\/h3>\n<p><span style=\"font-size: 13px;\"><strong>Daniela Fern\u00e1ndez &#8211; <\/strong><strong>EOL\/AMP<\/strong><\/span><\/p>\n<p>Su madre consulta por imposici\u00f3n de la escuela que amenaza con echarlo. La gota que rebals\u00f3 el vaso fue que Iv\u00e1n, famoso por golpear a otros ni\u00f1os, grit\u00f3 en la clase consagrada al 2 de abril, \u201clas Malvinas son inglesas\u201d, neg\u00e1ndose a \u201cdesdecirse\u201d incluso frente al director. En esa escuela, invitan a los ni\u00f1os a desdecirse. Para el psicoan\u00e1lisis, eso es imposible.[\/vc_column_text]<a href=\"https:\/\/enapol.com\/xii\/es\/rubrica-eje-4-lo-imposible-de-educar\/\" class=\"vcex-button theme-button inline\"><span class=\"vcex-button-inner theme-button-inner wpex-flex wpex-flex-wrap wpex-items-center wpex-justify-center\">Leer +<\/span><\/a> [\/vc_column][\/vc_row][vc_row][vc_column][vc_column_text css=\u00bb\u00bb]\n<h3><span style=\"color: #ff0000;\"><u>R\u00daBRICA EJE<\/u><u> 4<br \/>\n<\/u><strong>ADVERTENCIA PREPOSICIONAL<\/strong><\/span><\/h3>\n<p><span style=\"font-size: 13px;\"><strong>Celeste Vi\u00f1al &#8211; <\/strong><strong>EOL\/AMP<\/strong><\/span><\/p>\n<p>P\u00e1gina en blanco, no me decido. La propuesta de Tambor repercute haciendo su tarea y el t\u00edtulo de nuestro pr\u00f3ximo ENAPOL me resuena evocando posibilidades distintas.<\/p>\n<p>Si hablase, en lo personal, a manera de \u201chablo con el coraz\u00f3n\u201d para sustituir a <em>desde<\/em>, \u00bfqu\u00e9 dir\u00eda?[\/vc_column_text]<a href=\"https:\/\/enapol.com\/xii\/es\/rubrica-eje-4-advertencia-preposicional\/\" class=\"vcex-button theme-button inline\"><span class=\"vcex-button-inner theme-button-inner wpex-flex wpex-flex-wrap wpex-items-center wpex-justify-center\">Leer +<\/span><\/a> [\/vc_column][\/vc_row][vc_row][vc_column][vc_column_text css=\u00bb\u00bb]\n<h3><span style=\"color: #ff0000;\"><u>Rubrica Eixo 4:<br \/>\n<\/u><u>\u00a1ALERTA AM\u00c9RICA! NI\u00d1OS EN PELIGRO ANTE EL AVANCE A PASO FIRME DEL DISCURSO DE LA UNIVERSALIZACI\u00d3N<\/u><\/span><\/h3>\n<p><em>Viviana Berger \u2013 NEL\/AMP<\/em><\/p>\n<p>\u00bfQu\u00e9 otra respuesta puede dar el psicoan\u00e1lisis sino empu\u00f1ar su interpretaci\u00f3n directamente al centro del coraz\u00f3n del \u201cni\u00f1o generalizado\u201d como nos proponen los discursos de nuestra modernidad? \u00a1PSICOANALISTAS! \u00a1SALGAN A DECIR! \u00a1Est\u00e1n atropellando lo m\u00e1s precioso del sujeto! \u2013 apremia la FAPOL.[\/vc_column_text]<a href=\"https:\/\/enapol.com\/xii\/es\/rubrica-eje-4-alerta-america-ninos-en-peligro-ante-el-avance-a-paso-firme-del-discurso-de-la-universalizacion\/\" class=\"vcex-button theme-button inline\"><span class=\"vcex-button-inner theme-button-inner wpex-flex wpex-flex-wrap wpex-items-center wpex-justify-center\">Leer +<\/span><\/a> [\/vc_column][\/vc_row]\n<\/div>","protected":false},"excerpt":{"rendered":"<p>[vc_row][vc_column][vc_column_text css=\u00bb\u00bb] R\u00daBRICA EJE\u00a04 LO IMPOSIBLE DE EDUCAR Daniela Fern\u00e1ndez &#8211; EOL\/AMP Su madre consulta por imposici\u00f3n de la escuela que amenaza con echarlo. La gota que rebals\u00f3 el vaso fue que Iv\u00e1n, famoso por golpear a otros ni\u00f1os, grit\u00f3 en la clase consagrada al 2 de abril, \u201clas Malvinas son inglesas\u201d, neg\u00e1ndose a \u201cdesdecirse\u201d&hellip;<\/p>\n","protected":false},"author":3,"featured_media":0,"parent":1957,"menu_order":0,"comment_status":"closed","ping_status":"closed","template":"","meta":{"_monsterinsights_skip_tracking":false,"_monsterinsights_sitenote_active":false,"_monsterinsights_sitenote_note":"","_monsterinsights_sitenote_category":0,"footnotes":""},"_links":{"self":[{"href":"https:\/\/enapol.com\/xii\/es\/wp-json\/wp\/v2\/pages\/4927"}],"collection":[{"href":"https:\/\/enapol.com\/xii\/es\/wp-json\/wp\/v2\/pages"}],"about":[{"href":"https:\/\/enapol.com\/xii\/es\/wp-json\/wp\/v2\/types\/page"}],"author":[{"embeddable":true,"href":"https:\/\/enapol.com\/xii\/es\/wp-json\/wp\/v2\/users\/3"}],"replies":[{"embeddable":true,"href":"https:\/\/enapol.com\/xii\/es\/wp-json\/wp\/v2\/comments?post=4927"}],"version-history":[{"count":7,"href":"https:\/\/enapol.com\/xii\/es\/wp-json\/wp\/v2\/pages\/4927\/revisions"}],"predecessor-version":[{"id":7305,"href":"https:\/\/enapol.com\/xii\/es\/wp-json\/wp\/v2\/pages\/4927\/revisions\/7305"}],"up":[{"embeddable":true,"href":"https:\/\/enapol.com\/xii\/es\/wp-json\/wp\/v2\/pages\/1957"}],"wp:attachment":[{"href":"https:\/\/enapol.com\/xii\/es\/wp-json\/wp\/v2\/media?parent=4927"}],"curies":[{"name":"wp","href":"https:\/\/api.w.org\/{rel}","templated":true}]}}