{"id":4945,"date":"2025-05-15T16:11:59","date_gmt":"2025-05-15T19:11:59","guid":{"rendered":"https:\/\/enapol.com\/xii\/rubrica-eixo-2\/"},"modified":"2025-08-14T06:33:56","modified_gmt":"2025-08-14T09:33:56","slug":"rubrica-eje-2","status":"publish","type":"page","link":"https:\/\/enapol.com\/xii\/es\/epistemico\/tambor\/rubricas\/rubrica-eje-2\/","title":{"rendered":"R\u00fabrica Eje 2"},"content":{"rendered":"<div class=\"wpb-content-wrapper\">[vc_row][vc_column][vc_column_text css=\u00bb\u00bb]\n<h3><span style=\"color: #ff0000;\"><strong>R\u00fabrica Eje 2<br \/>\n<\/strong><strong>\u201cDAFNIS Y CLOE: DEL SIGLO II AL SIGLO XXI\u201d<\/strong><\/span><\/h3>\n<p><em>Susana Schaer &#8211; NEL\/AMP<\/em><\/p>\n<p>Sabido es que la pubertad es el encuentro con los grandes enigmas: el cuerpo, la sexualidad, la relaci\u00f3n con el otro. Un encuentro con lo imposible de la relaci\u00f3n sexual, lo imposible de decir que no termina de subjetivarse. Es con esto con lo que el p\u00faber tiene que arregl\u00e1rselas.\u00a0 \u201cAquello a lo que Lacan llam\u00f3, lo real\u201d.[\/vc_column_text]<a href=\"https:\/\/enapol.com\/xii\/es\/rubrica-eje-2-dafnis-y-cloe-del-siglo-2-al-siglo-21\/\" class=\"vcex-button theme-button inline\"><span class=\"vcex-button-inner theme-button-inner wpex-flex wpex-flex-wrap wpex-items-center wpex-justify-center\">Leia +<\/span><\/a> [\/vc_column][\/vc_row][vc_row][vc_column][vc_column_text css=\u00bb\u00bb]\n<h3><span style=\"color: #ff0000;\"><u>R\u00fabrica Eje 2<br \/>\n<\/u><u>HABLAR EN AN\u00c1LISIS: ENTRE LA FICCI\u00d3N Y LO REAL<\/u><\/span><\/h3>\n<p><em>Gabriela Villarroel \u2013 Miembro bajo condiciones \u2013 NEL<\/em><\/p>\n<p>Convocada por las vibraciones del tambor del ENAPOL, comparto algunas resonancias que el eje 2: Hablar\u2026 \u201ctestimoniar de la mejor manera posible sobre la verdad mentirosa\u201d me gener\u00f3.[\/vc_column_text]<a href=\"https:\/\/enapol.com\/xii\/es\/rubrica-eje-2-hablar-en-analisis-entre-la-ficcion-y-lo-real\/\" class=\"vcex-button theme-button inline\"><span class=\"vcex-button-inner theme-button-inner wpex-flex wpex-flex-wrap wpex-items-center wpex-justify-center\">Leia +<\/span><\/a> [\/vc_column][\/vc_row]\n<\/div>","protected":false},"excerpt":{"rendered":"<p>[vc_row][vc_column][vc_column_text css=\u00bb\u00bb] R\u00fabrica Eje 2 \u201cDAFNIS Y CLOE: DEL SIGLO II AL SIGLO XXI\u201d Susana Schaer &#8211; NEL\/AMP Sabido es que la pubertad es el encuentro con los grandes enigmas: el cuerpo, la sexualidad, la relaci\u00f3n con el otro. Un encuentro con lo imposible de la relaci\u00f3n sexual, lo imposible de decir que no termina&hellip;<\/p>\n","protected":false},"author":3,"featured_media":0,"parent":1957,"menu_order":0,"comment_status":"closed","ping_status":"closed","template":"","meta":{"_monsterinsights_skip_tracking":false,"_monsterinsights_sitenote_active":false,"_monsterinsights_sitenote_note":"","_monsterinsights_sitenote_category":0,"footnotes":""},"_links":{"self":[{"href":"https:\/\/enapol.com\/xii\/es\/wp-json\/wp\/v2\/pages\/4945"}],"collection":[{"href":"https:\/\/enapol.com\/xii\/es\/wp-json\/wp\/v2\/pages"}],"about":[{"href":"https:\/\/enapol.com\/xii\/es\/wp-json\/wp\/v2\/types\/page"}],"author":[{"embeddable":true,"href":"https:\/\/enapol.com\/xii\/es\/wp-json\/wp\/v2\/users\/3"}],"replies":[{"embeddable":true,"href":"https:\/\/enapol.com\/xii\/es\/wp-json\/wp\/v2\/comments?post=4945"}],"version-history":[{"count":9,"href":"https:\/\/enapol.com\/xii\/es\/wp-json\/wp\/v2\/pages\/4945\/revisions"}],"predecessor-version":[{"id":7089,"href":"https:\/\/enapol.com\/xii\/es\/wp-json\/wp\/v2\/pages\/4945\/revisions\/7089"}],"up":[{"embeddable":true,"href":"https:\/\/enapol.com\/xii\/es\/wp-json\/wp\/v2\/pages\/1957"}],"wp:attachment":[{"href":"https:\/\/enapol.com\/xii\/es\/wp-json\/wp\/v2\/media?parent=4945"}],"curies":[{"name":"wp","href":"https:\/\/api.w.org\/{rel}","templated":true}]}}