{"id":5207,"date":"2025-05-29T10:02:43","date_gmt":"2025-05-29T13:02:43","guid":{"rendered":"https:\/\/enapol.com\/xii\/tambor-4\/"},"modified":"2025-07-04T12:33:44","modified_gmt":"2025-07-04T15:33:44","slug":"tambor-4","status":"publish","type":"page","link":"https:\/\/enapol.com\/xii\/es\/epistemico\/tambor\/boletins\/tambor-4\/","title":{"rendered":"Tambor 4"},"content":{"rendered":"<div class=\"wpb-content-wrapper\">[vc_row][vc_column]<figure class=\"vcex-image vcex-module\"><div class=\"vcex-image-inner wpex-relative wpex-inline-block\"><img width=\"5288\" height=\"1575\" src=\"https:\/\/enapol.com\/xii\/wp-content\/uploads\/sites\/10\/2025\/02\/cabecalho.png\" class=\"vcex-image-img wpex-align-middle\" alt=\"\" loading=\"lazy\" decoding=\"async\" srcset=\"https:\/\/enapol.com\/xii\/wp-content\/uploads\/sites\/10\/2025\/02\/cabecalho.png 5288w, https:\/\/enapol.com\/xii\/wp-content\/uploads\/sites\/10\/2025\/02\/cabecalho-300x89.png 300w, https:\/\/enapol.com\/xii\/wp-content\/uploads\/sites\/10\/2025\/02\/cabecalho-1024x305.png 1024w, https:\/\/enapol.com\/xii\/wp-content\/uploads\/sites\/10\/2025\/02\/cabecalho-768x229.png 768w, https:\/\/enapol.com\/xii\/wp-content\/uploads\/sites\/10\/2025\/02\/cabecalho-1536x457.png 1536w, https:\/\/enapol.com\/xii\/wp-content\/uploads\/sites\/10\/2025\/02\/cabecalho-2048x610.png 2048w, https:\/\/enapol.com\/xii\/wp-content\/uploads\/sites\/10\/2025\/02\/cabecalho-500x149.png 500w, https:\/\/enapol.com\/xii\/wp-content\/uploads\/sites\/10\/2025\/02\/cabecalho-700x208.png 700w\" sizes=\"(max-width: 5288px) 100vw, 5288px\" \/><\/div><\/figure>[\/vc_column][\/vc_row][vc_row][vc_column][vc_column_text css=\u00bb.vc_custom_1748523194261{padding-top: 20px !important;padding-right: 20px !important;padding-bottom: 20px !important;padding-left: 20px !important;background-color: #FADA5B !important;}\u00bb]\n<p style=\"text-align: left;\"><span style=\"font-size: 18px;\"><strong><span style=\"color: #ffffff;\">Bolet\u00edn Tambor 4<\/span><\/strong><\/span><\/p>\n[\/vc_column_text][\/vc_column][\/vc_row][vc_row][vc_column][vc_column_text css=\u00bb\u00bb]\n<h3><u>R\u00fabrica Eje 2:<\/u><\/h3>\n<figure id=\"attachment_5181\" aria-describedby=\"caption-attachment-5181\" style=\"width: 500px\" class=\"wp-caption aligncenter\"><a href=\"https:\/\/enapol.com\/xii\/wp-content\/uploads\/sites\/10\/2025\/05\/Imagem1.jpg\"><img fetchpriority=\"high\" decoding=\"async\" class=\"wp-image-5181\" src=\"https:\/\/enapol.com\/xii\/wp-content\/uploads\/sites\/10\/2025\/05\/Imagem1.jpg\" alt=\"\" width=\"500\" height=\"490\" srcset=\"https:\/\/enapol.com\/xii\/wp-content\/uploads\/sites\/10\/2025\/05\/Imagem1.jpg 731w, https:\/\/enapol.com\/xii\/wp-content\/uploads\/sites\/10\/2025\/05\/Imagem1-300x294.jpg 300w, https:\/\/enapol.com\/xii\/wp-content\/uploads\/sites\/10\/2025\/05\/Imagem1-500x490.jpg 500w, https:\/\/enapol.com\/xii\/wp-content\/uploads\/sites\/10\/2025\/05\/Imagem1-700x687.jpg 700w\" sizes=\"(max-width: 500px) 100vw, 500px\" \/><\/a><figcaption id=\"caption-attachment-5181\" class=\"wp-caption-text\">Foto: NASA. Cr\u00e9dito de la digitalizaci\u00f3n: NASA Johnson\/Kipp Teague<\/figcaption><\/figure>\n<h3><u><br \/>\nFICCI\u00d3N Y CANTO DE LA PALABRA<\/u><\/h3>\n<p><span style=\"font-size: 13px;\"><em>Gisela Smania &#8211; EOL\/AMP<\/em><\/span><\/p>\n<p style=\"text-align: justify;\">Un an\u00e1lisis implica enlazarse de manera original al hecho de hablar. Conminados a dar vueltas en el decir, inmediatamente los recuerdos encuentran su lugar como trozos de vida ejercidos a t\u00edtulo de historia, impresiones, piezas infantiles que \u201cla memoria \u2013 sospechosamente \u2013 piensa que reproduce\u201d y que llevan el af\u00e1n de la revelaci\u00f3n, del destello escurridizo de la verdad con la que sue\u00f1a el inconsciente.<\/p>\n<p style=\"text-align: justify;\"><a title=\"Rubrica Eixo 1: ISSO RESSOA NO CORPO COMO UM TAMBOR\" href=\"https:\/\/enapol.com\/xii\/es\/rubrica-eje-2-ficcion-y-canto-de-la-palabra-2\/\"><span style=\"color: #ff0000;\">[leer +]<\/span><\/a><\/p>\n[\/vc_column_text][\/vc_column][\/vc_row][vc_row][vc_column][vc_column_text css=\u00bb\u00bb]\n<h3><u>CONEXIONES:<\/u><\/h3>\n<figure id=\"attachment_5189\" aria-describedby=\"caption-attachment-5189\" style=\"width: 500px\" class=\"wp-caption aligncenter\"><a href=\"https:\/\/enapol.com\/xii\/wp-content\/uploads\/sites\/10\/2025\/05\/Imagem2.jpg\"><img decoding=\"async\" class=\"wp-image-5189\" src=\"https:\/\/enapol.com\/xii\/wp-content\/uploads\/sites\/10\/2025\/05\/Imagem2.jpg\" alt=\"\" width=\"500\" height=\"218\" srcset=\"https:\/\/enapol.com\/xii\/wp-content\/uploads\/sites\/10\/2025\/05\/Imagem2.jpg 986w, https:\/\/enapol.com\/xii\/wp-content\/uploads\/sites\/10\/2025\/05\/Imagem2-300x131.jpg 300w, https:\/\/enapol.com\/xii\/wp-content\/uploads\/sites\/10\/2025\/05\/Imagem2-768x334.jpg 768w, https:\/\/enapol.com\/xii\/wp-content\/uploads\/sites\/10\/2025\/05\/Imagem2-500x218.jpg 500w, https:\/\/enapol.com\/xii\/wp-content\/uploads\/sites\/10\/2025\/05\/Imagem2-700x305.jpg 700w\" sizes=\"(max-width: 500px) 100vw, 500px\" \/><\/a><figcaption id=\"caption-attachment-5189\" class=\"wp-caption-text\">Foto: NASA. Cr\u00e9dito de la digitalizaci\u00f3n: NASA Johnson\/Kipp Teague<\/figcaption><\/figure>\n<h3><u><br \/>\nLA MAGNI\u0301FICA DESOLACIO\u0301N Y LA ENCARNACIO\u0301N DEL CORTE<\/u><\/h3>\n<p><span style=\"font-size: 13px;\"><em>Ram Mandil &#8211; EBP\/AMP<\/em><\/span><\/p>\n<p style=\"text-align: justify;\">El episodio es poco conocido. Instantes antes de hacer el primer aterrizaje en la Luna, una alarma suena en la computadora del M\u00f3dulo Lunar: el enigm\u00e1tico \u201cc\u00f3digo 1202\u201d, indicando sobrecarga de datos en el sistema. Ni los astronautas a bordo, Neil Armstrong y Edwin \u201cBuzz\u201d Aldrin, ni el centro de control en Houston conoc\u00edan las causas. Tensi\u00f3n, seguida de la verificaci\u00f3n de todos los par\u00e1metros para fundamentar la decisi\u00f3n: GO o ABORT STAGE. Aun sin saber exactamente la causa, Houston da su veredicto: \u201cOptamos por el GO\u201d. Los an\u00e1lisis indicaban que se trataba de un \u201criesgo aceptable\u201d.<\/p>\n<p><a title=\"Rubrica Eixo 3: INF\u00c2NCIA INEXTINGU\u00cdVEL, DOCILIDADE TRANSFERENCIAL\" href=\"https:\/\/enapol.com\/xii\/es\/la-magnifica-desolacion-y-la-encarnacion-del-corte\/\"><span style=\"color: #ff0000;\">[Leer +]<\/span><\/a>[\/vc_column_text][\/vc_column][\/vc_row][vc_row][vc_column][vc_column_text css=\u00bb\u00bb]\n<h3><u>CITAS Y REFERENCIAS BIBLIOGR\u00c1FICAS<\/u><\/h3>\n<div>\n<p><strong>Entrevista con Silvia Pino &#8211; EOL\/AMP &#8211; \u201cNo hay relaci\u00f3n sexual, hay un excedente de sexualidad\u201d<\/strong><\/p>\n<p style=\"text-align: justify;\">En el presente video, <strong>Silvia Pino<\/strong>, psicoanalista miembro de la EOL y de la AMP, nos invita a extraer del texto de orientaci\u00f3n hacia el XII Enapol de Jacques-Alain Miller \u00abEl estatus del trauma\u00bb, una fecunda clave de lectura que nos permitir\u00e1 situar: la declinaci\u00f3n de hablar con el ni\u00f1o a hablar con el ni\u00f1o en la experiencia anal\u00edtica.<\/p>\n<p style=\"text-align: justify;\">Y un plus: \u00a1nos regala referencias bibliogr\u00e1ficas ineludibles, \u00f3ptimas para animarlos a ustedes, queridos colegas, al ritmo de la escritura!<\/p>\n<\/div>\n<p style=\"text-align: center;\"><span style=\"font-size: 13px;\"><a href=\"https:\/\/youtu.be\/VxvacJAB8zk\"><img decoding=\"async\" class=\"aligncenter wp-image-5204\" src=\"https:\/\/enapol.com\/xii\/wp-content\/uploads\/sites\/10\/2025\/05\/Thum_video_silvia.png\" alt=\"\" width=\"500\" height=\"285\" srcset=\"https:\/\/enapol.com\/xii\/wp-content\/uploads\/sites\/10\/2025\/05\/Thum_video_silvia.png 1193w, https:\/\/enapol.com\/xii\/wp-content\/uploads\/sites\/10\/2025\/05\/Thum_video_silvia-300x171.png 300w, https:\/\/enapol.com\/xii\/wp-content\/uploads\/sites\/10\/2025\/05\/Thum_video_silvia-1024x585.png 1024w, https:\/\/enapol.com\/xii\/wp-content\/uploads\/sites\/10\/2025\/05\/Thum_video_silvia-768x438.png 768w, https:\/\/enapol.com\/xii\/wp-content\/uploads\/sites\/10\/2025\/05\/Thum_video_silvia-500x285.png 500w, https:\/\/enapol.com\/xii\/wp-content\/uploads\/sites\/10\/2025\/05\/Thum_video_silvia-700x400.png 700w\" sizes=\"(max-width: 500px) 100vw, 500px\" \/><\/a><\/span><\/p>\n<p style=\"text-align: center;\"><span style=\"font-size: 13px;\">Autor\u00eda: Silvia Pino; Traducci\u00f3n: Cristiana Gallo; Revisi\u00f3n: Paola Salinas; Subt\u00edtulos: Catalina Escardo; Texto de introducci\u00f3n: Andrea Amendola.<\/span><\/p>\n<div>\n<p><a title=\"CITA\u00c7\u00d5ES E REFER\u00caNCIAS BIBLIOGR\u00c1FICAS\" href=\"https:\/\/enapol.com\/xii\/es\/no-hay-relacion-sexual-hay-un-excedente-de-sexualidad\/\"><span style=\"color: #ff0000;\">[Leer +]<\/span><\/a><\/p>\n<\/div>\n[\/vc_column_text][\/vc_column][\/vc_row]\n<\/div>","protected":false},"excerpt":{"rendered":"<p>[vc_row][vc_column][\/vc_column][\/vc_row][vc_row][vc_column][vc_column_text css=\u00bb.vc_custom_1748523194261{padding-top: 20px !important;padding-right: 20px !important;padding-bottom: 20px !important;padding-left: 20px !important;background-color: #FADA5B !important;}\u00bb] Bolet\u00edn Tambor 4 [\/vc_column_text][\/vc_column][\/vc_row][vc_row][vc_column][vc_column_text css=\u00bb\u00bb] R\u00fabrica Eje 2: FICCI\u00d3N Y CANTO DE LA PALABRA Gisela Smania &#8211; EOL\/AMP Un an\u00e1lisis implica enlazarse de manera original al hecho de hablar. Conminados a dar vueltas en el decir, inmediatamente los recuerdos encuentran su lugar como&hellip;<\/p>\n","protected":false},"author":3,"featured_media":0,"parent":1956,"menu_order":0,"comment_status":"closed","ping_status":"closed","template":"","meta":{"_monsterinsights_skip_tracking":false,"_monsterinsights_sitenote_active":false,"_monsterinsights_sitenote_note":"","_monsterinsights_sitenote_category":0,"footnotes":""},"_links":{"self":[{"href":"https:\/\/enapol.com\/xii\/es\/wp-json\/wp\/v2\/pages\/5207"}],"collection":[{"href":"https:\/\/enapol.com\/xii\/es\/wp-json\/wp\/v2\/pages"}],"about":[{"href":"https:\/\/enapol.com\/xii\/es\/wp-json\/wp\/v2\/types\/page"}],"author":[{"embeddable":true,"href":"https:\/\/enapol.com\/xii\/es\/wp-json\/wp\/v2\/users\/3"}],"replies":[{"embeddable":true,"href":"https:\/\/enapol.com\/xii\/es\/wp-json\/wp\/v2\/comments?post=5207"}],"version-history":[{"count":9,"href":"https:\/\/enapol.com\/xii\/es\/wp-json\/wp\/v2\/pages\/5207\/revisions"}],"predecessor-version":[{"id":6229,"href":"https:\/\/enapol.com\/xii\/es\/wp-json\/wp\/v2\/pages\/5207\/revisions\/6229"}],"up":[{"embeddable":true,"href":"https:\/\/enapol.com\/xii\/es\/wp-json\/wp\/v2\/pages\/1956"}],"wp:attachment":[{"href":"https:\/\/enapol.com\/xii\/es\/wp-json\/wp\/v2\/media?parent=5207"}],"curies":[{"name":"wp","href":"https:\/\/api.w.org\/{rel}","templated":true}]}}