{"id":558,"date":"2024-12-04T12:37:35","date_gmt":"2024-12-04T11:37:35","guid":{"rendered":"https:\/\/enapol.com\/xii\/?page_id=558"},"modified":"2025-04-15T17:11:32","modified_gmt":"2025-04-15T20:11:32","slug":"jornada-clinica","status":"publish","type":"page","link":"https:\/\/enapol.com\/xii\/es\/encuentro\/jornada-clinica\/","title":{"rendered":"Jornada Cl\u00ednica"},"content":{"rendered":"<div class=\"wpb-content-wrapper\">[vc_row][vc_column]<div class=\"vcex-spacing wpex-w-100 wpex-clear\" style=\"height:50px;\"><\/div>[\/vc_column][\/vc_row][vc_row][vc_column][vc_column_text css=\u00bb\u00bb]<strong>Comisi\u00f3n Responsable<\/strong><\/p>\n<ul>\n<li>Adolfo Ruiz (NEL)<\/li>\n<li>Adriana Lai\u00f3n (EOL)<\/li>\n<li>Clara Holgu\u00edn (NEL)<\/li>\n<li>D\u00e9bora Nitzcaner (EOL)<\/li>\n<li>Isabel do R\u00eago Barros Duarte (EBP)<\/li>\n<li>Lucas Leserre (EOL)<\/li>\n<li>Marcela Almanza (NEL)<\/li>\n<li>Maria Josefina Sota Fuentes (EBP)<\/li>\n<li>Nohem\u00ed Brown (EBP)<\/li>\n<li>Simone Souto (EBP) (<strong>Coordinaci\u00f3n)<\/strong><\/li>\n<\/ul>\n[\/vc_column_text]<div class=\"vcex-spacing wpex-w-100 wpex-clear\"><\/div><div class=\"vcex-module vcex-divider vcex-divider-solid vcex-divider-center wpex-mx-auto wpex-block wpex-h-0 wpex-border-b wpex-border-solid wpex-border-main\" style=\"border-color:#ff0000;\"><\/div><div class=\"vcex-spacing wpex-w-100 wpex-clear\"><\/div>[vc_column_text css=\u00bb\u00bb]\n<h3><span style=\"color: #ff0000;\"><strong>Carteles de Lectura<br \/>\n<\/strong><strong>Jornada Cl\u00ednica &#8211; XII ENAPOL<\/strong><\/span><\/h3>\n<p><span style=\"color: #ff0000;\"><strong>Cartel A<\/strong><\/span><\/p>\n<ul>\n<li>Lucas Leserre (EOL) &#8211; Mais-Um<\/li>\n<li>Gloria Gonz\u00e1lez (NEL)<\/li>\n<li>Daniela Camargo (EBP)<\/li>\n<li>Andr\u00e9s Bralic (NEL)<\/li>\n<li>M\u00e1rcia Rosa (EBP)<\/li>\n<li>Fernando Pomba (EOL)<\/li>\n<\/ul>\n<p><span style=\"color: #ff0000;\"><strong>Cartel B<\/strong><\/span><\/p>\n<ul>\n<li>Isabel do R\u00eago Barros Duarte (EBP) &#8211; Mais-Um<\/li>\n<li>Ricardo Torrej\u00f3n (NEL)<\/li>\n<li>Julieta Bermant (EOL)<\/li>\n<li>Mayra de Hanze (NEL)<\/li>\n<li>Val\u00e9ria Ferrante (EBP)<\/li>\n<li>\u00a0Pablo Requena (EOL)<\/li>\n<\/ul>\n<p><span style=\"color: #ff0000;\"><strong>Cartel C<\/strong><\/span><\/p>\n<ul>\n<li>D\u00e9bora Nitzcaner (EOL) \u2013 Mais-Um<\/li>\n<li>Renato Andrade (NEL)<\/li>\n<li>Mar\u00edcia Ciscato (EBP)<\/li>\n<li>Luc\u00eda Bringas (EOL)<\/li>\n<li>Carlos Garc\u00eda (NEL)<\/li>\n<li>Cristiana Pittella (EBP)<\/li>\n<\/ul>\n<p><span style=\"color: #ff0000;\"><strong>Cartel D<\/strong><\/span><\/p>\n<ul>\n<li>Adriana Laion (EOL) Mais-Um<\/li>\n<li>Aliana Santana (NEL)<\/li>\n<li>Henri Kaufmanner (EBP)<\/li>\n<li>Karina Castro (EOL)<\/li>\n<li>Martha Carolina Forero (NEL)<\/li>\n<li>F\u00e1tima Sarmento (EBP)<\/li>\n<\/ul>\n<p><span style=\"color: #ff0000;\"><strong>Cartel E<\/strong><\/span><\/p>\n<ul>\n<li>Marcela Almanza (NEL) &#8211; Mais-Um<\/li>\n<li>Cassandra Dias (EBP)<\/li>\n<li>Enrique Prego (EOL)<\/li>\n<li>Maria In\u00eas Lamy (EBP)<\/li>\n<li>Carolina Ferrieres (EOL)<\/li>\n<li>M\u00f3nica Larrahondo (NEL)<\/li>\n<\/ul>\n<p><span style=\"color: #ff0000;\"><strong>Cartel F<\/strong><\/span><\/p>\n<ul>\n<li>Adolfo Ruiz (NEL)- Mais-Um<\/li>\n<li>Edna G\u00f3mez (NEL)<\/li>\n<li>Maria Silvia Hanna \u00a0(EBP)<\/li>\n<li>Cristiano Pimenta (EBP)<\/li>\n<li>Christian R\u00edos ( EOL)<\/li>\n<li>Ezequiel Arga\u00f1a (EOL)<\/li>\n<\/ul>\n<p><span style=\"color: #ff0000;\"><strong>Cartel G<\/strong><\/span><\/p>\n<ul>\n<li>Maria Josefina Fuentes (EBP) \u2013 Mais-Um<\/li>\n<li>Jaime Castro (NEL)<\/li>\n<li>Louise Lhullier (EBP)<\/li>\n<li>\u00a0Stela Lopez (EOL)<\/li>\n<li>Fabiana Chirino (NEL)<\/li>\n<li>M\u00f4nica Gurevicz (EOL)<\/li>\n<\/ul>\n<p><span style=\"color: #ff0000;\"><strong>\u00a0<\/strong><strong>Cartel H<\/strong><\/span><\/p>\n<ul>\n<li>Clara Holgu\u00edn (NEL) \u2013 Mais-Um<\/li>\n<li>Ana Ricaurte (NEL)<\/li>\n<li>Eneida Medeiros (EBP)<\/li>\n<li>Maria Marciani (EOL)<\/li>\n<li>Ang\u00e9lica Bastos (EBP)<\/li>\n<li>Ana L\u00facia Soler (EOL)<\/li>\n<\/ul>\n<p><span style=\"color: #ff0000;\"><strong>\u00a0<\/strong><strong>Cartel I<\/strong><\/span><\/p>\n<ul>\n<li>Nohem\u00ed Brown (EBP) \u2013 Mais-Um<\/li>\n<li>Carla Fernandes (EBP)<\/li>\n<li>Mercedes Iglesia de Castro (EOL)<\/li>\n<li>Fernando G\u00f3mez (NEL)<\/li>\n<li>\u00a0Gabriela Salomon (EOL)<\/li>\n<li>Gustavo Zapata (NEL)<\/li>\n<\/ul>\n[\/vc_column_text][\/vc_column][\/vc_row]\n<\/div>","protected":false},"excerpt":{"rendered":"<p>[vc_row][vc_column][\/vc_column][\/vc_row][vc_row][vc_column][vc_column_text css=\u00bb\u00bb]Comisi\u00f3n Responsable Adolfo Ruiz (NEL) Adriana Lai\u00f3n (EOL) Clara Holgu\u00edn (NEL) D\u00e9bora Nitzcaner (EOL) Isabel do R\u00eago Barros Duarte (EBP) Lucas Leserre (EOL) Marcela Almanza (NEL) Maria Josefina Sota Fuentes (EBP) Nohem\u00ed Brown (EBP) Simone Souto (EBP) (Coordinaci\u00f3n) [\/vc_column_text][vc_column_text css=\u00bb\u00bb] Carteles de Lectura Jornada Cl\u00ednica &#8211; XII ENAPOL Cartel A Lucas Leserre (EOL) &#8211;&hellip;<\/p>\n","protected":false},"author":3,"featured_media":0,"parent":552,"menu_order":0,"comment_status":"closed","ping_status":"closed","template":"templates\/no-sidebar.php","meta":{"_monsterinsights_skip_tracking":false,"_monsterinsights_sitenote_active":false,"_monsterinsights_sitenote_note":"","_monsterinsights_sitenote_category":0,"footnotes":""},"_links":{"self":[{"href":"https:\/\/enapol.com\/xii\/es\/wp-json\/wp\/v2\/pages\/558"}],"collection":[{"href":"https:\/\/enapol.com\/xii\/es\/wp-json\/wp\/v2\/pages"}],"about":[{"href":"https:\/\/enapol.com\/xii\/es\/wp-json\/wp\/v2\/types\/page"}],"author":[{"embeddable":true,"href":"https:\/\/enapol.com\/xii\/es\/wp-json\/wp\/v2\/users\/3"}],"replies":[{"embeddable":true,"href":"https:\/\/enapol.com\/xii\/es\/wp-json\/wp\/v2\/comments?post=558"}],"version-history":[{"count":8,"href":"https:\/\/enapol.com\/xii\/es\/wp-json\/wp\/v2\/pages\/558\/revisions"}],"predecessor-version":[{"id":3064,"href":"https:\/\/enapol.com\/xii\/es\/wp-json\/wp\/v2\/pages\/558\/revisions\/3064"}],"up":[{"embeddable":true,"href":"https:\/\/enapol.com\/xii\/es\/wp-json\/wp\/v2\/pages\/552"}],"wp:attachment":[{"href":"https:\/\/enapol.com\/xii\/es\/wp-json\/wp\/v2\/media?parent=558"}],"curies":[{"name":"wp","href":"https:\/\/api.w.org\/{rel}","templated":true}]}}