{"id":5622,"date":"2025-06-10T06:59:19","date_gmt":"2025-06-10T09:59:19","guid":{"rendered":"https:\/\/enapol.com\/xii\/epistemico\/tambor\/boletins\/tabor-5\/"},"modified":"2025-07-04T12:33:50","modified_gmt":"2025-07-04T15:33:50","slug":"tambor-5","status":"publish","type":"page","link":"https:\/\/enapol.com\/xii\/es\/epistemico\/tambor\/boletins\/tambor-5\/","title":{"rendered":"Tambor 5"},"content":{"rendered":"<div class=\"wpb-content-wrapper\">[vc_row][vc_column]<figure class=\"vcex-image vcex-module\"><div class=\"vcex-image-inner wpex-relative wpex-inline-block\"><img width=\"5288\" height=\"1575\" src=\"https:\/\/enapol.com\/xii\/wp-content\/uploads\/sites\/10\/2025\/02\/cabecalho.png\" class=\"vcex-image-img wpex-align-middle\" alt=\"\" loading=\"lazy\" decoding=\"async\" srcset=\"https:\/\/enapol.com\/xii\/wp-content\/uploads\/sites\/10\/2025\/02\/cabecalho.png 5288w, https:\/\/enapol.com\/xii\/wp-content\/uploads\/sites\/10\/2025\/02\/cabecalho-300x89.png 300w, https:\/\/enapol.com\/xii\/wp-content\/uploads\/sites\/10\/2025\/02\/cabecalho-1024x305.png 1024w, https:\/\/enapol.com\/xii\/wp-content\/uploads\/sites\/10\/2025\/02\/cabecalho-768x229.png 768w, https:\/\/enapol.com\/xii\/wp-content\/uploads\/sites\/10\/2025\/02\/cabecalho-1536x457.png 1536w, https:\/\/enapol.com\/xii\/wp-content\/uploads\/sites\/10\/2025\/02\/cabecalho-2048x610.png 2048w, https:\/\/enapol.com\/xii\/wp-content\/uploads\/sites\/10\/2025\/02\/cabecalho-500x149.png 500w, https:\/\/enapol.com\/xii\/wp-content\/uploads\/sites\/10\/2025\/02\/cabecalho-700x208.png 700w\" sizes=\"(max-width: 5288px) 100vw, 5288px\" \/><\/div><\/figure>[\/vc_column][\/vc_row][vc_row][vc_column][vc_column_text css=\u00bb.vc_custom_1749550053925{padding-top: 20px !important;padding-right: 20px !important;padding-bottom: 20px !important;padding-left: 20px !important;background-color: #EB6763 !important;}\u00bb]\n<p style=\"text-align: left;\"><span style=\"font-size: 18px;\"><strong><span style=\"color: #ffffff;\">Bolet\u00edn Tambor 5<\/span><\/strong><\/span><\/p>\n[\/vc_column_text][\/vc_column][\/vc_row][vc_row][vc_column][vc_column_text css=\u00bb\u00bb]\n<h3><u>TEXTOS PREPARATORIOS<\/u><\/h3>\n<p style=\"text-align: center;\"><a href=\"https:\/\/enapol.com\/xii\/wp-content\/uploads\/sites\/10\/2025\/06\/kasha-wayuu-scaled.jpg\"><img fetchpriority=\"high\" decoding=\"async\" class=\"aligncenter wp-image-5609\" src=\"https:\/\/enapol.com\/xii\/wp-content\/uploads\/sites\/10\/2025\/06\/kasha-wayuu-scaled.jpg\" alt=\"\" width=\"500\" height=\"334\" srcset=\"https:\/\/enapol.com\/xii\/wp-content\/uploads\/sites\/10\/2025\/06\/kasha-wayuu-scaled.jpg 2560w, https:\/\/enapol.com\/xii\/wp-content\/uploads\/sites\/10\/2025\/06\/kasha-wayuu-300x200.jpg 300w, https:\/\/enapol.com\/xii\/wp-content\/uploads\/sites\/10\/2025\/06\/kasha-wayuu-1024x684.jpg 1024w, https:\/\/enapol.com\/xii\/wp-content\/uploads\/sites\/10\/2025\/06\/kasha-wayuu-768x513.jpg 768w, https:\/\/enapol.com\/xii\/wp-content\/uploads\/sites\/10\/2025\/06\/kasha-wayuu-1536x1025.jpg 1536w, https:\/\/enapol.com\/xii\/wp-content\/uploads\/sites\/10\/2025\/06\/kasha-wayuu-2048x1367.jpg 2048w, https:\/\/enapol.com\/xii\/wp-content\/uploads\/sites\/10\/2025\/06\/kasha-wayuu-500x334.jpg 500w, https:\/\/enapol.com\/xii\/wp-content\/uploads\/sites\/10\/2025\/06\/kasha-wayuu-700x467.jpg 700w\" sizes=\"(max-width: 500px) 100vw, 500px\" \/><\/a><span style=\"font-size: 13px;\">Kasha (tambor en wayu\u00fa)<\/span><br \/>\n<span style=\"font-size: 13px;\">Foto: Instituto colombiano de antropolog\u00eda e historia. Archivo de objetos etnogr\u00e1ficos<\/span><br \/>\n<a href=\"https:\/\/coleccionetnograficaicanh.wordpress.com\/2017\/04\/06\/kasha-tambor-etnia-wayuu\"><span style=\"font-size: 13px;\">https:\/\/coleccionetnograficaicanh.wordpress.com\/2017\/04\/06\/kasha-tambor-etnia-wayuu<\/span><\/a><\/p>\n<p><strong>CONCEBIR UN NI\u00d1O<\/strong><\/p>\n<p><span style=\"font-size: 13px;\"><strong>Christiane Alberti &#8211; <\/strong><strong>Presidenta de la Asociaci\u00f3n Mundial de Psicoan\u00e1lisis (AMP)<\/strong><\/span><\/p>\n<p><strong>\u00a0<\/strong><strong>Concebir<\/strong><\/p>\n<p>El t\u00edtulo que ustedes le han dado a estas Jornadas llama la atenci\u00f3n de inmediato porque es moderno, a la vanguardia de la actualidad.<\/p>\n<p>En efecto, elegir el t\u00e9rmino \u00abconcebir\u00bb conlleva ya algunas consecuencias que merecen ser se\u00f1aladas.<\/p>\n<p><a href=\"https:\/\/enapol.com\/xii\/es\/concebir-un-nino1\/\"><span style=\"color: #ff0000;\">(Leer +)<\/span><\/a>[\/vc_column_text][\/vc_column][\/vc_row][vc_row][vc_column][vc_column_text css=\u00bb\u00bb]\n<h3><u>R\u00daBRICA EJE 3<\/u><\/h3>\n<p><strong><em>CON<\/em> EL NI\u00d1O<\/strong><\/p>\n<p><span style=\"font-size: 13px;\"><em><a href=\"https:\/\/enapol.com\/xii\/wp-content\/uploads\/sites\/10\/2025\/06\/Tinya-1-1.jpg\"><img decoding=\"async\" class=\"aligncenter wp-image-5613\" src=\"https:\/\/enapol.com\/xii\/wp-content\/uploads\/sites\/10\/2025\/06\/Tinya-1-1.jpg\" alt=\"\" width=\"500\" height=\"367\" srcset=\"https:\/\/enapol.com\/xii\/wp-content\/uploads\/sites\/10\/2025\/06\/Tinya-1-1.jpg 750w, https:\/\/enapol.com\/xii\/wp-content\/uploads\/sites\/10\/2025\/06\/Tinya-1-1-300x220.jpg 300w, https:\/\/enapol.com\/xii\/wp-content\/uploads\/sites\/10\/2025\/06\/Tinya-1-1-500x367.jpg 500w, https:\/\/enapol.com\/xii\/wp-content\/uploads\/sites\/10\/2025\/06\/Tinya-1-1-700x513.jpg 700w\" sizes=\"(max-width: 500px) 100vw, 500px\" \/><\/a><\/em><\/span><\/p>\n<p style=\"text-align: center;\"><span style=\"font-size: 13px;\">Tinya (tambor quechua)<\/span><br \/>\n<span style=\"font-size: 13px;\">Por 71056mmb &#8211; Trabajo propio, Dominio p\u00fablico,<\/span><br \/>\n<a href=\"https:\/\/commons.wikimedia.org\/w\/index.php?curid=7768752\"><span style=\"font-size: 13px;\">https:\/\/commons.wikimedia.org\/w\/index.php?curid=7768752<\/span><\/a><\/p>\n<p><span style=\"font-size: 13px;\"><em>Manuel Zlotnik- EOL\/AMP<\/em><\/span><\/p>\n<p>En otras \u00e9pocas al ni\u00f1o no se lo dejaba hablar. \u201cT\u00fa no sabes lo qu\u00e9 es el hambre!\u201d le dijeron a nuestro colega Alejandro Reinoso cuando era un ni\u00f1o y lo callaron, el ni\u00f1o no sab\u00eda, no ten\u00eda experiencia ni conocimientos, por lo tanto, no pod\u00eda hablar, hablaban los mayores y los menores se callaban; era la \u00e9poca de la supremac\u00eda del Nombre del Padre.<\/p>\n<p style=\"text-align: justify;\"><a href=\"https:\/\/enapol.com\/xii\/es\/rubrica-eje-3-con-el-nino\/\"><span style=\"color: #ff0000;\">[<\/span>Leer +]<\/a><\/p>\n[\/vc_column_text][\/vc_column][\/vc_row][vc_row][vc_column][vc_column_text css=\u00bb\u00bb]\n<h3><u>R\u00daBRICA EJE 4<\/u><\/h3>\n<p><strong>\u00bfC\u00d3MO HABLAR CON LO FEMENINO?<\/strong><\/p>\n<p>&nbsp;<\/p>\n<p style=\"text-align: center;\"><span style=\"font-size: 13px;\"><a href=\"https:\/\/enapol.com\/xii\/wp-content\/uploads\/sites\/10\/2025\/06\/Angua-Guasu.jpeg\"><img decoding=\"async\" class=\"aligncenter wp-image-5615\" src=\"https:\/\/enapol.com\/xii\/wp-content\/uploads\/sites\/10\/2025\/06\/Angua-Guasu.jpeg\" alt=\"\" width=\"500\" height=\"333\" srcset=\"https:\/\/enapol.com\/xii\/wp-content\/uploads\/sites\/10\/2025\/06\/Angua-Guasu.jpeg 900w, https:\/\/enapol.com\/xii\/wp-content\/uploads\/sites\/10\/2025\/06\/Angua-Guasu-300x200.jpeg 300w, https:\/\/enapol.com\/xii\/wp-content\/uploads\/sites\/10\/2025\/06\/Angua-Guasu-768x512.jpeg 768w, https:\/\/enapol.com\/xii\/wp-content\/uploads\/sites\/10\/2025\/06\/Angua-Guasu-500x333.jpeg 500w, https:\/\/enapol.com\/xii\/wp-content\/uploads\/sites\/10\/2025\/06\/Angua-Guasu-700x467.jpeg 700w\" sizes=\"(max-width: 500px) 100vw, 500px\" \/><\/a>Ang\u00faa Guasu (tambor grande en guaran\u00ed) utilizado en el Arete Guas\u00fa (fiesta grande en guaran\u00ed)<br \/>\n\u00a9 Naciones Unidas <a href=\"https:\/\/bit.ly\/4dz5pbW\">https:\/\/bit.ly\/4dz5pbW<\/a><br \/>\n<\/span><\/p>\n<p><span style=\"font-size: 13px;\"><em>Margarida Elia Assad &#8211; EBP\/AMP<\/em><\/span><\/p>\n<p>Son muchas las manifestaciones de lo que se extrav\u00eda en la constituci\u00f3n del <em>parl\u00eatre. <\/em>Viendo la serie <em>Adolescencia<\/em>, muy comentada en las redes sociales, nos preguntamos de qu\u00e9 hablar con estas personas que acaban de dejar eso que llamamos Infancia, tradicionalmente llamados pubertos o adolescentes, y que se muestran desorientados en relaci\u00f3n con los <em>partenaires<\/em> sexuales.<\/p>\n<p style=\"text-align: justify;\"><a href=\"https:\/\/enapol.com\/xii\/es\/rubrica-eje-4-como-hablar-con-lo-femenino\/\"><span style=\"color: #ff0000;\">[<\/span>Leer +]<\/a><\/p>\n[\/vc_column_text][\/vc_column][\/vc_row][vc_row][vc_column][vc_column_text css=\u00bb\u00bb]\n<h3><u>CONEXIONES:<\/u><\/h3>\n<p><strong>ARRULLOS DE AM\u00c9RICA\u00a0<\/strong><\/p>\n<p><span style=\"font-size: 13px;\"><strong>Andreina Sol\u00f3rzano<br \/>\n<\/strong><strong>Estela Castillo<br \/>\n<\/strong><strong>Maggie J\u00e1uregui<br \/>\n<\/strong><strong>Miguel Ram\u00edrez<br \/>\n<\/strong><strong>Comiss\u00e3o de Boletim Tambor (NEL)<\/strong><\/span><\/p>\n<p><a href=\"https:\/\/enapol.com\/xii\/wp-content\/uploads\/sites\/10\/2025\/06\/Youtube-MockUp-arrulos-1.jpg\"><img loading=\"lazy\" decoding=\"async\" class=\"aligncenter size-full wp-image-5617\" src=\"https:\/\/enapol.com\/xii\/wp-content\/uploads\/sites\/10\/2025\/06\/Youtube-MockUp-arrulos-1.jpg\" alt=\"\" width=\"500\" height=\"298\" srcset=\"https:\/\/enapol.com\/xii\/wp-content\/uploads\/sites\/10\/2025\/06\/Youtube-MockUp-arrulos-1.jpg 500w, https:\/\/enapol.com\/xii\/wp-content\/uploads\/sites\/10\/2025\/06\/Youtube-MockUp-arrulos-1-300x179.jpg 300w\" sizes=\"(max-width: 500px) 100vw, 500px\" \/><\/a><\/p>\n<p style=\"text-align: center;\"><span style=\"font-size: 13px;\">(Investigaci\u00f3n y elaboraci\u00f3n de textos: Maggie J\u00e1uregui\/Andreina Sol\u00f3rzano. Realizaci\u00f3n y edici\u00f3n de video: Maggie J\u00e1uregui\/Estela Castillo. Voz en off: Andreina Sol\u00f3rzano\/Miguel Ram\u00edrez)<\/span><\/p>\n<p>En el video podr\u00e1n escuchar, primeramente, un arrullo en un conjunto de lenguas ind\u00edgenas y originarias de M\u00e9xico, el<em> n\u00e1huatl <\/em>que significa \u201ccosas que suenan bien, sonido claro u orden\u201d.<\/p>\n<p>La segunda, es una canci\u00f3n de cuna <em>mapuche<\/em> que es la lengua nativa de Chile y parte de la Argentina, este arrullo es interpretado por Beatriz Pichi Malen, cantante argentina de origen mapuche.<a href=\"#_ednref1\" name=\"_edn1\"><\/a><\/p>\n<p><a href=\"https:\/\/enapol.com\/xii\/es\/conexiones-arrullos-de-america\/\"><span style=\"color: #ff0000;\">[<\/span>Leer +]<\/a>[\/vc_column_text][\/vc_column][\/vc_row][vc_row][vc_column][vc_column_text css=\u00bb\u00bb]\n<h3><u>CITAS Y REFERENCIAS BIBLIOGR\u00c1FICAS<\/u><\/h3>\n<div>\n<p><strong>LANZAMIENTO EN EL XII ENAPOL \u2013 EDICIONES EN FRANC\u00c9S Y ESPA\u00d1OL<\/strong><\/p>\n<p><strong><a href=\"https:\/\/enapol.com\/xii\/wp-content\/uploads\/sites\/10\/2025\/06\/Capture-decran-2025-06-06-a-20.35.25-1.png\"><img loading=\"lazy\" decoding=\"async\" class=\"aligncenter wp-image-5619\" src=\"https:\/\/enapol.com\/xii\/wp-content\/uploads\/sites\/10\/2025\/06\/Capture-decran-2025-06-06-a-20.35.25-1.png\" alt=\"\" width=\"500\" height=\"795\" srcset=\"https:\/\/enapol.com\/xii\/wp-content\/uploads\/sites\/10\/2025\/06\/Capture-decran-2025-06-06-a-20.35.25-1.png 764w, https:\/\/enapol.com\/xii\/wp-content\/uploads\/sites\/10\/2025\/06\/Capture-decran-2025-06-06-a-20.35.25-1-189x300.png 189w, https:\/\/enapol.com\/xii\/wp-content\/uploads\/sites\/10\/2025\/06\/Capture-decran-2025-06-06-a-20.35.25-1-644x1024.png 644w, https:\/\/enapol.com\/xii\/wp-content\/uploads\/sites\/10\/2025\/06\/Capture-decran-2025-06-06-a-20.35.25-1-500x795.png 500w, https:\/\/enapol.com\/xii\/wp-content\/uploads\/sites\/10\/2025\/06\/Capture-decran-2025-06-06-a-20.35.25-1-700x1112.png 700w\" sizes=\"(max-width: 500px) 100vw, 500px\" \/><\/a><\/strong><\/p>\n<p><strong>SER MADRE &#8211; Psicoanalistas mujeres hablan de la maternidad<\/strong><\/p>\n<p><strong>Bajo la direcci\u00f3n de Christiane Alberti<\/strong><\/p>\n<p><strong>\u00a0<\/strong><strong>Introducci\u00f3n actualizada de la presidenta de la Asociaci\u00f3n Mundial de Psicoan\u00e1lisis.<\/strong><\/p>\n<p>\u00a1Ser madre parec\u00eda algo simple y natural! Fin de las evidencias. La madre se pluraliza: biol\u00f3gica, simb\u00f3lica, donante, gestante. El t\u00e9rmino \u201cprogenitor\u201d borra la distinci\u00f3n entre padre y madre.<\/p>\n<\/div>\n<div>\n<p><a href=\"https:\/\/enapol.com\/xii\/es\/citas-y-referencias-bibliograficas-lanzamiento-en-el-xii-enapol-ediciones-en-frances-y-espanol\/\"><span style=\"color: #ff0000;\">[<\/span>Leer +]<\/a><\/p>\n<\/div>\n[\/vc_column_text][\/vc_column][\/vc_row][vc_row][vc_column][vc_column_text css=\u00bb\u00bb]\n<h3><u>CITAS<\/u><\/h3>\n<div>\n<p><strong>MILLER<\/strong><\/p>\n<p>\u201cA falta de admitir lo particular del deseo en el otro sexo, el padre aplasta en el hijo al sujeto bajo el Otro del saber. Por eso el padre, el falso padre, obliga al hijo a encontrar refugio en el fantasma materno, el fantasma de una madre negada como mujer (\u2026)\u201d.<\/p>\n<\/div>\n<div>\n<p><a href=\"https:\/\/enapol.com\/xii\/es\/citas-y-referencias-bibliograficas-3\/\"><span style=\"color: #ff0000;\">[<\/span>Leer +]<\/a><\/p>\n<\/div>\n[\/vc_column_text][\/vc_column][\/vc_row]\n<\/div>","protected":false},"excerpt":{"rendered":"<p>[vc_row][vc_column][\/vc_column][\/vc_row][vc_row][vc_column][vc_column_text css=\u00bb.vc_custom_1749550053925{padding-top: 20px !important;padding-right: 20px !important;padding-bottom: 20px !important;padding-left: 20px !important;background-color: #EB6763 !important;}\u00bb] Bolet\u00edn Tambor 5 [\/vc_column_text][\/vc_column][\/vc_row][vc_row][vc_column][vc_column_text css=\u00bb\u00bb] TEXTOS PREPARATORIOS Kasha (tambor en wayu\u00fa) Foto: Instituto colombiano de antropolog\u00eda e historia. Archivo de objetos etnogr\u00e1ficos https:\/\/coleccionetnograficaicanh.wordpress.com\/2017\/04\/06\/kasha-tambor-etnia-wayuu CONCEBIR UN NI\u00d1O Christiane Alberti &#8211; Presidenta de la Asociaci\u00f3n Mundial de Psicoan\u00e1lisis (AMP) \u00a0Concebir El t\u00edtulo que ustedes le&hellip;<\/p>\n","protected":false},"author":3,"featured_media":0,"parent":1956,"menu_order":0,"comment_status":"closed","ping_status":"closed","template":"","meta":{"_monsterinsights_skip_tracking":false,"_monsterinsights_sitenote_active":false,"_monsterinsights_sitenote_note":"","_monsterinsights_sitenote_category":0,"footnotes":""},"_links":{"self":[{"href":"https:\/\/enapol.com\/xii\/es\/wp-json\/wp\/v2\/pages\/5622"}],"collection":[{"href":"https:\/\/enapol.com\/xii\/es\/wp-json\/wp\/v2\/pages"}],"about":[{"href":"https:\/\/enapol.com\/xii\/es\/wp-json\/wp\/v2\/types\/page"}],"author":[{"embeddable":true,"href":"https:\/\/enapol.com\/xii\/es\/wp-json\/wp\/v2\/users\/3"}],"replies":[{"embeddable":true,"href":"https:\/\/enapol.com\/xii\/es\/wp-json\/wp\/v2\/comments?post=5622"}],"version-history":[{"count":12,"href":"https:\/\/enapol.com\/xii\/es\/wp-json\/wp\/v2\/pages\/5622\/revisions"}],"predecessor-version":[{"id":6230,"href":"https:\/\/enapol.com\/xii\/es\/wp-json\/wp\/v2\/pages\/5622\/revisions\/6230"}],"up":[{"embeddable":true,"href":"https:\/\/enapol.com\/xii\/es\/wp-json\/wp\/v2\/pages\/1956"}],"wp:attachment":[{"href":"https:\/\/enapol.com\/xii\/es\/wp-json\/wp\/v2\/media?parent=5622"}],"curies":[{"name":"wp","href":"https:\/\/api.w.org\/{rel}","templated":true}]}}