{"id":568,"date":"2024-12-04T12:38:58","date_gmt":"2024-12-04T11:38:58","guid":{"rendered":"https:\/\/enapol.com\/xii\/?page_id=568"},"modified":"2025-08-30T23:03:38","modified_gmt":"2025-08-31T02:03:38","slug":"inscripcion","status":"publish","type":"page","link":"https:\/\/enapol.com\/xii\/es\/inscripcion\/","title":{"rendered":"Inscripci\u00f3n"},"content":{"rendered":"<div class=\"wpb-content-wrapper\">[vc_row][vc_column]<div class=\"vcex-spacing wpex-w-100 wpex-clear\" style=\"height:50px;\"><\/div>[\/vc_column][\/vc_row][vc_row][vc_column][vc_column_text css=\u00bb\u00bb]\n<h3><span style=\"color: #ff0000;\">Pasos para la inscripci\u00f3n<\/span><\/h3>\n<p>Para su inscripci\u00f3n en el XII ENAPOL, usted tendr\u00e1 que completar un formulario con sus datos personales y definir su forma y categor\u00eda de participaci\u00f3n. Informamos que PayPal ser\u00e1 la plataforma utilizada para efectivizar su inscripci\u00f3n. Es necesario que usted est\u00e9 registrado en esa plataforma para realizar el pago. En algunos pa\u00edses, <strong>PayPal permite pagar en cuotas, el n\u00famero de las mismas depender\u00e1 de las opciones de su tarjeta de cr\u00e9dito<\/strong>.<\/p>\n<p>El XII ENAPOL ser\u00e1 en formato h\u00edbrido, por lo que el primer paso ser\u00e1 elegir si participar\u00e1 de forma <strong>presencial<\/strong> o <strong>remota<\/strong> v\u00eda streaming.<\/p>\n<ol>\n<li>Luego, elija la categor\u00eda en la que desea suscribirse y complete el formulario con sus datos de registro, acepte los t\u00e9rminos de uso y haga clic en el bot\u00f3n para completar la compra.\n<ul>\n<li><strong>Atenci\u00f3n: La inscripci\u00f3n en las categor\u00edas Estudiantes (estudiantes de pregrado, maestr\u00eda, doctorado y alumnos de los Institutos del Campo Freudiano) y Residentes o Concurrentes del \u00e1rea de la salud solo es v\u00e1lida con el env\u00edo del certificado que acredite su condici\u00f3n.<\/strong><\/li>\n<li><strong>Para adjuntar el certificado hay un bot\u00f3n rojo al final del formulario donde podr\u00e1 incluir su documento.<\/strong><\/li>\n<li><a href=\"https:\/\/enapol.com\/xii\/es\/cursos-validos-para-la-inscripcion-de-estudiantes-y-residentes-en-el-area-de-salud\/\" target=\"_blank\" rel=\"noopener\"><strong>Cursos v\u00e1lidos para la inscripci\u00f3n de estudiantes y residentes en el \u00e1rea de salud<\/strong><\/a><\/li>\n<\/ul>\n<\/li>\n<li>Luego de que haya elegido su categor\u00eda de inscripci\u00f3n, se cargar\u00e1 la p\u00e1gina de compras con el monto a debitar. Revise su pedido y haga clic en <strong>continuar<\/strong> para realizar el pago.<\/li>\n<li>Se abrir\u00e1 una p\u00e1gina con los detalles de la compra tan pronto como se realice el pago.<\/li>\n<li>Recibir\u00e1 inmediatamente un correo electr\u00f3nico de PayPal en la direcci\u00f3n registrada en el momento de la compra, conteniendo un resumen de la transacci\u00f3n.<\/li>\n<li>XII ENAPOL le enviar\u00e1 un correo electr\u00f3nico confirmando su inscripci\u00f3n.<\/li>\n<\/ol>\n<p><strong>Tenga cuidado al registrar sus datos, cualquier error tipogr\u00e1fico podr\u00eda comprometer la realizaci\u00f3n de su inscripci\u00f3n.<\/strong><\/p>\n<p><span style=\"color: var(--wpex-text-2);\">Le sugerimos que lea atentamente las condiciones de cancelaci\u00f3n y devoluci\u00f3n de su compra. Puede acceder a ellas <\/span><a href=\"https:\/\/enapol.com\/xii\/reembolso_devoluciones\/\"><strong>haciendo clic aqu\u00ed<\/strong><\/a><span style=\"color: var(--wpex-text-2);\">.<\/span>[\/vc_column_text][vc_empty_space][vc_empty_space][vc_raw_html css=\u00bb\u00bb]JTNDdGFibGUlMjB3aWR0aCUzRCUyMjEwMCUyNSUyMiUyMGJvcmRlciUzRCUyMjAlMjIlMjBjZWxscGFkZGluZyUzRCUyMjUlMjIlMjBjZWxsc3BhY2luZyUzRCUyMjAlMjIlM0UlMEElMjAlMjAlM0N0ciUzRSUwQSUyMCUyMCUyMCUyMCUzQ3RkJTIwd2lkdGglM0QlMjIxMTMlMjIlMjB2YWxpZ24lM0QlMjJ0b3AlMjIlMjBiZ2NvbG9yJTNEJTIyJTIzRjBGMEYwJTIyJTNFJTNDcCUyMGFsaWduJTNEJTIyY2VudGVyJTIyJTNFJTNDc3Ryb25nJTNFRmVjaGFzJTNDJTJGc3Ryb25nJTNFJTNDJTJGcCUzRSUzQyUyRnRkJTNFJTBBJTIwJTIwJTIwJTIwJTNDdGQlMjB3aWR0aCUzRCUyMjExMyUyMiUyMHZhbGlnbiUzRCUyMnRvcCUyMiUyMGJnY29sb3IlM0QlMjIlMjNGMEYwRjAlMjIlM0UlM0NwJTIwYWxpZ24lM0QlMjJjZW50ZXIlMjIlM0UlM0NzdHJvbmclM0VEZWwlMjAxMCUyRjAyJTIwYWwlMjAzMCUyRjA0JTNDJTJGc3Ryb25nJTNFJTNDJTJGcCUzRSUzQyUyRnRkJTNFJTBBJTIwJTIwJTIwJTIwJTNDdGQlMjB3aWR0aCUzRCUyMjExMyUyMiUyMHZhbGlnbiUzRCUyMnRvcCUyMiUyMGJnY29sb3IlM0QlMjIlMjNGMEYwRjAlMjIlM0UlM0NwJTIwYWxpZ24lM0QlMjJjZW50ZXIlMjIlM0UlM0NzdHJvbmclM0VEZWwlMjAwMSUyRjA1JTIwYWwlMjAzMCUyRjA2JTNDJTJGc3Ryb25nJTNFJTNDJTJGcCUzRSUzQyUyRnRkJTNFJTBBJTIwJTIwJTIwJTIwJTNDdGQlMjB3aWR0aCUzRCUyMjExMyUyMiUyMHZhbGlnbiUzRCUyMnRvcCUyMiUyMGJnY29sb3IlM0QlMjIlMjNGMEYwRjAlMjIlM0UlM0NwJTIwYWxpZ24lM0QlMjJjZW50ZXIlMjIlM0UlM0NzdHJvbmclM0VEZWwlMjAwMSUyRjA3JTIwYWwlMjAzMCUyRjA4JTIwJTJBJTNDJTJGc3Ryb25nJTNFJTNDc3Ryb25nJTNFJTIwJTNDJTJGc3Ryb25nJTNFJTNDJTJGcCUzRSUzQyUyRnRkJTNFJTBBJTIwJTIwJTNDJTJGdHIlM0UlMEElMjAlMjAlM0N0ciUzRSUwQSUyMCUyMCUyMCUyMCUzQ3RkJTIwd2lkdGglM0QlMjIxMTMlMjIlMjB2YWxpZ24lM0QlMjJ0b3AlMjIlMjBiZ2NvbG9yJTNEJTIyJTIzRENEQ0RDJTIyJTNFJTNDcCUzRSUzQ3N0cm9uZyUzRU1pZW1icm9zJTIwZGUlMjBBTVAlM0MlMkZzdHJvbmclM0UlM0NzdHJvbmclM0UlMjAlM0MlMkZzdHJvbmclM0UlM0MlMkZwJTNFJTNDJTJGdGQlM0UlMEElMjAlMjAlMjAlMjAlM0N0ZCUyMHdpZHRoJTNEJTIyMTEzJTIyJTIwdmFsaWduJTNEJTIydG9wJTIyJTIwYmdjb2xvciUzRCUyMiUyM0RDRENEQyUyMiUzRSUzQ3AlMjBhbGlnbiUzRCUyMmNlbnRlciUyMiUzRVVTRCUyMDIzMCUzQyUyRnAlM0UlM0MlMkZ0ZCUzRSUwQSUyMCUyMCUyMCUyMCUzQ3RkJTIwd2lkdGglM0QlMjIxMTMlMjIlMjB2YWxpZ24lM0QlMjJ0b3AlMjIlMjBiZ2NvbG9yJTNEJTIyJTIzRENEQ0RDJTIyJTNFJTNDcCUyMGFsaWduJTNEJTIyY2VudGVyJTIyJTNFVVNEJTIwMjUwJTNDJTJGcCUzRSUzQyUyRnRkJTNFJTBBJTIwJTIwJTIwJTIwJTNDdGQlMjB3aWR0aCUzRCUyMjExMyUyMiUyMHZhbGlnbiUzRCUyMnRvcCUyMiUyMGJnY29sb3IlM0QlMjIlMjNEQ0RDREMlMjIlM0UlM0NwJTIwYWxpZ24lM0QlMjJjZW50ZXIlMjIlM0VVU0QlMjAyNzAlM0MlMkZwJTNFJTNDJTJGdGQlM0UlMEElMjAlMjAlM0MlMkZ0ciUzRSUwQSUyMCUyMCUzQ3RyJTNFJTBBJTIwJTIwJTIwJTIwJTNDdGQlMjB3aWR0aCUzRCUyMjExMyUyMiUyMHZhbGlnbiUzRCUyMnRvcCUyMiUyMGJnY29sb3IlM0QlMjIlMjNGMEYwRjAlMjIlM0UlM0NwJTNFJTNDc3Ryb25nJTNFUHJvZmVzaW9uYWxlcyUyMHklMjBwJUMzJUJBYmxpY28lMjBlbiUyMGdlbmVyYWwlM0MlMkZzdHJvbmclM0UlM0NzdHJvbmclM0UlMjAlM0MlMkZzdHJvbmclM0UlM0MlMkZwJTNFJTNDJTJGdGQlM0UlMEElMjAlMjAlMjAlMjAlM0N0ZCUyMHdpZHRoJTNEJTIyMTEzJTIyJTIwdmFsaWduJTNEJTIydG9wJTIyJTIwYmdjb2xvciUzRCUyMiUyM0YwRjBGMCUyMiUzRSUzQ3AlMjBhbGlnbiUzRCUyMmNlbnRlciUyMiUzRVVTRCUyMDE4MCUzQyUyRnAlM0UlM0MlMkZ0ZCUzRSUwQSUyMCUyMCUyMCUyMCUzQ3RkJTIwd2lkdGglM0QlMjIxMTMlMjIlMjB2YWxpZ24lM0QlMjJ0b3AlMjIlMjBiZ2NvbG9yJTNEJTIyJTIzRjBGMEYwJTIyJTNFJTNDcCUyMGFsaWduJTNEJTIyY2VudGVyJTIyJTNFVVNEJTIwMjIwJTNDJTJGcCUzRSUzQyUyRnRkJTNFJTBBJTIwJTIwJTIwJTIwJTNDdGQlMjB3aWR0aCUzRCUyMjExMyUyMiUyMHZhbGlnbiUzRCUyMnRvcCUyMiUyMGJnY29sb3IlM0QlMjIlMjNGMEYwRjAlMjIlM0UlM0NwJTIwYWxpZ24lM0QlMjJjZW50ZXIlMjIlM0VVU0QlMjAyMzAlM0MlMkZwJTNFJTNDJTJGdGQlM0UlMEElMjAlMjAlM0MlMkZ0ciUzRSUwQSUyMCUyMCUzQ3RyJTNFJTBBJTIwJTIwJTIwJTIwJTNDdGQlMjB3aWR0aCUzRCUyMjExMyUyMiUyMHZhbGlnbiUzRCUyMnRvcCUyMiUyMGJnY29sb3IlM0QlMjIlMjNEQ0RDREMlMjIlM0UlM0NwJTNFJTNDc3Ryb25nJTNFRXN0dWRpYW50ZXMlMjB1bml2ZXJzaXRhcmlvcyUyMGRlJTIwcG9zZ3JhZG8lMkMlMjBtYWVzdHIlQzMlQURhJTJDJTIwZG9jdG9yYWRvJTIweSUyMFJlc2lkZW50ZXMlMjBvJTIwQ29uY3VycmVudGVzJTIwZGVsJTIwJUMzJUExcmVhJTIwZGUlMjBsYSUyMHNhbHVkJTJBJTJBJTIwJTNDJTJGc3Ryb25nJTNFJTNDc3Ryb25nJTNFJTIwJTNDJTJGc3Ryb25nJTNFJTNDJTJGcCUzRSUzQyUyRnRkJTNFJTBBJTIwJTIwJTIwJTIwJTNDdGQlMjB3aWR0aCUzRCUyMjExMyUyMiUyMHZhbGlnbiUzRCUyMnRvcCUyMiUyMGJnY29sb3IlM0QlMjIlMjNEQ0RDREMlMjIlM0UlM0NwJTIwYWxpZ24lM0QlMjJjZW50ZXIlMjIlM0VVU0QlMjAxMDAlM0MlMkZwJTNFJTNDJTJGdGQlM0UlMEElMjAlMjAlMjAlMjAlM0N0ZCUyMHdpZHRoJTNEJTIyMTEzJTIyJTIwdmFsaWduJTNEJTIydG9wJTIyJTIwYmdjb2xvciUzRCUyMiUyM0RDRENEQyUyMiUzRSUzQ3AlMjBhbGlnbiUzRCUyMmNlbnRlciUyMiUzRVVTRCUyMDEyMCUzQyUyRnAlM0UlM0MlMkZ0ZCUzRSUwQSUyMCUyMCUyMCUyMCUzQ3RkJTIwd2lkdGglM0QlMjIxMTMlMjIlMjB2YWxpZ24lM0QlMjJ0b3AlMjIlMjBiZ2NvbG9yJTNEJTIyJTIzRENEQ0RDJTIyJTNFJTNDcCUyMGFsaWduJTNEJTIyY2VudGVyJTIyJTNFVVNEJTIwMTQwJTNDJTJGcCUzRSUzQyUyRnRkJTNFJTBBJTIwJTIwJTNDJTJGdHIlM0UlMEElMjAlMjAlM0N0ciUzRSUwQSUyMCUyMCUyMCUyMCUzQ3RkJTIwd2lkdGglM0QlMjIxMTMlMjIlMjB2YWxpZ24lM0QlMjJ0b3AlMjIlMjBiZ2NvbG9yJTNEJTIyJTIzRjBGMEYwJTIyJTNFJTNDcCUzRSUzQ3N0cm9uZyUzRSUyNm5ic3AlM0IlM0MlMkZzdHJvbmclM0UlM0NzdHJvbmclM0VFc3R1ZGlhbnRlcyUyMGRlJTIwcHJlZ3JhZG8lMkElMkElMkElM0MlMkZzdHJvbmclM0UlM0NzdHJvbmclM0UlMjAlM0MlMkZzdHJvbmclM0UlM0MlMkZwJTNFJTNDJTJGdGQlM0UlMEElMjAlMjAlMjAlMjAlM0N0ZCUyMHdpZHRoJTNEJTIyMTEzJTIyJTIwdmFsaWduJTNEJTIydG9wJTIyJTIwYmdjb2xvciUzRCUyMiUyM0YwRjBGMCUyMiUzRSUzQ3AlMjBhbGlnbiUzRCUyMmNlbnRlciUyMiUzRVVTRCUyMDYwJTNDJTJGcCUzRSUzQyUyRnRkJTNFJTBBJTIwJTIwJTIwJTIwJTNDdGQlMjB3aWR0aCUzRCUyMjExMyUyMiUyMHZhbGlnbiUzRCUyMnRvcCUyMiUyMGJnY29sb3IlM0QlMjIlMjNGMEYwRjAlMjIlM0UlM0NwJTIwYWxpZ24lM0QlMjJjZW50ZXIlMjIlM0VVU0QlMjA2MCUzQyUyRnAlM0UlM0MlMkZ0ZCUzRSUwQSUyMCUyMCUyMCUyMCUzQ3RkJTIwd2lkdGglM0QlMjIxMTMlMjIlMjB2YWxpZ24lM0QlMjJ0b3AlMjIlMjBiZ2NvbG9yJTNEJTIyJTIzRjBGMEYwJTIyJTNFJTNDcCUyMGFsaWduJTNEJTIyY2VudGVyJTIyJTNFVVNEJTIwNjAlM0MlMkZwJTNFJTNDJTJGdGQlM0UlMEElMjAlMjAlM0MlMkZ0ciUzRSUwQSUzQyUyRnRhYmxlJTNF[\/vc_raw_html][\/vc_column][\/vc_row][vc_row][vc_column][vc_empty_space][vc_column_text css=\u00bb\u00bb]<strong><span style=\"font-size: 13px;\">VALOR EN D\u00d3LARES, SUJETO A COTIZACI\u00d3N DEL D\u00cdA<\/span><\/strong><\/p>\n<p><span style=\"font-size: 13px;\">*Las inscripciones pueden cerrar antes, dependiendo de la capacidad del espacio.<\/span><\/p>\n<p><span style=\"font-size: 13px;\">**Estudiantes universitarios de posgrado, maestr\u00eda, doctorado y Residentes o Concurrentes del \u00e1rea de la salud: solicitamos documentaci\u00f3n que acredite su estatus al momento de la inscripci\u00f3n. Los estudiantes del Instituto deber\u00e1n estar matriculados en el curso regular y enviar comprobante de inscripci\u00f3n.<\/span><\/p>\n<p><span style=\"font-size: 13px;\">*** S\u00f3lo estudiantes universitarios de pregrado.<\/span>[\/vc_column_text][\/vc_column][\/vc_row]\n<\/div>","protected":false},"excerpt":{"rendered":"<p>[vc_row][vc_column][\/vc_column][\/vc_row][vc_row][vc_column][vc_column_text css=\u00bb\u00bb] Pasos para la inscripci\u00f3n Para su inscripci\u00f3n en el XII ENAPOL, usted tendr\u00e1 que completar un formulario con sus datos personales y definir su forma y categor\u00eda de participaci\u00f3n. Informamos que PayPal ser\u00e1 la plataforma utilizada para efectivizar su inscripci\u00f3n. Es necesario que usted est\u00e9 registrado en esa plataforma para realizar el pago.&hellip;<\/p>\n","protected":false},"author":3,"featured_media":0,"parent":0,"menu_order":0,"comment_status":"closed","ping_status":"closed","template":"templates\/no-sidebar.php","meta":{"_monsterinsights_skip_tracking":false,"_monsterinsights_sitenote_active":false,"_monsterinsights_sitenote_note":"","_monsterinsights_sitenote_category":0,"footnotes":""},"_links":{"self":[{"href":"https:\/\/enapol.com\/xii\/es\/wp-json\/wp\/v2\/pages\/568"}],"collection":[{"href":"https:\/\/enapol.com\/xii\/es\/wp-json\/wp\/v2\/pages"}],"about":[{"href":"https:\/\/enapol.com\/xii\/es\/wp-json\/wp\/v2\/types\/page"}],"author":[{"embeddable":true,"href":"https:\/\/enapol.com\/xii\/es\/wp-json\/wp\/v2\/users\/3"}],"replies":[{"embeddable":true,"href":"https:\/\/enapol.com\/xii\/es\/wp-json\/wp\/v2\/comments?post=568"}],"version-history":[{"count":33,"href":"https:\/\/enapol.com\/xii\/es\/wp-json\/wp\/v2\/pages\/568\/revisions"}],"predecessor-version":[{"id":7890,"href":"https:\/\/enapol.com\/xii\/es\/wp-json\/wp\/v2\/pages\/568\/revisions\/7890"}],"wp:attachment":[{"href":"https:\/\/enapol.com\/xii\/es\/wp-json\/wp\/v2\/media?parent=568"}],"curies":[{"name":"wp","href":"https:\/\/api.w.org\/{rel}","templated":true}]}}