{"id":572,"date":"2024-12-04T12:39:42","date_gmt":"2024-12-04T11:39:42","guid":{"rendered":"https:\/\/enapol.com\/xii\/?page_id=572"},"modified":"2025-04-15T14:48:09","modified_gmt":"2025-04-15T17:48:09","slug":"tambor","status":"publish","type":"page","link":"https:\/\/enapol.com\/xii\/es\/epistemico\/tambor\/","title":{"rendered":"Tambor"},"content":{"rendered":"<div class=\"wpb-content-wrapper\">[vc_row][vc_column]<figure class=\"vcex-image vcex-module\"><div class=\"vcex-image-inner wpex-relative wpex-inline-block\"><img width=\"5288\" height=\"1575\" src=\"https:\/\/enapol.com\/xii\/wp-content\/uploads\/sites\/10\/2025\/02\/cabecalho.png\" class=\"vcex-image-img wpex-align-middle\" alt=\"\" loading=\"lazy\" decoding=\"async\" srcset=\"https:\/\/enapol.com\/xii\/wp-content\/uploads\/sites\/10\/2025\/02\/cabecalho.png 5288w, https:\/\/enapol.com\/xii\/wp-content\/uploads\/sites\/10\/2025\/02\/cabecalho-300x89.png 300w, https:\/\/enapol.com\/xii\/wp-content\/uploads\/sites\/10\/2025\/02\/cabecalho-1024x305.png 1024w, https:\/\/enapol.com\/xii\/wp-content\/uploads\/sites\/10\/2025\/02\/cabecalho-768x229.png 768w, https:\/\/enapol.com\/xii\/wp-content\/uploads\/sites\/10\/2025\/02\/cabecalho-1536x457.png 1536w, https:\/\/enapol.com\/xii\/wp-content\/uploads\/sites\/10\/2025\/02\/cabecalho-2048x610.png 2048w, https:\/\/enapol.com\/xii\/wp-content\/uploads\/sites\/10\/2025\/02\/cabecalho-500x149.png 500w, https:\/\/enapol.com\/xii\/wp-content\/uploads\/sites\/10\/2025\/02\/cabecalho-700x208.png 700w\" sizes=\"(max-width: 5288px) 100vw, 5288px\" \/><\/div><\/figure>[\/vc_column][\/vc_row][vc_row css=\u00bb.vc_custom_1739793057251{margin-top: 0px !important;margin-bottom: 0px !important;border-top-width: 0px !important;border-bottom-width: 0px !important;padding-top: 0px !important;padding-bottom: 0px !important;}\u00bb][vc_column][vc_column_text css=\u00bb\u00bb]<em>Tambor<\/em>, bolet\u00edn epist\u00e9mico del XII ENAPOL, difundir\u00e1 textos, videos y citas elaborados y seleccionados por los colegas de las tres Escuelas de la Asociaci\u00f3n Mundial de Psicoan\u00e1lisis en Am\u00e9rica Latina (EBP, EOL y NEL) que forman parte de la Federaci\u00f3n Americana de Psicoan\u00e1lisis de la Orientaci\u00f3n Lacaniana (FAPOL). Este material, en general, se orientar\u00e1 seg\u00fan seis secciones: 4 Ejes Tem\u00e1ticos, Bibliograf\u00eda y Conexiones. Se podr\u00e1 acceder a las publicaciones a trav\u00e9s de las \u201cR\u00fabricas\u201d o en las ediciones secuenciales de <em>Tambor<\/em> en \u201cBoletines\u201d. Los textos que no se encuentran en las R\u00fabricas del Tambor, podr\u00e1n encontrarse en el sitio web en \u201cOrientaci\u00f3n Lacaniana\u201d o en \u201cTextos Preparatorios\u201d. \u00a1Buena lectura![\/vc_column_text][\/vc_column][\/vc_row][vc_row content_placement=\u00bbmiddle\u00bb column_spacing=\u00bb10&#8243; gap=\u00bb10&#8243; css=\u00bb.vc_custom_1739793092653{background-color: #00000000 !important;}\u00bb min_height=\u00bb50px\u00bb][vc_column css=\u00bb.vc_custom_1741769909637{padding-top: 15px !important;padding-bottom: 15px !important;background-color: #C5315F !important;}\u00bb][vc_column_text css=\u00bb\u00bb]\n<p style=\"text-align: center;\"><a title=\"Boletines\" href=\"https:\/\/enapol.com\/xii\/es\/epistemico\/tambor\/boletins\/\"><span style=\"font-size: 18px;\"><strong><span style=\"color: #ffffff;\">Boletines<\/span><\/strong><\/span><\/a><\/p>\n[\/vc_column_text][\/vc_column][\/vc_row][vc_row content_placement=\u00bbmiddle\u00bb column_spacing=\u00bb10&#8243; gap=\u00bb10&#8243; css=\u00bb.vc_custom_1739793092653{background-color: #00000000 !important;}\u00bb min_height=\u00bb50px\u00bb][vc_column css=\u00bb.vc_custom_1741769932288{padding-top: 15px !important;padding-bottom: 15px !important;background-color: #89AAC8 !important;}\u00bb][vc_column_text css=\u00bb\u00bb]\n<p style=\"text-align: center;\"><a title=\"Rubricas\" href=\"https:\/\/enapol.com\/xii\/es\/epistemico\/tambor\/rubricas\/\"><span style=\"font-size: 18px;\"><strong><span style=\"color: #ffffff;\">R\u00fabricas<\/span><\/strong><\/span><\/a><\/p>\n[\/vc_column_text][\/vc_column][\/vc_row]\n<\/div>","protected":false},"excerpt":{"rendered":"<p>[vc_row][vc_column][\/vc_column][\/vc_row][vc_row css=\u00bb.vc_custom_1739793057251{margin-top: 0px !important;margin-bottom: 0px !important;border-top-width: 0px !important;border-bottom-width: 0px !important;padding-top: 0px !important;padding-bottom: 0px !important;}\u00bb][vc_column][vc_column_text css=\u00bb\u00bb]Tambor, bolet\u00edn epist\u00e9mico del XII ENAPOL, difundir\u00e1 textos, videos y citas elaborados y seleccionados por los colegas de las tres Escuelas de la Asociaci\u00f3n Mundial de Psicoan\u00e1lisis en Am\u00e9rica Latina (EBP, EOL y NEL) que forman parte de la Federaci\u00f3n Americana&hellip;<\/p>\n","protected":false},"author":3,"featured_media":0,"parent":906,"menu_order":0,"comment_status":"closed","ping_status":"closed","template":"templates\/no-sidebar.php","meta":{"_monsterinsights_skip_tracking":false,"_monsterinsights_sitenote_active":false,"_monsterinsights_sitenote_note":"","_monsterinsights_sitenote_category":0,"footnotes":""},"_links":{"self":[{"href":"https:\/\/enapol.com\/xii\/es\/wp-json\/wp\/v2\/pages\/572"}],"collection":[{"href":"https:\/\/enapol.com\/xii\/es\/wp-json\/wp\/v2\/pages"}],"about":[{"href":"https:\/\/enapol.com\/xii\/es\/wp-json\/wp\/v2\/types\/page"}],"author":[{"embeddable":true,"href":"https:\/\/enapol.com\/xii\/es\/wp-json\/wp\/v2\/users\/3"}],"replies":[{"embeddable":true,"href":"https:\/\/enapol.com\/xii\/es\/wp-json\/wp\/v2\/comments?post=572"}],"version-history":[{"count":12,"href":"https:\/\/enapol.com\/xii\/es\/wp-json\/wp\/v2\/pages\/572\/revisions"}],"predecessor-version":[{"id":3059,"href":"https:\/\/enapol.com\/xii\/es\/wp-json\/wp\/v2\/pages\/572\/revisions\/3059"}],"up":[{"embeddable":true,"href":"https:\/\/enapol.com\/xii\/es\/wp-json\/wp\/v2\/pages\/906"}],"wp:attachment":[{"href":"https:\/\/enapol.com\/xii\/es\/wp-json\/wp\/v2\/media?parent=572"}],"curies":[{"name":"wp","href":"https:\/\/api.w.org\/{rel}","templated":true}]}}