{"id":5745,"date":"2025-06-17T05:39:46","date_gmt":"2025-06-17T08:39:46","guid":{"rendered":"https:\/\/enapol.com\/xii\/entrecantos-la-fiesta\/"},"modified":"2025-08-07T11:17:03","modified_gmt":"2025-08-07T14:17:03","slug":"ziriguidum-la-fiesta","status":"publish","type":"page","link":"https:\/\/enapol.com\/xii\/es\/ziriguidum-la-fiesta\/","title":{"rendered":"ZIRIGUIDUM \u2014 La fiesta\ud83c\udfb6"},"content":{"rendered":"<div class=\"wpb-content-wrapper\">[vc_row][vc_column width=\u00bb2\/3&#8243;][vc_column_text css=\u00bb\u00bb]<strong>En el hilo\u00a0 del sonido del psicoan\u00e1lisis , de la samba y de los tambores!<\/strong><\/p>\n<p>La fiesta del XII ENAPOL tendr\u00e1 lugar en el Mercado Distrital, un lugar de mucha historia y alegr\u00eda, donde\u00a0 habr\u00e1\u00a0 espect\u00e1culos que hablan de la escena cultural de Belo Horizonte.<\/p>\n<p>Para comenzar\u00a0 S\u00e9rgio Perer\u00ea y sus tambores, seguido de una rueda\u00a0 de samba con Adriana Ara\u00fajo y para terminar, vamos a la pista com el DJ Gustavo Zubreu.<\/p>\n<p>Adem\u00e1s de comida y bebidas\u00a0 t\u00edpicas de Minas!<\/p>\n<p>V\u00e9nganse\u00a0!!!<\/p>\n<hr \/>\n<p><strong>\ud83d\uddd3 5\/9 | 20h hasta las 2h<\/strong><\/p>\n<p><strong>\ud83d\udccd Mercado Distrital do Cruzeiro \u2014 Calle\u00a0 Opala, 55 (o entrada por\u00a0 Calle Ouro Fino 452)<\/strong><\/p>\n<p><strong>\ud83c\udfa4 S\u00e9rgio Perer\u00ea (Bloco Tambolel\u00ea) | Adriana Ara\u00fajo (samba) | DJ Gustavo Zubreu<\/strong><\/p>\n<p><strong>\ud83c\udf9f entradas: 1\u00ba lote promocional de entradas a la venta: R$ 150,00 <\/strong>(del 20\/06 a 30\/06)<strong> | 2\u00ba lote de entradas a la venta: R$180,00<\/strong>\u00a0(del 01\/07)<\/p>\n<p><span style=\"color: #ff0000;\"><strong>ATENCI\u00d3N: Plazas\u00a0limitadas<\/strong><\/span>[\/vc_column_text]<div class=\"vcex-spacing wpex-w-100 wpex-clear\"><\/div><a href=\"https:\/\/forms.gle\/aCDFUGwMpuNufPpA9\" class=\"vcex-button theme-button inline\" target=\"_blank\" rel=\"noopener noreferrer\"><span class=\"vcex-button-inner theme-button-inner wpex-flex wpex-flex-wrap wpex-items-center wpex-justify-center\">INSCRIPCI\u00d3N<\/span><\/a> [\/vc_column][vc_column width=\u00bb1\/3&#8243;]<figure class=\"vcex-image vcex-module\"><div class=\"vcex-image-inner wpex-relative wpex-inline-block\"><a href=\"https:\/\/enapol.com\/xii\/wp-content\/uploads\/sites\/10\/2025\/06\/CARTAZES-FESTA-002-01-scaled-1500x1875.jpg\" class=\"wpex-lightbox\"><img width=\"2048\" height=\"2560\" src=\"https:\/\/enapol.com\/xii\/wp-content\/uploads\/sites\/10\/2025\/06\/CARTAZES-FESTA-002-01-scaled.jpg\" class=\"vcex-image-img wpex-align-middle\" alt=\"\" loading=\"lazy\" decoding=\"async\" srcset=\"https:\/\/enapol.com\/xii\/wp-content\/uploads\/sites\/10\/2025\/06\/CARTAZES-FESTA-002-01-scaled.jpg 2048w, https:\/\/enapol.com\/xii\/wp-content\/uploads\/sites\/10\/2025\/06\/CARTAZES-FESTA-002-01-240x300.jpg 240w, https:\/\/enapol.com\/xii\/wp-content\/uploads\/sites\/10\/2025\/06\/CARTAZES-FESTA-002-01-819x1024.jpg 819w, https:\/\/enapol.com\/xii\/wp-content\/uploads\/sites\/10\/2025\/06\/CARTAZES-FESTA-002-01-768x960.jpg 768w, https:\/\/enapol.com\/xii\/wp-content\/uploads\/sites\/10\/2025\/06\/CARTAZES-FESTA-002-01-1229x1536.jpg 1229w, https:\/\/enapol.com\/xii\/wp-content\/uploads\/sites\/10\/2025\/06\/CARTAZES-FESTA-002-01-1638x2048.jpg 1638w, https:\/\/enapol.com\/xii\/wp-content\/uploads\/sites\/10\/2025\/06\/CARTAZES-FESTA-002-01-500x625.jpg 500w, https:\/\/enapol.com\/xii\/wp-content\/uploads\/sites\/10\/2025\/06\/CARTAZES-FESTA-002-01-700x875.jpg 700w, https:\/\/enapol.com\/xii\/wp-content\/uploads\/sites\/10\/2025\/06\/CARTAZES-FESTA-002-01-scaled-1500x1875.jpg 1500w\" sizes=\"(max-width: 2048px) 100vw, 2048px\" \/><\/a><\/div><\/figure><div class=\"vcex-spacing wpex-w-100 wpex-clear\"><\/div><div class=\"vcex-video wpex-bg-black\" data-vcex-video-type=\"youtube\"><div class=\"vcex-video-inner wpex-relative\"><iframe class=\"wpex-block wpex-w-100 wpex-h-100 wpex-aspect-16-9\" src=\"https:\/\/youtube.com\/embed\/ef7ZUTNvqYw\" title=\"\" frameborder=\"0\" allow=\"accelerometer; autoplay; clipboard-write; encrypted-media; gyroscope; picture-in-picture; web-share\" allowfullscreen loading=\"lazy\"><\/iframe><\/div><\/div>[\/vc_column][\/vc_row]\n<\/div>","protected":false},"excerpt":{"rendered":"<p>[vc_row][vc_column width=\u00bb2\/3&#8243;][vc_column_text css=\u00bb\u00bb]En el hilo\u00a0 del sonido del psicoan\u00e1lisis , de la samba y de los tambores! La fiesta del XII ENAPOL tendr\u00e1 lugar en el Mercado Distrital, un lugar de mucha historia y alegr\u00eda, donde\u00a0 habr\u00e1\u00a0 espect\u00e1culos que hablan de la escena cultural de Belo Horizonte. Para comenzar\u00a0 S\u00e9rgio Perer\u00ea y sus tambores, seguido&hellip;<\/p>\n","protected":false},"author":3,"featured_media":0,"parent":0,"menu_order":0,"comment_status":"closed","ping_status":"closed","template":"","meta":{"_monsterinsights_skip_tracking":false,"_monsterinsights_sitenote_active":false,"_monsterinsights_sitenote_note":"","_monsterinsights_sitenote_category":0,"footnotes":""},"_links":{"self":[{"href":"https:\/\/enapol.com\/xii\/es\/wp-json\/wp\/v2\/pages\/5745"}],"collection":[{"href":"https:\/\/enapol.com\/xii\/es\/wp-json\/wp\/v2\/pages"}],"about":[{"href":"https:\/\/enapol.com\/xii\/es\/wp-json\/wp\/v2\/types\/page"}],"author":[{"embeddable":true,"href":"https:\/\/enapol.com\/xii\/es\/wp-json\/wp\/v2\/users\/3"}],"replies":[{"embeddable":true,"href":"https:\/\/enapol.com\/xii\/es\/wp-json\/wp\/v2\/comments?post=5745"}],"version-history":[{"count":13,"href":"https:\/\/enapol.com\/xii\/es\/wp-json\/wp\/v2\/pages\/5745\/revisions"}],"predecessor-version":[{"id":6919,"href":"https:\/\/enapol.com\/xii\/es\/wp-json\/wp\/v2\/pages\/5745\/revisions\/6919"}],"wp:attachment":[{"href":"https:\/\/enapol.com\/xii\/es\/wp-json\/wp\/v2\/media?parent=5745"}],"curies":[{"name":"wp","href":"https:\/\/api.w.org\/{rel}","templated":true}]}}