{"id":6093,"date":"2025-06-30T15:42:42","date_gmt":"2025-06-30T18:42:42","guid":{"rendered":"https:\/\/enapol.com\/xii\/tambor-6\/"},"modified":"2025-07-04T12:34:02","modified_gmt":"2025-07-04T15:34:02","slug":"tambor-6","status":"publish","type":"page","link":"https:\/\/enapol.com\/xii\/es\/epistemico\/tambor\/boletins\/tambor-6\/","title":{"rendered":"Tambor 6"},"content":{"rendered":"<div class=\"wpb-content-wrapper\">[vc_row][vc_column]<figure class=\"vcex-image vcex-module\"><div class=\"vcex-image-inner wpex-relative wpex-inline-block\"><img width=\"5288\" height=\"1575\" src=\"https:\/\/enapol.com\/xii\/wp-content\/uploads\/sites\/10\/2025\/02\/cabecalho.png\" class=\"vcex-image-img wpex-align-middle\" alt=\"\" loading=\"lazy\" decoding=\"async\" srcset=\"https:\/\/enapol.com\/xii\/wp-content\/uploads\/sites\/10\/2025\/02\/cabecalho.png 5288w, https:\/\/enapol.com\/xii\/wp-content\/uploads\/sites\/10\/2025\/02\/cabecalho-300x89.png 300w, https:\/\/enapol.com\/xii\/wp-content\/uploads\/sites\/10\/2025\/02\/cabecalho-1024x305.png 1024w, https:\/\/enapol.com\/xii\/wp-content\/uploads\/sites\/10\/2025\/02\/cabecalho-768x229.png 768w, https:\/\/enapol.com\/xii\/wp-content\/uploads\/sites\/10\/2025\/02\/cabecalho-1536x457.png 1536w, https:\/\/enapol.com\/xii\/wp-content\/uploads\/sites\/10\/2025\/02\/cabecalho-2048x610.png 2048w, https:\/\/enapol.com\/xii\/wp-content\/uploads\/sites\/10\/2025\/02\/cabecalho-500x149.png 500w, https:\/\/enapol.com\/xii\/wp-content\/uploads\/sites\/10\/2025\/02\/cabecalho-700x208.png 700w\" sizes=\"(max-width: 5288px) 100vw, 5288px\" \/><\/div><\/figure>[\/vc_column][\/vc_row][vc_row][vc_column][vc_column_text css=\u00bb.vc_custom_1751308622668{padding-top: 20px !important;padding-right: 20px !important;padding-bottom: 20px !important;padding-left: 20px !important;background-color: #FF835E !important;}\u00bb]\n<p style=\"text-align: left;\"><span style=\"font-size: 18px;\"><strong><span style=\"color: #ffffff;\">Bolet\u00edn Tambor 6<\/span><\/strong><\/span><\/p>\n[\/vc_column_text][\/vc_column][\/vc_row][vc_row][vc_column][vc_column_text css=\u00bb\u00bb]\n<h3><u>R\u00daBRICA EJE 1<\/u><\/h3>\n<p><strong>ENTRE DOS LENGUAS<\/strong><\/p>\n<p><span style=\"font-size: 13px;\"><strong>Ennia Favret<br \/>\n<\/strong><strong>EOL\/AMP<\/strong><\/span><\/p>\n<p>Orientada por esta propuesta presentar\u00e9 dos vi\u00f1etas.<\/p>\n<ol>\n<li>Margot es una ni\u00f1a cuando su maestra la nombra como \u201cla extranjera que escribe sin faltas de ortograf\u00eda\u201d.<\/li>\n<\/ol>\n<p>Una frase que intenta ser un halago, que no posee carga traum\u00e1tica aparente y que sin embargo impacta trastocando su subjetividad, la desconcierta, la divide.<\/p>\n<p><a href=\"https:\/\/enapol.com\/xii\/es\/rubrica-eje-1-entre-dos-lenguas\/\"><span style=\"color: #ff0000;\">[Leer+]<\/span><\/a><\/p>\n[\/vc_column_text][\/vc_column][\/vc_row][vc_row][vc_column][vc_column_text css=\u00bb\u00bb]\n<h3><u>R\u00daBRICA EJE<\/u><u> 2<\/u><\/h3>\n<p><strong>SEMBLANTE Y REAL<\/strong><\/p>\n<p><span style=\"font-size: 13px;\"><strong>Maria do Ros\u00e1rio Collier do R\u00eago Barros<br \/>\n<\/strong><strong>EBP\/AMP<\/strong><\/span><\/p>\n<p>Agregar al hablar la dimensi\u00f3n del testimonio pone en juego la presencia de algo que escapa al sujeto al hablar,\u00a0lo atormenta y trasciende cualquier intenci\u00f3n de comunicar.\u00a0Est\u00e1 all\u00ed lo que atormenta, lo que angustia,\u00a0sin que se pueda hablar.\u00a0El testimoniar\u00a0requiere un trabajo, la construcci\u00f3n\u00a0de una verdad mentirosa, una <em>hystoria<\/em>, que hace transmisible lo que permite lidiar con la tormenta.<\/p>\n<p style=\"text-align: justify;\"><a href=\"https:\/\/enapol.com\/xii\/es\/rubrica-eje-2-semblante-y-real\/\"><span style=\"color: #ff0000;\">[<\/span>Leer+]<\/a><\/p>\n[\/vc_column_text][\/vc_column][\/vc_row][vc_row][vc_column][vc_column_text css=\u00bb\u00bb]\n<h3><u>CITAS Y REFERENCIAS BIBLIOGR\u00c1FICAS<\/u><\/h3>\n<div>\n<p><strong>\u201cUN EXCEDENTE DE SEXUALIDAD\u201d &#8211; Entrevista a Jos\u00e9 Luis Obaid &#8211; NEL\/AMP<\/strong><\/p>\n<p>Jos\u00e9 Luis Obaid, miembro de la NEL y de la AMP, se interesa en el <em>witz<\/em> \u201chablar con el ni\u00f1o\u201d, y nos invita a seguirlo en una elaboraci\u00f3n afilada que, dando su lugar al sentido -lo \u201cvivido como\u201d-, y a las vueltas de la historia, apunta a un filo invariante (digamos con Lacan, <em>trou<\/em> y <em>trop<\/em>), ultim\u00edsimo y primero -enfatiza Obaid cual ox\u00edmoron- en el hablar del sujeto.<\/p>\n<p><strong><a href=\"https:\/\/youtu.be\/scjHQUtUKEg\"><img fetchpriority=\"high\" decoding=\"async\" class=\"aligncenter wp-image-6087 size-full\" src=\"https:\/\/enapol.com\/xii\/wp-content\/uploads\/sites\/10\/2025\/06\/thumb_video.jpg\" alt=\"\" width=\"800\" height=\"477\" srcset=\"https:\/\/enapol.com\/xii\/wp-content\/uploads\/sites\/10\/2025\/06\/thumb_video.jpg 800w, https:\/\/enapol.com\/xii\/wp-content\/uploads\/sites\/10\/2025\/06\/thumb_video-300x179.jpg 300w, https:\/\/enapol.com\/xii\/wp-content\/uploads\/sites\/10\/2025\/06\/thumb_video-768x458.jpg 768w, https:\/\/enapol.com\/xii\/wp-content\/uploads\/sites\/10\/2025\/06\/thumb_video-500x298.jpg 500w, https:\/\/enapol.com\/xii\/wp-content\/uploads\/sites\/10\/2025\/06\/thumb_video-700x417.jpg 700w\" sizes=\"(max-width: 800px) 100vw, 800px\" \/><\/a><\/strong><\/p>\n<p style=\"text-align: center;\"><span style=\"font-size: 13px;\">(Traducci\u00f3n: Carla S\u00e1 Freire; Revisi\u00f3n: Lucila Darrigo; Subt\u00edtulos: Gustavo Mello; Texto introductorio: Felipe Maino)<\/span><\/p>\n<\/div>\n<div>\n<p><a href=\"https:\/\/enapol.com\/xii\/es\/citas-y-referencias-bibliograficas-4\/\"><span style=\"color: #ff0000;\">[<\/span>Leer+]<\/a><\/p>\n<\/div>\n[\/vc_column_text][\/vc_column][\/vc_row]\n<\/div>","protected":false},"excerpt":{"rendered":"<p>[vc_row][vc_column][\/vc_column][\/vc_row][vc_row][vc_column][vc_column_text css=\u00bb.vc_custom_1751308622668{padding-top: 20px !important;padding-right: 20px !important;padding-bottom: 20px !important;padding-left: 20px !important;background-color: #FF835E !important;}\u00bb] Bolet\u00edn Tambor 6 [\/vc_column_text][\/vc_column][\/vc_row][vc_row][vc_column][vc_column_text css=\u00bb\u00bb] R\u00daBRICA EJE 1 ENTRE DOS LENGUAS Ennia Favret EOL\/AMP Orientada por esta propuesta presentar\u00e9 dos vi\u00f1etas. Margot es una ni\u00f1a cuando su maestra la nombra como \u201cla extranjera que escribe sin faltas de ortograf\u00eda\u201d. Una frase que intenta&hellip;<\/p>\n","protected":false},"author":3,"featured_media":0,"parent":1956,"menu_order":0,"comment_status":"closed","ping_status":"closed","template":"","meta":{"_monsterinsights_skip_tracking":false,"_monsterinsights_sitenote_active":false,"_monsterinsights_sitenote_note":"","_monsterinsights_sitenote_category":0,"footnotes":""},"_links":{"self":[{"href":"https:\/\/enapol.com\/xii\/es\/wp-json\/wp\/v2\/pages\/6093"}],"collection":[{"href":"https:\/\/enapol.com\/xii\/es\/wp-json\/wp\/v2\/pages"}],"about":[{"href":"https:\/\/enapol.com\/xii\/es\/wp-json\/wp\/v2\/types\/page"}],"author":[{"embeddable":true,"href":"https:\/\/enapol.com\/xii\/es\/wp-json\/wp\/v2\/users\/3"}],"replies":[{"embeddable":true,"href":"https:\/\/enapol.com\/xii\/es\/wp-json\/wp\/v2\/comments?post=6093"}],"version-history":[{"count":11,"href":"https:\/\/enapol.com\/xii\/es\/wp-json\/wp\/v2\/pages\/6093\/revisions"}],"predecessor-version":[{"id":6228,"href":"https:\/\/enapol.com\/xii\/es\/wp-json\/wp\/v2\/pages\/6093\/revisions\/6228"}],"up":[{"embeddable":true,"href":"https:\/\/enapol.com\/xii\/es\/wp-json\/wp\/v2\/pages\/1956"}],"wp:attachment":[{"href":"https:\/\/enapol.com\/xii\/es\/wp-json\/wp\/v2\/media?parent=6093"}],"curies":[{"name":"wp","href":"https:\/\/api.w.org\/{rel}","templated":true}]}}