{"id":6413,"date":"2025-07-18T10:06:39","date_gmt":"2025-07-18T13:06:39","guid":{"rendered":"https:\/\/enapol.com\/xii\/?page_id=6413"},"modified":"2025-07-24T19:42:03","modified_gmt":"2025-07-24T22:42:03","slug":"tambor-7","status":"publish","type":"page","link":"https:\/\/enapol.com\/xii\/es\/epistemico\/tambor\/boletins\/tambor-7\/","title":{"rendered":"Tambor 7"},"content":{"rendered":"<div class=\"wpb-content-wrapper\">[vc_row][vc_column]<figure class=\"vcex-image vcex-module\"><div class=\"vcex-image-inner wpex-relative wpex-inline-block\"><img width=\"5288\" height=\"1575\" src=\"https:\/\/enapol.com\/xii\/wp-content\/uploads\/sites\/10\/2025\/02\/cabecalho.png\" class=\"vcex-image-img wpex-align-middle\" alt=\"\" loading=\"lazy\" decoding=\"async\" srcset=\"https:\/\/enapol.com\/xii\/wp-content\/uploads\/sites\/10\/2025\/02\/cabecalho.png 5288w, https:\/\/enapol.com\/xii\/wp-content\/uploads\/sites\/10\/2025\/02\/cabecalho-300x89.png 300w, https:\/\/enapol.com\/xii\/wp-content\/uploads\/sites\/10\/2025\/02\/cabecalho-1024x305.png 1024w, https:\/\/enapol.com\/xii\/wp-content\/uploads\/sites\/10\/2025\/02\/cabecalho-768x229.png 768w, https:\/\/enapol.com\/xii\/wp-content\/uploads\/sites\/10\/2025\/02\/cabecalho-1536x457.png 1536w, https:\/\/enapol.com\/xii\/wp-content\/uploads\/sites\/10\/2025\/02\/cabecalho-2048x610.png 2048w, https:\/\/enapol.com\/xii\/wp-content\/uploads\/sites\/10\/2025\/02\/cabecalho-500x149.png 500w, https:\/\/enapol.com\/xii\/wp-content\/uploads\/sites\/10\/2025\/02\/cabecalho-700x208.png 700w\" sizes=\"(max-width: 5288px) 100vw, 5288px\" \/><\/div><\/figure>[\/vc_column][\/vc_row][vc_row][vc_column][vc_column_text css=\u00bb.vc_custom_1752844004179{padding-top: 20px !important;padding-right: 20px !important;padding-bottom: 20px !important;padding-left: 20px !important;background-color: #FF9454 !important;}\u00bb]\n<p style=\"text-align: left;\"><span style=\"font-size: 18px;\"><strong><span style=\"color: #ffffff;\">Bolet\u00edn Tambor 7<\/span><\/strong><\/span><\/p>\n[\/vc_column_text][\/vc_column][\/vc_row][vc_row][vc_column][vc_column_text css=\u00bb\u00bb]\n<h3><u>R\u00daBRICA EJE 3<\/u><\/h3>\n<p><strong>\u00bfPOR QU\u00c9 HABLAR CON EL NI\u00d1O BAJO TRANSFERENCIA, HOY?<\/strong><\/p>\n<p><span style=\"font-size: 13px;\"><strong>Withney Ferrufino<br \/>\nMiembro bajo condiciones &#8211; NEL<\/strong><\/span><\/p>\n<p style=\"text-align: justify;\">En la \u00e9poca de la decadencia del orden simb\u00f3lico, los sujetos no quieren hablar, no quieren saber, pero gozan. Parece no haber lugar para hablar de aquel resultado del impacto de <em>lalange <\/em>en el cuerpo, una de las formas de entender lo que este XII ENAPOL nos propone como \u201chablar con el ni\u00f1o\u201d, pero que a pesar de todo se habla s\u00f3lo en el parletre, o retorna en lo real sin mediaci\u00f3n, haci\u00e9ndose cada vez m\u00e1s frecuentes las urgencias subjetivas en sus distintas modalidades cargadas de angustia.<\/p>\n<p><a href=\"https:\/\/enapol.com\/xii\/es\/rubrica-eje-3-por-que-hablar-con-el-nino-bajo-transferencia-hoy\/\"><span style=\"color: #ff0000;\">[Leer+]<\/span><\/a>[\/vc_column_text][\/vc_column][\/vc_row][vc_row][vc_column][vc_column_text css=\u00bb\u00bb]\n<h3><u>R\u00daBRICA EJE<\/u><u> 4<\/u><\/h3>\n<p><strong>ADVERTENCIA PREPOSICIONAL<\/strong><\/p>\n<p><span style=\"font-size: 13px;\"><strong>Celeste Vi\u00f1al<br \/>\n<\/strong><strong>EOL\/AMP<\/strong><\/span><\/p>\n<p style=\"text-align: justify;\">P\u00e1gina en blanco, no me decido. La propuesta de Tambor repercute haciendo su tarea y el t\u00edtulo de nuestro pr\u00f3ximo ENAPOL me resuena evocando posibilidades distintas.<\/p>\n<p style=\"text-align: justify;\">Si hablase, en lo personal, a manera de \u201chablo con el coraz\u00f3n\u201d para sustituir a <em>desde<\/em>, \u00bfqu\u00e9 dir\u00eda?<\/p>\n<p style=\"text-align: justify;\"><a href=\"https:\/\/enapol.com\/xii\/es\/rubrica-eje-4-advertencia-preposicional\/\"><span style=\"color: #ff0000;\">[<\/span>Leer+]<\/a><\/p>\n[\/vc_column_text][\/vc_column][\/vc_row][vc_row][vc_column][vc_column_text css=\u00bb\u00bb]\n<h3><u>CITAS Y REFERENCIAS BIBLIOGR\u00c1FICAS<\/u><\/h3>\n<div>\n<p><strong>\u201cEL EXCEDENTE DE SEXUALIDAD COMO CAUSA DE LA REPRESI\u00d3N\u201d \u2013 Entrevista con R\u00f4mulo Ferreira da Silva \u2013 EBP\/AMP<\/strong><\/p>\n<p style=\"text-align: justify;\">R\u00f4mulo Ferreira da Silva, psicoanalista, AME, miembro de la EBP y de la AMP, concluye esta serie de videos preparatorios hacia el XII ENAPOL, extrayendo del texto de J.-A. Miller \u201cEl status del trauma\u201d las preguntas sobre la causa de la represi\u00f3n. En sus palabras: \u201c<em>Esas preguntas me obsesionaron por mucho tiempo y me llevaron a la idea, nada tranquilizadora, de que la represi\u00f3n ocurrir\u00eda para que el sujeto pudiera acceder a la condici\u00f3n humanizadora del discurso\u201d<\/em>.<\/p>\n<p style=\"text-align: justify;\">Realiza un recorrido desde el sentido hacia el agujero se\u00f1alando que la \u201ccausa de la represi\u00f3n\u201d se esclarece por la v\u00eda sexual, \u201cpor el excedente de sexualidad\u201d y nos anima a seguir en esta investigaci\u00f3n extrayendo consecuencias a partir de la cl\u00ednica.<\/p>\n<p><strong><a href=\"https:\/\/youtu.be\/eF7jebzMmgA \"><img fetchpriority=\"high\" decoding=\"async\" class=\"aligncenter wp-image-6420 size-full\" src=\"https:\/\/enapol.com\/xii\/wp-content\/uploads\/sites\/10\/2025\/07\/THUMB-Video-Romulo.jpg\" alt=\"\" width=\"800\" height=\"477\" srcset=\"https:\/\/enapol.com\/xii\/wp-content\/uploads\/sites\/10\/2025\/07\/THUMB-Video-Romulo.jpg 800w, https:\/\/enapol.com\/xii\/wp-content\/uploads\/sites\/10\/2025\/07\/THUMB-Video-Romulo-300x179.jpg 300w, https:\/\/enapol.com\/xii\/wp-content\/uploads\/sites\/10\/2025\/07\/THUMB-Video-Romulo-768x458.jpg 768w, https:\/\/enapol.com\/xii\/wp-content\/uploads\/sites\/10\/2025\/07\/THUMB-Video-Romulo-500x298.jpg 500w, https:\/\/enapol.com\/xii\/wp-content\/uploads\/sites\/10\/2025\/07\/THUMB-Video-Romulo-700x417.jpg 700w\" sizes=\"(max-width: 800px) 100vw, 800px\" \/><\/a><\/strong><\/p>\n<p style=\"text-align: center;\"><span style=\"font-size: 13px;\">(Traducci\u00f3n: Jaqueline Vitor; Revisi\u00f3n: Aliana Santana; Subt\u00edtulos: Gustavo Mello; Texto de introducci\u00f3n: Milena Vicari Crastelo)<\/span><\/p>\n<\/div>\n<div>\n<p><a href=\"https:\/\/enapol.com\/xii\/es\/citas-y-referencias-bibliograficas-5\/\"><span style=\"color: #ff0000;\">[<\/span>Leer+]<\/a><\/p>\n<\/div>\n[\/vc_column_text][\/vc_column][\/vc_row]\n<\/div>","protected":false},"excerpt":{"rendered":"<p>[vc_row][vc_column][\/vc_column][\/vc_row][vc_row][vc_column][vc_column_text css=\u00bb.vc_custom_1752844004179{padding-top: 20px !important;padding-right: 20px !important;padding-bottom: 20px !important;padding-left: 20px !important;background-color: #FF9454 !important;}\u00bb] Bolet\u00edn Tambor 7 [\/vc_column_text][\/vc_column][\/vc_row][vc_row][vc_column][vc_column_text css=\u00bb\u00bb] R\u00daBRICA EJE 3 \u00bfPOR QU\u00c9 HABLAR CON EL NI\u00d1O BAJO TRANSFERENCIA, HOY? Withney Ferrufino Miembro bajo condiciones &#8211; NEL En la \u00e9poca de la decadencia del orden simb\u00f3lico, los sujetos no quieren hablar, no quieren saber, pero gozan.&hellip;<\/p>\n","protected":false},"author":3,"featured_media":0,"parent":1956,"menu_order":0,"comment_status":"closed","ping_status":"closed","template":"","meta":{"_monsterinsights_skip_tracking":false,"_monsterinsights_sitenote_active":false,"_monsterinsights_sitenote_note":"","_monsterinsights_sitenote_category":0,"footnotes":""},"_links":{"self":[{"href":"https:\/\/enapol.com\/xii\/es\/wp-json\/wp\/v2\/pages\/6413"}],"collection":[{"href":"https:\/\/enapol.com\/xii\/es\/wp-json\/wp\/v2\/pages"}],"about":[{"href":"https:\/\/enapol.com\/xii\/es\/wp-json\/wp\/v2\/types\/page"}],"author":[{"embeddable":true,"href":"https:\/\/enapol.com\/xii\/es\/wp-json\/wp\/v2\/users\/3"}],"replies":[{"embeddable":true,"href":"https:\/\/enapol.com\/xii\/es\/wp-json\/wp\/v2\/comments?post=6413"}],"version-history":[{"count":7,"href":"https:\/\/enapol.com\/xii\/es\/wp-json\/wp\/v2\/pages\/6413\/revisions"}],"predecessor-version":[{"id":6515,"href":"https:\/\/enapol.com\/xii\/es\/wp-json\/wp\/v2\/pages\/6413\/revisions\/6515"}],"up":[{"embeddable":true,"href":"https:\/\/enapol.com\/xii\/es\/wp-json\/wp\/v2\/pages\/1956"}],"wp:attachment":[{"href":"https:\/\/enapol.com\/xii\/es\/wp-json\/wp\/v2\/media?parent=6413"}],"curies":[{"name":"wp","href":"https:\/\/api.w.org\/{rel}","templated":true}]}}