{"id":6635,"date":"2025-08-01T06:56:51","date_gmt":"2025-08-01T09:56:51","guid":{"rendered":"https:\/\/enapol.com\/xii\/epistemico\/tambor\/boletins\/tambor-8\/"},"modified":"2025-08-18T18:02:22","modified_gmt":"2025-08-18T21:02:22","slug":"tambor-8","status":"publish","type":"page","link":"https:\/\/enapol.com\/xii\/es\/epistemico\/tambor\/boletins\/tambor-8\/","title":{"rendered":"TAMBOR 8"},"content":{"rendered":"<div class=\"wpb-content-wrapper\">[vc_row][vc_column]<figure class=\"vcex-image vcex-module\"><div class=\"vcex-image-inner wpex-relative wpex-inline-block\"><img width=\"5288\" height=\"1575\" src=\"https:\/\/enapol.com\/xii\/wp-content\/uploads\/sites\/10\/2025\/02\/cabecalho.png\" class=\"vcex-image-img wpex-align-middle\" alt=\"\" loading=\"lazy\" decoding=\"async\" srcset=\"https:\/\/enapol.com\/xii\/wp-content\/uploads\/sites\/10\/2025\/02\/cabecalho.png 5288w, https:\/\/enapol.com\/xii\/wp-content\/uploads\/sites\/10\/2025\/02\/cabecalho-300x89.png 300w, https:\/\/enapol.com\/xii\/wp-content\/uploads\/sites\/10\/2025\/02\/cabecalho-1024x305.png 1024w, https:\/\/enapol.com\/xii\/wp-content\/uploads\/sites\/10\/2025\/02\/cabecalho-768x229.png 768w, https:\/\/enapol.com\/xii\/wp-content\/uploads\/sites\/10\/2025\/02\/cabecalho-1536x457.png 1536w, https:\/\/enapol.com\/xii\/wp-content\/uploads\/sites\/10\/2025\/02\/cabecalho-2048x610.png 2048w, https:\/\/enapol.com\/xii\/wp-content\/uploads\/sites\/10\/2025\/02\/cabecalho-500x149.png 500w, https:\/\/enapol.com\/xii\/wp-content\/uploads\/sites\/10\/2025\/02\/cabecalho-700x208.png 700w\" sizes=\"(max-width: 5288px) 100vw, 5288px\" \/><\/div><\/figure>[\/vc_column][\/vc_row][vc_row][vc_column][vc_column_text css=\u00bb.vc_custom_1755550845012{padding-top: 20px !important;padding-right: 20px !important;padding-bottom: 20px !important;padding-left: 20px !important;background-color: #FFDB5F !important;}\u00bb]\n<p style=\"text-align: left;\"><span style=\"font-size: 18px;\"><strong><span style=\"color: #ffffff;\">Bolet\u00edn Tambor 8<\/span><\/strong><\/span><\/p>\n[\/vc_column_text][\/vc_column][\/vc_row][vc_row][vc_column][vc_column_text css=\u00bb\u00bb]\n<h3><strong>R\u00fabrica Eje 1 &#8211; <\/strong><strong>UN TAMBOR VIBRA EN UN DISPOSITIVO DE SALUD P\u00daBLICA<\/strong><\/h3>\n<p><strong>Mar\u00eda Laura Errecarte<br \/>\n<\/strong><strong>EOL\/AMP<\/strong><\/p>\n<p><strong>\u00a0<\/strong>Siguiendo el sonido del Tambor de este ENAPOL en el eje \u201cHablar de eso de lo que no se puede hablar,\u201d transmitir\u00e9 una experiencia actual en la que estoy trabajando junto a un equipo de salud. Experiencia cl\u00ednica brindando acceso a la interrupci\u00f3n del embarazo y la atenci\u00f3n post-aborto.<\/p>\n<p><a href=\"https:\/\/enapol.com\/xii\/es\/rubrica-eje-1-un-tambor-vibra-en-un-dispositivo-de-salud-publica\/\">(Leer +)<\/a>[\/vc_column_text][\/vc_column][\/vc_row][vc_row][vc_column][vc_column_text css=\u00bb\u00bb]\n<h3><strong>R\u00fabrica Eje 2 &#8211; <\/strong><strong>\u201cDAFNIS Y CLOE. DEL SIGLO II AL SIGLO XXI\u201d<\/strong><\/h3>\n<p><strong>Susana Schaer<br \/>\n<\/strong><strong>NEL\/AMP<\/strong><\/p>\n<p>Sabido es que la pubertad es el encuentro con los grandes enigmas: el cuerpo, la sexualidad, la relaci\u00f3n con el otro. Un encuentro con lo imposible de la relaci\u00f3n sexual, lo imposible de decir que no termina de subjetivarse. Es con esto con lo que el p\u00faber tiene que arregl\u00e1rselas.\u00a0 \u201cAquello a lo que Lacan llam\u00f3, lo real\u201d.<\/p>\n<p><a href=\"https:\/\/enapol.com\/xii\/es\/rubrica-eje-2-dafnis-y-cloe-del-siglo-2-al-siglo-21\/\">(Leer +)<\/a>[\/vc_column_text][\/vc_column][\/vc_row][vc_row][vc_column][vc_column_text css=\u00bb\u00bb]\n<h3><strong>CONEXIONES &#8211; <\/strong><strong>\u00bfCURAR EL NI\u00d1O? &#8211; UNA CONEXI\u00d3N CON EL LIBRO \u201cCONTRA MIM\u201d DE VALTER HUGO M\u00c3E<\/strong><\/h3>\n<p><strong>Cristina Frederico<br \/>\n<\/strong><strong>Daiane Ribeiro<br \/>\n<\/strong><strong>\u00c9lida Biasoli Lenci<br \/>\n<\/strong><strong>Niraldo de Oliveira Santos<br \/>\n<\/strong><strong>EBP\/AMP<\/strong><\/p>\n<p>Nacido en Angola y radicado en Portugal desde la infancia, Valter Hugo M\u00e3e es uno de los escritores m\u00e1s destacados de la literatura contempor\u00e1nea en lengua portuguesa. Tambi\u00e9n es artista pl\u00e1stico y cantante. Su obra literaria se caracteriza por un lenguaje po\u00e9tico y profundamente sensible, abordando temas como la infancia, la soledad, la marginalidad y la complejidad de la existencia humana.<\/p>\n<p><a href=\"https:\/\/enapol.com\/xii\/es\/curar-el-nino-una-conexion-con-el-libro-contra-mim-de-valter-hugo-mae\/\">(Leer +)<\/a>[\/vc_column_text][\/vc_column][\/vc_row][vc_row][vc_column][vc_column_text css=\u00bb\u00bb]\n<h3><strong>CITAS Y REFERENCIAS BIBLIOGR\u00c1FICAS<\/strong><\/h3>\n<p><strong>FREUD<\/strong><\/p>\n<p><strong>\u00a0<\/strong>\u201cNo interesa para nada con qu\u00e9 material se empiece -la biograf\u00eda, el historial cl\u00ednico o los recuerdos de infancia del paciente-, con tal que se deje al paciente mismo hacer su relato y escoger su punto de partida\u201d.<\/p>\n<p>FREUD, S., \u201cSobre la iniciaci\u00f3n del tratamiento\u201d, (1913) En: Obras Completas. Tomo XII. Buenos Aires: Amorrortu, 2007, p. 135.<\/p>\n<p><a href=\"https:\/\/enapol.com\/xii\/es\/citas-y-referencias-bibliograficas-6\/\">(Leer +)<\/a>[\/vc_column_text][\/vc_column][\/vc_row]\n<\/div>","protected":false},"excerpt":{"rendered":"<p>[vc_row][vc_column][\/vc_column][\/vc_row][vc_row][vc_column][vc_column_text css=\u00bb.vc_custom_1755550845012{padding-top: 20px !important;padding-right: 20px !important;padding-bottom: 20px !important;padding-left: 20px !important;background-color: #FFDB5F !important;}\u00bb] Bolet\u00edn Tambor 8 [\/vc_column_text][\/vc_column][\/vc_row][vc_row][vc_column][vc_column_text css=\u00bb\u00bb] R\u00fabrica Eje 1 &#8211; UN TAMBOR VIBRA EN UN DISPOSITIVO DE SALUD P\u00daBLICA Mar\u00eda Laura Errecarte EOL\/AMP \u00a0Siguiendo el sonido del Tambor de este ENAPOL en el eje \u201cHablar de eso de lo que no se puede hablar,\u201d&hellip;<\/p>\n","protected":false},"author":3,"featured_media":0,"parent":1956,"menu_order":0,"comment_status":"closed","ping_status":"closed","template":"","meta":{"_monsterinsights_skip_tracking":false,"_monsterinsights_sitenote_active":false,"_monsterinsights_sitenote_note":"","_monsterinsights_sitenote_category":0,"footnotes":""},"_links":{"self":[{"href":"https:\/\/enapol.com\/xii\/es\/wp-json\/wp\/v2\/pages\/6635"}],"collection":[{"href":"https:\/\/enapol.com\/xii\/es\/wp-json\/wp\/v2\/pages"}],"about":[{"href":"https:\/\/enapol.com\/xii\/es\/wp-json\/wp\/v2\/types\/page"}],"author":[{"embeddable":true,"href":"https:\/\/enapol.com\/xii\/es\/wp-json\/wp\/v2\/users\/3"}],"replies":[{"embeddable":true,"href":"https:\/\/enapol.com\/xii\/es\/wp-json\/wp\/v2\/comments?post=6635"}],"version-history":[{"count":9,"href":"https:\/\/enapol.com\/xii\/es\/wp-json\/wp\/v2\/pages\/6635\/revisions"}],"predecessor-version":[{"id":7251,"href":"https:\/\/enapol.com\/xii\/es\/wp-json\/wp\/v2\/pages\/6635\/revisions\/7251"}],"up":[{"embeddable":true,"href":"https:\/\/enapol.com\/xii\/es\/wp-json\/wp\/v2\/pages\/1956"}],"wp:attachment":[{"href":"https:\/\/enapol.com\/xii\/es\/wp-json\/wp\/v2\/media?parent=6635"}],"curies":[{"name":"wp","href":"https:\/\/api.w.org\/{rel}","templated":true}]}}