{"id":7136,"date":"2025-08-14T10:06:12","date_gmt":"2025-08-14T13:06:12","guid":{"rendered":"https:\/\/enapol.com\/xii\/?page_id=7136"},"modified":"2025-08-14T10:06:12","modified_gmt":"2025-08-14T13:06:12","slug":"danza","status":"publish","type":"page","link":"https:\/\/enapol.com\/xii\/es\/recepcion\/danza\/","title":{"rendered":"Danza"},"content":{"rendered":"<div class=\"wpb-content-wrapper\">[vc_row][vc_column width=\u00bb1\/2&#8243;][vc_column_text]\n<h3><span style=\"color: #ff0000;\"><strong>Rodrigo Pederneiras y el Grupo Corpo: la danza que brot\u00f3 del patio<\/strong><\/span><\/h3>\n<p><strong>\u00a0<\/strong>Cuando se habla de identidad cultural en Belo Horizonte, el Grupo Corpo es uno de los hitos fundamentales de esa construcci\u00f3n. Nacido en 1975, en Minas Gerais, el grupo es hoy una referencia nacional e internacional por la manera en que construy\u00f3, a lo largo de d\u00e9cadas, un lenguaje coreogr\u00e1fico propio, profundamente enraizado en la cultura brasile\u00f1a, pero siempre con los ojos bien abiertos al mundo.<\/p>\n<p>Rodrigo Pederneiras, core\u00f3grafo del grupo desde la d\u00e9cada de 1980, cuenta que quiz\u00e1 la mayor contribuci\u00f3n del Corpo haya sido justamente su rechazo a seguir tendencias internacionales. Mientras muchas compa\u00f1\u00edas importaban modas de Europa o de Estados Unidos, o los estilos franceses, el Grupo Corpo eligi\u00f3 excavar en su propio suelo. \u201cBusc\u00e1bamos en el patio. Y cavando, encontr\u00e1bamos perlas\u201d, resume Rodrigo.<\/p>\n<p>Esa b\u00fasqueda de un lenguaje propio se fue consolidando con el tiempo. Seg\u00fan \u00e9l, a fines de los a\u00f1os 80 y principios de los 90 comenz\u00f3 un movimiento m\u00e1s consciente de encontrar una \u201cdanza brasile\u00f1a\u201d, no solo en el contenido tem\u00e1tico, sino en la forma, en la m\u00fasica, en los cuerpos y en el modo de hacer. Fue entonces cuando el grupo pas\u00f3 a contar con la colaboraci\u00f3n de m\u00fasicos brasile\u00f1os que, m\u00e1s que componer bandas sonoras, llevaban universos enteros a la sala de ensayo.<\/p>\n<p>Colaboraciones con nombres como Marco Ant\u00f4nio Guimar\u00e3es, Caetano Veloso, Jos\u00e9 Miguel Wisnik, Arnaldo Antunes, Tom Z\u00e9, entre otros, fueron fundamentales para moldear la identidad de la compa\u00f1\u00eda. \u201cEllos ven\u00edan con ideas que nosotros jam\u00e1s habr\u00edamos tenido.\u00a0<em>Parabelo<\/em>, por ejemplo, llev\u00f3 el<em> xaxado<a href=\"#_ftn1\" name=\"_ftnref1\"><strong>[1]<\/strong><\/a><\/em> al escenario, pero de un modo nuevo, resignificado\u201d, dice Rodrigo. Ya en\u00a0<em>Gira<\/em>, tuvo que sumergirse en el universo de las religiones de matriz africana, algo completamente nuevo para \u00e9l, criado en una formaci\u00f3n cat\u00f3lica estricta. \u201cMe cambi\u00f3 la vida a los 60 a\u00f1os. Hoy frecuento el terrero. Fue una transformaci\u00f3n real\u201d, cuenta.<\/p>\n<p>Rodrigo tambi\u00e9n subraya que, a diferencia de lo que ocurre en otras compa\u00f1\u00edas que trabajan con m\u00faltiples core\u00f3grafos, el Grupo Corpo se beneficia de un foco creativo en una \u00fanica direcci\u00f3n coreogr\u00e1fica \u2014la suya\u2014. Eso permiti\u00f3, con el tiempo, la construcci\u00f3n de una firma coreogr\u00e1fica s\u00f3lida y reconocible. \u201cFue un lenguaje que solo pod\u00eda haberse hecho en Brasil, con nuestra manera de mirar, de movernos, de existir\u201d, afirma.<\/p>\n<p>Otro pilar esencial es la integraci\u00f3n de todos los elementos del espect\u00e1culo: coreograf\u00eda, m\u00fasica, escenograf\u00eda, vestuario, iluminaci\u00f3n. \u201cSiempre entendimos que todo tiene que dialogar. No se trata de que un elemento brille m\u00e1s que otro, sino de c\u00f3mo todos construyen una experiencia coherente para quien asiste.\u201d<\/p>\n<p>El impacto del Grupo Corpo, seg\u00fan Rodrigo, va m\u00e1s all\u00e1 de la danza. Cree que la compa\u00f1\u00eda lleg\u00f3 incluso a influir en el teatro y en la danza brasile\u00f1a en cierto momento, especialmente por la forma de producci\u00f3n colectiva y el cuidado est\u00e9tico. Y aunque el grupo nunca se propuso influir en nadie, el deseo siempre fue dejarse influir: por los m\u00fasicos, por los artistas, por Brasil.<\/p>\n<p>El Grupo Corpo es el retrato de un arte vivo, que se reinventa sin perder su origen. Una danza que nace del suelo de Minas, pero que habla un idioma que resuena en el mundo. Y, como bien dice Rodrigo, fue una trayectoria que no naci\u00f3 lista, sino que fue construida con \u201ccoraje, escucha y una voluntad profunda de decir algo nuevo \u2014con el cuerpo, con la m\u00fasica, con el alma\u2014\u201d. Una construcci\u00f3n que insiste en ser Brasil desde hace 50 a\u00f1os.<\/p>\n<p>&nbsp;<\/p>\n<hr \/>\n<p><a href=\"#_ftnref1\" name=\"_ftn1\">[1]<\/a> Danza popular originaria del Sert\u00e3o, en Pernambuco.[\/vc_column_text][\/vc_column][vc_column width=\u00bb1\/2&#8243;]<figure class=\"vcex-image vcex-module\"><div class=\"vcex-image-inner wpex-relative wpex-inline-block\"><img width=\"360\" height=\"484\" src=\"https:\/\/enapol.com\/xii\/wp-content\/uploads\/sites\/10\/2025\/08\/danca1.jpg\" class=\"vcex-image-img wpex-align-middle\" alt=\"\" loading=\"lazy\" decoding=\"async\" srcset=\"https:\/\/enapol.com\/xii\/wp-content\/uploads\/sites\/10\/2025\/08\/danca1.jpg 360w, https:\/\/enapol.com\/xii\/wp-content\/uploads\/sites\/10\/2025\/08\/danca1-223x300.jpg 223w\" sizes=\"(max-width: 360px) 100vw, 360px\" \/><\/div><\/figure>[vc_column_text css=\u00bb\u00bb]\n<p style=\"text-align: right;\"><span style=\"font-size: 13px;\">Fotos: Jos\u00e9 Luiz Pederneiras<\/span><\/p>\n[\/vc_column_text][\/vc_column][\/vc_row]\n<\/div>","protected":false},"excerpt":{"rendered":"<p>[vc_row][vc_column width=\u00bb1\/2&#8243;][vc_column_text] Rodrigo Pederneiras y el Grupo Corpo: la danza que brot\u00f3 del patio \u00a0Cuando se habla de identidad cultural en Belo Horizonte, el Grupo Corpo es uno de los hitos fundamentales de esa construcci\u00f3n. Nacido en 1975, en Minas Gerais, el grupo es hoy una referencia nacional e internacional por la manera en que&hellip;<\/p>\n","protected":false},"author":3,"featured_media":0,"parent":570,"menu_order":0,"comment_status":"closed","ping_status":"closed","template":"","meta":{"_monsterinsights_skip_tracking":false,"_monsterinsights_sitenote_active":false,"_monsterinsights_sitenote_note":"","_monsterinsights_sitenote_category":0,"footnotes":""},"_links":{"self":[{"href":"https:\/\/enapol.com\/xii\/es\/wp-json\/wp\/v2\/pages\/7136"}],"collection":[{"href":"https:\/\/enapol.com\/xii\/es\/wp-json\/wp\/v2\/pages"}],"about":[{"href":"https:\/\/enapol.com\/xii\/es\/wp-json\/wp\/v2\/types\/page"}],"author":[{"embeddable":true,"href":"https:\/\/enapol.com\/xii\/es\/wp-json\/wp\/v2\/users\/3"}],"replies":[{"embeddable":true,"href":"https:\/\/enapol.com\/xii\/es\/wp-json\/wp\/v2\/comments?post=7136"}],"version-history":[{"count":1,"href":"https:\/\/enapol.com\/xii\/es\/wp-json\/wp\/v2\/pages\/7136\/revisions"}],"predecessor-version":[{"id":7139,"href":"https:\/\/enapol.com\/xii\/es\/wp-json\/wp\/v2\/pages\/7136\/revisions\/7139"}],"up":[{"embeddable":true,"href":"https:\/\/enapol.com\/xii\/es\/wp-json\/wp\/v2\/pages\/570"}],"wp:attachment":[{"href":"https:\/\/enapol.com\/xii\/es\/wp-json\/wp\/v2\/media?parent=7136"}],"curies":[{"name":"wp","href":"https:\/\/api.w.org\/{rel}","templated":true}]}}