{"id":7246,"date":"2025-08-18T17:57:23","date_gmt":"2025-08-18T20:57:23","guid":{"rendered":"https:\/\/enapol.com\/xii\/?page_id=7246"},"modified":"2025-08-20T17:09:14","modified_gmt":"2025-08-20T20:09:14","slug":"tambor-9","status":"publish","type":"page","link":"https:\/\/enapol.com\/xii\/es\/epistemico\/tambor\/boletins\/tambor-9\/","title":{"rendered":"TAMBOR 9"},"content":{"rendered":"<div class=\"wpb-content-wrapper\">[vc_row][vc_column]<figure class=\"vcex-image vcex-module\"><div class=\"vcex-image-inner wpex-relative wpex-inline-block\"><img width=\"5288\" height=\"1575\" src=\"https:\/\/enapol.com\/xii\/wp-content\/uploads\/sites\/10\/2025\/02\/cabecalho.png\" class=\"vcex-image-img wpex-align-middle\" alt=\"\" loading=\"lazy\" decoding=\"async\" srcset=\"https:\/\/enapol.com\/xii\/wp-content\/uploads\/sites\/10\/2025\/02\/cabecalho.png 5288w, https:\/\/enapol.com\/xii\/wp-content\/uploads\/sites\/10\/2025\/02\/cabecalho-300x89.png 300w, https:\/\/enapol.com\/xii\/wp-content\/uploads\/sites\/10\/2025\/02\/cabecalho-1024x305.png 1024w, https:\/\/enapol.com\/xii\/wp-content\/uploads\/sites\/10\/2025\/02\/cabecalho-768x229.png 768w, https:\/\/enapol.com\/xii\/wp-content\/uploads\/sites\/10\/2025\/02\/cabecalho-1536x457.png 1536w, https:\/\/enapol.com\/xii\/wp-content\/uploads\/sites\/10\/2025\/02\/cabecalho-2048x610.png 2048w, https:\/\/enapol.com\/xii\/wp-content\/uploads\/sites\/10\/2025\/02\/cabecalho-500x149.png 500w, https:\/\/enapol.com\/xii\/wp-content\/uploads\/sites\/10\/2025\/02\/cabecalho-700x208.png 700w\" sizes=\"(max-width: 5288px) 100vw, 5288px\" \/><\/div><\/figure>[\/vc_column][\/vc_row][vc_row][vc_column][vc_column_text css=\u00bb.vc_custom_1755551424071{padding-top: 20px !important;padding-right: 20px !important;padding-bottom: 20px !important;padding-left: 20px !important;background-color: #FFFA6B !important;}\u00bb]\n<p style=\"text-align: left;\"><span style=\"font-size: 18px; color: #808080;\"><strong>Bolet\u00edn Tambor 9<\/strong><\/span><\/p>\n[\/vc_column_text][\/vc_column][\/vc_row][vc_row][vc_column][vc_column_text css=\u00bb\u00bb]\n<h3><u><strong>TEXTOS PREPARATORIOS<\/strong><\/u><\/h3>\n<p><strong>LA INFANCIA, CUNA DE LA DEMOCRACIA<\/strong><\/p>\n<p><span style=\"font-size: 13px;\"><strong>Christiane Alberti<br \/>\n<\/strong><strong>Presidenta de la Associaci\u00f3n Mundial de Psicoan\u00e1lisis &#8211; AMP<\/strong><\/span><\/p>\n<p>En su reciente intervenci\u00f3n en Rusia, Jacques-Alain Miller afirm\u00f3 que la autodeterminaci\u00f3n de los ni\u00f1os en materia de identidad de g\u00e9nero es \u201cuna monstruosidad en vista de lo que es ser un ciudadano. Si borramos toda diferencia entre ni\u00f1o y adulto, son los fundamentos mismos de la democracia los que quedan cuestionados\u201d. El lazo entre infancia y democracia no deja de concernir al psicoan\u00e1lisis.<\/p>\n<p><a href=\"https:\/\/enapol.com\/xii\/es\/a-infancia-berco-da-democracia1\/\"><span style=\"color: #ff0000;\">[Leer+]<\/span><\/a>[\/vc_column_text][\/vc_column][\/vc_row][vc_row][vc_column][vc_column_text css=\u00bb\u00bb]\n<h3><u>R\u00daBRICA EJE<\/u><u> 3<\/u><\/h3>\n<p><strong>EL ANALISTA AL LADO: UN FRAGMENTO CL\u00cdNICO<\/strong><\/p>\n<p><span style=\"font-size: 13px;\"><strong>Frederico Feu de Carvalho<br \/>\n<\/strong><strong>EBP\/AMP<\/strong><\/span><\/p>\n<p>Un analizante argumenta que su hablar en an\u00e1lisis, marcado por un inter\u00e9s genuino por la trama significante del inconsciente en torno de su novela familiar, recuerdos y sue\u00f1os, hab\u00eda llegado a un impasse y se tornaba repetitivo y aburrido.<\/p>\n<p style=\"text-align: justify;\"><a href=\"https:\/\/enapol.com\/xii\/es\/rubrica-eje-3-el-analista-al-lado-un-fragmento-clinico\/\"><span style=\"color: #ff0000;\">[<\/span>Leer+]<\/a><\/p>\n[\/vc_column_text][\/vc_column][\/vc_row][vc_row][vc_column][vc_column_text css=\u00bb\u00bb]\n<h3><u>R\u00daBRICA EJE<\/u><u> 4<\/u><\/h3>\n<p><strong>LO IMPOSIBLE DE EDUCAR<\/strong><\/p>\n<p><span style=\"font-size: 13px;\"><strong>Daniela Fern\u00e1ndez<br \/>\n<\/strong><strong>EOL\/AMP<\/strong><\/span><\/p>\n<p>Su madre consulta por imposici\u00f3n de la escuela que amenaza con echarlo. La gota que rebals\u00f3 el vaso fue que Iv\u00e1n, famoso por golpear a otros ni\u00f1os, grit\u00f3 en la clase consagrada al 2 de abril, \u201clas Malvinas son inglesas\u201d, neg\u00e1ndose a \u201cdesdecirse\u201d incluso frente al director. En esa escuela, invitan a los ni\u00f1os a desdecirse. Para el psicoan\u00e1lisis, eso es imposible.<\/p>\n<p style=\"text-align: justify;\"><a href=\"https:\/\/enapol.com\/xii\/es\/rubrica-eje-4-lo-imposible-de-educar\/\"><span style=\"color: #ff0000;\">[<\/span>Leer+]<\/a><\/p>\n[\/vc_column_text][\/vc_column][\/vc_row][vc_row][vc_column][vc_column_text css=\u00bb\u00bb]\n<h3><u>CITAS Y REFERENCIAS BIBLIOGR\u00c1FICAS<\/u><\/h3>\n<div>\n<p><strong>FREUD<\/strong><\/p>\n<p>\u201c(\u2026) se ama:<\/p>\n<p>(a) Seg\u00fan el tipo narcisista:<br \/>\n(b) A lo que uno mismo es (a s\u00ed mismo),<br \/>\n(c) A lo que uno mismo fue,<br \/>\n(d) A lo que uno querr\u00eda ser, y<br \/>\n(e) A la persona que fue una parte del s\u00ed-mismo propio.\u201d<\/p>\n<\/div>\n<div>\n<p><a href=\"https:\/\/enapol.com\/xii\/es\/citas-y-referencias-bibliograficas-7\/\"><span style=\"color: #ff0000;\">[<\/span>Leer+]<\/a><\/p>\n<\/div>\n[\/vc_column_text][\/vc_column][\/vc_row]\n<\/div>","protected":false},"excerpt":{"rendered":"<p>[vc_row][vc_column][\/vc_column][\/vc_row][vc_row][vc_column][vc_column_text css=\u00bb.vc_custom_1755551424071{padding-top: 20px !important;padding-right: 20px !important;padding-bottom: 20px !important;padding-left: 20px !important;background-color: #FFFA6B !important;}\u00bb] Bolet\u00edn Tambor 9 [\/vc_column_text][\/vc_column][\/vc_row][vc_row][vc_column][vc_column_text css=\u00bb\u00bb] TEXTOS PREPARATORIOS LA INFANCIA, CUNA DE LA DEMOCRACIA Christiane Alberti Presidenta de la Associaci\u00f3n Mundial de Psicoan\u00e1lisis &#8211; AMP En su reciente intervenci\u00f3n en Rusia, Jacques-Alain Miller afirm\u00f3 que la autodeterminaci\u00f3n de los ni\u00f1os en materia de identidad&hellip;<\/p>\n","protected":false},"author":3,"featured_media":0,"parent":1956,"menu_order":0,"comment_status":"closed","ping_status":"closed","template":"","meta":{"_monsterinsights_skip_tracking":false,"_monsterinsights_sitenote_active":false,"_monsterinsights_sitenote_note":"","_monsterinsights_sitenote_category":0,"footnotes":""},"_links":{"self":[{"href":"https:\/\/enapol.com\/xii\/es\/wp-json\/wp\/v2\/pages\/7246"}],"collection":[{"href":"https:\/\/enapol.com\/xii\/es\/wp-json\/wp\/v2\/pages"}],"about":[{"href":"https:\/\/enapol.com\/xii\/es\/wp-json\/wp\/v2\/types\/page"}],"author":[{"embeddable":true,"href":"https:\/\/enapol.com\/xii\/es\/wp-json\/wp\/v2\/users\/3"}],"replies":[{"embeddable":true,"href":"https:\/\/enapol.com\/xii\/es\/wp-json\/wp\/v2\/comments?post=7246"}],"version-history":[{"count":5,"href":"https:\/\/enapol.com\/xii\/es\/wp-json\/wp\/v2\/pages\/7246\/revisions"}],"predecessor-version":[{"id":7312,"href":"https:\/\/enapol.com\/xii\/es\/wp-json\/wp\/v2\/pages\/7246\/revisions\/7312"}],"up":[{"embeddable":true,"href":"https:\/\/enapol.com\/xii\/es\/wp-json\/wp\/v2\/pages\/1956"}],"wp:attachment":[{"href":"https:\/\/enapol.com\/xii\/es\/wp-json\/wp\/v2\/media?parent=7246"}],"curies":[{"name":"wp","href":"https:\/\/api.w.org\/{rel}","templated":true}]}}