{"id":7347,"date":"2025-08-22T07:36:55","date_gmt":"2025-08-22T10:36:55","guid":{"rendered":"https:\/\/enapol.com\/xii\/encuentro\/conversaciones\/conversacoes-federativas-programa\/"},"modified":"2025-09-01T08:45:03","modified_gmt":"2025-09-01T11:45:03","slug":"conversaciones-federativas-programa","status":"publish","type":"page","link":"https:\/\/enapol.com\/xii\/es\/encuentro\/conversaciones\/conversaciones-federativas-programa\/","title":{"rendered":"Conversa\u00e7\u00f5es Federativas &#8211; Programa"},"content":{"rendered":"<div class=\"wpb-content-wrapper\">[vc_row][vc_column]<div class=\"vcex-spacing wpex-w-100 wpex-clear\" style=\"height:50px;\"><\/div>[\/vc_column][\/vc_row][vc_row][vc_column]<figure class=\"vcex-image vcex-module wpex-text-center\"><div class=\"vcex-image-inner wpex-relative wpex-inline-block\"><img width=\"800\" height=\"126\" src=\"https:\/\/enapol.com\/xii\/wp-content\/uploads\/sites\/10\/2025\/08\/top_programas_site.png\" class=\"vcex-image-img wpex-align-middle\" alt=\"\" loading=\"lazy\" decoding=\"async\" srcset=\"https:\/\/enapol.com\/xii\/wp-content\/uploads\/sites\/10\/2025\/08\/top_programas_site.png 800w, https:\/\/enapol.com\/xii\/wp-content\/uploads\/sites\/10\/2025\/08\/top_programas_site-300x47.png 300w, https:\/\/enapol.com\/xii\/wp-content\/uploads\/sites\/10\/2025\/08\/top_programas_site-768x121.png 768w, https:\/\/enapol.com\/xii\/wp-content\/uploads\/sites\/10\/2025\/08\/top_programas_site-500x79.png 500w, https:\/\/enapol.com\/xii\/wp-content\/uploads\/sites\/10\/2025\/08\/top_programas_site-700x110.png 700w\" sizes=\"(max-width: 800px) 100vw, 800px\" \/><\/div><\/figure>[vc_column_text css=\u00bb\u00bb]\n<h3 style=\"text-align: center;\"><span style=\"color: #847d76;\">PROGRAMA<\/span><br \/>\n<span style=\"color: #aaa192;\">XII<\/span> <span style=\"color: #847d76;\">ENAPOL<\/span><br \/>\n<span style=\"color: #847d76;\">CONVERSACIONES FEDERATIVAS<\/span><\/h3>\n[\/vc_column_text]<div class=\"vcex-spacing wpex-w-100 wpex-clear\"><\/div><figure class=\"vcex-image vcex-module wpex-text-center\"><div class=\"vcex-image-inner wpex-relative wpex-inline-block\"><img width=\"595\" height=\"11\" src=\"https:\/\/enapol.com\/xii\/wp-content\/uploads\/sites\/10\/2025\/08\/linha_programas_site.png\" class=\"vcex-image-img wpex-align-middle\" alt=\"\" loading=\"lazy\" decoding=\"async\" srcset=\"https:\/\/enapol.com\/xii\/wp-content\/uploads\/sites\/10\/2025\/08\/linha_programas_site.png 595w, https:\/\/enapol.com\/xii\/wp-content\/uploads\/sites\/10\/2025\/08\/linha_programas_site-300x6.png 300w, https:\/\/enapol.com\/xii\/wp-content\/uploads\/sites\/10\/2025\/08\/linha_programas_site-500x9.png 500w\" sizes=\"(max-width: 595px) 100vw, 595px\" \/><\/div><\/figure>[vc_column_text css=\u00bb\u00bb]\n<h4 style=\"text-align: center;\"><span style=\"color: #847d76;\">06 SEPTIEMBRE <\/span><span style=\"color: #ff0000;\">\u2022<\/span> <span style=\"color: #847d76;\">S\u00c1BADO<\/span> <span style=\"color: #ff0000;\">\u2022<\/span> <span style=\"color: #847d76;\">15h -18h<\/span><\/h4>\n[\/vc_column_text]<div class=\"vcex-spacing wpex-w-100 wpex-clear\"><\/div><style>.vcex-button.vcex_69db57b972ebf{background:var(--wpex-accent);color:#ffffff!important;}.vcex-button.vcex_69db57b972ebf:hover{background:var(--wpex-accent-alt)!important;color:#ffffff!important;}<\/style><div class=\"theme-button-wrap textcenter wpex-clr\"><a href=\"https:\/\/enapol.com\/xii\/wp-content\/uploads\/sites\/10\/2025\/08\/PROGRAMA-CONVERSACOES-FEDERATIVAS-ESP.pdf\" class=\"vcex-button theme-button align-center inline vcex_69db57b972ebf\"><span class=\"vcex-button-inner theme-button-inner wpex-flex wpex-flex-wrap wpex-items-center wpex-justify-center\">DOWNLOAD PDF<\/span><\/a><\/div> [\/vc_column][\/vc_row][vc_row][vc_column][vc_column_text css=\u00bb.vc_custom_1756141560689{padding-top: 40px !important;padding-right: 40px !important;padding-bottom: 40px !important;padding-left: 40px !important;background-color: #F1F2E0 !important;}\u00bb]\n<h3><strong>Lo eterno de lo infantil<\/strong><\/h3>\n<p><span style=\"color: #ff0000;\"><em>Audit\u00f3rio C &#8211; 1\u00ba piso<\/em><\/span><\/p>\n<p>Coordinan: Nohem\u00ed Brown (Brasil) e Raquel Cors (Chile)<\/p>\n<p>Lectores: Ana Maria Sol\u00eds (Chile), Fernando Vitale (Argentina), R\u00f4mulo Ferreira da Silva (Brasil), Silvia Pino (Argentina)<\/p>\n<p>Puente: Mirmila Musse (Brasil)<\/p>\n<p style=\"padding-left: 40px;\"><span style=\"color: #000000;\"><a style=\"color: #000000;\" href=\"https:\/\/enapol.com\/xii\/es\/modalidades-de-morir-en-el-siglo-xxi\/\"><strong><em>Modalidades de morir en el siglo XXI<\/em><\/strong><\/a><\/span><\/p>\n<p style=\"padding-left: 40px;\">Relatores: Cristiane Grillo (Brasil) Elena Levy Yeyati (Argentina) Paula del Cioppo (M\u00e9xico)<\/p>\n<p style=\"padding-left: 40px;\"><span style=\"color: #000000;\"><a style=\"color: #000000;\" href=\"https:\/\/enapol.com\/xii\/es\/el-inconsciente-fuera-de-tiempo\/\"><strong><em>El Inconsciente fuera del tiempo<\/em><\/strong><\/a><\/span><\/p>\n<p style=\"padding-left: 40px;\">Relatores: Carolina Puchet (M\u00e9xico) Marcela Molinari (Argentina)<\/p>\n<h3><strong>Leer lo insoportable de la infancia<\/strong><\/h3>\n<p><span style=\"color: #ff0000;\"><em>Sala 1 &#8211; 3\u00ba piso<\/em><\/span><\/p>\n<p>Coordinan: Laura Arciniegas (Colombia) e Lucas Leserre (Argentina)<\/p>\n<p>Lectores: Edna G\u00f3mez (M\u00e9xico) In\u00e9s Sotelo (Argentina) Miguel Antunes (Brasil) Val\u00e9ria Ferranti (Brasil)<\/p>\n<p>Puente: Gladys Mart\u00ednez (Colombia)<\/p>\n<p style=\"padding-left: 40px;\"><span style=\"color: #000000;\"><a style=\"color: #000000;\" href=\"https:\/\/enapol.com\/xii\/es\/como-el-nino-interroga-el-amor-de-transferencia\/\"><strong><em>\u00bfC\u00f3mo el ni\u00f1o interroga el amor de transferencia?\u00a0<\/em><\/strong><\/a><\/span><\/p>\n<p style=\"padding-left: 40px;\">Relatores: Carolina Vignoli (Chile) Susane Zanotti (Brasil)<\/p>\n<p style=\"padding-left: 40px;\"><span style=\"color: #000000;\"><a style=\"color: #000000;\" href=\"https:\/\/enapol.com\/xii\/es\/como-se-depositan-las-marcas-de-goce\/\"><strong><em>\u00bfC\u00f3mo se depositan las marcas de goce?<\/em><\/strong><\/a><\/span><\/p>\n<p style=\"padding-left: 40px;\">Relatores: Liliana Aguilar (Argentina) e Maite Russi (Venezuela)<\/p>\n<h3><strong>Lo sexual de lo infantil<\/strong><\/h3>\n<p><span style=\"color: #ff0000;\"><em>Sala 2 &#8211; 3\u00ba piso<\/em><\/span><\/p>\n<p>Coordinan: Carlos Rossi (Argentina) Mar\u00eda Cristina Giraldo (Colombia)<\/p>\n<p>Lectores: Beatriz Udenio (Argentina) Cleide Monteiro (Brasil) Esteban Klainer (Argentina) Paulina Salinas (Chile)<\/p>\n<p>Puente: Eugenia Molina (Argentina)<\/p>\n<p style=\"padding-left: 40px;\"><span style=\"color: #000000;\"><a style=\"color: #000000;\" href=\"https:\/\/enapol.com\/xii\/es\/la-deserotizacion-del-mundo-pasiones-tristes-de-todos-los-generos\/\"><strong><em>La deserotizaci\u00f3n del mundo. Las pasiones tristes de todos los g\u00e9neros<\/em><\/strong><\/a><\/span><\/p>\n<p style=\"padding-left: 40px;\">Relatores: Gisela Smania (Argentina) Heloisa Telles (Brasil) Lorena Gre\u00f1as (Guatemala)<\/p>\n<h3><strong>La devastaci\u00f3n de la palabra<\/strong><\/h3>\n<p><span style=\"color: #ff0000;\"><em>Sala 5 &#8211; 3\u00ba piso<\/em><\/span><\/p>\n<p>Coordinan: Ana Tereza Groisman (Brasil) Fernando G\u00f3mez (Peru)<\/p>\n<p>Lectores: Alejandra Loray (Argentina) Henri Kaufmanner (Brasil) Paula Husni (Argentina) Rog\u00e9rio Barros (Brasil)<\/p>\n<p>Puente: Andrea Zelaya (Argentina)<\/p>\n<p style=\"padding-left: 40px;\"><span style=\"color: #000000;\"><a style=\"color: #000000;\" href=\"https:\/\/enapol.com\/xii\/es\/hemos-pasado-la-raya-la-devastacion-de-la-naturaleza-humana\/\"><strong><em>\u00bfHemos pasado la raya? La devastaci\u00f3n de la naturaleza humana<\/em><\/strong><\/a><\/span><\/p>\n<p style=\"padding-left: 40px;\">Relatores: Oscar Reymundo (Brasil) Paula Iturra (Chile) Viviana Mozzi (Argentina)<\/p>\n<h3><strong>Lalengua<\/strong>\u00a0<strong>desencadenada<\/strong><\/h3>\n<p><span style=\"color: #ff0000;\"><em>Sala 6 &#8211; 3\u00ba piso<\/em><\/span><\/p>\n<p>Coordinan: Adriana Laion (Argentina) Niraldo de Oliveira Santos (Brasil)<\/p>\n<p>Lectores: Louise Lhullier (Brasil) Manuel Zlotnik (Argentina) Silvana Di Rienzo (M\u00e9xico) Ruskaya Maia (Brasil)<\/p>\n<p>Puente: Marina Recalde (Argentina)<\/p>\n<p style=\"padding-left: 40px;\"><span style=\"color: #000000;\"><a style=\"color: #000000;\" href=\"https:\/\/enapol.com\/xii\/es\/el-germen-pulsional-y-lalengua\/\"><strong><em>El germen de lo pulsional y lalengua<\/em><\/strong><\/a><\/span><\/p>\n<p style=\"padding-left: 40px;\">Relatores: Graciela Gonz\u00e1lez Horowitz (Argentina) M\u00f4nica Hage (Brasil)<\/p>\n<h3><strong>El \u201cquiz\u00e1\u201d del ni\u00f1o y su locura<\/strong><\/h3>\n<p><span style=\"color: #ff0000;\"><em>Audit\u00f3rio C2 \u2013 1\u00ba piso<\/em><\/span><\/p>\n<p>Coordinan: M\u00f3nica Gurevicz (Argentina) S\u00e9rgio de Mattos (Brasil)<\/p>\n<p>Lectores: Andr\u00e9a Reis (Brasil) \u00c1lvaro Stella (Argentina) Gabriel Racki (Argentina) Mackling Limache (Per\u00fa)<\/p>\n<p>Puente: Fl\u00e1via C\u00eara (Brasil)<\/p>\n<p style=\"padding-left: 40px;\"><span style=\"color: #000000;\"><a style=\"color: #000000;\" href=\"https:\/\/enapol.com\/xii\/es\/el-colador-y-el-lenguaje\/\"><strong><em>El colador y el lenguaje<\/em><\/strong><\/a><\/span><\/p>\n<p style=\"padding-left: 40px;\">Relatores: Aliana Santana (M\u00e9xico) Cristiane Barreto (Brasil)<\/p>\n<p style=\"padding-left: 40px;\"><span style=\"color: #000000;\"><a style=\"color: #000000;\" href=\"https:\/\/enapol.com\/xii\/es\/el-goce-y-la-alegria\/\"><strong><em>l goce y la alegr\u00eda<\/em><\/strong><\/a><\/span><\/p>\n<p style=\"padding-left: 40px;\">Relatores:\u00a0 Francisco Pisani\u00a0(Chile) Li\u00e8ge Goulart (Brasil)<\/p>\n<h3><strong>Hijos del malentendido<\/strong><\/h3>\n<p><span style=\"color: #ff0000;\"><em>Sala 3 &#8211; 3\u00ba piso<\/em><\/span><\/p>\n<p>Coordinan: Alejandra Glaze (Argentina) S\u00e9rgio de Castro (Brasil)<\/p>\n<p>Lectores: F\u00e1tima Sarmento (Brasil) Jorge Chamorro (Argentina) Luiz Fernando Carrijo da Cunha (Brasil) Mar\u00eda Victoria Clavijo (Equador)<\/p>\n<p>Puente: Alejandro G\u00f3ngora (Chile)<\/p>\n<p style=\"padding-left: 40px;\"><span style=\"color: #000000;\"><a style=\"color: #000000;\" href=\"https:\/\/enapol.com\/xii\/es\/el-fantasma-de-la-epoca-el-hombre-neuronal-y-estilos-de-vida\/\"><strong><em>El fantasma de la \u00e9poca. El hombre neuronal y estilos de vida<\/em><\/strong><\/a><\/span><\/p>\n<p style=\"padding-left: 40px;\">Relatores: Carlos M\u00e1rquez (Colombia) Celeste Vi\u00f1al (Argentina) Paula Bors\u00f3i (Brasil)<\/p>\n<p style=\"padding-left: 40px;\"><span style=\"color: #000000;\"><a style=\"color: #000000;\" href=\"https:\/\/enapol.com\/xii\/es\/el-cuerpo-y-el-mal-entendido\/\"><strong><em>El cuerpo y el malentendido<\/em><\/strong><\/a><\/span><\/p>\n<p style=\"padding-left: 40px;\">Relatores:\u00a0Leticia Acevedo (Argentina) T\u00e2nia Martins\u00a0(Brasil)<\/p>\n<h3><strong>No\u00a0hay\u00a0personas mayores<\/strong><\/h3>\n<p><span style=\"color: #ff0000;\"><em>Sala 4 &#8211; 3\u00ba piso<\/em><\/span><\/p>\n<p>Coordinan: Iordan Gurgel (Brasil) Sandra Grostein (Brasil)<\/p>\n<p>Lectores: Cecilia Fasano (Argentina) Cecilia Rubinetti (Argentina) Gilson Iannini (Brasil) Maria do Ros\u00e1rio Collier do R\u00eago Barros (Brasil)<\/p>\n<p>Puente: Isabel do R\u00eago Barros Duarte (Brasil)<\/p>\n<p style=\"padding-left: 40px;\"><span style=\"color: #000000;\"><a style=\"color: #000000;\" href=\"https:\/\/enapol.com\/xii\/es\/me-divierto\/\"><strong><em>\u00a1Me divierto!<\/em><\/strong><\/a><\/span><\/p>\n<p style=\"padding-left: 40px;\">Relatores:\u00a0Alessandra Pecego (Brasil) Flory Kruger (Argentina)<\/p>\n[\/vc_column_text][\/vc_column][\/vc_row]\n<\/div>","protected":false},"excerpt":{"rendered":"<p>[vc_row][vc_column][\/vc_column][\/vc_row][vc_row][vc_column][vc_column_text css=\u00bb\u00bb] PROGRAMA XII ENAPOL CONVERSACIONES FEDERATIVAS [\/vc_column_text][vc_column_text css=\u00bb\u00bb] 06 SEPTIEMBRE \u2022 S\u00c1BADO \u2022 15h -18h [\/vc_column_text][\/vc_column][\/vc_row][vc_row][vc_column][vc_column_text css=\u00bb.vc_custom_1756141560689{padding-top: 40px !important;padding-right: 40px !important;padding-bottom: 40px !important;padding-left: 40px !important;background-color: #F1F2E0 !important;}\u00bb] Lo eterno de lo infantil Audit\u00f3rio C &#8211; 1\u00ba piso Coordinan: Nohem\u00ed Brown (Brasil) e Raquel Cors (Chile) Lectores: Ana Maria Sol\u00eds (Chile), Fernando Vitale (Argentina), R\u00f4mulo&hellip;<\/p>\n","protected":false},"author":3,"featured_media":0,"parent":931,"menu_order":0,"comment_status":"closed","ping_status":"closed","template":"","meta":{"_monsterinsights_skip_tracking":false,"_monsterinsights_sitenote_active":false,"_monsterinsights_sitenote_note":"","_monsterinsights_sitenote_category":0,"footnotes":""},"_links":{"self":[{"href":"https:\/\/enapol.com\/xii\/es\/wp-json\/wp\/v2\/pages\/7347"}],"collection":[{"href":"https:\/\/enapol.com\/xii\/es\/wp-json\/wp\/v2\/pages"}],"about":[{"href":"https:\/\/enapol.com\/xii\/es\/wp-json\/wp\/v2\/types\/page"}],"author":[{"embeddable":true,"href":"https:\/\/enapol.com\/xii\/es\/wp-json\/wp\/v2\/users\/3"}],"replies":[{"embeddable":true,"href":"https:\/\/enapol.com\/xii\/es\/wp-json\/wp\/v2\/comments?post=7347"}],"version-history":[{"count":7,"href":"https:\/\/enapol.com\/xii\/es\/wp-json\/wp\/v2\/pages\/7347\/revisions"}],"predecessor-version":[{"id":7921,"href":"https:\/\/enapol.com\/xii\/es\/wp-json\/wp\/v2\/pages\/7347\/revisions\/7921"}],"up":[{"embeddable":true,"href":"https:\/\/enapol.com\/xii\/es\/wp-json\/wp\/v2\/pages\/931"}],"wp:attachment":[{"href":"https:\/\/enapol.com\/xii\/es\/wp-json\/wp\/v2\/media?parent=7347"}],"curies":[{"name":"wp","href":"https:\/\/api.w.org\/{rel}","templated":true}]}}