{"id":7396,"date":"2025-08-23T08:23:56","date_gmt":"2025-08-23T11:23:56","guid":{"rendered":"https:\/\/enapol.com\/xii\/?page_id=7396"},"modified":"2025-08-23T08:23:57","modified_gmt":"2025-08-23T11:23:57","slug":"bellas-artes","status":"publish","type":"page","link":"https:\/\/enapol.com\/xii\/es\/recepcion\/bellas-artes\/","title":{"rendered":"Bellas Artes"},"content":{"rendered":"<div class=\"wpb-content-wrapper\">[vc_row][vc_column width=\u00bb2\/3&#8243;][vc_column_text css=\u00bb\u00bb]\n<h3><span style=\"color: #ff0000;\"><strong>\u201cSoy un artista Multindisciplinar\u201d<\/strong><\/span><\/h3>\n<p>Marco Paulo Rolla se define como un artista \u201cmultindisciplinar\u201d. Una letra que transforma la palabra, nombra a un artista y que al mismo tiempo le permite a su cuerpo transitar por las diversas formas de expresiones art\u00edsticas. Su trayectoria est\u00e1 marcada por experiencias simult\u00e1neas en m\u00fasica, danza, performance, teatro y artes visuales; es reflejo de una visi\u00f3n expandida del arte, donde los lenguajes no se separan, sino que se atraviesan y se alimentan. Desde los tiempos de formaci\u00f3n en la <em>Fundaci\u00f3n de Educaci\u00f3n Art\u00edstica<\/em>, en Belo Horizonte, Rolla ya transitaba entre m\u00faltiples expresiones: estudiaba m\u00fasica, bailaba, performaba. \u201cTodo al mismo tiempo\u201d, como \u00e9l mismo afirma. Esa mezcla, lejos de ser confusa, era (y sigue siendo) el cimiento de su pr\u00e1ctica.<\/p>\n<p>Para \u00e9l, esa fluidez no es solo una elecci\u00f3n personal, sino que tambi\u00e9n est\u00e1 ligada al modo en que el artista contempor\u00e1neo se forma \u2014ya no restringido a categor\u00edas estancas, sino abierto a atravesamientos y experimentaciones. Rolla ve en figuras como Alberto da Veiga Guignard un ejemplo precursor de esa postura, especialmente en el contexto minero. Guignard, recuerda \u00e9l, no aceptaba los moldes conservadores de la academia de R\u00edo de Janeiro y prefer\u00eda dar clases al aire libre, en contacto directo con la naturaleza y lo cotidiano, desafiando la rigidez institucional y proponiendo una experiencia art\u00edstica m\u00e1s integrada a la realidad.<\/p>\n<p>Esa herencia, seg\u00fan el artista, reverbera hasta hoy en las pr\u00e1cticas art\u00edsticas de Minas Gerais, donde \u00e9l percibe un cierto \u201cbarroquismo energ\u00e9tico\u201d, una mezcla intensa entre fe, arte, pol\u00edtica y caos creativo que conforma un caldo f\u00e9rtil para la creaci\u00f3n. Ve en la performance, en el acontecimiento, en el cuerpo en acci\u00f3n, territorios naturales de expresi\u00f3n, m\u00e1s que en la obra final en s\u00ed. Marco recuerda, por ejemplo, la importancia de algunos proyectos art\u00edsticos como el \u201cMuseo de Arte Viva\u201d dentro de la <em>Fundaci\u00f3n de Educaci\u00f3n Art\u00edstica<\/em>, que ten\u00edan lugar casi de forma clandestina, siempre que la direcci\u00f3n tradicional se ausentaba \u2014una celebraci\u00f3n del improviso, del <em>nonsense<\/em>, de la ruptura con la l\u00f3gica lineal.<\/p>\n<p>Despu\u00e9s de a\u00f1os viviendo y estudiando en Europa \u2014especialmente en Holanda, donde particip\u00f3 en iniciativas dirigidas a la creaci\u00f3n de redes art\u00edsticas del sur global\u2014 volvi\u00f3 a Minas motivado tambi\u00e9n por cuestiones afectivas. Pero ese retorno no fue un recomienzo pasivo: trajo con \u00e9l un bagaje internacional y una disposici\u00f3n de \u201cpasar la topadora\u201d por la escena local, expandiendo fronteras y conectando artistas y experiencias.<\/p>\n<p>Hoy se siente m\u00e1s necesario aqu\u00ed. Act\u00faa como catalizador de nuevas conexiones y sigue invirtiendo en proyectos que promueven la mezcla entre lenguajes, culturas y geograf\u00edas. Su arte, profundamente enraizado en el cuerpo y en el acontecimiento, es una respuesta directa a las estructuras r\u00edgidas y a las opresiones pol\u00edticas que a\u00fan atraviesan al pa\u00eds. Con humor, cr\u00edtica y libertad, Marco Paulo Rolla contin\u00faa encarnando la potencia del artista que se reh\u00fasa a caber en cualquier molde \u2014y justamente por eso, permanece relevante, provocador y absolutamente contempor\u00e1neo.<\/p>\n[\/vc_column_text][\/vc_column][vc_column width=\u00bb1\/3&#8243;]<div class=\"vcex-spacing wpex-w-100 wpex-clear\"><\/div><figure class=\"vcex-image vcex-module wpex-text-center\"><div class=\"vcex-image-inner wpex-relative wpex-inline-block\"><img width=\"250\" height=\"293\" src=\"https:\/\/enapol.com\/xii\/wp-content\/uploads\/sites\/10\/2025\/08\/Marco-Paulo-Rolla-002.png\" class=\"vcex-image-img wpex-align-middle\" alt=\"\" loading=\"lazy\" decoding=\"async\" \/><\/div><\/figure><div class=\"vcex-spacing wpex-w-100 wpex-clear\"><\/div><figure class=\"vcex-image vcex-module\"><div class=\"vcex-image-inner wpex-relative wpex-inline-block\"><img width=\"567\" height=\"433\" src=\"https:\/\/enapol.com\/xii\/wp-content\/uploads\/sites\/10\/2025\/08\/Marco-Paulo-Rolla-001.png\" class=\"vcex-image-img wpex-align-middle\" alt=\"\" loading=\"lazy\" decoding=\"async\" srcset=\"https:\/\/enapol.com\/xii\/wp-content\/uploads\/sites\/10\/2025\/08\/Marco-Paulo-Rolla-001.png 567w, https:\/\/enapol.com\/xii\/wp-content\/uploads\/sites\/10\/2025\/08\/Marco-Paulo-Rolla-001-300x229.png 300w, https:\/\/enapol.com\/xii\/wp-content\/uploads\/sites\/10\/2025\/08\/Marco-Paulo-Rolla-001-500x382.png 500w\" sizes=\"(max-width: 567px) 100vw, 567px\" \/><\/div><\/figure>[\/vc_column][\/vc_row]\n<\/div>","protected":false},"excerpt":{"rendered":"<p>[vc_row][vc_column width=\u00bb2\/3&#8243;][vc_column_text css=\u00bb\u00bb] \u201cSoy un artista Multindisciplinar\u201d Marco Paulo Rolla se define como un artista \u201cmultindisciplinar\u201d. Una letra que transforma la palabra, nombra a un artista y que al mismo tiempo le permite a su cuerpo transitar por las diversas formas de expresiones art\u00edsticas. Su trayectoria est\u00e1 marcada por experiencias simult\u00e1neas en m\u00fasica, danza, performance,&hellip;<\/p>\n","protected":false},"author":3,"featured_media":0,"parent":570,"menu_order":0,"comment_status":"closed","ping_status":"closed","template":"","meta":{"_monsterinsights_skip_tracking":false,"_monsterinsights_sitenote_active":false,"_monsterinsights_sitenote_note":"","_monsterinsights_sitenote_category":0,"footnotes":""},"_links":{"self":[{"href":"https:\/\/enapol.com\/xii\/es\/wp-json\/wp\/v2\/pages\/7396"}],"collection":[{"href":"https:\/\/enapol.com\/xii\/es\/wp-json\/wp\/v2\/pages"}],"about":[{"href":"https:\/\/enapol.com\/xii\/es\/wp-json\/wp\/v2\/types\/page"}],"author":[{"embeddable":true,"href":"https:\/\/enapol.com\/xii\/es\/wp-json\/wp\/v2\/users\/3"}],"replies":[{"embeddable":true,"href":"https:\/\/enapol.com\/xii\/es\/wp-json\/wp\/v2\/comments?post=7396"}],"version-history":[{"count":2,"href":"https:\/\/enapol.com\/xii\/es\/wp-json\/wp\/v2\/pages\/7396\/revisions"}],"predecessor-version":[{"id":7398,"href":"https:\/\/enapol.com\/xii\/es\/wp-json\/wp\/v2\/pages\/7396\/revisions\/7398"}],"up":[{"embeddable":true,"href":"https:\/\/enapol.com\/xii\/es\/wp-json\/wp\/v2\/pages\/570"}],"wp:attachment":[{"href":"https:\/\/enapol.com\/xii\/es\/wp-json\/wp\/v2\/media?parent=7396"}],"curies":[{"name":"wp","href":"https:\/\/api.w.org\/{rel}","templated":true}]}}