{"id":7412,"date":"2025-08-23T08:42:26","date_gmt":"2025-08-23T11:42:26","guid":{"rendered":"https:\/\/enapol.com\/xii\/encuentro\/7402-2\/"},"modified":"2025-08-31T17:05:07","modified_gmt":"2025-08-31T20:05:07","slug":"programa-plenarias-05-septiembre","status":"publish","type":"page","link":"https:\/\/enapol.com\/xii\/es\/encuentro\/programa-plenarias-05-septiembre\/","title":{"rendered":"Programa Plenarias \u2022 05 SEPTIEMBRE"},"content":{"rendered":"<div class=\"wpb-content-wrapper\">[vc_row][vc_column]<div class=\"vcex-spacing wpex-w-100 wpex-clear\" style=\"height:50px;\"><\/div>[\/vc_column][\/vc_row][vc_row][vc_column]<figure class=\"vcex-image vcex-module wpex-text-center\"><div class=\"vcex-image-inner wpex-relative wpex-inline-block\"><img width=\"800\" height=\"126\" src=\"https:\/\/enapol.com\/xii\/wp-content\/uploads\/sites\/10\/2025\/08\/top_programas_site.png\" class=\"vcex-image-img wpex-align-middle\" alt=\"\" loading=\"lazy\" decoding=\"async\" srcset=\"https:\/\/enapol.com\/xii\/wp-content\/uploads\/sites\/10\/2025\/08\/top_programas_site.png 800w, https:\/\/enapol.com\/xii\/wp-content\/uploads\/sites\/10\/2025\/08\/top_programas_site-300x47.png 300w, https:\/\/enapol.com\/xii\/wp-content\/uploads\/sites\/10\/2025\/08\/top_programas_site-768x121.png 768w, https:\/\/enapol.com\/xii\/wp-content\/uploads\/sites\/10\/2025\/08\/top_programas_site-500x79.png 500w, https:\/\/enapol.com\/xii\/wp-content\/uploads\/sites\/10\/2025\/08\/top_programas_site-700x110.png 700w\" sizes=\"(max-width: 800px) 100vw, 800px\" \/><\/div><\/figure>[vc_column_text css=\u00bb\u00bb]\n<h3 style=\"text-align: center;\"><span style=\"color: #847d76;\">PROGRAMA<\/span><br \/>\n<span style=\"color: #aaa192;\">XII<\/span> <span style=\"color: #847d76;\">ENAPOL<\/span><br \/>\n<span style=\"color: #847d76;\">PLENARIAS<\/span><\/h3>\n[\/vc_column_text]<div class=\"vcex-spacing wpex-w-100 wpex-clear\"><\/div><style>.vcex-button.vcex_69da8062eaccf{background:var(--wpex-accent);color:#ffffff!important;}.vcex-button.vcex_69da8062eaccf:hover{background:var(--wpex-accent-alt)!important;color:#ffffff!important;}<\/style><div class=\"theme-button-wrap textcenter wpex-clr\"><a href=\"https:\/\/enapol.com\/xii\/wp-content\/uploads\/sites\/10\/2025\/08\/PROGRAMA-PLENARIAS-ESP.pdf\" class=\"vcex-button theme-button align-center inline vcex_69da8062eaccf\"><span class=\"vcex-button-inner theme-button-inner wpex-flex wpex-flex-wrap wpex-items-center wpex-justify-center\">DOWNLOAD PDF<\/span><\/a><\/div> <div class=\"vcex-spacing wpex-w-100 wpex-clear\"><\/div><figure class=\"vcex-image vcex-module wpex-text-center\"><div class=\"vcex-image-inner wpex-relative wpex-inline-block\"><img width=\"595\" height=\"11\" src=\"https:\/\/enapol.com\/xii\/wp-content\/uploads\/sites\/10\/2025\/08\/linha_programas_site.png\" class=\"vcex-image-img wpex-align-middle\" alt=\"\" loading=\"lazy\" decoding=\"async\" srcset=\"https:\/\/enapol.com\/xii\/wp-content\/uploads\/sites\/10\/2025\/08\/linha_programas_site.png 595w, https:\/\/enapol.com\/xii\/wp-content\/uploads\/sites\/10\/2025\/08\/linha_programas_site-300x6.png 300w, https:\/\/enapol.com\/xii\/wp-content\/uploads\/sites\/10\/2025\/08\/linha_programas_site-500x9.png 500w\" sizes=\"(max-width: 595px) 100vw, 595px\" \/><\/div><\/figure><div class=\"vcex-spacing wpex-w-100 wpex-clear\"><\/div>[vc_column_text css=\u00bb\u00bb]\n<h4 style=\"text-align: center;\"><span style=\"color: #847d76;\">05 SEPTIEMBRE <\/span><span style=\"color: #ff0000;\">\u2022<\/span> <span style=\"color: #847d76;\">VIERNES<\/span><\/h4>\n[\/vc_column_text][\/vc_column][\/vc_row][vc_row][vc_column][vc_column_text css=\u00bb.vc_custom_1756070937477{padding-top: 40px !important;padding-right: 40px !important;padding-bottom: 40px !important;padding-left: 40px !important;background-color: #f6f2ef!important !important;}\u00bb]\n<h3><span style=\"color: #ff0000;\"><strong>Ma\u00f1ana<\/strong><\/span><\/h3>\n<h4><span style=\"color: #ff0000;\">08h00 \u2022 <\/span>Acreditaci\u00f3n<\/h4>\n<h4><span style=\"color: #ff0000;\">8h45 <\/span><strong><span style=\"color: #ff0000;\">\u2022<\/span> Apertura<\/strong><\/h4>\n<p style=\"padding-left: 40px;\">Fernanda Otoni Brisset \u2013 Presidenta de la FAPOL<\/p>\n<p style=\"padding-left: 40px;\">Helenice de Castro \u2013 Directora del XII ENAPOL<\/p>\n<h4><span style=\"color: #ff0000;\">09h40 \u2022<\/span><strong> C\u00f3mo hablar al ni\u00f1o<\/strong><\/h4>\n<p style=\"padding-left: 40px;\">Conferencia de Christiane Alberti \u2013 Presidenta de la AMP<\/p>\n<p style=\"padding-left: 40px;\">S\u00e9rgio de Campos (Brasil) recibe a Christiane Alberti para conversar con Franco Masi (Argentina), Gresiela Nunes da Rosa (Brasil) y Peter Molineaux (Chile)<\/p>\n<h4><span style=\"color: #ff0000;\">10h30 \u2022<\/span><strong> \u00a1Todo el mundo es ni\u00f1o!<\/strong><\/h4>\n<p style=\"padding-left: 40px;\">Hilo del ovillo: Marcela Antelo (Brasil)<\/p>\n<p style=\"padding-left: 40px;\">Preside: Gabriela Camaly (Argentina)<\/p>\n<p style=\"padding-left: 40px;\">Presentan: Oscar Zack (Argentina) y Daniela Viola (Brasil)<\/p>\n<p style=\"padding-left: 40px;\">Discuten: Jorge Assef (Argentina) y Viviana Berger (M\u00e9xico)<\/p>\n<h4><span style=\"color: #ff0000;\">11h40 \u2022<\/span><strong> El ronr\u00f3n de lalengua <\/strong><\/h4>\n<p style=\"padding-left: 40px;\">Entrevista con Jo\u00e3o Bosco, compositor brasile\u00f1o<\/p>\n<p style=\"padding-left: 40px;\">Alejandro Reinoso (Chile) tira el hilo del ovillo y junto con Irene Kuperwajs (Argentina) reciben a Marita Salgado (Argentina) y Rodrigo Almeida (Brasil) en una conversaci\u00f3n con D\u00e9bora Rabinovich (Argentina) y Ana Lucia Lutterbach (Brasil)<\/p>\n<h4><span style=\"color: #ff0000;\">13h00 \u2022<\/span><strong> Almuerzo<\/strong><\/h4>\n<h3><span style=\"color: #ff0000;\"><strong>TARDE<\/strong><\/span><\/h3>\n<h4><span style=\"color: #ff0000;\">14h30 \u2022<\/span><strong> El ni\u00f1o que no habla y sus objetos<\/strong><\/h4>\n<p style=\"padding-left: 40px;\">Hilo del ovillo: Eugenia Serrano (Argentina)<\/p>\n<p style=\"padding-left: 40px;\">Preside: Adolfo Ruiz (Colombia)<\/p>\n<p style=\"padding-left: 40px;\">Presentan: Lucas Horvath (Argentina) y Rachel Botrel (Brasil)<\/p>\n<p style=\"padding-left: 40px;\">Discuten: Patricio \u00c1lvarez Bay\u00f3n (Argentina) y Heloisa Telles (Brasil)<\/p>\n<h4><span style=\"color: #ff0000;\">15h40 \u2022<\/span><strong> Cuando a\u00fan no sabe leer&#8230;<\/strong><\/h4>\n<p style=\"padding-left: 40px;\">Participaci\u00f3n especial del actor Jonnatha Horta Fortes<\/p>\n<p style=\"padding-left: 40px;\">\u00c8ve Miller-Rose (Francia) tira el hilo del ovillo y junto con Silvia Tendlarz (Argentina) reciben a Pablo Olivero (Argentina) y Glacy Gorski (Brasil) en una conversaci\u00f3n con Florencia Dassen (Argentina) y Cristina Vidigal (Brasil)<\/p>\n<h4><span style=\"color: #ff0000;\">17h \u2022<\/span><strong> Pausa<\/strong><\/h4>\n<h4><span style=\"color: #ff0000;\">17h10 \u2022<\/span><strong> Ense\u00f1anza del Pase<\/strong><\/h4>\n<p style=\"padding-left: 40px;\">La neurosis infantil: trauma, fantasma y s\u00edntoma<\/p>\n<p style=\"padding-left: 40px;\">Presenta: Mariana G\u00f3mez (A.E. en ejercicio)<\/p>\n<p style=\"padding-left: 40px;\">Comenta: Ram Mandil (Brasil)<\/p>\n<p style=\"padding-left: 40px;\">Preside: Silvia Salman &#8211; Secretaria del Pase EOL\/AMP<\/p>\n<h4><span style=\"color: #ff0000;\">17h50 \u2022<\/span><strong> Qu\u00e9 ser\u00e1 el ma\u00f1ana<\/strong><\/h4>\n<p style=\"padding-left: 40px;\">Simone Souto \u2013 Jornada Cl\u00ednica<\/p>\n<p style=\"padding-left: 40px;\">Marcus Andr\u00e9 Vieira \u2013 Conversaciones Federativas.<\/p>\n<h4><span style=\"color: #ff0000;\">20h00 \u2022<\/span> <strong>Fiesta ZIRIGUIDUM<\/strong><\/h4>\n[\/vc_column_text][\/vc_column][\/vc_row]\n<\/div>","protected":false},"excerpt":{"rendered":"<p>[vc_row][vc_column][\/vc_column][\/vc_row][vc_row][vc_column][vc_column_text css=\u00bb\u00bb] PROGRAMA XII ENAPOL PLENARIAS [\/vc_column_text][vc_column_text css=\u00bb\u00bb] 05 SEPTIEMBRE \u2022 VIERNES [\/vc_column_text][\/vc_column][\/vc_row][vc_row][vc_column][vc_column_text css=\u00bb.vc_custom_1756070937477{padding-top: 40px !important;padding-right: 40px !important;padding-bottom: 40px !important;padding-left: 40px !important;background-color: #f6f2ef!important !important;}\u00bb] Ma\u00f1ana 08h00 \u2022 Acreditaci\u00f3n 8h45 \u2022 Apertura Fernanda Otoni Brisset \u2013 Presidenta de la FAPOL Helenice de Castro \u2013 Directora del XII ENAPOL 09h40 \u2022 C\u00f3mo hablar al ni\u00f1o Conferencia de&hellip;<\/p>\n","protected":false},"author":3,"featured_media":0,"parent":552,"menu_order":0,"comment_status":"closed","ping_status":"closed","template":"","meta":{"_monsterinsights_skip_tracking":false,"_monsterinsights_sitenote_active":false,"_monsterinsights_sitenote_note":"","_monsterinsights_sitenote_category":0,"footnotes":""},"_links":{"self":[{"href":"https:\/\/enapol.com\/xii\/es\/wp-json\/wp\/v2\/pages\/7412"}],"collection":[{"href":"https:\/\/enapol.com\/xii\/es\/wp-json\/wp\/v2\/pages"}],"about":[{"href":"https:\/\/enapol.com\/xii\/es\/wp-json\/wp\/v2\/types\/page"}],"author":[{"embeddable":true,"href":"https:\/\/enapol.com\/xii\/es\/wp-json\/wp\/v2\/users\/3"}],"replies":[{"embeddable":true,"href":"https:\/\/enapol.com\/xii\/es\/wp-json\/wp\/v2\/comments?post=7412"}],"version-history":[{"count":15,"href":"https:\/\/enapol.com\/xii\/es\/wp-json\/wp\/v2\/pages\/7412\/revisions"}],"predecessor-version":[{"id":7913,"href":"https:\/\/enapol.com\/xii\/es\/wp-json\/wp\/v2\/pages\/7412\/revisions\/7913"}],"up":[{"embeddable":true,"href":"https:\/\/enapol.com\/xii\/es\/wp-json\/wp\/v2\/pages\/552"}],"wp:attachment":[{"href":"https:\/\/enapol.com\/xii\/es\/wp-json\/wp\/v2\/media?parent=7412"}],"curies":[{"name":"wp","href":"https:\/\/api.w.org\/{rel}","templated":true}]}}