{"id":745,"date":"2025-01-24T17:40:47","date_gmt":"2025-01-24T16:40:47","guid":{"rendered":"https:\/\/enapol.com\/xii\/?page_id=745"},"modified":"2025-02-07T17:47:50","modified_gmt":"2025-02-07T16:47:50","slug":"reembolso_devoluciones","status":"publish","type":"page","link":"https:\/\/enapol.com\/xii\/es\/reembolso_devoluciones\/","title":{"rendered":"Pol\u00edtica de devoluciones y reembolsos"},"content":{"rendered":"<p><span style=\"color: #ff0000; font-family: 'Open Sans Condensed'; font-size: var(--wpex-text-lg); font-style: var(--wpex-heading-font-style); font-weight: 600; letter-spacing: var(--wpex-heading-letter-spacing); text-transform: var(--wpex-heading-text-transform);\">POL\u00cdTICA DE CANCELACI\u00d3N DE INSCRIPCIONES XII ENAPOL:<\/span><\/p>\r\n<ol>\r\n<li><strong>Solicitud de Cancelaci\u00f3n:<\/strong><\/li>\r\n<\/ol>\r\n<ul>\r\n<li style=\"list-style-type: none;\">\r\n<ul>\r\n<li>Si por alg\u00fan motivo usted necesitara cancelar su suscripci\u00f3n, le solicitamos que se comunique con nosotros lo antes posible para iniciar el proceso de cancelaci\u00f3n.<\/li>\r\n<\/ul>\r\n<\/li>\r\n<\/ul>\r\n<ol start=\"2\">\r\n<li><strong>Tarifa de cancelaci\u00f3n:<\/strong><\/li>\r\n<\/ol>\r\n<ul>\r\n<li style=\"list-style-type: none;\">\r\n<ul>\r\n<li>Se aplicar\u00e1 una tarifa de cancelaci\u00f3n del 10% a todas las solicitudes de cancelaci\u00f3n de inscripci\u00f3n al encuentro. Esa tarifa est\u00e1 destinada a cubrir los costos administrativos y bancarios asociados con la cancelaci\u00f3n.<\/li>\r\n<li>El importe a ser restituido ser\u00e1 el importe pagado menos los gastos de cancelaci\u00f3n.<\/li>\r\n<\/ul>\r\n<\/li>\r\n<\/ul>\r\n<ol start=\"3\">\r\n<li><strong>Proceso de reembolso:<\/strong><\/li>\r\n<\/ol>\r\n<ul>\r\n<li style=\"list-style-type: none;\">\r\n<ul>\r\n<li>Una vez recibida su solicitud de reembolso, le enviaremos un correo electr\u00f3nico para notificarle que la hemos recibido.<\/li>\r\n<li>Los reembolsos ser\u00e1n realizados utilizando el mismo m\u00e9todo de pago utilizado para el registro inicial. Esto puede incluir transferencia bancaria, devoluci\u00f3n de cargo a tarjeta de cr\u00e9dito u otro m\u00e9todo, seg\u00fan corresponda.<\/li>\r\n<li>El plazo para acreditar un reembolso puede variar seg\u00fan el m\u00e9todo de pago, pero generalmente es dentro de los 7 d\u00edas h\u00e1biles posteriores a la solicitud de cancelaci\u00f3n.<\/li>\r\n<\/ul>\r\n<\/li>\r\n<\/ul>\r\n<ol start=\"4\">\r\n<li><strong>Pol\u00edtica de Plazos:<\/strong><\/li>\r\n<\/ol>\r\n<ul>\r\n<li style=\"list-style-type: none;\">\r\n<ul>\r\n<li>\u00a0Las cancelaciones realizadas antes del 15\/08\/2024 podr\u00e1n tener derecho a un reembolso completo, deduciendo \u00fanicamente la tarifa de cancelaci\u00f3n. Despu\u00e9s de esta fecha, no se podr\u00e1n procesar reembolsos.<\/li>\r\n<\/ul>\r\n<\/li>\r\n<\/ul>\r\n<ol start=\"5\">\r\n<li><strong>Contacto:<\/strong><\/li>\r\n<\/ol>\r\n<ul>\r\n<li style=\"list-style-type: none;\">\r\n<ul>\r\n<li>\u00a0Para solicitar la cancelaci\u00f3n de la inscripci\u00f3n o para cualquier consulta, por favor cont\u00e1ctenos v\u00eda email: <a href=\"mailto: enapolxii@gmail.com\"> enapolxii@gmail.com<\/a><\/li>\r\n<\/ul>\r\n<\/li>\r\n<\/ul>\r\n<p><\/p>\r\n<!-- \/wp:paragraph -->","protected":false},"excerpt":{"rendered":"<p>POL\u00cdTICA DE CANCELACI\u00d3N DE INSCRIPCIONES XII ENAPOL: Solicitud de Cancelaci\u00f3n: Si por alg\u00fan motivo usted necesitara cancelar su suscripci\u00f3n, le solicitamos que se comunique con nosotros lo antes posible para iniciar el proceso de cancelaci\u00f3n. Tarifa de cancelaci\u00f3n: Se aplicar\u00e1 una tarifa de cancelaci\u00f3n del 10% a todas las solicitudes de cancelaci\u00f3n de inscripci\u00f3n al&hellip;<\/p>\n","protected":false},"author":1,"featured_media":0,"parent":0,"menu_order":0,"comment_status":"closed","ping_status":"closed","template":"","meta":{"_monsterinsights_skip_tracking":false,"_monsterinsights_sitenote_active":false,"_monsterinsights_sitenote_note":"","_monsterinsights_sitenote_category":0,"footnotes":""},"_links":{"self":[{"href":"https:\/\/enapol.com\/xii\/es\/wp-json\/wp\/v2\/pages\/745"}],"collection":[{"href":"https:\/\/enapol.com\/xii\/es\/wp-json\/wp\/v2\/pages"}],"about":[{"href":"https:\/\/enapol.com\/xii\/es\/wp-json\/wp\/v2\/types\/page"}],"author":[{"embeddable":true,"href":"https:\/\/enapol.com\/xii\/es\/wp-json\/wp\/v2\/users\/1"}],"replies":[{"embeddable":true,"href":"https:\/\/enapol.com\/xii\/es\/wp-json\/wp\/v2\/comments?post=745"}],"version-history":[{"count":4,"href":"https:\/\/enapol.com\/xii\/es\/wp-json\/wp\/v2\/pages\/745\/revisions"}],"predecessor-version":[{"id":1346,"href":"https:\/\/enapol.com\/xii\/es\/wp-json\/wp\/v2\/pages\/745\/revisions\/1346"}],"wp:attachment":[{"href":"https:\/\/enapol.com\/xii\/es\/wp-json\/wp\/v2\/media?parent=745"}],"curies":[{"name":"wp","href":"https:\/\/api.w.org\/{rel}","templated":true}]}}