{"id":7646,"date":"2025-08-25T16:04:01","date_gmt":"2025-08-25T19:04:01","guid":{"rendered":"https:\/\/enapol.com\/xii\/?page_id=7646"},"modified":"2025-09-02T19:51:50","modified_gmt":"2025-09-02T22:51:50","slug":"programa-plenarias-07-setembro","status":"publish","type":"page","link":"https:\/\/enapol.com\/xii\/es\/programa-plenarias-07-setembro\/","title":{"rendered":"Programa Plen\u00e1rias \u2022 07 SETEMBRO"},"content":{"rendered":"<div class=\"wpb-content-wrapper\">[vc_row][vc_column]<div class=\"vcex-spacing wpex-w-100 wpex-clear\" style=\"height:50px;\"><\/div>[\/vc_column][\/vc_row][vc_row][vc_column]<figure class=\"vcex-image vcex-module wpex-text-center\"><div class=\"vcex-image-inner wpex-relative wpex-inline-block\"><img width=\"800\" height=\"126\" src=\"https:\/\/enapol.com\/xii\/wp-content\/uploads\/sites\/10\/2025\/08\/top_programas_site.png\" class=\"vcex-image-img wpex-align-middle\" alt=\"\" loading=\"lazy\" decoding=\"async\" srcset=\"https:\/\/enapol.com\/xii\/wp-content\/uploads\/sites\/10\/2025\/08\/top_programas_site.png 800w, https:\/\/enapol.com\/xii\/wp-content\/uploads\/sites\/10\/2025\/08\/top_programas_site-300x47.png 300w, https:\/\/enapol.com\/xii\/wp-content\/uploads\/sites\/10\/2025\/08\/top_programas_site-768x121.png 768w, https:\/\/enapol.com\/xii\/wp-content\/uploads\/sites\/10\/2025\/08\/top_programas_site-500x79.png 500w, https:\/\/enapol.com\/xii\/wp-content\/uploads\/sites\/10\/2025\/08\/top_programas_site-700x110.png 700w\" sizes=\"(max-width: 800px) 100vw, 800px\" \/><\/div><\/figure>[vc_column_text css=\u00bb\u00bb]\n<h3 style=\"text-align: center;\"><span style=\"color: #847d76;\">PROGRAMA<\/span><br \/>\n<span style=\"color: #aaa192;\">XII<\/span> <span style=\"color: #847d76;\">ENAPOL<\/span><br \/>\n<span style=\"color: #847d76;\">PLENARIAS<\/span><\/h3>\n[\/vc_column_text]<div class=\"vcex-spacing wpex-w-100 wpex-clear\"><\/div><style>.vcex-button.vcex_69da807ae9e48{background:var(--wpex-accent);color:#ffffff!important;}.vcex-button.vcex_69da807ae9e48:hover{background:var(--wpex-accent-alt)!important;color:#ffffff!important;}<\/style><div class=\"theme-button-wrap textcenter wpex-clr\"><a href=\"https:\/\/enapol.com\/xii\/wp-content\/uploads\/sites\/10\/2025\/08\/PROGRAMA-PLENARIAS-ESP.pdf\" class=\"vcex-button theme-button align-center inline vcex_69da807ae9e48\"><span class=\"vcex-button-inner theme-button-inner wpex-flex wpex-flex-wrap wpex-items-center wpex-justify-center\">DOWNLOAD PDF<\/span><\/a><\/div> <div class=\"vcex-spacing wpex-w-100 wpex-clear\"><\/div><figure class=\"vcex-image vcex-module wpex-text-center\"><div class=\"vcex-image-inner wpex-relative wpex-inline-block\"><img width=\"595\" height=\"11\" src=\"https:\/\/enapol.com\/xii\/wp-content\/uploads\/sites\/10\/2025\/08\/linha_programas_site.png\" class=\"vcex-image-img wpex-align-middle\" alt=\"\" loading=\"lazy\" decoding=\"async\" srcset=\"https:\/\/enapol.com\/xii\/wp-content\/uploads\/sites\/10\/2025\/08\/linha_programas_site.png 595w, https:\/\/enapol.com\/xii\/wp-content\/uploads\/sites\/10\/2025\/08\/linha_programas_site-300x6.png 300w, https:\/\/enapol.com\/xii\/wp-content\/uploads\/sites\/10\/2025\/08\/linha_programas_site-500x9.png 500w\" sizes=\"(max-width: 595px) 100vw, 595px\" \/><\/div><\/figure><div class=\"vcex-spacing wpex-w-100 wpex-clear\"><\/div>[\/vc_column][\/vc_row][vc_row][vc_column][vc_column_text css=\u00bb\u00bb]\n<h4 style=\"text-align: center;\"><span style=\"color: #847d76;\">07 SEPTIEMBRE <\/span><span style=\"color: #ff0000;\">\u2022<\/span> <span style=\"color: #847d76;\">DOMINGO<\/span><\/h4>\n[\/vc_column_text]<div class=\"vcex-spacing wpex-w-100 wpex-clear\"><\/div>[vc_column_text css=\u00bb.vc_custom_1756109442942{padding-top: 40px !important;padding-right: 40px !important;padding-bottom: 40px !important;padding-left: 40px !important;background-color: #f6f2ef!important !important;}\u00bb]\n<h3><span style=\"color: #ff0000;\"><strong>Ma\u00f1ana<\/strong><\/span><\/h3>\n<h4><span style=\"color: #ff0000;\">8h45 \u2022<\/span> <strong>Ense\u00f1anza del Pase<\/strong><\/h4>\n<p style=\"padding-left: 40px;\">La incidencia de la palabra del Otro sobre el ni\u00f1o: trauma, fantasma y s\u00edntoma<\/p>\n<p style=\"padding-left: 40px;\">Presenta: Ondina Machado (A.E. en ejercicio)<\/p>\n<p style=\"padding-left: 40px;\">Comenta: Christiane Alberti &#8211; Presidenta de la AMP<\/p>\n<p style=\"padding-left: 40px;\">Preside: Ana Lydia Santiago &#8211; Secretaria del Pase EBP\/AMP<\/p>\n<h4><span style=\"color: #ff0000;\">09h40 \u2022<\/span> <strong>El grito del ni\u00f1o<\/strong><\/h4>\n<p style=\"padding-left: 40px;\">Hilo del ovillo: Fabi\u00e1n Naparstek (Argentina)<\/p>\n<p style=\"padding-left: 40px;\">Preside: Maria Jos\u00e9 Gontijo Salum (Brasil)<\/p>\n<p style=\"padding-left: 40px;\">Presentan: Luc\u00edola Mac\u00eado (Brasil) y Natalia Kalejman (Argentina)<\/p>\n<p style=\"padding-left: 40px;\">Discuten: Romildo do R\u00eago Barros (Brasil) y Joaqu\u00edn Carrasco (Chile)<\/p>\n<h4><span style=\"color: #ff0000;\">10h50 \u2022<\/span> <strong>El oso y la ballena<\/strong><\/h4>\n<p style=\"padding-left: 40px;\">Presenta: Ricardo Seldes (Argentina) \u2013 Presidente del XV Congreso de la AMP<\/p>\n<p style=\"padding-left: 40px;\">Preside: Angelina Harari (Brasil)<\/p>\n<h4><span style=\"color: #ff0000;\">11h20 \u2022<\/span> <strong>\u201c\u00bfSanto ni\u00f1o?\u201d<\/strong><\/h4>\n<p style=\"padding-left: 40px;\">J\u00e9sus Santiago (Brasil) tira el hilo del ovillo y junto con Ana Vigan\u00f3 (M\u00e9xico) reciben a Mirta Berkoff (Argentina) y Gustavo Slatopolsky (Argentina) en una conversaci\u00f3n con Elisa Alvarenga (Brasil) y Paula Iturra (Chile)<\/p>\n<h4><span style=\"color: #ff0000;\">12h35 \u2022<\/span> <strong>Las razones de nuestra alegr\u00eda <\/strong><\/h4>\n<p style=\"padding-left: 40px;\">Presentan: Alejandra Breglia (Argentina), Luisa Arag\u00f3n (Guatemala) y Luiz Felipe Monteiro (Brasil)<\/p>\n<p style=\"padding-left: 40px;\">Preside: Jorge Forbes (Brasil)<\/p>\n<h3><span style=\"color: #ff0000;\"><strong>TARDE<\/strong><\/span><\/h3>\n<h4><span style=\"color: #ff0000;\">13h10 \u2022<\/span> <strong>Almuerzo<\/strong><\/h4>\n<h4><span style=\"color: #ff0000;\">14h30 \u2022<\/span> <strong>El ni\u00f1o de la transferencia<\/strong><\/h4>\n<p style=\"padding-left: 40px;\">Hilo del ovillo: Clara Holgu\u00edn (Colombia)<\/p>\n<p style=\"padding-left: 40px;\">Preside: Nicol\u00e1s Bouso\u00f1o (Argentina)<\/p>\n<p style=\"padding-left: 40px;\">Presenta: Paula Vallejo (Argentina) y Gustavo Stiglitz (Argentina)<\/p>\n<p style=\"padding-left: 40px;\">Discuten: Diana Wolodarsky (Argentina) y Rodrigo Lyra (Brasil)<\/p>\n<h4><span style=\"color: #ff0000;\">15h40 \u2022<\/span><strong> Instante de leer<\/strong><\/h4>\n<p style=\"padding-left: 40px;\">Presentan: Mar\u00eda Hortensia C\u00e1rdenas (Per\u00fa) y Virg\u00ednia Carvalho (Brasil)<\/p>\n<p style=\"padding-left: 40px;\">Preside: Iordan Gurgel (Brasil)<\/p>\n<h4><span style=\"color: #ff0000;\">16h \u2022<\/span> <strong>A\u00fan estoy aqu\u00ed<\/strong><\/h4>\n<p style=\"padding-left: 40px;\">Gabriela Grinbaum (Argentina) tira el hilo del ovillo y junto con Ludmilla F\u00e9res Faria (Brasil) reciben a Oscar Reymundo (Brasil) y S\u00e9rgio Laia (Brasil) en una conversaci\u00f3n con Celeste Vi\u00f1al (Argentina) y Mar\u00eda Josefina Sota Fuentes (Brasil)<\/p>\n<h4><span style=\"color: #ff0000;\">17h15 \u2022<\/span> <strong>Carta al ni\u00f1o lacaniano<\/strong><\/h4>\n<p style=\"padding-left: 40px;\">Por Flory Kruger (Argentina) \u2013 Presidenta Honoraria de la FAPOL<\/p>\n<h4><span style=\"color: #ff0000;\">17h30 \u2022<\/span> <strong>Cierre<\/strong><\/h4>\n<p style=\"padding-left: 40px;\">Con el Bureau de la FAPOL y el Comit\u00e9 Director<\/p>\n[\/vc_column_text][\/vc_column][\/vc_row][vc_row][vc_column][vc_column_text]\n[\/vc_column_text][\/vc_column][\/vc_row]\n<\/div>","protected":false},"excerpt":{"rendered":"<p>[vc_row][vc_column][\/vc_column][\/vc_row][vc_row][vc_column][vc_column_text css=\u00bb\u00bb] PROGRAMA XII ENAPOL PLENARIAS [\/vc_column_text][\/vc_column][\/vc_row][vc_row][vc_column][vc_column_text css=\u00bb\u00bb] 07 SEPTIEMBRE \u2022 DOMINGO [\/vc_column_text][vc_column_text css=\u00bb.vc_custom_1756109442942{padding-top: 40px !important;padding-right: 40px !important;padding-bottom: 40px !important;padding-left: 40px !important;background-color: #f6f2ef!important !important;}\u00bb] Ma\u00f1ana 8h45 \u2022 Ense\u00f1anza del Pase La incidencia de la palabra del Otro sobre el ni\u00f1o: trauma, fantasma y s\u00edntoma Presenta: Ondina Machado (A.E. en ejercicio) Comenta: Christiane Alberti &#8211; Presidenta&hellip;<\/p>\n","protected":false},"author":3,"featured_media":0,"parent":0,"menu_order":0,"comment_status":"closed","ping_status":"closed","template":"","meta":{"_monsterinsights_skip_tracking":false,"_monsterinsights_sitenote_active":false,"_monsterinsights_sitenote_note":"","_monsterinsights_sitenote_category":0,"footnotes":""},"_links":{"self":[{"href":"https:\/\/enapol.com\/xii\/es\/wp-json\/wp\/v2\/pages\/7646"}],"collection":[{"href":"https:\/\/enapol.com\/xii\/es\/wp-json\/wp\/v2\/pages"}],"about":[{"href":"https:\/\/enapol.com\/xii\/es\/wp-json\/wp\/v2\/types\/page"}],"author":[{"embeddable":true,"href":"https:\/\/enapol.com\/xii\/es\/wp-json\/wp\/v2\/users\/3"}],"replies":[{"embeddable":true,"href":"https:\/\/enapol.com\/xii\/es\/wp-json\/wp\/v2\/comments?post=7646"}],"version-history":[{"count":4,"href":"https:\/\/enapol.com\/xii\/es\/wp-json\/wp\/v2\/pages\/7646\/revisions"}],"predecessor-version":[{"id":7969,"href":"https:\/\/enapol.com\/xii\/es\/wp-json\/wp\/v2\/pages\/7646\/revisions\/7969"}],"wp:attachment":[{"href":"https:\/\/enapol.com\/xii\/es\/wp-json\/wp\/v2\/media?parent=7646"}],"curies":[{"name":"wp","href":"https:\/\/api.w.org\/{rel}","templated":true}]}}