{"id":779,"date":"2024-12-15T11:25:50","date_gmt":"2024-12-15T10:25:50","guid":{"rendered":"https:\/\/enapol.com\/xii\/?page_id=779"},"modified":"2025-05-05T05:16:11","modified_gmt":"2025-05-05T08:16:11","slug":"envio-de-trabajos","status":"publish","type":"page","link":"https:\/\/enapol.com\/xii\/es\/encuentro\/jornada-clinica\/envio-de-trabajos\/","title":{"rendered":"Env\u00edo de trabajos"},"content":{"rendered":"<div class=\"wpb-content-wrapper\">[vc_row][vc_column]<div class=\"vcex-spacing wpex-w-100 wpex-clear\" style=\"height:50px;\"><\/div>[\/vc_column][\/vc_row][vc_row][vc_column][vc_column_text css=\u00bb\u00bb]\n<article id=\"single-blocks\" class=\"single-page-article wpex-clr\">\n<div class=\"single-page-content single-content entry wpex-clr\">\n<div class=\"wpb-content-wrapper\">\n<div class=\"vc_row wpb_row vc_row-fluid wpex-relative\">\n<div class=\"wpb_column vc_column_container vc_col-sm-12\">\n<div class=\"vc_column-inner\">\n<div class=\"wpb_wrapper\">\n<div class=\"wpb_text_column wpb_content_element\">\n<div class=\"wpb_wrapper\">\n<h3><span style=\"color: #ff0000;\"><strong>Llamada para el env\u00edo de trabajos \u2013 Jornada Cl\u00ednica del XII ENAPOL<\/strong><\/span><\/h3>\n<h3><span style=\"color: #ff0000;\"><strong>\u201cHablar con el ni\u00f1o\u201d<\/strong><\/span><\/h3>\n<p>Lo invitamos a participar de la <strong>Jornada Cl\u00ednica del XII ENAPOL<\/strong>, que ocurrir\u00e1 de forma exclusivamente remota e estar\u00e1 estructurada a partir de 4 ejes:<\/p>\n<ul>\n<li>Hablar de \u201ceso de lo que no se puede hablar\u201d<\/li>\n<li>Hablar\u2026 \u201cTestimoniar de la mejor manera sobre la verdad mentirosa\u201d<\/li>\n<li>Hablar con el ni\u00f1o bajo transferencia<\/li>\n<li>Lo que el psicoan\u00e1lisis dice del ni\u00f1o generalizado<\/li>\n<\/ul>\n<p>Puede consultar el argumento epist\u00e9mico del tema, as\u00ed como la ampliaci\u00f3n de los ejes, en la p\u00e1gina <strong>www.enapol.com<\/strong><\/p>\n<p><strong>Aspectos a considerar en la construcci\u00f3n del caso cl\u00ednico<\/strong><\/p>\n<table border=\"1\" width=\"100%\" cellspacing=\"5\" cellpadding=\"5\">\n<tbody>\n<tr>\n<td>\n<ol>\n<li><strong>Que la presentaci\u00f3n del caso como resultado de un trabajo de reducci\u00f3n pueda destacar los aspectos relevantes para la discusi\u00f3n del tema.<\/strong><\/li>\n<li><strong>Que en la construcci\u00f3n del caso est\u00e9n se\u00f1alados los efectos producidos en el encuentro con el practicante.<\/strong><\/li>\n<li><strong>Que se proponga una pregunta para la discusi\u00f3n, considerando la tem\u00e1tica del eje en el cual se propuso el trabajo.<\/strong><\/li>\n<\/ol>\n<\/td>\n<\/tr>\n<\/tbody>\n<\/table>\n<p><strong>Indicaciones para el env\u00edo de trabajos:<\/strong><\/p>\n<p>Para enviar un trabajo es necesario, primero, <strong>estar inscrito en el XII ENAPOL<\/strong>.<\/p>\n<p>No es necesario ser miembro de ninguna Escuela.<\/p>\n<p>La comisi\u00f3n responsable de la Jornada Cl\u00ednica har\u00e1 la lectura de los textos y la selecci\u00f3n de los trabajos<\/p>\n<p>Se aceptar\u00e1n para la selecci\u00f3n <strong>solamente casos cl\u00ednicos extra\u00eddos de la propia pr\u00e1ctica, sea en el consultorio o en instituciones.<\/strong> Estos deber\u00e1n inscribirse en uno de los 4 ejes antes citados.<\/p>\n<p>El trabajo debe ser enviado <strong>hasta el 02 de junio de 2025<\/strong> al siguiente e-mail: <a href=\"mailto:jornadaclinica2025enapol@gmail.com\"><strong>jornadaclinica2025enapol@gmail.com<\/strong><\/a>\u00a0\u2013 exclusivamente para la recepci\u00f3n de trabajos.<\/p>\n<p>Muito obrigada!<\/p>\n<p><strong>En el asunto del e-mail<\/strong> debe constar: Nombre del autor, Pa\u00eds en el que reside, N\u00famero del eje sobre el que eligi\u00f3 escribir.<\/p>\n<p><strong>En el trabajo<\/strong> <strong>debe constar:<\/strong> T\u00edtulo del trabajo y luego, debajo, el nombre completo del autor, su e-mail, el pa\u00eds donde reside, su n\u00famero de tel\u00e9fono y el eje al cual est\u00e1 relacionado el trabajo.<\/p>\n<p>El texto deber\u00e1 ser formateado en <strong>Word, fuente Times New Roman, tama\u00f1o 12, justificado, interlineado de 1,5.<\/strong><\/p>\n<p>El texto deber\u00e1 tener como m\u00e1ximo <strong>4500 caracteres, incluidos los espacios, las notas -si las hubiera-, y las referencias bibliogr\u00e1ficas.<\/strong><\/p>\n<p>Las referencias bibliogr\u00e1ficas citadas deben ser presentadas de la forma siguiente:<\/p>\n<ul>\n<li>Libros: Autor, T\u00edtulo del libro, \u201cT\u00edtulo del art\u00edculo o cap\u00edtulo\u201d, Ciudad, Editorial, A\u00f1o, P\u00e1gina.<\/li>\n<li>Art\u00edculos en revistas o publicaciones peri\u00f3dicas: T\u00edtulo del art\u00edculo. Nombre de la revista, N\u00famero, Volumen, P\u00e1ginas, Mes, A\u00f1o. Indicar direcci\u00f3n electr\u00f3nica y fecha de acceso si fuera el caso.<\/li>\n<\/ul>\n<p><strong>Usted recibir\u00e1 la confirmaci\u00f3n de que su trabajo ha sido recibido. Por favor, revise tambi\u00e9n su buz\u00f3n de Spam.<\/strong><\/p>\n<p>Los trabajos que sean aceptados ser\u00e1n enviados nuevamente a los autores para que <strong>cada uno se encargue de su traducci\u00f3n<\/strong>.<\/p>\n<p>Solicitamos un cuidado especial con la traducci\u00f3n, para que la transmisi\u00f3n del caso no se vea afectada. Por este motivo, <strong>sugerimos que la traducci\u00f3n sea sometida a una revisi\u00f3n tambi\u00e9n a cargo del autor del texto.<\/strong><\/p>\n<\/div>\n<\/div>\n<\/div>\n<\/div>\n<\/div>\n<\/div>\n<\/div>\n<\/div>\n<\/article>\n[\/vc_column_text][\/vc_column][\/vc_row]\n<\/div>","protected":false},"excerpt":{"rendered":"<p>[vc_row][vc_column][\/vc_column][\/vc_row][vc_row][vc_column][vc_column_text css=\u00bb\u00bb] Llamada para el env\u00edo de trabajos \u2013 Jornada Cl\u00ednica del XII ENAPOL \u201cHablar con el ni\u00f1o\u201d Lo invitamos a participar de la Jornada Cl\u00ednica del XII ENAPOL, que ocurrir\u00e1 de forma exclusivamente remota e estar\u00e1 estructurada a partir de 4 ejes: Hablar de \u201ceso de lo que no se puede hablar\u201d Hablar\u2026 \u201cTestimoniar&hellip;<\/p>\n","protected":false},"author":3,"featured_media":0,"parent":558,"menu_order":0,"comment_status":"closed","ping_status":"closed","template":"templates\/no-sidebar.php","meta":{"_monsterinsights_skip_tracking":false,"_monsterinsights_sitenote_active":false,"_monsterinsights_sitenote_note":"","_monsterinsights_sitenote_category":0,"footnotes":""},"_links":{"self":[{"href":"https:\/\/enapol.com\/xii\/es\/wp-json\/wp\/v2\/pages\/779"}],"collection":[{"href":"https:\/\/enapol.com\/xii\/es\/wp-json\/wp\/v2\/pages"}],"about":[{"href":"https:\/\/enapol.com\/xii\/es\/wp-json\/wp\/v2\/types\/page"}],"author":[{"embeddable":true,"href":"https:\/\/enapol.com\/xii\/es\/wp-json\/wp\/v2\/users\/3"}],"replies":[{"embeddable":true,"href":"https:\/\/enapol.com\/xii\/es\/wp-json\/wp\/v2\/comments?post=779"}],"version-history":[{"count":10,"href":"https:\/\/enapol.com\/xii\/es\/wp-json\/wp\/v2\/pages\/779\/revisions"}],"predecessor-version":[{"id":4653,"href":"https:\/\/enapol.com\/xii\/es\/wp-json\/wp\/v2\/pages\/779\/revisions\/4653"}],"up":[{"embeddable":true,"href":"https:\/\/enapol.com\/xii\/es\/wp-json\/wp\/v2\/pages\/558"}],"wp:attachment":[{"href":"https:\/\/enapol.com\/xii\/es\/wp-json\/wp\/v2\/media?parent=779"}],"curies":[{"name":"wp","href":"https:\/\/api.w.org\/{rel}","templated":true}]}}