{"id":7974,"date":"2025-09-05T16:16:38","date_gmt":"2025-09-05T19:16:38","guid":{"rendered":"https:\/\/enapol.com\/xii\/recepcion\/bh-sexta-a-noite\/"},"modified":"2025-09-05T16:20:13","modified_gmt":"2025-09-05T19:20:13","slug":"bh-sexta-a-noite","status":"publish","type":"page","link":"https:\/\/enapol.com\/xii\/es\/recepcion\/bh-sexta-a-noite\/","title":{"rendered":"BH VIERNES POR LA NOCHE"},"content":{"rendered":"<ul>\n<li><strong>Forr\u00f3 no Iate<\/strong><\/li>\n<\/ul>\n<p>Av. Otac\u00edlio Negr\u00e3o de Lima, 1350- Pampulha Black no acordeon<\/p>\n<p>Hor\u00e1rio: 22h<\/p>\n<p>Ingresso no link do Instagram<\/p>\n<ul>\n<li><strong>Iracema<\/strong><\/li>\n<\/ul>\n<p>Rua: Almandina, 56 &#8211; Santa Tereza Hor\u00e1rio: 19h<\/p>\n<p>Pagode da Cinara Reservas 31-9-9532-0617<\/p>\n<ul>\n<li><strong>Mina Jazz Bar<\/strong><\/li>\n<\/ul>\n<p>Av. \u00c1lvares Cabral, 17- Centro Reservas: @minajazzbar Atra\u00e7\u00e3o: Queens of souly Hor\u00e1rio: 21:30h<\/p>\n<ul>\n<li><strong>Bar museu clube da esquina Rua: Parais\u00f3polis, 738- Santa Tereza Atra\u00e7\u00e3o: Gabriel Guedes<\/strong><\/li>\n<\/ul>\n<p>Hor\u00e1rio: 19h Reservas:31-99688-0558<\/p>\n<ul>\n<li><strong>Ben\u00e7a Ben\u00e7oi<\/strong><\/li>\n<\/ul>\n<p>Rua: Diamantina, 492- Lagoinha<\/p>\n<p>Atra\u00e7\u00e3o samba: Ana Proen\u00e7a e Gabi Luconi Hor\u00e1rio: 13h-20:30 (Samba) Funcionamento da casa: 11h-00h<\/p>\n<ul>\n<li><strong>Juramento<\/strong><\/li>\n<\/ul>\n<p>Rua: Juramento, 202 &#8211; Pomp\u00e9ia Atra\u00e7\u00e3o: samba da passarada Hor\u00e1rio: 19h<\/p>\n<ul>\n<li><strong>Tr\u00eas pretos<\/strong><\/li>\n<\/ul>\n<p>Av. Pedro II, 3608 &#8211; Jardim Montanh\u00eas Atra\u00e7\u00e3o: Samba J\u00falia Rocha<\/p>\n<p>Hor\u00e1rio: Abertura \u00e0s 19h. Samba: 20:30 Ingresso: @3pretobar @cantorajuliarocha<\/p>\n<ul>\n<li><strong>Samba do Cac\u00e1<\/strong><\/li>\n<\/ul>\n<p>Rua Andiroba, 20 &#8211; Bairro S\u00e3o Paulo Atra\u00e7\u00e3o: Samba Waldir Gomes e Banda<\/p>\n<p>Retirada de ingresso: SYMPLA<\/p>\n<p>Hor\u00e1rio: Abertura da casa 19:30. Samba: 21h. @sambadocaca<\/p>\n<ul>\n<li><strong>Mister Rock Bar<\/strong><\/li>\n<\/ul>\n<p>Av. Tereza Cristina, 295 &#8211; Prado Atra\u00e7\u00e3o: V\u00e1rias bandas de grunge Hor\u00e1rio: 20h &#8211; 02h<\/p>\n<p>Entrada gratuita at\u00e9 21h. Ap\u00f3s 21h , R$12,00. Retirada de ingresso: SYMPLA<\/p>\n<ul>\n<li><strong>Clube de Jazz Caf\u00e9 com Letras Rua: Ant\u00f4nio de Albuquerque, 47- Savassi Hor\u00e1rio: 21h<\/strong><\/li>\n<\/ul>\n<p>Atra\u00e7\u00e3o: Delia Fischer &#8211; Beyond Bossa Ingressos: clubedejazzdocafe.com @clubedejazzdocafe<\/p>\n<ul>\n<li><strong>Cura BH 2025 VJ Suave<\/strong><\/li>\n<\/ul>\n<p>Raulzona &#8211; Pra\u00e7a Raul Soares<\/p>\n<p>&nbsp;<\/p>\n<h3><span style=\"color: #ff0000;\"><strong><u>Restaurantes<\/u><\/strong>:<\/span><\/h3>\n<ul>\n<li><strong>Bocado Mercearia<\/strong><\/li>\n<\/ul>\n<p>Rua Major Lopes, 54 Bairro S\u00e3o Pedro<\/p>\n<p>Local pequeno gostoso para pequenas por\u00e7\u00f5es (Chefe Aline Soares)<\/p>\n<ul>\n<li><strong>Ca\u00ea Restaurante Bar Rua Outono, 314 Bairro Sion<\/strong><\/li>\n<\/ul>\n<p>Restaurante comida gostosa e local agrad\u00e1vel (Chefe: Caetano)<\/p>\n<ul>\n<li><strong>Gata Gorda<\/strong><\/li>\n<\/ul>\n<p>Levindo Lopes, 96 Bairro Savassi, lugar com v\u00e1rios bares ao redor. (Chefe: Bruna Martins)<\/p>\n<ul>\n<li><strong>Glouton<\/strong><\/li>\n<\/ul>\n<p>Rua B\u00e1rbara Heliodora, 59, Lourdes.<\/p>\n<p>Restaurante com outros restaurantes ao redor (chefe Leo Paix\u00e3o)<\/p>\n<ul>\n<li><strong>Pellegrino<\/strong><\/li>\n<\/ul>\n<p>Rua Laranjal, 459 Bairro Anchieta<\/p>\n<p>Restaurante comida gostosa e local agrad\u00e1vel (importante ver se n\u00e3o tem evento)<\/p>\n<ul>\n<li><strong>Pizzaria Panorama:<\/strong><\/li>\n<\/ul>\n<p>Rua Sapuca\u00ed, 533 Bairro Floresta, numa das ruas mais charmosa da cidade com v\u00e1rios bares.<\/p>\n<ul>\n<li><strong>Redentor<\/strong><\/li>\n<\/ul>\n<p>Rua Fernandes Tourinho, 500 Bairro Savassi.<\/p>\n<p>Bar charmoso, boa comida com v\u00e1rios outros bares ao redor<\/p>\n<ul>\n<li><strong>Azeite<\/strong><\/li>\n<\/ul>\n<p>Rua: Jos\u00e9 Pedro Drumond, 56 Bairro Floresta Excelentes comidas vegetarianas.<\/p>\n<p>&nbsp;<\/p>\n<p>Os restaurantes, geralmente, fecham a cozinha \u00e0s 22:00 horas. Vejam atrav\u00e9s das p\u00e1ginas no Instagram o funcionamento.<\/p>\n","protected":false},"excerpt":{"rendered":"<p>Forr\u00f3 no Iate Av. Otac\u00edlio Negr\u00e3o de Lima, 1350- Pampulha Black no acordeon Hor\u00e1rio: 22h Ingresso no link do Instagram Iracema Rua: Almandina, 56 &#8211; Santa Tereza Hor\u00e1rio: 19h Pagode da Cinara Reservas 31-9-9532-0617 Mina Jazz Bar Av. \u00c1lvares Cabral, 17- Centro Reservas: @minajazzbar Atra\u00e7\u00e3o: Queens of souly Hor\u00e1rio: 21:30h Bar museu clube da esquina&hellip;<\/p>\n","protected":false},"author":3,"featured_media":0,"parent":570,"menu_order":0,"comment_status":"closed","ping_status":"closed","template":"","meta":{"_monsterinsights_skip_tracking":false,"_monsterinsights_sitenote_active":false,"_monsterinsights_sitenote_note":"","_monsterinsights_sitenote_category":0,"footnotes":""},"_links":{"self":[{"href":"https:\/\/enapol.com\/xii\/es\/wp-json\/wp\/v2\/pages\/7974"}],"collection":[{"href":"https:\/\/enapol.com\/xii\/es\/wp-json\/wp\/v2\/pages"}],"about":[{"href":"https:\/\/enapol.com\/xii\/es\/wp-json\/wp\/v2\/types\/page"}],"author":[{"embeddable":true,"href":"https:\/\/enapol.com\/xii\/es\/wp-json\/wp\/v2\/users\/3"}],"replies":[{"embeddable":true,"href":"https:\/\/enapol.com\/xii\/es\/wp-json\/wp\/v2\/comments?post=7974"}],"version-history":[{"count":2,"href":"https:\/\/enapol.com\/xii\/es\/wp-json\/wp\/v2\/pages\/7974\/revisions"}],"predecessor-version":[{"id":7977,"href":"https:\/\/enapol.com\/xii\/es\/wp-json\/wp\/v2\/pages\/7974\/revisions\/7977"}],"up":[{"embeddable":true,"href":"https:\/\/enapol.com\/xii\/es\/wp-json\/wp\/v2\/pages\/570"}],"wp:attachment":[{"href":"https:\/\/enapol.com\/xii\/es\/wp-json\/wp\/v2\/media?parent=7974"}],"curies":[{"name":"wp","href":"https:\/\/api.w.org\/{rel}","templated":true}]}}