{"id":799,"date":"2024-12-15T11:36:09","date_gmt":"2024-12-15T10:36:09","guid":{"rendered":"https:\/\/enapol.com\/xii\/?page_id=799"},"modified":"2025-08-31T17:03:58","modified_gmt":"2025-08-31T20:03:58","slug":"programa-general","status":"publish","type":"page","link":"https:\/\/enapol.com\/xii\/es\/programa-general\/","title":{"rendered":"Programa General"},"content":{"rendered":"<div class=\"wpb-content-wrapper\">[vc_row][vc_column]<div class=\"vcex-spacing wpex-w-100 wpex-clear\" style=\"height:50px;\"><\/div>[\/vc_column][\/vc_row][vc_row][vc_column]<figure class=\"vcex-image vcex-module wpex-text-center\"><div class=\"vcex-image-inner wpex-relative wpex-inline-block\"><img width=\"800\" height=\"126\" src=\"https:\/\/enapol.com\/xii\/wp-content\/uploads\/sites\/10\/2025\/08\/top_programas_site.png\" class=\"vcex-image-img wpex-align-middle\" alt=\"\" loading=\"lazy\" decoding=\"async\" srcset=\"https:\/\/enapol.com\/xii\/wp-content\/uploads\/sites\/10\/2025\/08\/top_programas_site.png 800w, https:\/\/enapol.com\/xii\/wp-content\/uploads\/sites\/10\/2025\/08\/top_programas_site-300x47.png 300w, https:\/\/enapol.com\/xii\/wp-content\/uploads\/sites\/10\/2025\/08\/top_programas_site-768x121.png 768w, https:\/\/enapol.com\/xii\/wp-content\/uploads\/sites\/10\/2025\/08\/top_programas_site-500x79.png 500w, https:\/\/enapol.com\/xii\/wp-content\/uploads\/sites\/10\/2025\/08\/top_programas_site-700x110.png 700w\" sizes=\"(max-width: 800px) 100vw, 800px\" \/><\/div><\/figure><div class=\"vcex-spacing wpex-w-100 wpex-clear\"><\/div>[vc_column_text css=\u00bb\u00bb]\n<h3 style=\"text-align: center;\"><strong><span style=\"color: #847d76;\">PROGRAMA <\/span><\/strong><strong><span style=\"color: #aaa192;\">XII<\/span> <span style=\"color: #847d76;\">ENAPOL<\/span><\/strong><\/h3>\n[\/vc_column_text]<div class=\"vcex-spacing wpex-w-100 wpex-clear\"><\/div><figure class=\"vcex-image vcex-module wpex-text-center\"><div class=\"vcex-image-inner wpex-relative wpex-inline-block\"><img width=\"595\" height=\"11\" src=\"https:\/\/enapol.com\/xii\/wp-content\/uploads\/sites\/10\/2025\/08\/linha_programas_site.png\" class=\"vcex-image-img wpex-align-middle\" alt=\"\" loading=\"lazy\" decoding=\"async\" srcset=\"https:\/\/enapol.com\/xii\/wp-content\/uploads\/sites\/10\/2025\/08\/linha_programas_site.png 595w, https:\/\/enapol.com\/xii\/wp-content\/uploads\/sites\/10\/2025\/08\/linha_programas_site-300x6.png 300w, https:\/\/enapol.com\/xii\/wp-content\/uploads\/sites\/10\/2025\/08\/linha_programas_site-500x9.png 500w\" sizes=\"(max-width: 595px) 100vw, 595px\" \/><\/div><\/figure>[\/vc_column][\/vc_row][vc_row][vc_column width=\u00bb1\/4&#8243;][vc_column_text css=\u00bb\u00bb]\n<p style=\"text-align: center;\"><strong><span style=\"color: #847d76; font-size: 18px;\">05 SEPTIEMBRE<\/span><\/strong><br \/>\n<strong><span style=\"color: #847d76; font-size: 18px;\">PLENARIAS<\/span><\/strong><\/p>\n[\/vc_column_text]<div class=\"vcex-spacing wpex-w-100 wpex-clear\"><\/div><style>.vcex-button.vcex_69e10399e91ff{background:var(--wpex-accent);color:#ffffff!important;}.vcex-button.vcex_69e10399e91ff:hover{background:var(--wpex-accent-alt)!important;color:#ffffff!important;}<\/style><div class=\"theme-button-wrap textcenter wpex-clr\"><a href=\"https:\/\/enapol.com\/xii\/es\/encuentro\/programa-plenarias-05-septiembre\/\" class=\"vcex-button theme-button align-center inline vcex_69e10399e91ff\"><span class=\"vcex-button-inner theme-button-inner wpex-flex wpex-flex-wrap wpex-items-center wpex-justify-center\">Leer +<\/span><\/a><\/div> [\/vc_column][vc_column width=\u00bb1\/4&#8243;][vc_column_text css=\u00bb\u00bb]\n<p style=\"text-align: center;\"><strong><span style=\"color: #847d76; font-size: 18px;\">06 SEPTIEMBRE<span style=\"font-size: 18px;\"><span style=\"color: #847d76;\"> \u2022 MA\u00d1ANA<\/span><\/span><\/span><\/strong><br \/>\n<strong><span style=\"color: #847d76; font-size: 18px;\">JORNADA CL\u00cdNICA<br \/>\nEN L\u00cdNEA<br \/>\n<\/span><\/strong><\/p>\n[\/vc_column_text]<div class=\"vcex-spacing wpex-w-100 wpex-clear\"><\/div><style>.vcex-button.vcex_69e10399ebba4{background:var(--wpex-accent);color:#ffffff!important;}.vcex-button.vcex_69e10399ebba4:hover{background:var(--wpex-accent-alt)!important;color:#ffffff!important;}<\/style><div class=\"theme-button-wrap textcenter wpex-clr\"><a href=\"https:\/\/enapol.com\/xii\/es\/encuentro\/jornada-clinica\/jornada-clinica-programa\/\" class=\"vcex-button theme-button align-center inline vcex_69e10399ebba4\"><span class=\"vcex-button-inner theme-button-inner wpex-flex wpex-flex-wrap wpex-items-center wpex-justify-center\">Leer +<\/span><\/a><\/div> [\/vc_column][vc_column width=\u00bb1\/4&#8243;][vc_column_text css=\u00bb\u00bb]\n<p style=\"text-align: center;\"><strong><span style=\"color: #847d76; font-size: 18px;\">06 SEPTIEMBRE<span style=\"font-size: 18px;\"><span style=\"color: #847d76;\"> \u2022 TARDE<\/span><\/span><\/span><\/strong><br \/>\n<strong><span style=\"color: #847d76; font-size: 18px;\">CONVERSACIONES FEDERATIVAS<\/span><\/strong><\/p>\n[\/vc_column_text]<div class=\"vcex-spacing wpex-w-100 wpex-clear\"><\/div><style>.vcex-button.vcex_69e10399ee886{background:var(--wpex-accent);color:#ffffff!important;}.vcex-button.vcex_69e10399ee886:hover{background:var(--wpex-accent-alt)!important;color:#ffffff!important;}<\/style><div class=\"theme-button-wrap textcenter wpex-clr\"><a href=\"https:\/\/enapol.com\/xii\/es\/encuentro\/conversaciones\/conversaciones-federativas-programa\/\" class=\"vcex-button theme-button align-center inline vcex_69e10399ee886\"><span class=\"vcex-button-inner theme-button-inner wpex-flex wpex-flex-wrap wpex-items-center wpex-justify-center\">Leer +<\/span><\/a><\/div> [\/vc_column][vc_column width=\u00bb1\/4&#8243;][vc_column_text css=\u00bb\u00bb]\n<p style=\"text-align: center;\"><strong><span style=\"color: #847d76; font-size: 18px;\">07 SEPTIEMBRE<br \/>\n<\/span><\/strong><strong><span style=\"color: #847d76; font-size: 18px;\"><span style=\"font-size: 18px;\"><span style=\"color: #847d76;\">PLENARIAS<\/span><\/span><\/span><\/strong><\/p>\n[\/vc_column_text]<div class=\"vcex-spacing wpex-w-100 wpex-clear\"><\/div><style>.vcex-button.vcex_69e10399f0c35{background:var(--wpex-accent);color:#ffffff!important;}.vcex-button.vcex_69e10399f0c35:hover{background:var(--wpex-accent-alt)!important;color:#ffffff!important;}<\/style><div class=\"theme-button-wrap textcenter wpex-clr\"><a href=\"https:\/\/enapol.com\/xii\/es\/encuentro\/programa-plenarias-07-septiembre\/\" class=\"vcex-button theme-button align-center inline vcex_69e10399f0c35\"><span class=\"vcex-button-inner theme-button-inner wpex-flex wpex-flex-wrap wpex-items-center wpex-justify-center\">Leer +<\/span><\/a><\/div> [\/vc_column][\/vc_row]\n<\/div>","protected":false},"excerpt":{"rendered":"<p>[vc_row][vc_column][\/vc_column][\/vc_row][vc_row][vc_column][vc_column_text css=\u00bb\u00bb] PROGRAMA XII ENAPOL [\/vc_column_text][\/vc_column][\/vc_row][vc_row][vc_column width=\u00bb1\/4&#8243;][vc_column_text css=\u00bb\u00bb] 05 SEPTIEMBRE PLENARIAS [\/vc_column_text][\/vc_column][vc_column width=\u00bb1\/4&#8243;][vc_column_text css=\u00bb\u00bb] 06 SEPTIEMBRE \u2022 MA\u00d1ANA JORNADA CL\u00cdNICA EN L\u00cdNEA [\/vc_column_text][\/vc_column][vc_column width=\u00bb1\/4&#8243;][vc_column_text css=\u00bb\u00bb] 06 SEPTIEMBRE \u2022 TARDE CONVERSACIONES FEDERATIVAS [\/vc_column_text][\/vc_column][vc_column width=\u00bb1\/4&#8243;][vc_column_text css=\u00bb\u00bb] 07 SEPTIEMBRE PLENARIAS [\/vc_column_text][\/vc_column][\/vc_row]<\/p>\n","protected":false},"author":3,"featured_media":0,"parent":0,"menu_order":0,"comment_status":"closed","ping_status":"closed","template":"templates\/no-sidebar.php","meta":{"_monsterinsights_skip_tracking":false,"_monsterinsights_sitenote_active":false,"_monsterinsights_sitenote_note":"","_monsterinsights_sitenote_category":0,"footnotes":""},"_links":{"self":[{"href":"https:\/\/enapol.com\/xii\/es\/wp-json\/wp\/v2\/pages\/799"}],"collection":[{"href":"https:\/\/enapol.com\/xii\/es\/wp-json\/wp\/v2\/pages"}],"about":[{"href":"https:\/\/enapol.com\/xii\/es\/wp-json\/wp\/v2\/types\/page"}],"author":[{"embeddable":true,"href":"https:\/\/enapol.com\/xii\/es\/wp-json\/wp\/v2\/users\/3"}],"replies":[{"embeddable":true,"href":"https:\/\/enapol.com\/xii\/es\/wp-json\/wp\/v2\/comments?post=799"}],"version-history":[{"count":11,"href":"https:\/\/enapol.com\/xii\/es\/wp-json\/wp\/v2\/pages\/799\/revisions"}],"predecessor-version":[{"id":7644,"href":"https:\/\/enapol.com\/xii\/es\/wp-json\/wp\/v2\/pages\/799\/revisions\/7644"}],"wp:attachment":[{"href":"https:\/\/enapol.com\/xii\/es\/wp-json\/wp\/v2\/media?parent=799"}],"curies":[{"name":"wp","href":"https:\/\/api.w.org\/{rel}","templated":true}]}}