{"id":1115,"date":"2025-01-27T21:20:49","date_gmt":"2025-01-27T20:20:49","guid":{"rendered":"https:\/\/enapol.com\/xii\/?page_id=1115"},"modified":"2025-05-15T08:22:03","modified_gmt":"2025-05-15T11:22:03","slug":"info","status":"publish","type":"page","link":"https:\/\/enapol.com\/xii\/encontro\/info\/","title":{"rendered":"Info"},"content":{"rendered":"<div class=\"wpb-content-wrapper\">[vc_row][vc_column]<div class=\"vcex-spacing wpex-w-100 wpex-clear\" style=\"height:50px;\"><\/div>[\/vc_column][\/vc_row][vc_row][vc_column][vc_column_text css=&#8221;&#8221;]\n<p style=\"text-align: center;\"><strong>O INFO veicular\u00e1 as coordenadas desse evento: informa\u00e7\u00f5es sobre as inscri\u00e7\u00f5es, novidades no Site, atividades preparat\u00f3rias, diretrizes para o envio de trabalho e muito mais!<\/strong><\/p>\n<div style=\"text-align: center;\"><strong>\u00a0e-mail:\u00a0<a href=\"mailto:jornadaclinica2025enapol@gmail.com\" target=\"_blank\" rel=\"noopener\">jornadaclinica2025ena<wbr \/>pol@gmail.com<\/a>\u00a0\u00a0\u2013 exclusivamente para o recebimento de trabalhos.<\/strong><\/div>\n<div style=\"text-align: center;\"><strong>Outros assuntos: <a href=\"mailto:enapolxii@gmail.com\">enapolxii@gmail.com<\/a><\/strong><\/div>\n[\/vc_column_text][\/vc_column][\/vc_row][vc_row][vc_column]<div class=\"vcex-spacing wpex-w-100 wpex-clear\"><\/div>[\/vc_column][\/vc_row][vc_row][vc_column width=&#8221;1\/3&#8243;][\/vc_column][vc_column width=&#8221;1\/3&#8243;]<figure class=\"vcex-image vcex-module\"><div class=\"vcex-image-inner wpex-relative wpex-inline-block\"><img width=\"2048\" height=\"2560\" src=\"https:\/\/enapol.com\/xii\/wp-content\/uploads\/sites\/10\/2025\/04\/info-IG-scaled.jpg\" class=\"vcex-image-img wpex-align-middle\" alt=\"\" loading=\"lazy\" decoding=\"async\" srcset=\"https:\/\/enapol.com\/xii\/wp-content\/uploads\/sites\/10\/2025\/04\/info-IG-scaled.jpg 2048w, https:\/\/enapol.com\/xii\/wp-content\/uploads\/sites\/10\/2025\/04\/info-IG-240x300.jpg 240w, https:\/\/enapol.com\/xii\/wp-content\/uploads\/sites\/10\/2025\/04\/info-IG-819x1024.jpg 819w, https:\/\/enapol.com\/xii\/wp-content\/uploads\/sites\/10\/2025\/04\/info-IG-768x960.jpg 768w, https:\/\/enapol.com\/xii\/wp-content\/uploads\/sites\/10\/2025\/04\/info-IG-1229x1536.jpg 1229w, https:\/\/enapol.com\/xii\/wp-content\/uploads\/sites\/10\/2025\/04\/info-IG-1639x2048.jpg 1639w, https:\/\/enapol.com\/xii\/wp-content\/uploads\/sites\/10\/2025\/04\/info-IG-500x625.jpg 500w, https:\/\/enapol.com\/xii\/wp-content\/uploads\/sites\/10\/2025\/04\/info-IG-700x875.jpg 700w\" sizes=\"(max-width: 2048px) 100vw, 2048px\" \/><\/div><\/figure>[\/vc_column][vc_column width=&#8221;1\/3&#8243;][\/vc_column][\/vc_row]\n<\/div>","protected":false},"excerpt":{"rendered":"<p>[vc_row][vc_column][\/vc_column][\/vc_row][vc_row][vc_column][vc_column_text css=&#8221;&#8221;] O INFO veicular\u00e1 as coordenadas desse evento: informa\u00e7\u00f5es sobre as inscri\u00e7\u00f5es, novidades no Site, atividades preparat\u00f3rias, diretrizes para o envio de trabalho e muito mais! \u00a0e-mail:\u00a0jornadaclinica2025enapol@gmail.com\u00a0\u00a0\u2013 exclusivamente para o recebimento de trabalhos. Outros assuntos: enapolxii@gmail.com [\/vc_column_text][\/vc_column][\/vc_row][vc_row][vc_column][\/vc_column][\/vc_row][vc_row][vc_column width=&#8221;1\/3&#8243;][\/vc_column][vc_column width=&#8221;1\/3&#8243;][\/vc_column][vc_column width=&#8221;1\/3&#8243;][\/vc_column][\/vc_row]<\/p>\n","protected":false},"author":3,"featured_media":0,"parent":667,"menu_order":0,"comment_status":"closed","ping_status":"closed","template":"","meta":{"_monsterinsights_skip_tracking":false,"_monsterinsights_sitenote_active":false,"_monsterinsights_sitenote_note":"","_monsterinsights_sitenote_category":0,"footnotes":""},"_links":{"self":[{"href":"https:\/\/enapol.com\/xii\/wp-json\/wp\/v2\/pages\/1115"}],"collection":[{"href":"https:\/\/enapol.com\/xii\/wp-json\/wp\/v2\/pages"}],"about":[{"href":"https:\/\/enapol.com\/xii\/wp-json\/wp\/v2\/types\/page"}],"author":[{"embeddable":true,"href":"https:\/\/enapol.com\/xii\/wp-json\/wp\/v2\/users\/3"}],"replies":[{"embeddable":true,"href":"https:\/\/enapol.com\/xii\/wp-json\/wp\/v2\/comments?post=1115"}],"version-history":[{"count":11,"href":"https:\/\/enapol.com\/xii\/wp-json\/wp\/v2\/pages\/1115\/revisions"}],"predecessor-version":[{"id":4909,"href":"https:\/\/enapol.com\/xii\/wp-json\/wp\/v2\/pages\/1115\/revisions\/4909"}],"up":[{"embeddable":true,"href":"https:\/\/enapol.com\/xii\/wp-json\/wp\/v2\/pages\/667"}],"wp:attachment":[{"href":"https:\/\/enapol.com\/xii\/wp-json\/wp\/v2\/media?parent=1115"}],"curies":[{"name":"wp","href":"https:\/\/api.w.org\/{rel}","templated":true}]}}