{"id":1724,"date":"2025-02-26T11:58:02","date_gmt":"2025-02-26T10:58:02","guid":{"rendered":"https:\/\/enapol.com\/xii\/?page_id=1724"},"modified":"2025-04-09T06:51:07","modified_gmt":"2025-04-09T09:51:07","slug":"inhotim","status":"publish","type":"page","link":"https:\/\/enapol.com\/xii\/acolhimento\/inhotim\/","title":{"rendered":"Inhotim"},"content":{"rendered":"<div class=\"wpb-content-wrapper\">[vc_row][vc_column]<div class=\"vcex-spacing wpex-w-100 wpex-clear\" style=\"height:50px;\"><\/div>[\/vc_column][\/vc_row][vc_row][vc_column][vc_column_text css=&#8221;&#8221;]\n<h3 style=\"text-align: center;\"><span style=\"color: #ff0000;\"><strong>Instituto Inhotim<\/strong><\/span><\/h3>\n[\/vc_column_text]<div class=\"vcex-spacing wpex-w-100 wpex-clear\"><\/div><div class=\"vcex-video wpex-bg-black\" data-vcex-video-type=\"youtube\"><div class=\"vcex-video-inner wpex-relative\"><iframe class=\"wpex-block wpex-w-100 wpex-h-100 wpex-aspect-16-9\" data-src=\"https:\/\/youtube.com\/embed\/0A95inKNPX0?autoplay=1\" title=\"\" frameborder=\"0\" allow=\"accelerometer; autoplay; clipboard-write; encrypted-media; gyroscope; picture-in-picture; web-share\" allowfullscreen loading=\"lazy\"><\/iframe><div class=\"vcex-video-overlay wpex-block wpex-absolute wpex-inset-0 wpex-cursor-pointer overlay-parent\"><img src=\"https:\/\/enapol.com\/xii\/wp-content\/uploads\/sites\/10\/2025\/04\/THUMB-INHOTIM.png\" loading=\"lazy\" decoding=\"async\" class=\"wpex-bg-black wpex-h-100 wpex-w-100 wpex-object-cover\" alt=\"\"><\/div><\/div><\/div><div class=\"vcex-spacing wpex-w-100 wpex-clear\"><\/div>[vc_column_text css=&#8221;&#8221;]\n<article id=\"single-blocks\" class=\"single-page-article wpex-clr\">\n<div class=\"single-page-content single-content entry wpex-clr\">\n<div class=\"wpb-content-wrapper\">\n<div class=\"vc_row wpb_row vc_row-fluid wpex-relative\">\n<div class=\"wpb_column vc_column_container vc_col-sm-12\">\n<div class=\"vc_column-inner\">\n<div class=\"wpb_wrapper\">\n<div class=\"wpb_text_column wpb_content_element\">\n<div class=\"wpb_wrapper\">\n<p style=\"text-align: justify;\">Situado na cidade de Brumadinho, a uma hora e meia de Belo Horizonte, o Instituto Inhotim abriga uma das cole\u00e7\u00f5es mais importantes de arte contempor\u00e2nea do Brasil, e \u00e9 considerado o maior museu a c\u00e9u aberto do mundo. As mais de vinte galerias est\u00e3o dispostas em uma \u00e1rea verde com 140 hectares, fazendo com que as obras de arte e a natureza convivam e desenhem os circuitos dos visitantes.<\/p>\n<p style=\"text-align: justify;\">A visita pode come\u00e7ar pela Galeria Cildo Meireles, onde o \u201cDesvio para o Vermelho\u201d desloca a percep\u00e7\u00e3o do espectador e confunde o senso de espacialidade. Na galeria Adriana Varej\u00e3o, encontram-se trabalhos em azulejo, onde a delicadeza dos p\u00e1ssaros pintados na lou\u00e7a se contrap\u00f5e com a brutalidade de uma parede \u201crecheada\u201d de v\u00edsceras humanas. H\u00e1 ainda o impactante trabalho de Mathew Barney em \u201cDe Lama L\u00e2mina\u201d, opondo a for\u00e7a da tecnologia e da guerra \u00e0 da natureza. J\u00e1 na galeria Miguel Rio Branco, primeira dedicada \u00e0 fotografia, a s\u00e9rie \u201cBlue Tango\u201d merece uma aten\u00e7\u00e3o especial ao mostrar as feridas e a beleza da popula\u00e7\u00e3o do Pelourinho, essa antiga regi\u00e3o da cidade de Salvador, na Bahia. Com a fotografia de Cl\u00e1udia Andujar temos uma imers\u00e3o na cultura dos povos Yanomamis e nas galerias True Rouge e Psicoativa, do artista Tunga, vive-se a experi\u00eancia bruta de se estar dentro da poesia.<\/p>\n<p style=\"text-align: justify;\">Entre uma galeria e outra, pode-se apreciar os jardins de Inhotim, cujo projeto paisag\u00edstico nasceu da colabora\u00e7\u00e3o de Burle Marx, amigo do idealizador do Instituto, o empres\u00e1rio Bernardo Paz, que ent\u00e3o mantinha uma fazenda no local. Outros paisagistas assumiram o trabalho, seguindo conceitos caros \u00e0 Burle Marx, como a exuber\u00e2ncia de maci\u00e7os da mesma esp\u00e9cie, em formatos org\u00e2nicos, e a op\u00e7\u00e3o pela perenidade das folhas, em vez da efemeridade das flores, que perdem a beleza dependendo da esta\u00e7\u00e3o do ano.<\/p>\n<p style=\"text-align: justify;\">Portanto, constata-se que s\u00e3o m\u00faltiplos os roteiros para se conhecer o Instituto, sendo necess\u00e1rio no m\u00ednimo dois dias para um passeio mais completo. Entretanto, em um dia j\u00e1 se pode realizar, dentre as in\u00fameras possibilidades que o espa\u00e7o oferece, uma fant\u00e1stica experi\u00eancia.<\/p>\n<p style=\"text-align: justify;\">Ent\u00e3o para quem ainda n\u00e3o conhece Inhotim ou para aqueles que desejam explor\u00e1-lo novamente, seguem algumas dicas importantes.<\/p>\n<h3 style=\"text-align: justify;\"><strong><span style=\"color: #ff0000;\">Hor\u00e1rio de funcionamento:<\/span> <\/strong><\/h3>\n<ul style=\"text-align: justify;\">\n<li>Quarta \u00e0 sexta-feira: 09h30 \u00e0s 16h30<\/li>\n<li>S\u00e1bados, domingos e feriado: 09h30 \u00e0s 17h30<\/li>\n<\/ul>\n<p style=\"text-align: justify;\">*Segunda e ter\u00e7a-feira: <u>Fechado<\/u>.<\/p>\n<p style=\"text-align: justify;\">Todas as quarta-feira e no \u00faltimo domingo do m\u00eas a entrada \u00e9 <strong>gratuita<\/strong>.<\/p>\n<p style=\"text-align: justify;\">Os ingressos s\u00e3o vendidos via Sympla, <a href=\"https:\/\/bileto.sympla.com.br\/event\/101272\/d\/292303\">neste link<\/a> da bilheteria on-line oficial do Inhotim. Tamb\u00e9m \u00e9 poss\u00edvel compr\u00e1-los diretamente na bilheteria do parque, localizada na Recep\u00e7\u00e3o. Os valores do ingresso est\u00e3o dispon\u00edveis no site: <a href=\"https:\/\/www.inhotim.org.br\">https:\/\/www.inhotim.org.br<\/a><\/p>\n<h3 style=\"text-align: justify;\"><span style=\"color: #ff0000;\"><strong>Vestimentas<\/strong><\/span><\/h3>\n<p style=\"text-align: justify;\">Recomenda-se a utiliza\u00e7\u00e3o de roupas confort\u00e1veis assim como o uso de chap\u00e9u ou bon\u00e9.<\/p>\n<h3 style=\"text-align: justify;\"><span style=\"color: #ff0000;\"><strong>Carrinhos el\u00e9tricos<\/strong><\/span><\/h3>\n<p style=\"text-align: justify;\">O trajeto da visita pelo museu pode ser feito a p\u00e9 ou contratando <strong>carrinhos el\u00e9tricos<\/strong>, que realizam os trechos mais longos, facilitando o acesso as v\u00e1rias galerias. Para garantir esse transporte antecipadamente, solicite \u00e0 ag\u00eancia oficial do Inhotim,\u00a0<a href=\"https:\/\/beticket.com.br\/\">Belvitur<\/a>, ou pela plataforma Sympla, junto \u00e0 compra do seu ingresso (<a href=\"https:\/\/www.inhotim.org.br\/visite\/ingressos\/\">Reserve aqui<\/a>). Tamb\u00e9m \u00e9 poss\u00edvel faz\u00ea-lo na Recep\u00e7\u00e3o do Inhotim, mediante disponibilidade.<\/p>\n<h3 style=\"text-align: justify;\"><strong><span style=\"color: #ff0000;\">Alimenta\u00e7\u00e3o<\/span> <\/strong><\/h3>\n<p style=\"text-align: justify;\">Em Inhotim, voc\u00ea encontra pontos de alimenta\u00e7\u00e3o espalhados ao longo do parque, seja para almo\u00e7o, lanche ou para fazer uma pausa durante a visita\u00e7\u00e3o.<\/p>\n<h3 style=\"text-align: justify;\"><span style=\"color: #ff0000;\"><strong>Visitas guiadas<\/strong><\/span><\/h3>\n<p style=\"text-align: justify;\">Os visitantes s\u00e3o acompanhados por mediadores experientes no espa\u00e7o, que orientar\u00e3o a visita de acordo com o perfil, faixa et\u00e1ria e informa\u00e7\u00f5es fornecidas pelos participantes de cada grupo.<\/p>\n<p style=\"text-align: justify;\"><strong>Visitas mediadas de 2h, em portugu\u00eas:<\/strong><\/p>\n<ul style=\"text-align: justify;\">\n<li>Grupo de at\u00e9 4 pessoas: R$ 450,00<\/li>\n<li>Grupo de 5 at\u00e9 10 pessoas: R$ 550,00<\/li>\n<li>Grupo de 11 a 25 pessoas: R$ 800,00<\/li>\n<\/ul>\n<p style=\"text-align: justify;\"><strong>Visitas mediadas de 2h, bil\u00edngues<\/strong> (ingl\u00eas, espanhol, franc\u00eas ou alem\u00e3o)<\/p>\n<ul style=\"text-align: justify;\">\n<li>Grupo de 11 a 25 pessoas: R$ 850,00<\/li>\n<li>As solicita\u00e7\u00f5es devem ser feitas pelo e-mail: <a href=\"mailto:inhotim@belvitur.com.br\">inhotim@belvitur.com.br<\/a><\/li>\n<\/ul>\n<h3 style=\"text-align: justify;\"><span style=\"color: #ff0000;\"><strong>Como chegar<\/strong><\/span><\/h3>\n<p style=\"text-align: justify;\">Inhotim encontra-se na Rua B, 20, Inhotim, Brumadinho \u2013 MG, Brasil.<\/p>\n<p style=\"text-align: justify;\"><strong>Carro<\/strong><\/p>\n<p style=\"text-align: justify;\">O acesso pode ser realizado de carro pela Rodovia BR-381 (passando por M\u00e1rio Campos) ou pela Rodovia BR-040 (passando por Piedade do Paraopeba).<\/p>\n<p style=\"text-align: justify;\"><strong>Transfer\/\u00f4nibus<\/strong><\/p>\n<p style=\"text-align: justify;\">O transfer\/\u00f4nibus pode ser contratado pelo Transfer Belvitur, oficial de Inhotim, com o ponto de embarque situado no Hotel Holiday Inn (Rua Professor Moraes, n\u00ba 600 \u2013 Savassi, Belo Horizonte).<\/p>\n<ul style=\"text-align: justify;\">\n<li><strong>Hor\u00e1rio de embarque:<\/strong> 7h45 e de sa\u00edda \u00e0s 8h.<\/li>\n<li><strong>Retorno:<\/strong> quarta a sexta-feira, \u00e0s 16h30 | s\u00e1bado, domingo e feriado, \u00e0s 17h30.<\/li>\n<li><strong>Valores:<\/strong> R$ 130 ida e volta e R$70 apenas um trecho.<\/li>\n<\/ul>\n<p style=\"text-align: justify;\">Agendamentos pelo telefone (31) 3195-9090 (Contato apenas por WhatsApp) ou pelo site http:\/\/www.beticket.com.br.<\/p>\n<p style=\"text-align: justify;\">As reservas ser\u00e3o garantidas apenas mediante pagamento antecipado. \u00c9 preciso solicitar o servi\u00e7o com, no m\u00ednimo, 24h de anteced\u00eancia, de segunda a sexta-feira, das 8h \u00e0s 18h. N\u00e3o ser\u00e1 poss\u00edvel solicitar o servi\u00e7o no dia da visita.<\/p>\n<h3 style=\"text-align: justify;\"><span style=\"color: #ff0000;\"><strong>Hospedagem no local<\/strong><\/span><\/h3>\n<p style=\"text-align: justify;\">Para uma experi\u00eancia imersiva existe o resort Clara Arte que oferece su\u00edtes e bangal\u00f4s com pens\u00e3o completa: <a href=\"https:\/\/clararesorts.com.br\/clara-arte\">https:\/\/clararesorts.com.br\/clara-arte<\/a><\/p>\n<p style=\"text-align: justify;\">Reservas atrav\u00e9s do site ou por: <a href=\"mailto:reservas@clararesorts.com.br\">reservas@clararesorts.com.br<\/a><\/p>\n<p>&nbsp;<\/p>\n<p style=\"text-align: center;\"><strong>Para mais informa\u00e7\u00f5es, acesse:<\/strong><\/p>\n<p style=\"text-align: center;\"><a href=\"https:\/\/www.inhotim.org.br\">https:\/\/www.inhotim.org.br<\/a><\/p>\n<p style=\"text-align: center;\"><strong>Para um pouco mais, veja: <\/strong><\/p>\n<p style=\"text-align: center;\">Yayoi Kusama<\/p>\n<p style=\"text-align: center;\"><a href=\"https:\/\/www.youtube.com\/shorts\/u83HGUiTve8\">https:\/\/www.youtube.com\/shorts\/u83HGUiTve8<\/a><\/p>\n<p style=\"text-align: center;\">Adriana Varej\u00e3o<\/p>\n<p style=\"text-align: center;\"><a href=\"https:\/\/www.youtube.com\/watch?v=tAdYt4gw5s0\">https:\/\/www.youtube.com\/watch?v=tAdYt4gw5s0<\/a><\/p>\n<p style=\"text-align: center;\">Cildo Meireles<\/p>\n<p style=\"text-align: center;\"><a href=\"https:\/\/www.youtube.com\/watch?v=5sCs6fME3_w\">https:\/\/www.youtube.com\/watch?v=5sCs6fME3_w<\/a><\/p>\n<p style=\"text-align: center;\">Tunga<\/p>\n<p style=\"text-align: center;\"><a href=\"https:\/\/www.youtube.com\/watch?v=1_N8xipgQZQ\">https:\/\/www.youtube.com\/watch?v=1_N8xipgQZQ<\/a><\/p>\n<p style=\"text-align: center;\">Rivane Neunenschwander<\/p>\n<p style=\"text-align: center;\"><a href=\"https:\/\/www.inhotim.org.br\/eventos\/rivane-neuenschwander-tangolomango\/\">https:\/\/www.inhotim.org.br\/eventos\/rivane-neuenschwander-tangolomango\/<\/a><\/p>\n<\/div>\n<\/div>\n<\/div>\n<\/div>\n<\/div>\n<\/div>\n<\/div>\n<\/div>\n<\/article>\n[\/vc_column_text][\/vc_column][\/vc_row]\n<\/div>","protected":false},"excerpt":{"rendered":"<p>[vc_row][vc_column][\/vc_column][\/vc_row][vc_row][vc_column][vc_column_text css=&#8221;&#8221;] Instituto Inhotim [\/vc_column_text][vc_column_text css=&#8221;&#8221;] Situado na cidade de Brumadinho, a uma hora e meia de Belo Horizonte, o Instituto Inhotim abriga uma das cole\u00e7\u00f5es mais importantes de arte contempor\u00e2nea do Brasil, e \u00e9 considerado o maior museu a c\u00e9u aberto do mundo. As mais de vinte galerias est\u00e3o dispostas em uma \u00e1rea verde&hellip;<\/p>\n","protected":false},"author":3,"featured_media":0,"parent":632,"menu_order":0,"comment_status":"closed","ping_status":"closed","template":"templates\/no-sidebar.php","meta":{"_monsterinsights_skip_tracking":false,"_monsterinsights_sitenote_active":false,"_monsterinsights_sitenote_note":"","_monsterinsights_sitenote_category":0,"footnotes":""},"_links":{"self":[{"href":"https:\/\/enapol.com\/xii\/wp-json\/wp\/v2\/pages\/1724"}],"collection":[{"href":"https:\/\/enapol.com\/xii\/wp-json\/wp\/v2\/pages"}],"about":[{"href":"https:\/\/enapol.com\/xii\/wp-json\/wp\/v2\/types\/page"}],"author":[{"embeddable":true,"href":"https:\/\/enapol.com\/xii\/wp-json\/wp\/v2\/users\/3"}],"replies":[{"embeddable":true,"href":"https:\/\/enapol.com\/xii\/wp-json\/wp\/v2\/comments?post=1724"}],"version-history":[{"count":4,"href":"https:\/\/enapol.com\/xii\/wp-json\/wp\/v2\/pages\/1724\/revisions"}],"predecessor-version":[{"id":2826,"href":"https:\/\/enapol.com\/xii\/wp-json\/wp\/v2\/pages\/1724\/revisions\/2826"}],"up":[{"embeddable":true,"href":"https:\/\/enapol.com\/xii\/wp-json\/wp\/v2\/pages\/632"}],"wp:attachment":[{"href":"https:\/\/enapol.com\/xii\/wp-json\/wp\/v2\/media?parent=1724"}],"curies":[{"name":"wp","href":"https:\/\/api.w.org\/{rel}","templated":true}]}}