{"id":1741,"date":"2025-02-26T12:05:56","date_gmt":"2025-02-26T15:05:56","guid":{"rendered":"https:\/\/enapol.com\/xii\/?page_id=1741"},"modified":"2025-03-31T11:12:47","modified_gmt":"2025-03-31T14:12:47","slug":"referencias-bibliograficas","status":"publish","type":"page","link":"https:\/\/enapol.com\/xii\/epistemico\/bibliografia\/referencias-bibliograficas\/","title":{"rendered":"Refer\u00eancias Bibliogr\u00e1ficas"},"content":{"rendered":"<div class=\"wpb-content-wrapper\">[vc_row][vc_column]<div class=\"vcex-spacing wpex-w-100 wpex-clear\" style=\"height:50px;\"><\/div>[\/vc_column][\/vc_row][vc_row][vc_column][vc_column_text css=&#8221;&#8221;]\n<article id=\"single-blocks\" class=\"single-page-article wpex-clr\">\n<div class=\"single-page-content single-content entry wpex-clr\">\n<div class=\"wpb-content-wrapper\">\n<div class=\"vc_row wpb_row vc_row-fluid wpex-relative\">\n<div class=\"wpb_column vc_column_container vc_col-sm-12\">\n<div class=\"vc_column-inner\">\n<div class=\"wpb_wrapper\">\n<div class=\"wpb_text_column wpb_content_element\">\n<div class=\"wpb_wrapper\">\n<h3><b><span style=\"font-family: arial, sans-serif;\">LISTA DE REFER\u00caNCIAS COM AS PALAVRAS-CHAVE:<\/span><\/b><\/h3>\n<h3><span style=\"color: #ff0000;\"><strong>FREUD<\/strong><\/span><\/h3>\n<p>FREUD, S. <strong>\u201cLembran\u00e7as encobridoras\u201d<\/strong> (1899) In Freud S. Obras completas. Rio de Janeiro, Imago Editora. 1976. Vol. III. pp. 283-304<\/p>\n<p style=\"padding-left: 40px;\"><strong>Palavras-chave<\/strong>: Lembran\u00e7as infantis; conflito; repress\u00e3o; substitui\u00e7\u00e3o.<\/p>\n<p>FREUD, S. \u201c<strong>Tr\u00eas ensaios sobre a teoria da sexualidade\u201d <\/strong>(1905) In: Freud, S. Obras completas. S\u00e3o Paulo: Companhia das Letras, 2016. Vol. 6. pp. 13-142.<\/p>\n<p style=\"padding-left: 40px;\"><strong>Palavras-chave<\/strong>: Sexualidade; objeto; puls\u00e3o; complexo de \u00c9dipo; complexo de castra\u00e7\u00e3o.<\/p>\n<p>FREUD, S. <strong>\u201cA Din\u00e2mica da Transfer\u00eancia\u201d<\/strong> (1912) In: O caso de Schreber, artigos sobre t\u00e9cnica e outros trabalhos (1911-1913).\u00a0 Rio de Janeiro: Imago, Vol. XII, 1996. pp.107-119.<\/p>\n<p style=\"padding-left: 40px;\"><strong>Palavras-chave<\/strong>: Libido; inconsciente; transfer\u00eancia; resist\u00eancia;<\/p>\n<p>FREUD, S. \u201c<strong>Recordar, repetir e elaborar\u201d<\/strong> (1914) In: Observa\u00e7\u00f5es psicanal\u00edticas sobre um caso de paranoia relatado em uma autobiografia (\u201cO caso Schereber\u201d), artigos sobre t\u00e9cnica e outros textos (1911-1913). S\u00e3o Paulo: Companhia das Letras, 2010. Vol. 10 pp.193-209.<\/p>\n<p style=\"padding-left: 40px;\"><strong>Palavras-Chave<\/strong>:\u00a0 Transfer\u00eancia; repeti\u00e7\u00e3o; sintoma, elabora\u00e7\u00e3o.<\/p>\n<p>FREUD, S. <strong>\u201cHist\u00f3ria de uma neurose infantil\u201d<\/strong> (1918 [1914]) In: Hist\u00f3ria de uma neurose infantil e outros trabalhos (1917-1919).\u00a0 Rio de Janeiro: Imago, Vol. XVII, 1996. pp. 13-129.<\/p>\n<p style=\"padding-left: 40px;\"><strong>Palavras-Chave<\/strong>: Verwergung; verdr\u00e4ngung; castra\u00e7\u00e3o; erotismo anal; sonho; cena prim\u00e1ria.<\/p>\n<p>FREUD, S.\u00a0 \u201c<strong>O Infamiliar (Das Unheimliche<\/strong>\u201d) (1919) In: Obras Incompletas de Sigmund Freud. Belo Horizonte: Aut\u00eantica Editora. 2019. pp. 27 &#8211; 115<\/p>\n<p style=\"padding-left: 40px;\"><strong>Palavras-chave<\/strong>: estranho; \u00edntimo; fator infantil; inconsciente.<\/p>\n<p>FREUD, S. <strong>\u201cBate-se numa crian\u00e7a: Contribui\u00e7\u00f5es para o estudo da origem das pervers\u00f5es sexuais.\u201d<\/strong> (1919) In: \u201cHist\u00f3rias de uma neurose infantil (\u201cO homem dos lobos\u201d), Al\u00e9m do princ\u00edpio do prazer e Outros textos. (1917-1920). S\u00e3o Paulo: Companhia das Letras, 2010. Vol.14.\u00a0 pp. 293-327.<\/p>\n<p style=\"padding-left: 40px;\"><strong>Palavras-chave:<\/strong> Fantasia; puls\u00e3o; masoquismo e sadismo.<\/p>\n<p>FREUD. S. <strong>\u201cInibi\u00e7\u00e3o, sintoma e ang\u00fastia\u201d <\/strong>(1926) In: Obras Completas. Inibi\u00e7\u00e3o, sintoma e ang\u00fastia, O futuro de uma ilus\u00e3o e outros textos, (1926-1929) Tradu\u00e7\u00e3o Paulo C\u00e9sar de Souza. &#8211; 1\u00aa ed., &#8211; S\u00e3o Paulo: Companhia das Letras, 2014. Vol. 17 pp.13-123.<\/p>\n<p style=\"padding-left: 40px;\"><strong>Palavras-chave<\/strong>: inibi\u00e7\u00e3o; sintoma; ang\u00fastia; fobia; modalidades ps\u00edquicas.<\/p>\n<hr \/>\n<h3><span style=\"color: #ff0000;\"><strong>LACAN<\/strong><\/span><\/h3>\n<h3><strong>SEMIN\u00c1RIOS<\/strong><\/h3>\n<p>LACAN, J. \u201c<strong>O Eu e o Outro<\/strong>\u201d (1954) In: O Semin\u00e1rio, livro 1: os escritos t\u00e9cnicos de Freud (1953-1954). Texto estabelecido por Jacques- Alain Miller.\u00a0 Rio de Janeiro: Jorge Zahar Ed., 1986, pp. 50-65.<\/p>\n<p style=\"padding-left: 40px;\"><strong>Palavras-Chave<\/strong>:\u00a0 Resist\u00eancia; transfer\u00eancia; recalque; verwerfung; verdrangung.<\/p>\n<p>LACAN, J. <strong>\u201cSaber, Verdade, Opini\u00e3o\u201d <\/strong>(1954) In:\u00a0 O semin\u00e1rio, livro 2: O eu na teoria de Freud e na t\u00e9cnica da psican\u00e1lise\u201d. (1954-1955) Texto estabelecido por Jacques-Alain Miller. Rio de Janeiro: Jorge Zahar Ed., 1985, pp. 22-37.<\/p>\n<p style=\"padding-left: 40px;\"><strong>Palavras-Chave<\/strong>: Saber; simb\u00f3lico; linguagem; verdade; a\u00e7\u00e3o anal\u00edtica<\/p>\n<p>LACAN, J. <strong>\u201cAs m\u00e1scaras do sintoma\u201d <\/strong>(1958) In O semin\u00e1rio, livro 5: As forma\u00e7\u00f5es do inconsciente. (1957-1958) Rio de Janeiro: Jorge Zahar Ed. 1999, pp. 330 &#8211; 346<\/p>\n<p style=\"padding-left: 40px;\"><strong>Palavras chave<\/strong>: Interpreta\u00e7\u00e3o; amor; demanda; desejo; identifica\u00e7\u00e3o.<\/p>\n<p>LACAN, J. \u201c<strong>A puls\u00e3o de morte<\/strong>\u201d (1959-1960) In: O semin\u00e1rio livro 7 A \u00e9tica da psican\u00e1lise. Rio de Janeiro: Jorge Zahar Ed. (1988) pp.251 &#8211; 265<\/p>\n<p style=\"padding-left: 40px;\"><strong>Palavras-chave<\/strong>: Mem\u00f3ria; gozo; puls\u00e3o; destrui\u00e7\u00e3o.<\/p>\n<p>LACAN, J. \u201c<strong>A fun\u00e7\u00e3o do belo<\/strong>\u201d (1959-1960) In: O semin\u00e1rio livro 7 A \u00e9tica da psican\u00e1lise. Rio de Janeiro: Jorge Zahar Ed, 1988, pp.281- 292<\/p>\n<p style=\"padding-left: 40px;\"><strong>Palavras-chave<\/strong>:\u00a0 Duplicidade do bem; belo; desejo; masoquismo.<\/p>\n<p>LACAN, J. <strong>\u201cO Sujeito e o Outro (I): A aliena\u00e7\u00e3o\u201d <\/strong>(1964) In: O semin\u00e1rio, livro 11: os quatro conceitos fundamentais da psican\u00e1lise. (1964) Texto estabelecido por Jacques-Alain Miller. 2\u00aa ed. Rio de Janeiro: Jorge Zahar Ed., 1985, pp. 193-204.<\/p>\n<p style=\"padding-left: 40px;\"><strong>Palavras-chave<\/strong>: Sujeito; aliena\u00e7\u00e3o; interpreta\u00e7\u00e3o; sem-sentido; transfer\u00eancia.<\/p>\n<p>LACAN, J. \u201c<strong>Produ\u00e7\u00e3o dos quatro discursos<\/strong>\u201d (1969-1970) In: O semin\u00e1rio livro 17 O Avesso da psican\u00e1lise. Rio de Janeiro: Jorge Zahar Ed1992, pp. 9-26<\/p>\n<p style=\"padding-left: 40px;\"><strong>Palavras-chave:<\/strong> Irrup\u00e7\u00e3o; mais de gozar; gozo como limite; discurso sem palavras.<\/p>\n<p>LACAN, J. <strong>\u201cTopologia da fala (palestra)\u201d <\/strong>(1971-1972) In: O semin\u00e1rio libro 19, \u2026Ou pior. Rio de Janeiro: Jorge Zahar Ed., 2012, p. 63-77<\/p>\n<p style=\"padding-left: 40px;\"><strong>Palavras-chave<\/strong>: Fala; semblante; gozo; discursos.<\/p>\n<p>LACAN, J. <strong>\u201cA fun\u00e7\u00e3o do escrito\u201d<\/strong> (1972-1973) In: O semin\u00e1rio livro 20 Mais, ainda. Rio de Janeiro: Jorge Zahar Ed.1985, pp. 38-52<\/p>\n<p style=\"padding-left: 40px;\"><strong>Palavras-chave<\/strong>: Inconsciente; letra; saber; gozo; objeto a.<\/p>\n<h3><strong>ESCRITOS<\/strong><\/h3>\n<p>LACAN, J.\u00a0\u201c<strong>O est\u00e1dio do espelho<\/strong> <strong>como formador da fun\u00e7\u00e3o do eu\u201d <\/strong>(1949) In:\u00a0Escritos. Rio de Janeiro: Zahar Editores, 1998, p. 96 &#8211; 103<\/p>\n<p style=\"padding-left: 40px;\"><strong>Palavras-chave<\/strong>: Imagin\u00e1rio; libido narc\u00edsica; eu; outro; agressividade.<\/p>\n<p>LACAN, J. <strong>Subvers\u00e3o do Sujeito e a dial\u00e9tica do desejo no inconsciente freudiano. <\/strong>(1960) In: Escritos. &#8211; Rio de Janeiro: Zahar, 1998. pp.807-842.<\/p>\n<p style=\"padding-left: 40px;\"><strong>Palavras-chave:<\/strong> Desejo; sujeito; inconsciente; ci\u00eancia e verdade.<\/p>\n<h3><strong>OUTROS ESCRITOS <\/strong><\/h3>\n<p>LACAN, J. \u201c<strong>Alocu\u00e7\u00e3o sobre as psicoses da crian\u00e7a\u201d <\/strong>(1967) In: Outros Escritos (1901-1981). 3. ed. Rio de Janeiro: Jorge Zahar Ed., 2003, pp. 359-368.<\/p>\n<p style=\"padding-left: 40px;\"><strong>Palavras-chave<\/strong>: Psicose; segrega\u00e7\u00e3o; gozo; crian\u00e7a generalizada; \u00e9tica.<\/p>\n<p>LACAN, J. \u201c<strong>Nota sobre a crian\u00e7a<\/strong>\u201d (1969). In: Outros Escritos (1901-1981).\u00a0 3. ed. Rio de Janeiro: Jorge Zahar Ed., 2003, pp. 369-370<\/p>\n<p style=\"padding-left: 40px;\"><strong>Palavras-Chave<\/strong>: Real; sintoma; verdade; fantasia; objeto a; crian\u00e7a; fun\u00e7\u00e3o da m\u00e3e; fun\u00e7\u00e3o do pai.<\/p>\n<p>LACAN, J.<strong> \u201cO aturdito\u201d<\/strong> (1972) In: Outros Escritos (1901-1981). 3. ed. Rio de Janeiro: Jorge Zahar Ed. 2003, pp. 448-497.<\/p>\n<p style=\"padding-left: 40px;\"><strong>Palavras-chave<\/strong>: Dizer; ex-sist\u00eancia; n\u00e3o h\u00e1 rela\u00e7\u00e3o sexual; topologia.<\/p>\n<p>LACAN, J.<strong> \u201cTelevis\u00e3o\u201d<\/strong> (1973) In: Outros Escritos (1901-1981). 3. ed. Rio de Janeiro: Jorge Zahar Ed., 2003, pp. 508-543<\/p>\n<p style=\"padding-left: 40px;\"><strong>Palavras-Chave:<\/strong> Real; escrita; lal\u00edngua; objeto a<\/p>\n<hr \/>\n<h3><span style=\"color: #ff0000;\"><strong>MILLER<\/strong><\/span><\/h3>\n<p>MILLER, J.-A. \u201c<strong>La verdad en lo real\u201d <\/strong>En: Respuestas de lo real (1983-1984) Ciudad Aut\u00f3noma de Buenos Aires: Paid\u00f3s, 2024, pp.41-57. Clase de 23 de noviembre de 1983.<\/p>\n<p style=\"padding-left: 40px;\"><strong>Palavras-chave:<\/strong> \u00a0Real; saber; significa\u00e7\u00e3o; verdade e ci\u00eancia.<\/p>\n<p>MILLER, J.-A. <strong>\u201cO estatuto do trauma\u201d<\/strong> In: Boletim Tambor \u201cFora de s\u00e9rie\u201d, <a href=\"https:\/\/enapol.com\/xii\/o-estatuto-do-trauma\/\">https:\/\/enapol.com\/xii\/o-estatuto-do-trauma\/<\/a><\/p>\n<p>Texto extra\u00eddo da aula do dia 13 de janeiro de 1988, do Curso de Orienta\u00e7\u00e3o Lacaniana, de Jacques -Alain Miller: Causa y consentimiento \u2013 1\u00aa Ed. Ciudad Autonoma de Buenos Aires: Paid\u00f3s, 2019, p.138-145<\/p>\n<p style=\"padding-left: 40px;\"><strong>Palavras-chave:<\/strong> Causa; trauma; excesso de sexualidade; sentido; enigma.<\/p>\n<p>MILLER, J.-A.\u00a0 Cap\u00edtulo 1, 2, 6, 15, 19, 21 (1997-1998) En: El partenaire \u2013 s\u00edntoma, Buenos Aires, Paid\u00f3s, 2008, pp. 29-52,144-145, 339-340, 365-366, 402-414, 476-489.<\/p>\n<p style=\"padding-left: 40px;\"><strong>Palavras-chave:<\/strong> Objeto a; sentido gozado; la lengua; no-todo; bien decir; cuerpo.<\/p>\n<p>MILLER, J.-A. \u201c<strong>Perturbar la defensa<\/strong>\u201d y \u201c<strong>Acontecimientos de cuerpo<\/strong>\u201d En: La experiencia de lo real en la cura psicoanal\u00edtica. (1998-1999) Buenos Aires: Paid\u00f3s, 2008. pp.50-53, 378-380.<\/p>\n<p style=\"padding-left: 40px;\"><strong>Palavras-chave<\/strong>: Defensa; real; pulsi\u00f3n; traumatismo; acontecimiento de cuerpo.<\/p>\n<p>MILLER, J.-A. \u201c<strong>Lo real y la estructura<\/strong>\u201d; \u201c<strong>Un Otro que existe<\/strong>\u201d y \u201c<strong>El discurso del amo<\/strong>\u201d. (2002-2003) En: Un esfuerzo de poes\u00eda, Buenos Aires, Paid\u00f3s, 2016. pp.124, 192, 216.<\/p>\n<p style=\"padding-left: 40px;\"><strong>Palavras-chave<\/strong>: Objeto a, exceso, real, discurso.<\/p>\n<p>MILLER, J.-A., (2024), \u201c<strong>Frases marcantes en psicoan\u00e1lisis<\/strong>\u201d, Miller TV, [en l\u00ednea], <a href=\"https:\/\/www.youtube.com\/watch?v=1DkgWWPrmvc\">https:\/\/www.youtube.com\/watch?v=1DkgWWPrmvc<\/a><\/p>\n<p style=\"padding-left: 40px;\"><strong>Palavras-chave<\/strong>: acontecimiento de palabra; sujeto marcado; frase impulsora; nombre de marca.<\/p>\n<hr \/>\n<h3><span style=\"color: #ff0000;\"><strong>LAURENT<\/strong><\/span><\/h3>\n<p>LAURENT, E<strong>. \u201cLa extracci\u00f3n del objeto a. Declinaciones del objeto a en la cultura<\/strong>.\u201d COLOFON n\u00ba 28, Bolet\u00edn de la Federaci\u00f3n Internacional de Bibliotecas del Campo Freudiano. pp. 7-10.<\/p>\n<p style=\"padding-left: 40px;\"><strong>Palavras-chave<\/strong>: Cuerpo; objeto a; falta-en-ser; arte; goce.<\/p>\n<\/div>\n<\/div>\n<\/div>\n<\/div>\n<\/div>\n<\/div>\n<\/div>\n<\/div>\n<\/article>\n[\/vc_column_text][\/vc_column][\/vc_row]\n<\/div>","protected":false},"excerpt":{"rendered":"<p>[vc_row][vc_column][\/vc_column][\/vc_row][vc_row][vc_column][vc_column_text css=&#8221;&#8221;] LISTA DE REFER\u00caNCIAS COM AS PALAVRAS-CHAVE: FREUD FREUD, S. \u201cLembran\u00e7as encobridoras\u201d (1899) In Freud S. Obras completas. Rio de Janeiro, Imago Editora. 1976. Vol. III. pp. 283-304 Palavras-chave: Lembran\u00e7as infantis; conflito; repress\u00e3o; substitui\u00e7\u00e3o. FREUD, S. \u201cTr\u00eas ensaios sobre a teoria da sexualidade\u201d (1905) In: Freud, S. Obras completas. S\u00e3o Paulo: Companhia das Letras,&hellip;<\/p>\n","protected":false},"author":3,"featured_media":0,"parent":638,"menu_order":0,"comment_status":"closed","ping_status":"closed","template":"templates\/no-sidebar.php","meta":{"_monsterinsights_skip_tracking":false,"_monsterinsights_sitenote_active":false,"_monsterinsights_sitenote_note":"","_monsterinsights_sitenote_category":0,"footnotes":""},"_links":{"self":[{"href":"https:\/\/enapol.com\/xii\/wp-json\/wp\/v2\/pages\/1741"}],"collection":[{"href":"https:\/\/enapol.com\/xii\/wp-json\/wp\/v2\/pages"}],"about":[{"href":"https:\/\/enapol.com\/xii\/wp-json\/wp\/v2\/types\/page"}],"author":[{"embeddable":true,"href":"https:\/\/enapol.com\/xii\/wp-json\/wp\/v2\/users\/3"}],"replies":[{"embeddable":true,"href":"https:\/\/enapol.com\/xii\/wp-json\/wp\/v2\/comments?post=1741"}],"version-history":[{"count":11,"href":"https:\/\/enapol.com\/xii\/wp-json\/wp\/v2\/pages\/1741\/revisions"}],"predecessor-version":[{"id":2541,"href":"https:\/\/enapol.com\/xii\/wp-json\/wp\/v2\/pages\/1741\/revisions\/2541"}],"up":[{"embeddable":true,"href":"https:\/\/enapol.com\/xii\/wp-json\/wp\/v2\/pages\/638"}],"wp:attachment":[{"href":"https:\/\/enapol.com\/xii\/wp-json\/wp\/v2\/media?parent=1741"}],"curies":[{"name":"wp","href":"https:\/\/api.w.org\/{rel}","templated":true}]}}