{"id":2587,"date":"2025-04-02T06:11:09","date_gmt":"2025-04-02T09:11:09","guid":{"rendered":"https:\/\/enapol.com\/xii\/?page_id=2587"},"modified":"2025-06-26T07:53:19","modified_gmt":"2025-06-26T10:53:19","slug":"hospedagem","status":"publish","type":"page","link":"https:\/\/enapol.com\/xii\/acolhimento\/hospedagem\/","title":{"rendered":"Hospedagem"},"content":{"rendered":"<div class=\"wpb-content-wrapper\">[vc_row][vc_column]<div class=\"vcex-spacing wpex-w-100 wpex-clear\" style=\"height:50px;\"><\/div>[\/vc_column][\/vc_row][vc_row][vc_column][vc_column_text css=&#8221;&#8221;]\n<h3 style=\"text-align: center;\"><span style=\"color: #ff0000;\">HOT\u00c9IS XII ENAPOL<\/span><\/h3>\n[\/vc_column_text]<div class=\"vcex-spacing wpex-w-100 wpex-clear\" style=\"height:50px;\"><\/div>[vc_column_text css=&#8221;&#8221;]\n<p style=\"text-align: justify;\"><strong>O pr\u00f3ximo ENAPOL abre suas portas em Belo Horizonte!<\/strong><\/p>\n<p style=\"text-align: justify;\">Localizado no cora\u00e7\u00e3o da capital mineira, o Encontro ser\u00e1 no Minascentro que est\u00e1 localizado \u00e0 poucos passos de pontos tur\u00edsticos como o Mercado Central e o Mercado Novo.<\/p>\n<p style=\"text-align: justify;\">Estamos nos preparando para receb\u00ea-los com propostas e dicas para que aproveitem bem a estadia em nossa cidade.<\/p>\n<p style=\"text-align: justify;\">Traremos diferentes op\u00e7\u00f5es de locais que, esperamos, orientem na hora de decidir onde ir\u00e3o hospedar-se.<\/p>\n<p style=\"text-align: justify;\">Entre as principais recomenda\u00e7\u00f5es para hospedagem, destacamos os bairros Lourdes e Savassi pela proximidade ao local do evento. Essas regi\u00f5es ainda oferecem uma variedade de op\u00e7\u00f5es gastron\u00f4micas. Caf\u00e9s aconchegantes, livrarias, bares tradicionais e pra\u00e7as arborizadas fazem desses bairros um polo de hospitalidade.<\/p>\n<p style=\"text-align: justify;\">Aguardamos voc\u00eas, com alegria, em Belo Horizonte!<\/p>\n[\/vc_column_text]<div class=\"vcex-spacing wpex-w-100 wpex-clear\" style=\"height:50px;\"><\/div><figure class=\"vcex-image vcex-module wpex-text-center\"><div class=\"vcex-image-inner wpex-relative wpex-inline-block\"><a href=\"https:\/\/enapol.com\/xii\/wp-content\/uploads\/sites\/10\/2025\/06\/mapa_port.jpg\" class=\"wpex-lightbox\"><img width=\"638\" height=\"797\" src=\"https:\/\/enapol.com\/xii\/wp-content\/uploads\/sites\/10\/2025\/06\/mapa_port.jpg\" class=\"vcex-image-img wpex-align-middle\" alt=\"\" loading=\"lazy\" decoding=\"async\" srcset=\"https:\/\/enapol.com\/xii\/wp-content\/uploads\/sites\/10\/2025\/06\/mapa_port.jpg 638w, https:\/\/enapol.com\/xii\/wp-content\/uploads\/sites\/10\/2025\/06\/mapa_port-240x300.jpg 240w, https:\/\/enapol.com\/xii\/wp-content\/uploads\/sites\/10\/2025\/06\/mapa_port-500x625.jpg 500w\" sizes=\"(max-width: 638px) 100vw, 638px\" \/><\/a><\/div><\/figure><div class=\"vcex-spacing wpex-w-100 wpex-clear\" style=\"height:50px;\"><\/div>[\/vc_column][\/vc_row][vc_row][vc_column][vc_column_text css=&#8221;&#8221;]\n<h3 style=\"text-align: center;\"><span style=\"color: #ff0000;\"><span lang=\"PT\">REDE <span style=\"letter-spacing: -.1pt;\">ATL\u00c2NTICA<\/span><\/span><\/span><\/h3>\n[\/vc_column_text]<div class=\"vcex-spacing wpex-w-100 wpex-clear\" style=\"height:50px;\"><\/div><div class=\"vcex-module vcex-divider vcex-divider-solid vcex-divider-center wpex-mx-auto wpex-block wpex-h-0 wpex-border-b wpex-border-solid wpex-border-main\" style=\"border-color:#ff0000;\"><\/div>[\/vc_column][\/vc_row][vc_row][vc_column width=&#8221;1\/2&#8243;][vc_column_text css=&#8221;&#8221;]\n<p style=\"text-align: left;\"><strong>Radisson Blu Belo Horizonte <\/strong><span style=\"color: #ff9900;\">\u2605\u2605\u2605\u2605\u2605<\/span><\/p>\n<p style=\"text-align: left;\">Dist\u00e2ncia do Minascentro:<strong> 2,4km<\/strong><\/p>\n<p style=\"text-align: left;\">Tarifas a partir de <strong>USD $118,00\u00a0\u00a0<span style=\"font-size: 10px;\">(valor com desconto aplicado)<\/span><\/strong><\/p>\n<p style=\"text-align: left;\">Desconto*: C\u00f3digo promocional <strong>ENAPOL<\/strong><\/p>\n<p style=\"text-align: left;\">Quartos**<strong>: Superior King<\/strong><\/p>\n[\/vc_column_text]<div class=\"vcex-spacing wpex-w-100 wpex-clear\" style=\"height:50px;\"><\/div><a href=\"https:\/\/atlantica.letsbook.com.br\/reserva\/selecao-de-quartos?codigoHotel=110&#038;numeroAdultos=1&#038;promocode=enapol&#038;checkin=2025-09-05&#038;checkout=2025-09-06&#038;criancas=&#038;r=911470eb57534076ada869cefdec9c95&#038;p=enapol\" class=\"vcex-button theme-button inline\"><span class=\"vcex-button-inner theme-button-inner wpex-flex wpex-flex-wrap wpex-items-center wpex-justify-center\">Acessar site<span class=\"vcex-button-icon vcex-icon-wrap theme-button-icon-right\"><span class=\"wpex-icon\" aria-hidden=\"true\"><svg xmlns=\"http:\/\/www.w3.org\/2000\/svg\" viewBox=\"0 0 640 512\"><path d=\"M32 32c17.7 0 32 14.3 32 32V320H288V160c0-17.7 14.3-32 32-32H544c53 0 96 43 96 96V448c0 17.7-14.3 32-32 32s-32-14.3-32-32V416H352 320 64v32c0 17.7-14.3 32-32 32s-32-14.3-32-32V64C0 46.3 14.3 32 32 32zm144 96a80 80 0 1 1 0 160 80 80 0 1 1 0-160z\"\/><\/svg><\/span><\/span><\/span><\/a> [\/vc_column][vc_column width=&#8221;1\/2&#8243;][vc_column_text css=&#8221;&#8221;]\n<p style=\"text-align: left;\"><strong>Hilton Garden Inn <\/strong><span style=\"color: #ff9900;\">\u2605\u2605\u2605\u2605<\/span><\/p>\n<p style=\"text-align: left;\">Dist\u00e2ncia do Minascentro:<strong> 2,1km<\/strong><\/p>\n<p style=\"text-align: left;\">Tarifas: a partir de <strong>USD $79,00\u00a0\u00a0<span style=\"font-size: 10px;\">(valor com desconto aplicado)<\/span><\/strong><\/p>\n<p style=\"text-align: left;\">Desconto*: C\u00f3digo promocional <strong>ENAPOL<\/strong><\/p>\n<p style=\"text-align: left;\">Quartos**: <strong>Superior King<\/strong><\/p>\n[\/vc_column_text]<div class=\"vcex-spacing wpex-w-100 wpex-clear\" style=\"height:50px;\"><\/div><a href=\"https:\/\/atlantica.letsbook.com.br\/reserva\/selecao-de-quartos?codigoHotel=75&#038;numeroAdultos=1&#038;promocode=enapol&#038;checkin=2025-09-05&#038;checkout=2025-09-06&#038;criancas=&#038;r=631f48c2243d483dbd3f26ed13ecf148&#038;p=enapol\" class=\"vcex-button theme-button inline\"><span class=\"vcex-button-inner theme-button-inner wpex-flex wpex-flex-wrap wpex-items-center wpex-justify-center\">Acessar site<span class=\"vcex-button-icon vcex-icon-wrap theme-button-icon-right\"><span class=\"wpex-icon\" aria-hidden=\"true\"><svg xmlns=\"http:\/\/www.w3.org\/2000\/svg\" viewBox=\"0 0 640 512\"><path d=\"M32 32c17.7 0 32 14.3 32 32V320H288V160c0-17.7 14.3-32 32-32H544c53 0 96 43 96 96V448c0 17.7-14.3 32-32 32s-32-14.3-32-32V416H352 320 64v32c0 17.7-14.3 32-32 32s-32-14.3-32-32V64C0 46.3 14.3 32 32 32zm144 96a80 80 0 1 1 0 160 80 80 0 1 1 0-160z\"\/><\/svg><\/span><\/span><\/span><\/a> [\/vc_column][\/vc_row][vc_row][vc_column][vc_column_text css=&#8221;&#8221;]<strong>Radisson Blu Belo Horizonte<\/strong><\/p>\n<ul>\n<li>Endere\u00e7o: Lavras, 150 \u2013 Savassi<\/li>\n<li>Condi\u00e7\u00f5es tarif\u00e1rias: Caf\u00e9 da manh\u00e3 e Wi-Fi inclusos\u00a0 |\u00a0 Check-in \u00e0s 14h00 \/ Check-out \u00e0s<\/li>\n<\/ul>\n<p><strong>Hilton Garden Inn Belo Horizonte<\/strong><\/p>\n<ul>\n<li>Endere\u00e7o: Av. Prudente de Morais 520<\/li>\n<li>Condi\u00e7\u00f5es tarif\u00e1rias: <span style=\"color: var(--wpex-text-2); font-family: 'Open Sans', sans-serif; font-size: 15px; font-weight: 400;\">Caf\u00e9 da manh\u00e3 e Wi-Fi inclusos\u00a0 | Check-in \u00e0s 14h00 \/ Check-out \u00e0s 12h00<\/span><\/li>\n<\/ul>\n<p><span style=\"font-size: 10px;\">* Os descontos s\u00e3o aplicados sobre a tarifa do dia \u2013 As tarifas s\u00e3o flutuantes.<br \/>\n<\/span><span style=\"font-size: 10px;\">** H\u00e1 outros quartos dispon\u00edveis nos hot\u00e9is, os que constam s\u00e3o do valor m\u00ednimo.<\/span>[\/vc_column_text][\/vc_column][\/vc_row][vc_row][vc_column][vc_column_text css=&#8221;&#8221;]\n<h3 style=\"text-align: center;\"><span style=\"color: #ff0000;\">HOTEL H2<\/span><\/h3>\n[\/vc_column_text]<div class=\"vcex-spacing wpex-w-100 wpex-clear\" style=\"height:50px;\"><\/div><div class=\"vcex-module vcex-divider vcex-divider-solid vcex-divider-center wpex-mx-auto wpex-block wpex-h-0 wpex-border-b wpex-border-solid wpex-border-main\" style=\"border-color:#ff0000;\"><\/div>[\/vc_column][\/vc_row][vc_row][vc_column][vc_column_text css=&#8221;&#8221;]\n<p style=\"text-align: left;\"><span style=\"color: #ff9900;\"><strong><span style=\"color: #000000;\">Hotel H2 Platinum Premium<\/span><\/strong> \u2605\u2605\u2605\u2605<\/span><\/p>\n<p style=\"text-align: left;\">Av. Oleg\u00e1rio Maciel, 1748 &#8211; Santo Agostinho, Belo Horizonte &#8211; MG, 30180-119<br \/>\n1km de Minascentro<\/p>\n<p style=\"text-align: left;\">Inserir no ato da reserva o Promocode: <strong>ENAPOL<\/strong><br \/>\nTarifas a partir de <strong>R$368 reais<\/strong>.<\/p>\n<p style=\"text-align: left;\">Desconto v\u00e1lido apenas direto no site <a href=\"https:\/\/www.h2platinum.com.br\">https:\/\/www.h2platinum.com.br<\/a><br \/>\nTarifas flutuantes<\/p>\n<p style=\"text-align: left;\">Telefone: +55 (31) 2125-3800<br \/>\nWhatsApp: +55 31 2125-3800<br \/>\nEmail:\u00a0<a href=\"mailto:reservas@h2platinum.com.br\">reservas@h2platinum.com.br<\/a><\/p>\n[\/vc_column_text]<div class=\"vcex-spacing wpex-w-100 wpex-clear\" style=\"height:50px;\"><\/div>[\/vc_column][\/vc_row][vc_row][vc_column][vc_column_text css=&#8221;&#8221;]\n<h3 style=\"text-align: center;\"><span style=\"color: #ff0000;\">HOT\u00c9IS XII ENAPOL &#8211; <span lang=\"PT\">REDE ROYAL <span style=\"letter-spacing: -.1pt;\">HOT\u00c9IS<\/span><\/span><\/span><\/h3>\n[\/vc_column_text]<div class=\"vcex-spacing wpex-w-100 wpex-clear\" style=\"height:50px;\"><\/div><div class=\"vcex-module vcex-divider vcex-divider-solid vcex-divider-center wpex-mx-auto wpex-block wpex-h-0 wpex-border-b wpex-border-solid wpex-border-main\" style=\"border-color:#ff0000;\"><\/div>[\/vc_column][\/vc_row][vc_row][vc_column width=&#8221;1\/2&#8243;][vc_column_text css=&#8221;&#8221;]\n<p style=\"text-align: left;\"><strong>Royal Boutique Savassi Hotel<\/strong><span style=\"color: #ff9900;\"> \u2605\u2605\u2605\u2605<\/span><\/p>\n<p style=\"text-align: left;\">Dist\u00e2ncia do Minascentro: 1,7km<\/p>\n<p style=\"text-align: left;\">Tarifas a partir de <strong>USD $76,00<\/strong> \u00a0<span style=\"font-size: 10px;\">(valor com desconto aplicado)<\/span><\/p>\n<p style=\"text-align: left;\">Desconto*: C\u00f3digo promocional <strong>ENAPOL20<\/strong><\/p>\n<p style=\"text-align: left;\">Quartos**: <strong>Superior King<\/strong><\/p>\n[\/vc_column_text]<div class=\"vcex-spacing wpex-w-100 wpex-clear\" style=\"height:50px;\"><\/div><a href=\"https:\/\/book.omnibees.com\/chainresults?c=1676&#038;q=&#038;currencyId=16&#038;lang=ptBR&#038;hotel_folder=&#038;NRooms=1&#038;version=4&#038;CheckIn=04092025&#038;CheckOut=08092025&#038;ad=1&#038;ch=0&#038;ag=&#038;Code=ENAPOL20&#038;mob-curr=16\" class=\"vcex-button theme-button inline\"><span class=\"vcex-button-inner theme-button-inner wpex-flex wpex-flex-wrap wpex-items-center wpex-justify-center\">Acessar site<span class=\"vcex-button-icon vcex-icon-wrap theme-button-icon-right\"><span class=\"wpex-icon\" aria-hidden=\"true\"><svg xmlns=\"http:\/\/www.w3.org\/2000\/svg\" viewBox=\"0 0 640 512\"><path d=\"M32 32c17.7 0 32 14.3 32 32V320H288V160c0-17.7 14.3-32 32-32H544c53 0 96 43 96 96V448c0 17.7-14.3 32-32 32s-32-14.3-32-32V416H352 320 64v32c0 17.7-14.3 32-32 32s-32-14.3-32-32V64C0 46.3 14.3 32 32 32zm144 96a80 80 0 1 1 0 160 80 80 0 1 1 0-160z\"\/><\/svg><\/span><\/span><\/span><\/a> [\/vc_column][vc_column width=&#8221;1\/2&#8243;][vc_column_text css=&#8221;&#8221;]\n<p style=\"text-align: left;\"><strong>Royal Center Lourdes <\/strong><span style=\"color: #ff9900;\">\u2605\u2605\u2605<\/span><\/p>\n<p style=\"text-align: left;\">Dist\u00e2ncia do Minascentro:<strong> 500m<\/strong><\/p>\n<p style=\"text-align: left;\">Tarifas: a partir de <strong>USD $43,14\u00a0\u00a0<span style=\"font-size: 10px;\">(valor com desconto aplicado)<\/span><\/strong><\/p>\n<p style=\"text-align: left;\">Desconto*: C\u00f3digo promocional <strong>ENAPOL20<\/strong><\/p>\n<p style=\"text-align: left;\">Quartos**: Standard express casal\/twin<\/p>\n[\/vc_column_text]<div class=\"vcex-spacing wpex-w-100 wpex-clear\" style=\"height:50px;\"><\/div><a href=\"https:\/\/book.omnibees.com\/chainresults?c=1676&#038;q=&#038;currencyid=16&#038;lang=ptbr&#038;hotel_folder=&#038;nrooms=1&#038;version=4&#038;checkin=04092025&#038;checkout=08092025&#038;ad=1&#038;ch=0&#038;ag=&#038;code=enapol20&#038;m\" class=\"vcex-button theme-button inline\"><span class=\"vcex-button-inner theme-button-inner wpex-flex wpex-flex-wrap wpex-items-center wpex-justify-center\">Acessar site<span class=\"vcex-button-icon vcex-icon-wrap theme-button-icon-right\"><span class=\"wpex-icon\" aria-hidden=\"true\"><svg xmlns=\"http:\/\/www.w3.org\/2000\/svg\" viewBox=\"0 0 640 512\"><path d=\"M32 32c17.7 0 32 14.3 32 32V320H288V160c0-17.7 14.3-32 32-32H544c53 0 96 43 96 96V448c0 17.7-14.3 32-32 32s-32-14.3-32-32V416H352 320 64v32c0 17.7-14.3 32-32 32s-32-14.3-32-32V64C0 46.3 14.3 32 32 32zm144 96a80 80 0 1 1 0 160 80 80 0 1 1 0-160z\"\/><\/svg><\/span><\/span><\/span><\/a> [\/vc_column][\/vc_row][vc_row][vc_column][vc_column_text css=&#8221;&#8221;]<strong>Royal Center Hotel Lourdes<\/strong><\/p>\n<ul>\n<li>Rua Rio Grande do Sul, 856<\/li>\n<li>Condi\u00e7\u00f5es tarif\u00e1rias: Caf\u00e9 da manh\u00e3 e Wi-Fi inclusos &#8211; Check-in \u00e0s 14h00 \/ Check-out \u00e0s 12h00.<\/li>\n<\/ul>\n<p><strong>Royal Boutique Savassi Hotel<\/strong><\/p>\n<ul>\n<li>Rua Alagoas, 699 Savassi<\/li>\n<li>Condi\u00e7\u00f5es tarif\u00e1rias: Caf\u00e9 da manh\u00e3 e Wi-Fi inclusos\u00a0 |\u00a0 Check-in \u00e0s 14h00 \/ Check-out \u00e0s 12h00<\/li>\n<\/ul>\n<p><span style=\"font-size: 10px;\">* Os descontos s\u00e3o aplicados sobre a tarifa do dia \u2013 As tarifas s\u00e3o flutuantes.<br \/>\n<\/span><span style=\"font-size: 10px;\">** H\u00e1 outros quartos dispon\u00edveis nos hot\u00e9is, os que constam s\u00e3o do valor m\u00ednimo.<\/span>[\/vc_column_text][\/vc_column][\/vc_row][vc_row][vc_column][vc_column_text css=&#8221;&#8221;]\n<h3 style=\"text-align: center;\"><span style=\"color: #ff0000;\">HOT\u00c9IS XII ENAPOL &#8211; REDE ACCOR<\/span><\/h3>\n[\/vc_column_text]<div class=\"vcex-spacing wpex-w-100 wpex-clear\" style=\"height:50px;\"><\/div><div class=\"vcex-module vcex-divider vcex-divider-solid vcex-divider-center wpex-mx-auto wpex-block wpex-h-0 wpex-border-b wpex-border-solid wpex-border-main\" style=\"border-color:#ff0000;\"><\/div>[\/vc_column][\/vc_row][vc_row][vc_column width=&#8221;1\/3&#8243;][vc_column_text css=&#8221;&#8221;]\n<p style=\"text-align: left;\"><strong>Mercure Lourdes<\/strong><span style=\"color: #ff9900;\"> \u2605\u2605\u2605\u2605<\/span><\/p>\n<p style=\"text-align: left;\">Dist\u00e2ncia do Minascentro: 1,5km<\/p>\n<p style=\"text-align: left;\">Tarifas a partir de <strong>USD $75,29<\/strong> \u00a0<span style=\"font-size: 10px;\">(sem desconto aplicado)<\/span><\/p>\n<p style=\"text-align: left;\">Desconto*: Entrar em contato via e-mail<\/p>\n<p style=\"text-align: left;\">Quartos**: <strong>Classic Casal<\/strong><\/p>\n[\/vc_column_text]<div class=\"vcex-spacing wpex-w-100 wpex-clear\" style=\"height:50px;\"><\/div><a href=\"https:\/\/all.accor.com\/ssr\/app\/novotel\/rates\/3575\/index.es.shtml?compositions=1&#038;dateIn=2025-09-05&#038;nights=1&#038;hideHotelDetails=false&#038;hideWDR=false&#038;destination=belo-horizonte-state-of-minas-gerais-brazil&#038;utm_campaign=ppc-nov-mar-goo-lat-es-reg_top-mix-s&#038;utm_content=lat-es-BR-V5868&#038;utm_medium=cpc&#038;utm_source=google&#038;utm_term=mar\" class=\"vcex-button theme-button inline\"><span class=\"vcex-button-inner theme-button-inner wpex-flex wpex-flex-wrap wpex-items-center wpex-justify-center\">Acessar site<span class=\"vcex-button-icon vcex-icon-wrap theme-button-icon-right\"><span class=\"wpex-icon\" aria-hidden=\"true\"><svg xmlns=\"http:\/\/www.w3.org\/2000\/svg\" viewBox=\"0 0 640 512\"><path d=\"M32 32c17.7 0 32 14.3 32 32V320H288V160c0-17.7 14.3-32 32-32H544c53 0 96 43 96 96V448c0 17.7-14.3 32-32 32s-32-14.3-32-32V416H352 320 64v32c0 17.7-14.3 32-32 32s-32-14.3-32-32V64C0 46.3 14.3 32 32 32zm144 96a80 80 0 1 1 0 160 80 80 0 1 1 0-160z\"\/><\/svg><\/span><\/span><\/span><\/a> [\/vc_column][vc_column width=&#8221;1\/3&#8243;][vc_column_text css=&#8221;&#8221;]\n<p style=\"text-align: left;\"><strong>Ibis Liberdade <\/strong><span style=\"color: #ff9900;\">\u2605\u2605\u2605<\/span><\/p>\n<p style=\"text-align: left;\">Dist\u00e2ncia do Minascentro:<strong> 1,4km<\/strong><\/p>\n<p style=\"text-align: left;\">Tarifas: a partir de <strong>USD $48,40\u00a0\u00a0<span style=\"font-size: 10px;\">(sem desconto aplicado)<\/span><\/strong><\/p>\n<p style=\"text-align: left;\">Desconto*: Entrar em contato via e-mail<\/p>\n<p style=\"text-align: left;\">Quartos**: Standard<\/p>\n[\/vc_column_text]<div class=\"vcex-spacing wpex-w-100 wpex-clear\" style=\"height:50px;\"><\/div><a href=\"https:\/\/all.accor.com\/ssr\/app\/novotel\/rates\/5298\/index.es.shtml?compositions=1&#038;dateIn=2025-09-05&#038;nights=1&#038;hideHotelDetails=false&#038;hideWDR=false&#038;destination=belo-horizonte-state-of-minas-gerais-brazil&#038;utm_campaign=ppc-nov-mar-goo-lat-es-reg_top-mix-s&#038;utm_content=lat-es-BR-V5868&#038;utm_medium=cpc&#038;utm_source=google&#038;utm_term=mar\" class=\"vcex-button theme-button inline\"><span class=\"vcex-button-inner theme-button-inner wpex-flex wpex-flex-wrap wpex-items-center wpex-justify-center\">Acessar site<span class=\"vcex-button-icon vcex-icon-wrap theme-button-icon-right\"><span class=\"wpex-icon\" aria-hidden=\"true\"><svg xmlns=\"http:\/\/www.w3.org\/2000\/svg\" viewBox=\"0 0 640 512\"><path d=\"M32 32c17.7 0 32 14.3 32 32V320H288V160c0-17.7 14.3-32 32-32H544c53 0 96 43 96 96V448c0 17.7-14.3 32-32 32s-32-14.3-32-32V416H352 320 64v32c0 17.7-14.3 32-32 32s-32-14.3-32-32V64C0 46.3 14.3 32 32 32zm144 96a80 80 0 1 1 0 160 80 80 0 1 1 0-160z\"\/><\/svg><\/span><\/span><\/span><\/a> [\/vc_column][vc_column width=&#8221;1\/3&#8243;][vc_column_text css=&#8221;&#8221;]\n<p style=\"text-align: left;\"><strong>Ibis BH Savassi <\/strong><span style=\"color: #ff9900;\">\u2605\u2605\u2605<\/span><\/p>\n<p style=\"text-align: left;\">Dist\u00e2ncia do Minascentro:<strong> 2,2km<\/strong><\/p>\n<p style=\"text-align: left;\">Tarifas: a partir de <strong>USD $51,22\u00a0\u00a0<span style=\"font-size: 10px;\">(sem desconto aplicado)<\/span><\/strong><\/p>\n<p style=\"text-align: left;\">Desconto*: Entrar em contato via e-mail<\/p>\n<p style=\"text-align: left;\">Quartos**: Standard<\/p>\n[\/vc_column_text]<div class=\"vcex-spacing wpex-w-100 wpex-clear\" style=\"height:50px;\"><\/div><a href=\"https:\/\/all.accor.com\/ssr\/app\/novotel\/rates\/7021\/index.es.shtml?compositions=1&#038;datein=2025-09-05&#038;nights=1&#038;hidehoteldetails=false&#038;hidewdr=false&#038;destination=belo-horizonte-state-of-minas-gerais-brazil&#038;utm_campaign=ppc-nov-mar-goo-lat-es-reg_top-mix-s&#038;utm_content=lat-es-br-v5868&#038;utm_medium=cpc&#038;utm_source=google&#038;utm_term=mar\" class=\"vcex-button theme-button inline\"><span class=\"vcex-button-inner theme-button-inner wpex-flex wpex-flex-wrap wpex-items-center wpex-justify-center\">Acessar site<span class=\"vcex-button-icon vcex-icon-wrap theme-button-icon-right\"><span class=\"wpex-icon\" aria-hidden=\"true\"><svg xmlns=\"http:\/\/www.w3.org\/2000\/svg\" viewBox=\"0 0 640 512\"><path d=\"M32 32c17.7 0 32 14.3 32 32V320H288V160c0-17.7 14.3-32 32-32H544c53 0 96 43 96 96V448c0 17.7-14.3 32-32 32s-32-14.3-32-32V416H352 320 64v32c0 17.7-14.3 32-32 32s-32-14.3-32-32V64C0 46.3 14.3 32 32 32zm144 96a80 80 0 1 1 0 160 80 80 0 1 1 0-160z\"\/><\/svg><\/span><\/span><\/span><\/a> [\/vc_column][\/vc_row][vc_row][vc_column][vc_column_text css=&#8221;&#8221;]<strong>Mercure Lourdes<\/strong><\/p>\n<ul>\n<li>Endere\u00e7o: Av. do Contorno 7315 \u2013 Lourdes<\/li>\n<li>Condi\u00e7\u00f5es tarif\u00e1rias: <span style=\"color: var(--wpex-text-2); font-family: 'Open Sans', sans-serif; font-size: 15px; font-weight: 400;\">Check-in \u00e0s 14h00 \/ Check-out \u00e0s 12h00| <\/span><span style=\"color: var(--wpex-text-2); font-family: 'Open Sans', sans-serif; font-size: 15px; font-weight: 400;\">Acrescer 5% ISS, sobre o valor das di\u00e1rias.<\/span><\/li>\n<li>Email: <a href=\"mailto:h3575-re@accor.com\">h3575-re@accor.com<\/a><\/li>\n<\/ul>\n<p><strong>Ibis Liberdade<\/strong><\/p>\n<ul>\n<li>Endere\u00e7: Av. Joao Pinheiro, 602 &#8211; Centro<\/li>\n<li>Condi\u00e7\u00f5es tarif\u00e1rias: <span style=\"color: var(--wpex-text-2);\">Check-in \u00e0s 14h00 \/ Check-out \u00e0s 12h00 | <\/span><span style=\"color: var(--wpex-text-2);\">Acrescer 5% ISS, sobre o valor das di\u00e1rias.<\/span><\/li>\n<li>Email: <a href=\"mailto:emily.oliveira@accor.com\">emily.oliveira@accor.com<\/a><\/li>\n<\/ul>\n<p><strong>Ibis Belo Horizonte Savassi<\/strong><\/p>\n<ul>\n<li>Endere\u00e7o: Av. Contorno 6180<\/li>\n<li>Condi\u00e7\u00f5es tarif\u00e1rias: <span style=\"font-style: var(--wpex-heading-font-style); letter-spacing: var(--wpex-heading-letter-spacing); text-transform: var(--wpex-heading-text-transform); color: var(--wpex-text-2);\">Check-in \u00e0s 14h00 \/ Check-out \u00e0s 12h00\u00a0 |\u00a0 <\/span><span style=\"font-style: var(--wpex-heading-font-style); letter-spacing: var(--wpex-heading-letter-spacing); text-transform: var(--wpex-heading-text-transform); color: var(--wpex-text-2);\">Acrescer 5% ISS, sobre o valor das di\u00e1rias.<\/span><\/li>\n<li>E-mail: <a href=\"mailto:H7021-re@accor.com\">H7021-re@accor.com<\/a><\/li>\n<\/ul>\n<p><span style=\"font-size: 10px;\">* Os descontos s\u00e3o aplicados sobre a tarifa do dia \u2013 As tarifas s\u00e3o flutuantes.<\/span><\/p>\n<p><span style=\"font-size: 10px;\">** H\u00e1 outros quartos dispon\u00edveis nos hot\u00e9is, os que constam s\u00e3o do valor m\u00ednimo.<\/span>[\/vc_column_text][\/vc_column][\/vc_row][vc_row][vc_column][vc_column_text css=&#8221;&#8221;]\n<h3 style=\"text-align: center;\"><span style=\"color: #ff0000;\">HOSTELS XII ENAPOL<\/span><\/h3>\n[\/vc_column_text]<div class=\"vcex-spacing wpex-w-100 wpex-clear\" style=\"height:50px;\"><\/div><div class=\"vcex-module vcex-divider vcex-divider-solid vcex-divider-center wpex-mx-auto wpex-block wpex-h-0 wpex-border-b wpex-border-solid wpex-border-main\" style=\"border-color:#ff0000;\"><\/div>[\/vc_column][\/vc_row][vc_row][vc_column width=&#8221;1\/2&#8243;][vc_column_text css=&#8221;&#8221;]<strong>Nuuh Hostel <\/strong><\/p>\n<ul>\n<li>Rua dos Aimor\u00e9s, 2295, Lourdes \u2013 Belo Horizonte, Brasil. 30140074<\/li>\n<li>A 600m do Minas Centro<\/li>\n<li>Valor da di\u00e1ria a partir de R$ 86,45 por pessoa, em quartos compartilhados de seis ou oito pessoas.<\/li>\n<li>Inclui caf\u00e9 da manh\u00e3, arm\u00e1rios e <em>lockers<\/em>.<\/li>\n<li>Para reservas, contatar:<\/li>\n<li>Telefone\/WhatsApp: 55 31 97354-0583<\/li>\n<\/ul>\n[\/vc_column_text]<div class=\"vcex-spacing wpex-w-100 wpex-clear\" style=\"height:50px;\"><\/div><a href=\"https:\/\/www.instagram.com\/nuhhhostel\/\" class=\"vcex-button theme-button inline\"><span class=\"vcex-button-inner theme-button-inner wpex-flex wpex-flex-wrap wpex-items-center wpex-justify-center\">Acessar site<span class=\"vcex-button-icon vcex-icon-wrap theme-button-icon-right\"><span class=\"wpex-icon\" aria-hidden=\"true\"><svg xmlns=\"http:\/\/www.w3.org\/2000\/svg\" viewBox=\"0 0 640 512\"><path d=\"M32 32c17.7 0 32 14.3 32 32V320H288V160c0-17.7 14.3-32 32-32H544c53 0 96 43 96 96V448c0 17.7-14.3 32-32 32s-32-14.3-32-32V416H352 320 64v32c0 17.7-14.3 32-32 32s-32-14.3-32-32V64C0 46.3 14.3 32 32 32zm144 96a80 80 0 1 1 0 160 80 80 0 1 1 0-160z\"\/><\/svg><\/span><\/span><\/span><\/a> [\/vc_column][vc_column width=&#8221;1\/2&#8243;][vc_column_text css=&#8221;&#8221;]<strong>Bel\u00f4 Hostel<\/strong><\/p>\n<ul>\n<li>Rua Aimor\u00e9s, 926, Funcion\u00e1rios &#8211; Belo Horizonte, Brasil. 30140075<\/li>\n<li>A 1,4 km do Minas Centro<\/li>\n<li>Valor da di\u00e1ria a partir de R$ 90 por pessoa, em quartos compartilhados de tr\u00eas a cinco pessoas.<\/li>\n<li>Inclui caf\u00e9 da manh\u00e3, arm\u00e1rios e<em> lockers<\/em>.<\/li>\n<li>Para reservar, contatar:<\/li>\n<li>Telefone\/WhatsApp: 55 31 3643-3644<\/li>\n<\/ul>\n[\/vc_column_text]<div class=\"vcex-spacing wpex-w-100 wpex-clear\" style=\"height:50px;\"><\/div><a href=\"https:\/\/booking.hqbeds.com.br\/belohostel?fbclid=PAZXh0bgNhZW0CMTEAAaZbu92oFGHds_RRK8aXNDAAj0CcEk9sFdnl8CODqcz-UzOa97ZyuaFW5g0_aem_AbInE0NHNOl1OH5McHx6-sHnNWRWtAqS7DXxU4T6I3Zzf5zbDsisxSoJYI4jFbUK6dF3AGIfp1sMR5fjmh7JOoob\" class=\"vcex-button theme-button inline\"><span class=\"vcex-button-inner theme-button-inner wpex-flex wpex-flex-wrap wpex-items-center wpex-justify-center\">Acessar site<span class=\"vcex-button-icon vcex-icon-wrap theme-button-icon-right\"><span class=\"wpex-icon\" aria-hidden=\"true\"><svg xmlns=\"http:\/\/www.w3.org\/2000\/svg\" viewBox=\"0 0 640 512\"><path d=\"M32 32c17.7 0 32 14.3 32 32V320H288V160c0-17.7 14.3-32 32-32H544c53 0 96 43 96 96V448c0 17.7-14.3 32-32 32s-32-14.3-32-32V416H352 320 64v32c0 17.7-14.3 32-32 32s-32-14.3-32-32V64C0 46.3 14.3 32 32 32zm144 96a80 80 0 1 1 0 160 80 80 0 1 1 0-160z\"\/><\/svg><\/span><\/span><\/span><\/a> [\/vc_column][\/vc_row]\n<\/div>","protected":false},"excerpt":{"rendered":"<p>[vc_row][vc_column][\/vc_column][\/vc_row][vc_row][vc_column][vc_column_text css=&#8221;&#8221;] HOT\u00c9IS XII ENAPOL [\/vc_column_text][vc_column_text css=&#8221;&#8221;] O pr\u00f3ximo ENAPOL abre suas portas em Belo Horizonte! Localizado no cora\u00e7\u00e3o da capital mineira, o Encontro ser\u00e1 no Minascentro que est\u00e1 localizado \u00e0 poucos passos de pontos tur\u00edsticos como o Mercado Central e o Mercado Novo. Estamos nos preparando para receb\u00ea-los com propostas e dicas para que&hellip;<\/p>\n","protected":false},"author":3,"featured_media":0,"parent":632,"menu_order":0,"comment_status":"closed","ping_status":"closed","template":"templates\/no-sidebar.php","meta":{"_monsterinsights_skip_tracking":false,"_monsterinsights_sitenote_active":false,"_monsterinsights_sitenote_note":"","_monsterinsights_sitenote_category":0,"footnotes":""},"_links":{"self":[{"href":"https:\/\/enapol.com\/xii\/wp-json\/wp\/v2\/pages\/2587"}],"collection":[{"href":"https:\/\/enapol.com\/xii\/wp-json\/wp\/v2\/pages"}],"about":[{"href":"https:\/\/enapol.com\/xii\/wp-json\/wp\/v2\/types\/page"}],"author":[{"embeddable":true,"href":"https:\/\/enapol.com\/xii\/wp-json\/wp\/v2\/users\/3"}],"replies":[{"embeddable":true,"href":"https:\/\/enapol.com\/xii\/wp-json\/wp\/v2\/comments?post=2587"}],"version-history":[{"count":12,"href":"https:\/\/enapol.com\/xii\/wp-json\/wp\/v2\/pages\/2587\/revisions"}],"predecessor-version":[{"id":5912,"href":"https:\/\/enapol.com\/xii\/wp-json\/wp\/v2\/pages\/2587\/revisions\/5912"}],"up":[{"embeddable":true,"href":"https:\/\/enapol.com\/xii\/wp-json\/wp\/v2\/pages\/632"}],"wp:attachment":[{"href":"https:\/\/enapol.com\/xii\/wp-json\/wp\/v2\/media?parent=2587"}],"curies":[{"name":"wp","href":"https:\/\/api.w.org\/{rel}","templated":true}]}}