{"id":2976,"date":"2025-04-14T14:06:57","date_gmt":"2025-04-14T17:06:57","guid":{"rendered":"https:\/\/enapol.com\/xii\/?page_id=2976"},"modified":"2025-08-14T06:39:17","modified_gmt":"2025-08-14T09:39:17","slug":"conexoes","status":"publish","type":"page","link":"https:\/\/enapol.com\/xii\/epistemico\/tambor\/rubricas\/conexoes\/","title":{"rendered":"Conex\u00f5es"},"content":{"rendered":"<div class=\"wpb-content-wrapper\">[vc_row][vc_column][vc_column_text css=&#8221;&#8221;]\n<h3><span style=\"color: #ff0000;\"><u>CONEX\u00d5ES \u2013 CURAR A CRIAN\u00c7A? \u2013 UMA CONEX\u00c3O COM O LIVRO \u201cCONTRA MIM\u201d, DE VALTER HUGO M\u00c3E<br \/>\n<\/u><u><\/u><\/span><\/h3>\n<p><em>Cristina Frederico<\/em><br \/>\n<em>Daiane Ribeiro<\/em><br \/>\n<em>\u00c9lida Biasoli Lenci<\/em><br \/>\n<em>Niraldo de Oliveira Santos<\/em><br \/>\n<em>EBP\/AMP\u00a0<\/em><\/p>\n<p>Nascido em Angola e radicado em Portugal desde a inf\u00e2ncia, Valter Hugo M\u00e3e \u00e9 um dos escritores mais destacados da literatura contempor\u00e2nea em l\u00edngua portuguesa. \u00c9 tamb\u00e9m artista pl\u00e1stico e cantor. Sua obra liter\u00e1ria \u00e9 marcada por uma linguagem po\u00e9tica e profundamente sens\u00edvel, abordando temas como a inf\u00e2ncia, a solid\u00e3o, a marginalidade e a complexidade da exist\u00eancia humana.[\/vc_column_text]<a href=\"https:\/\/enapol.com\/xii\/curar-a-crianca-uma-conexao-com-o-livro-contra-mim-de-valter-hugo-mae\/\" class=\"vcex-button theme-button inline\"><span class=\"vcex-button-inner theme-button-inner wpex-flex wpex-flex-wrap wpex-items-center wpex-justify-center\">Leia +<\/span><\/a> [\/vc_column][\/vc_row][vc_row][vc_column]<div class=\"vcex-module vcex-divider vcex-divider-solid vcex-divider-center wpex-mx-auto wpex-block wpex-h-0 wpex-border-b wpex-border-solid wpex-border-main\"><\/div>[\/vc_column][\/vc_row][vc_row][vc_column][vc_column_text css=&#8221;&#8221;]\n<h3><span style=\"color: #ff0000;\"><u>ACALANTOS DA AM\u00c9RICA<\/u><u><\/u><\/span><\/h3>\n<figure id=\"attachment_5617\" aria-describedby=\"caption-attachment-5617\" style=\"width: 500px\" class=\"wp-caption aligncenter\"><a href=\"https:\/\/enapol.com\/xii\/wp-content\/uploads\/sites\/10\/2025\/06\/Youtube-MockUp-arrulos-1.jpg\"><img fetchpriority=\"high\" decoding=\"async\" class=\"wp-image-5617 size-full\" src=\"https:\/\/enapol.com\/xii\/wp-content\/uploads\/sites\/10\/2025\/06\/Youtube-MockUp-arrulos-1.jpg\" alt=\"\" width=\"500\" height=\"298\" srcset=\"https:\/\/enapol.com\/xii\/wp-content\/uploads\/sites\/10\/2025\/06\/Youtube-MockUp-arrulos-1.jpg 500w, https:\/\/enapol.com\/xii\/wp-content\/uploads\/sites\/10\/2025\/06\/Youtube-MockUp-arrulos-1-300x179.jpg 300w\" sizes=\"(max-width: 500px) 100vw, 500px\" \/><\/a><figcaption id=\"caption-attachment-5617\" class=\"wp-caption-text\">(Investiga\u00e7\u00e3o e elabora\u00e7\u00e3o de textos: Maggie J\u00e1uregui\/Andreina Sol\u00f3rzano. Realiza\u00e7\u00e3o e edi\u00e7\u00e3o de v\u00eddeo: Maggie J\u00e1uregui\/Estela Castillo. Voz em off: Andreina Sol\u00f3rzano\/Miguel Ram\u00edrez)<\/figcaption><\/figure>\n<p><em>Andreina Sol\u00f3rzano<br \/>\nEstela Castillo<br \/>\nMaggie J\u00e1uregui<br \/>\nMiguel Ram\u00edrez<br \/>\nComiss\u00e3o de Boletim Tambor (NEL)<\/em><\/p>\n<p>No v\u00eddeo, voc\u00eas poder\u00e3o escutar, primeiramente, um acalanto em um conjunto de l\u00ednguas ind\u00edgenas e origin\u00e1rias do M\u00e9xico, o <em>n\u00e1huatl <\/em>que significa \u201ccoisas que soam bem, som claro ou ordenado\u201d.<\/p>\n<p>A segunda \u00e9 uma can\u00e7\u00e3o de ninar mapuche que \u00e9 a l\u00edngua nativa do Chile e de parte da Argentina.\u00a0\u00a0\u00a0\u00a0 \u00a0Este acalanto \u00e9 interpretado por Beatriz Pichi Malen, cantora argentina de origem mapuche.[\/vc_column_text]<a href=\"https:\/\/enapol.com\/xii\/conexoes-acalantos-da-america\/\" class=\"vcex-button theme-button inline\"><span class=\"vcex-button-inner theme-button-inner wpex-flex wpex-flex-wrap wpex-items-center wpex-justify-center\">Leia +<\/span><\/a> [\/vc_column][\/vc_row][vc_row][vc_column]<div class=\"vcex-module vcex-divider vcex-divider-solid vcex-divider-center wpex-mx-auto wpex-block wpex-h-0 wpex-border-b wpex-border-solid wpex-border-main\"><\/div>[\/vc_column][\/vc_row][vc_row][vc_column][vc_column_text css=&#8221;&#8221;]\n<h3><span style=\"color: #ff0000;\"><u>A MAGN\u00cdFICA DESOLA\u00c7\u00c3O E A ENCARNA\u00c7\u00c3O DO CORTE<\/u><u><\/u><\/span><\/h3>\n<figure id=\"attachment_4757\" aria-describedby=\"caption-attachment-4757\" style=\"width: 500px\" class=\"wp-caption aligncenter\"><a href=\"https:\/\/enapol.com\/xii\/wp-content\/uploads\/sites\/10\/2025\/05\/Imagem2.jpg\"><img decoding=\"async\" class=\"wp-image-5189\" src=\"https:\/\/enapol.com\/xii\/wp-content\/uploads\/sites\/10\/2025\/05\/Imagem2.jpg\" alt=\"\" width=\"500\" height=\"218\" srcset=\"https:\/\/enapol.com\/xii\/wp-content\/uploads\/sites\/10\/2025\/05\/Imagem2.jpg 986w, https:\/\/enapol.com\/xii\/wp-content\/uploads\/sites\/10\/2025\/05\/Imagem2-300x131.jpg 300w, https:\/\/enapol.com\/xii\/wp-content\/uploads\/sites\/10\/2025\/05\/Imagem2-768x334.jpg 768w, https:\/\/enapol.com\/xii\/wp-content\/uploads\/sites\/10\/2025\/05\/Imagem2-500x218.jpg 500w, https:\/\/enapol.com\/xii\/wp-content\/uploads\/sites\/10\/2025\/05\/Imagem2-700x305.jpg 700w\" sizes=\"(max-width: 500px) 100vw, 500px\" \/><\/a><figcaption id=\"caption-attachment-4757\" class=\"wp-caption-text\">Foto: NASA. Cr\u00e9dito Digitaliza\u00e7\u00e3o: NASA Johnson\/Kipp Teague<\/figcaption><\/figure>\n<p><span style=\"font-size: 13px;\"><em>Ram Mandil &#8211; EBP\/AMP<\/em><\/span><\/p>\n<p style=\"text-align: justify;\">O epis\u00f3dio \u00e9 pouco conhecido.\u00a0 Instantes antes de fazer o primeiro pouso na Lua, um alarme soa no computador do M\u00f3dulo Lunar: o enigm\u00e1tico \u201cc\u00f3digo 1202\u201d, indicando sobrecarga de dados no sistema.\u00a0 Nem os astronautas a bordo, Neil Armstrong e Edwin \u201cBuzz\u201d Aldrin, nem a Central em Houston sabiam as causas. Tens\u00e3o, seguida de checagem de todos os par\u00e2metros para embasar a decis\u00e3o: GO ou ABORT STAGE.\u00a0 Mesmo sem saber exatamente a causa, Houston d\u00e1 seu parecer: \u201cSomos pelo GO\u201d. As an\u00e1lises indicavam tratar-se de um \u201crisco aceit\u00e1vel\u201d.<\/p>\n[\/vc_column_text]<a href=\"https:\/\/enapol.com\/xii\/a-magnifica-desolacao-e-a-encarnacao-do-corte\/\" class=\"vcex-button theme-button inline\"><span class=\"vcex-button-inner theme-button-inner wpex-flex wpex-flex-wrap wpex-items-center wpex-justify-center\">Leia +<\/span><\/a> [\/vc_column][\/vc_row][vc_row][vc_column]<div class=\"vcex-module vcex-divider vcex-divider-solid vcex-divider-center wpex-mx-auto wpex-block wpex-h-0 wpex-border-b wpex-border-solid wpex-border-main\"><\/div>[\/vc_column][\/vc_row][vc_row][vc_column][vc_column_text css=&#8221;&#8221;]\n<h3><span style=\"color: #ff0000;\"><u>LA BOMBA DE TIEMPO: RESSON\u00c2NCIAS-ENSINOS<\/u><u><\/u><\/span><\/h3>\n<figure id=\"attachment_4757\" aria-describedby=\"caption-attachment-4757\" style=\"width: 568px\" class=\"wp-caption aligncenter\"><a href=\"https:\/\/enapol.com\/xii\/wp-content\/uploads\/sites\/10\/2025\/05\/conexoes_tambo3_001.jpg\"><img decoding=\"async\" class=\"wp-image-4757 size-full\" src=\"https:\/\/enapol.com\/xii\/wp-content\/uploads\/sites\/10\/2025\/05\/conexoes_tambo3_001.jpg\" alt=\"\" width=\"568\" height=\"387\" srcset=\"https:\/\/enapol.com\/xii\/wp-content\/uploads\/sites\/10\/2025\/05\/conexoes_tambo3_001.jpg 568w, https:\/\/enapol.com\/xii\/wp-content\/uploads\/sites\/10\/2025\/05\/conexoes_tambo3_001-300x204.jpg 300w, https:\/\/enapol.com\/xii\/wp-content\/uploads\/sites\/10\/2025\/05\/conexoes_tambo3_001-500x341.jpg 500w\" sizes=\"(max-width: 568px) 100vw, 568px\" \/><\/a><figcaption id=\"caption-attachment-4757\" class=\"wp-caption-text\">Gabriel Spiller. Foto: Lisa Erbin<\/figcaption><\/figure>\n[\/vc_column_text]<a href=\"https:\/\/enapol.com\/xii\/la-bomba-de-tiempo-ressonancias-ensinos\/\" class=\"vcex-button theme-button inline\"><span class=\"vcex-button-inner theme-button-inner wpex-flex wpex-flex-wrap wpex-items-center wpex-justify-center\">Leia +<\/span><\/a> [\/vc_column][\/vc_row][vc_row][vc_column]<div class=\"vcex-module vcex-divider vcex-divider-solid vcex-divider-center wpex-mx-auto wpex-block wpex-h-0 wpex-border-b wpex-border-solid wpex-border-main\"><\/div>[\/vc_column][\/vc_row][vc_row][vc_column][vc_column_text css=&#8221;&#8221;]\n<h3><span style=\"color: #ff0000;\"><u>\u201cO INEXTINGU\u00cdVEL DA INF\u00c2NCIA\u201d<br \/>\n<\/u><\/span><\/h3>\n<p><a href=\"https:\/\/enapol.com\/xii\/wp-content\/uploads\/sites\/10\/2025\/04\/thumb_video_pt.png\"><img loading=\"lazy\" decoding=\"async\" class=\"aligncenter wp-image-3657\" src=\"https:\/\/enapol.com\/xii\/wp-content\/uploads\/sites\/10\/2025\/04\/thumb_video_pt.png\" alt=\"\" width=\"500\" height=\"270\" srcset=\"https:\/\/enapol.com\/xii\/wp-content\/uploads\/sites\/10\/2025\/04\/thumb_video_pt.png 1893w, https:\/\/enapol.com\/xii\/wp-content\/uploads\/sites\/10\/2025\/04\/thumb_video_pt-300x162.png 300w, https:\/\/enapol.com\/xii\/wp-content\/uploads\/sites\/10\/2025\/04\/thumb_video_pt-1024x554.png 1024w, https:\/\/enapol.com\/xii\/wp-content\/uploads\/sites\/10\/2025\/04\/thumb_video_pt-768x415.png 768w, https:\/\/enapol.com\/xii\/wp-content\/uploads\/sites\/10\/2025\/04\/thumb_video_pt-1536x831.png 1536w, https:\/\/enapol.com\/xii\/wp-content\/uploads\/sites\/10\/2025\/04\/thumb_video_pt-500x270.png 500w, https:\/\/enapol.com\/xii\/wp-content\/uploads\/sites\/10\/2025\/04\/thumb_video_pt-700x379.png 700w\" sizes=\"(max-width: 500px) 100vw, 500px\" \/><\/a>[\/vc_column_text]<a href=\"https:\/\/enapol.com\/xii\/o-inextinguivel-da-infancia\/\" class=\"vcex-button theme-button inline\"><span class=\"vcex-button-inner theme-button-inner wpex-flex wpex-flex-wrap wpex-items-center wpex-justify-center\">Leia +<\/span><\/a> [\/vc_column][\/vc_row][vc_row][vc_column]<div class=\"vcex-module vcex-divider vcex-divider-solid vcex-divider-center wpex-mx-auto wpex-block wpex-h-0 wpex-border-b wpex-border-solid wpex-border-main\"><\/div>[\/vc_column][\/vc_row][vc_row][vc_column][vc_column_text css=&#8221;&#8221;]\n<h3><span style=\"color: #ff0000;\"><u>A SUBST\u00c2NCIA SONORA E IMAG\u00c9TICA DE <em>MINERAL<\/em><br \/>\n<\/u><\/span><\/h3>\n<p><strong>Daniela Viola<br \/>\n<\/strong><strong>Fernanda Costa<br \/>\n<\/strong><strong>Michelle Sena<\/strong><\/p>\n<p>Pouco antes de percutirem os tambores do animado carnaval de Belo Horizonte, cidade de Minas Gerais que acolher\u00e1 o XII ENAPOL, M\u00e1ximo Soalheiro\u00a0nos recebe em sua casa. Conversamos \u00e0 mesa posta, com caf\u00e9 e p\u00e3o de queijo, lanche t\u00edpico de um mineiro, servidos nas inconfund\u00edveis cer\u00e2micas assinadas por seu ateli\u00ea. Ceramista e artista pl\u00e1stico, ele \u00e9 reconhecido mundialmente pelo trabalho em ambos os campos. Entre suas incont\u00e1veis obras, uma instala\u00e7\u00e3o sonora da qual \u00e9 idealizador e diretor art\u00edstico materializa de forma exemplar pontos fundamentais do que este Boletim se prop\u00f5e a transmitir.\u00a0<em>Mineral<\/em>\u00a0\u00e9 um concerto\u00a0<em>sui generis<\/em>\u00a0realizado em parceria com artistas e colaboradores de saberes diversos, desde oleiros, t\u00e9cnicos de v\u00e1rias \u00e1reas a m\u00fasicos de vasta experi\u00eancia. Tamb\u00e9m participa dessa conversa Kristoff Silva, reconhecido m\u00fasico mineiro e um desses talentosos parceiros. Expressamos nossos agradecimentos a M\u00e1ximo e Kristoff pela generosidade em nos conceder a entrevista.[\/vc_column_text]<a href=\"https:\/\/enapol.com\/xii\/a-substancia-sonora-e-imagetica-de-mineral\/\" class=\"vcex-button theme-button inline\"><span class=\"vcex-button-inner theme-button-inner wpex-flex wpex-flex-wrap wpex-items-center wpex-justify-center\">Leia +<\/span><\/a> [\/vc_column][\/vc_row]\n<\/div>","protected":false},"excerpt":{"rendered":"<p>[vc_row][vc_column][vc_column_text css=&#8221;&#8221;] CONEX\u00d5ES \u2013 CURAR A CRIAN\u00c7A? \u2013 UMA CONEX\u00c3O COM O LIVRO \u201cCONTRA MIM\u201d, DE VALTER HUGO M\u00c3E Cristina Frederico Daiane Ribeiro \u00c9lida Biasoli Lenci Niraldo de Oliveira Santos EBP\/AMP\u00a0 Nascido em Angola e radicado em Portugal desde a inf\u00e2ncia, Valter Hugo M\u00e3e \u00e9 um dos escritores mais destacados da literatura contempor\u00e2nea em l\u00edngua&hellip;<\/p>\n","protected":false},"author":3,"featured_media":0,"parent":1851,"menu_order":0,"comment_status":"closed","ping_status":"closed","template":"","meta":{"_monsterinsights_skip_tracking":false,"_monsterinsights_sitenote_active":false,"_monsterinsights_sitenote_note":"","_monsterinsights_sitenote_category":0,"footnotes":""},"_links":{"self":[{"href":"https:\/\/enapol.com\/xii\/wp-json\/wp\/v2\/pages\/2976"}],"collection":[{"href":"https:\/\/enapol.com\/xii\/wp-json\/wp\/v2\/pages"}],"about":[{"href":"https:\/\/enapol.com\/xii\/wp-json\/wp\/v2\/types\/page"}],"author":[{"embeddable":true,"href":"https:\/\/enapol.com\/xii\/wp-json\/wp\/v2\/users\/3"}],"replies":[{"embeddable":true,"href":"https:\/\/enapol.com\/xii\/wp-json\/wp\/v2\/comments?post=2976"}],"version-history":[{"count":10,"href":"https:\/\/enapol.com\/xii\/wp-json\/wp\/v2\/pages\/2976\/revisions"}],"predecessor-version":[{"id":7092,"href":"https:\/\/enapol.com\/xii\/wp-json\/wp\/v2\/pages\/2976\/revisions\/7092"}],"up":[{"embeddable":true,"href":"https:\/\/enapol.com\/xii\/wp-json\/wp\/v2\/pages\/1851"}],"wp:attachment":[{"href":"https:\/\/enapol.com\/xii\/wp-json\/wp\/v2\/media?parent=2976"}],"curies":[{"name":"wp","href":"https:\/\/api.w.org\/{rel}","templated":true}]}}