{"id":2997,"date":"2025-04-14T17:45:40","date_gmt":"2025-04-14T20:45:40","guid":{"rendered":"https:\/\/enapol.com\/xii\/?page_id=2997"},"modified":"2025-04-14T18:03:35","modified_gmt":"2025-04-14T21:03:35","slug":"ouro-preto","status":"publish","type":"page","link":"https:\/\/enapol.com\/xii\/acolhimento\/ouro-preto\/","title":{"rendered":"Ouro Preto"},"content":{"rendered":"<div class=\"wpb-content-wrapper\">[vc_row][vc_column][vc_column_text css=&#8221;&#8221;]Ouro Preto \u00e9 uma cidade hist\u00f3rica localizada no estado de Minas Gerais, Brasil, conhecida pela sua impressionante beleza e riqueza cultural. Fundada no final do s\u00e9culo XVII, ela floresceu durante o ciclo do ouro, sendo um dos maiores centros de minera\u00e7\u00e3o do Brasil colonial. Suas ruas estreitas e sinuosas, ladeadas por casar\u00f5es coloniais bem preservados e igrejas ornamentadas, fazem da cidade um verdadeiro museu a c\u00e9u aberto. \u00c9 uma das cidades mais visitadas do Brasil e um Patrim\u00f4nio Mundial da Humanidade, reconhecido pela UNESCO.<\/p>\n<h3><span style=\"color: #ff0000;\"><strong><a href=\"https:\/\/enapol.com\/xii\/wp-content\/uploads\/sites\/10\/2025\/04\/ouro_preto_001.jpg\"><img fetchpriority=\"high\" decoding=\"async\" class=\"aligncenter size-full wp-image-2998\" src=\"https:\/\/enapol.com\/xii\/wp-content\/uploads\/sites\/10\/2025\/04\/ouro_preto_001.jpg\" alt=\"\" width=\"625\" height=\"442\" srcset=\"https:\/\/enapol.com\/xii\/wp-content\/uploads\/sites\/10\/2025\/04\/ouro_preto_001.jpg 625w, https:\/\/enapol.com\/xii\/wp-content\/uploads\/sites\/10\/2025\/04\/ouro_preto_001-300x212.jpg 300w, https:\/\/enapol.com\/xii\/wp-content\/uploads\/sites\/10\/2025\/04\/ouro_preto_001-500x354.jpg 500w\" sizes=\"(max-width: 625px) 100vw, 625px\" \/><\/a><\/strong><\/span><\/h3>\n<h3><span style=\"color: #ff0000;\"><strong><a href=\"https:\/\/enapol.com\/xii\/wp-content\/uploads\/sites\/10\/2025\/04\/ouro_preto_002.jpg\"><img decoding=\"async\" class=\"aligncenter size-full wp-image-3000\" src=\"https:\/\/enapol.com\/xii\/wp-content\/uploads\/sites\/10\/2025\/04\/ouro_preto_002.jpg\" alt=\"\" width=\"602\" height=\"399\" srcset=\"https:\/\/enapol.com\/xii\/wp-content\/uploads\/sites\/10\/2025\/04\/ouro_preto_002.jpg 602w, https:\/\/enapol.com\/xii\/wp-content\/uploads\/sites\/10\/2025\/04\/ouro_preto_002-300x199.jpg 300w, https:\/\/enapol.com\/xii\/wp-content\/uploads\/sites\/10\/2025\/04\/ouro_preto_002-500x331.jpg 500w\" sizes=\"(max-width: 602px) 100vw, 602px\" \/><\/a><\/strong><\/span><\/h3>\n<h3><span style=\"color: #ff0000;\"><strong>Como chegar<\/strong><\/span><\/h3>\n<ul>\n<li><strong>\u00a0<\/strong><strong>De carro<\/strong><\/li>\n<\/ul>\n<p>No Aeroporto de Confins e em Belo Horizonte, h\u00e1 grande variedade de locadoras de ve\u00edculos. A partir de Belo Horizonte, o melhor trajeto at\u00e9 Ouro Preto \u00e9 pela BR-356. O trajeto de 100 km \u00e9 percorrido, em m\u00e9dia, em 1h40. O trajeto a partir do Aeroporto de Confins \u00e9 mais longo. Ser\u00e3o 140 km at\u00e9 Ouro Preto. A empresa Localiza tamb\u00e9m \u00e9 refer\u00eancia no aluguel de carros.<\/p>\n<ul>\n<li><strong>De \u00f4nibus<\/strong><\/li>\n<\/ul>\n<p>A partir de Belo Horizonte, o trecho \u00e9 operado pela Via\u00e7\u00e3o P\u00e1ssaro Verde e tamb\u00e9m pela Buser. O tempo m\u00e9dio de viagem \u00e9 de 2h e cada trecho tem custo m\u00e9dio entre R$ 25 e R$ 40. H\u00e1 op\u00e7\u00f5es de \u00f4nibus durante todo o dia.<\/p>\n<p>\u25cf\u00a0\u00a0\u00a0\u00a0\u00a0\u00a0 <strong>Transfer particular para Ouro Preto<\/strong><\/p>\n<p>Entre as empresas especializadas em transfer de Confins para Ouro Preto est\u00e3o a <a href=\"https:\/\/www.ouropretomg.com\/reservation\/transferconfinsouropreto\">Esse Trem Turismo<\/a> e a <a href=\"https:\/\/www.turismoouropreto.com\/\">Turismo Ouro Preto<\/a>.<\/p>\n<h3><span style=\"color: #ff0000;\"><strong><a href=\"https:\/\/enapol.com\/xii\/wp-content\/uploads\/sites\/10\/2025\/04\/ouro_preto_003.jpg\"><img decoding=\"async\" class=\"aligncenter size-full wp-image-3002\" src=\"https:\/\/enapol.com\/xii\/wp-content\/uploads\/sites\/10\/2025\/04\/ouro_preto_003.jpg\" alt=\"\" width=\"602\" height=\"399\" srcset=\"https:\/\/enapol.com\/xii\/wp-content\/uploads\/sites\/10\/2025\/04\/ouro_preto_003.jpg 602w, https:\/\/enapol.com\/xii\/wp-content\/uploads\/sites\/10\/2025\/04\/ouro_preto_003-300x199.jpg 300w, https:\/\/enapol.com\/xii\/wp-content\/uploads\/sites\/10\/2025\/04\/ouro_preto_003-500x331.jpg 500w\" sizes=\"(max-width: 602px) 100vw, 602px\" \/><\/a>Pontos Tur\u00edsticos<\/strong><\/span><\/h3>\n<ul>\n<li><strong>Igreja S\u00e3o Francisco de Assis:<\/strong> A mais alta express\u00e3o do estilo rococ\u00f3. \u00c9 considerada obra-prima de Aleijadinho.<\/li>\n<li><strong>Igreja Matriz Nossa Senhora do Pilar:<\/strong> Considerada a express\u00e3o m\u00e1xima de opul\u00eancia e dramaticidade do barroco. A mais rica igreja de Minas Gerais mostra todo o esplendor da primeira fase do barroco.<\/li>\n<li><strong>Igreja Matriz de Nossa Senhora da Concei\u00e7\u00e3o de Ant\u00f4nio Dias: <\/strong>Igreja cat\u00f3lica do s\u00e9culo XVIII, com museu e t\u00famulo de Aleijadinho, al\u00e9m de decora\u00e7\u00e3o em estilo barroco.<\/li>\n<li><strong>Igreja de Nossa Senhora do Carmo:<\/strong> A Igreja de Nossa Senhora do Carmo \u00e9 um templo cat\u00f3lico da cidade brasileira de Ouro Preto, importante exemplar da tradi\u00e7\u00e3o rococ\u00f3 no Brasil.<\/li>\n<li><strong>Igreja de Nossa Senhora do Ros\u00e1rio dos Pretos: <\/strong>Igreja constru\u00edda e frequentada pelos escravizados.<\/li>\n<li><strong>Museu da Inconfid\u00eancia:<\/strong> Re\u00fane obras diversas do patrim\u00f4nio hist\u00f3rico e art\u00edstico de Minas Gerais. Obras do Aleijadinho est\u00e3o reunidas em uma sala especial.<\/li>\n<li><strong>Museu Aleijadinho:<\/strong> Re\u00fane obras do maior escultor brasileiro do per\u00edodo barroco \u2013 Ant\u00f4nio Francisco Lisboa, o Aleijadinho.<\/li>\n<li><strong>Museu do Orat\u00f3rio: <\/strong>Com uma cole\u00e7\u00e3o de 162 orat\u00f3rios e 300 imagens dos s\u00e9culos XVII ao XX, o Museu do Orat\u00f3rio proporciona uma imers\u00e3o no papel da f\u00e9 e da arte na hist\u00f3ria do<\/li>\n<li><strong>Casa dos Contos: <\/strong>Casa hist\u00f3rica transformada em museu com m\u00f3veis, documentos e livros dos s\u00e9culos 18 e 19.<\/li>\n<li><strong>Parque Natural Municipal das Andorinhas<\/strong>: para os amantes de aventuras recomendamos um parque nas proximidades da cidade, com v\u00e1rias cachoeiras e uma natureza exuberante.<\/li>\n<\/ul>\n<p>&nbsp;<\/p>\n[\/vc_column_text]<div class=\"vcex-image-grid-wrap\"><div class=\"vcex-module vcex-image-grid grid-style-masonry wpex-row wpex-clr vcex-isotope-grid no-transition wpex-overflow-hidden wpex-lightbox-group\" data-transition-duration=\"0.0\"><div class=\"id-3004 vcex-image-grid-entry vcex-grid-item vcex-isotope-entry wpex-text-center span_1_of_3 col col-1\"><figure class=\"vcex-image-grid-entry-figure wpex-last-mb-0 wpex-clr\"><div class=\"vcex-image-grid-entry-img entry-media wpex-relative wpex-mb-20\"><a href=\"https:\/\/enapol.com\/xii\/wp-content\/uploads\/sites\/10\/2025\/04\/ouro_preto_004.jpg\" class=\"vcex-image-grid-entry-link wpex-lightbox-group-item\" ><img width=\"532\" height=\"353\" src=\"https:\/\/enapol.com\/xii\/wp-content\/uploads\/sites\/10\/2025\/04\/ouro_preto_004.jpg\" class=\"wpex-align-middle skip-lazy\" alt=\"\" data-no-lazy=\"1\" srcset=\"https:\/\/enapol.com\/xii\/wp-content\/uploads\/sites\/10\/2025\/04\/ouro_preto_004.jpg 532w, https:\/\/enapol.com\/xii\/wp-content\/uploads\/sites\/10\/2025\/04\/ouro_preto_004-300x199.jpg 300w, https:\/\/enapol.com\/xii\/wp-content\/uploads\/sites\/10\/2025\/04\/ouro_preto_004-500x332.jpg 500w\" sizes=\"(max-width: 532px) 100vw, 532px\" \/><\/a><\/div><\/figure><\/div><div class=\"id-3006 vcex-image-grid-entry vcex-grid-item vcex-isotope-entry wpex-text-center span_1_of_3 col col-2\"><figure class=\"vcex-image-grid-entry-figure wpex-last-mb-0 wpex-clr\"><div class=\"vcex-image-grid-entry-img entry-media wpex-relative wpex-mb-20\"><a href=\"https:\/\/enapol.com\/xii\/wp-content\/uploads\/sites\/10\/2025\/04\/ouro_preto_005.jpg\" class=\"vcex-image-grid-entry-link wpex-lightbox-group-item\" ><img width=\"532\" height=\"323\" src=\"https:\/\/enapol.com\/xii\/wp-content\/uploads\/sites\/10\/2025\/04\/ouro_preto_005.jpg\" class=\"wpex-align-middle skip-lazy\" alt=\"\" data-no-lazy=\"1\" srcset=\"https:\/\/enapol.com\/xii\/wp-content\/uploads\/sites\/10\/2025\/04\/ouro_preto_005.jpg 532w, https:\/\/enapol.com\/xii\/wp-content\/uploads\/sites\/10\/2025\/04\/ouro_preto_005-300x182.jpg 300w, https:\/\/enapol.com\/xii\/wp-content\/uploads\/sites\/10\/2025\/04\/ouro_preto_005-500x304.jpg 500w\" sizes=\"(max-width: 532px) 100vw, 532px\" \/><\/a><\/div><\/figure><\/div><div class=\"id-3008 vcex-image-grid-entry vcex-grid-item vcex-isotope-entry wpex-text-center span_1_of_3 col col-3\"><figure class=\"vcex-image-grid-entry-figure wpex-last-mb-0 wpex-clr\"><div class=\"vcex-image-grid-entry-img entry-media wpex-relative wpex-mb-20\"><a href=\"https:\/\/enapol.com\/xii\/wp-content\/uploads\/sites\/10\/2025\/04\/ouro_preto_006.jpg\" class=\"vcex-image-grid-entry-link wpex-lightbox-group-item\" ><img width=\"325\" height=\"490\" src=\"https:\/\/enapol.com\/xii\/wp-content\/uploads\/sites\/10\/2025\/04\/ouro_preto_006.jpg\" class=\"wpex-align-middle skip-lazy\" alt=\"\" data-no-lazy=\"1\" srcset=\"https:\/\/enapol.com\/xii\/wp-content\/uploads\/sites\/10\/2025\/04\/ouro_preto_006.jpg 325w, https:\/\/enapol.com\/xii\/wp-content\/uploads\/sites\/10\/2025\/04\/ouro_preto_006-199x300.jpg 199w\" sizes=\"(max-width: 325px) 100vw, 325px\" \/><\/a><\/div><\/figure><\/div><div class=\"id-3010 vcex-image-grid-entry vcex-grid-item vcex-isotope-entry wpex-text-center span_1_of_3 col col-1\"><figure class=\"vcex-image-grid-entry-figure wpex-last-mb-0 wpex-clr\"><div class=\"vcex-image-grid-entry-img entry-media wpex-relative wpex-mb-20\"><a href=\"https:\/\/enapol.com\/xii\/wp-content\/uploads\/sites\/10\/2025\/04\/ouro_preto_007.jpg\" class=\"vcex-image-grid-entry-link wpex-lightbox-group-item\" ><img width=\"325\" height=\"492\" src=\"https:\/\/enapol.com\/xii\/wp-content\/uploads\/sites\/10\/2025\/04\/ouro_preto_007.jpg\" class=\"wpex-align-middle skip-lazy\" alt=\"\" data-no-lazy=\"1\" srcset=\"https:\/\/enapol.com\/xii\/wp-content\/uploads\/sites\/10\/2025\/04\/ouro_preto_007.jpg 325w, https:\/\/enapol.com\/xii\/wp-content\/uploads\/sites\/10\/2025\/04\/ouro_preto_007-198x300.jpg 198w\" sizes=\"(max-width: 325px) 100vw, 325px\" \/><\/a><\/div><\/figure><\/div><div class=\"id-3012 vcex-image-grid-entry vcex-grid-item vcex-isotope-entry wpex-text-center span_1_of_3 col col-2\"><figure class=\"vcex-image-grid-entry-figure wpex-last-mb-0 wpex-clr\"><div class=\"vcex-image-grid-entry-img entry-media wpex-relative wpex-mb-20\"><a href=\"https:\/\/enapol.com\/xii\/wp-content\/uploads\/sites\/10\/2025\/04\/ouro_preto_008.jpg\" class=\"vcex-image-grid-entry-link wpex-lightbox-group-item\" ><img width=\"313\" height=\"417\" src=\"https:\/\/enapol.com\/xii\/wp-content\/uploads\/sites\/10\/2025\/04\/ouro_preto_008.jpg\" class=\"wpex-align-middle skip-lazy\" alt=\"\" data-no-lazy=\"1\" srcset=\"https:\/\/enapol.com\/xii\/wp-content\/uploads\/sites\/10\/2025\/04\/ouro_preto_008.jpg 313w, https:\/\/enapol.com\/xii\/wp-content\/uploads\/sites\/10\/2025\/04\/ouro_preto_008-225x300.jpg 225w\" sizes=\"(max-width: 313px) 100vw, 313px\" \/><\/a><\/div><\/figure><\/div><div class=\"id-3014 vcex-image-grid-entry vcex-grid-item vcex-isotope-entry wpex-text-center span_1_of_3 col col-3\"><figure class=\"vcex-image-grid-entry-figure wpex-last-mb-0 wpex-clr\"><div class=\"vcex-image-grid-entry-img entry-media wpex-relative wpex-mb-20\"><a href=\"https:\/\/enapol.com\/xii\/wp-content\/uploads\/sites\/10\/2025\/04\/ouro_preto_009.jpg\" class=\"vcex-image-grid-entry-link wpex-lightbox-group-item\" ><img width=\"546\" height=\"362\" src=\"https:\/\/enapol.com\/xii\/wp-content\/uploads\/sites\/10\/2025\/04\/ouro_preto_009.jpg\" class=\"wpex-align-middle skip-lazy\" alt=\"\" data-no-lazy=\"1\" srcset=\"https:\/\/enapol.com\/xii\/wp-content\/uploads\/sites\/10\/2025\/04\/ouro_preto_009.jpg 546w, https:\/\/enapol.com\/xii\/wp-content\/uploads\/sites\/10\/2025\/04\/ouro_preto_009-300x199.jpg 300w, https:\/\/enapol.com\/xii\/wp-content\/uploads\/sites\/10\/2025\/04\/ouro_preto_009-500x332.jpg 500w\" sizes=\"(max-width: 546px) 100vw, 546px\" \/><\/a><\/div><\/figure><\/div><\/div><\/div>[vc_column_text css=&#8221;&#8221;]\n<h3><span style=\"color: #ff0000;\"><strong>Onde ficar<\/strong><\/span><\/h3>\n<ul>\n<li><strong>Pousada dos Of\u00edcios<\/strong>\n<ul>\n<li><a href=\"https:\/\/www.google.com\/search?client=safari&amp;sca_esv=6720e53ef255ba62&amp;rls=en&amp;sxsrf=AHTn8zrfI7WFMCuPkIG8KdfoKfszKnJnJg:1742643887360&amp;q=pousada+dos+oficios+endere%C3%A7o&amp;ludocid=9224925571942458307&amp;sa=X&amp;ved=2ahUKEwiG8YCvzp2MAxVOJbkGHYAJNukQ6BN6BAgrEAI\"><strong>Endere\u00e7o<\/strong><\/a><strong>:<\/strong> R. Padre Rolim, 765 &#8211; Ouro Preto<\/li>\n<li><strong>Telefone:<\/strong> <a href=\"https:\/\/www.google.com\/search?client=safari&amp;rls=en&amp;q=pousada+dos+oficios+ouro+preto&amp;ie=UTF-8&amp;oe=UTF-8\">(31) 3551-7735<\/a><\/li>\n<li><strong>WhatsApp:<\/strong> (31) 99964-4899<\/li>\n<li><a href=\"https:\/\/pousadadosoficios.com.br\/contato\/\">https:\/\/pousadadosoficios.com.br\/contato\/<\/a><\/li>\n<\/ul>\n<\/li>\n<\/ul>\n<ul>\n<li><strong>Hotel Solar do Ros\u00e1rio<\/strong>\n<ul>\n<li><strong>Endere\u00e7o: <\/strong>R. Getulio Vargas, 270 &#8211; Ros\u00e1rio, Ouro Preto<\/li>\n<li><strong>Telefone<\/strong><strong>\/WhatsApp: <\/strong><a href=\"https:\/\/www.google.com\/search?client=safari&amp;rls=en&amp;q=solar+do+rosario+ouro+preto&amp;ie=UTF-8&amp;oe=UTF-8\">(31) 3551-5200<\/a><\/li>\n<li><a href=\"https:\/\/hotelsolardorosario.com\">https:\/\/hotelsolardorosario.com<\/a><\/li>\n<\/ul>\n<\/li>\n<li><strong>Grande Hotel de Ouro Preto<\/strong>\n<ul>\n<li><strong>Endere\u00e7o:<\/strong> Rua Senador Rocha Lagoa, 162, Ouro Preto<\/li>\n<li><strong>Telefone: <\/strong>\u00a0<a href=\"https:\/\/www.google.com\/search?client=safari&amp;rls=en&amp;q=grande+hotel+de+ouro+perto&amp;ie=UTF-8&amp;oe=UTF-8\">(31) 3551-1488<\/a><\/li>\n<li><a href=\"https:\/\/api.whatsapp.com\/send?l=pt&amp;phone=5531986110709&amp;text=Ol\u00e1!%20Desejo%20informa\u00e7\u00f5es%20sobre%20o%20hotel#_blank\">WhatsApp: (31) 98611-0709<\/a><\/li>\n<li><a href=\"http:\/\/www.grandehotelouropreto.com.br\">http:\/\/www.grandehotelouropreto.com.br<\/a><\/li>\n<\/ul>\n<\/li>\n<\/ul>\n<h3><span style=\"color: #ff0000;\"><strong><a href=\"https:\/\/enapol.com\/xii\/wp-content\/uploads\/sites\/10\/2025\/04\/ouro_preto_010.jpg\"><img loading=\"lazy\" decoding=\"async\" class=\"aligncenter size-full wp-image-3016\" src=\"https:\/\/enapol.com\/xii\/wp-content\/uploads\/sites\/10\/2025\/04\/ouro_preto_010.jpg\" alt=\"\" width=\"602\" height=\"908\" srcset=\"https:\/\/enapol.com\/xii\/wp-content\/uploads\/sites\/10\/2025\/04\/ouro_preto_010.jpg 602w, https:\/\/enapol.com\/xii\/wp-content\/uploads\/sites\/10\/2025\/04\/ouro_preto_010-199x300.jpg 199w, https:\/\/enapol.com\/xii\/wp-content\/uploads\/sites\/10\/2025\/04\/ouro_preto_010-500x754.jpg 500w\" sizes=\"(max-width: 602px) 100vw, 602px\" \/><\/a><\/strong><\/span><\/h3>\n<h3><span style=\"color: #ff0000;\"><strong>Gastronomia<\/strong><\/span><\/h3>\n<p><strong>\u00a0<\/strong><strong>Regional<\/strong><\/p>\n<ul>\n<li><strong>Casa do Ouvidor<\/strong> (<em> Conde de Bobadela, 42<\/em>)<\/li>\n<li><strong>Restaurante Tropea <\/strong>(<em> Cel. Alves, 15<\/em>)<\/li>\n<\/ul>\n<p>Os restaurantes de Ouro Preto est\u00e3o concentrados no Centro Hist\u00f3rico, especialmente na Rua Direita (ou Rua Conde de Bobadela) e na Rua S\u00e3o Jos\u00e9. Ambas as op\u00e7\u00f5es possuem pratos t\u00edpicos, preparados ao cl\u00e1ssico modo mineiro, lembrando que a cidade \u00e9 repleta de espa\u00e7os que oferecem culin\u00e1ria mineira aut\u00eantica.<\/p>\n<p><strong>Caf\u00e9s<\/strong><\/p>\n<ul>\n<li><strong>Opera Caf\u00e9<\/strong> (<em> Conde de Bobadela, 75<\/em>)<\/li>\n<li><strong>Hamburgueria P\u00e3o de Queijo Gourmet <\/strong>(<em> Bar\u00e3o de Camargos, 22<\/em>).<\/li>\n<\/ul>\n<p>Para uma paradinha de descanso em meio aos passeios. Vale a pena provar p\u00e3es de queijo, bolo quentinho e caf\u00e9 mineiro.<\/p>\n<p><strong>Recomendados<\/strong><\/p>\n<ul>\n<li><strong>O Passo<\/strong> (<em> S\u00e3o Jos\u00e9, 56<\/em>)<\/li>\n<li><strong>Ben\u00e9 da Flauta<\/strong> ( S\u00e3o Francisco de Assis, 32)<\/li>\n<\/ul>\n<p>Todas as op\u00e7\u00f5es possuem card\u00e1pio refinado e pratos elaborados, esses locais chamam aten\u00e7\u00e3o pela linda e bem abastecida adega de vinhos, cervejas e cacha\u00e7as.<\/p>\n<p><a href=\"https:\/\/enapol.com\/xii\/wp-content\/uploads\/sites\/10\/2025\/04\/ouro_preto_011.jpg\"><img loading=\"lazy\" decoding=\"async\" class=\"aligncenter size-full wp-image-3018\" src=\"https:\/\/enapol.com\/xii\/wp-content\/uploads\/sites\/10\/2025\/04\/ouro_preto_011.jpg\" alt=\"\" width=\"632\" height=\"953\" srcset=\"https:\/\/enapol.com\/xii\/wp-content\/uploads\/sites\/10\/2025\/04\/ouro_preto_011.jpg 632w, https:\/\/enapol.com\/xii\/wp-content\/uploads\/sites\/10\/2025\/04\/ouro_preto_011-199x300.jpg 199w, https:\/\/enapol.com\/xii\/wp-content\/uploads\/sites\/10\/2025\/04\/ouro_preto_011-500x754.jpg 500w\" sizes=\"(max-width: 632px) 100vw, 632px\" \/><\/a>[\/vc_column_text][\/vc_column][\/vc_row][vc_row][vc_column][\/vc_column][\/vc_row]\n<\/div>","protected":false},"excerpt":{"rendered":"<p>[vc_row][vc_column][vc_column_text css=&#8221;&#8221;]Ouro Preto \u00e9 uma cidade hist\u00f3rica localizada no estado de Minas Gerais, Brasil, conhecida pela sua impressionante beleza e riqueza cultural. Fundada no final do s\u00e9culo XVII, ela floresceu durante o ciclo do ouro, sendo um dos maiores centros de minera\u00e7\u00e3o do Brasil colonial. Suas ruas estreitas e sinuosas, ladeadas por casar\u00f5es coloniais bem&hellip;<\/p>\n","protected":false},"author":3,"featured_media":0,"parent":632,"menu_order":0,"comment_status":"closed","ping_status":"closed","template":"","meta":{"_monsterinsights_skip_tracking":false,"_monsterinsights_sitenote_active":false,"_monsterinsights_sitenote_note":"","_monsterinsights_sitenote_category":0,"footnotes":""},"_links":{"self":[{"href":"https:\/\/enapol.com\/xii\/wp-json\/wp\/v2\/pages\/2997"}],"collection":[{"href":"https:\/\/enapol.com\/xii\/wp-json\/wp\/v2\/pages"}],"about":[{"href":"https:\/\/enapol.com\/xii\/wp-json\/wp\/v2\/types\/page"}],"author":[{"embeddable":true,"href":"https:\/\/enapol.com\/xii\/wp-json\/wp\/v2\/users\/3"}],"replies":[{"embeddable":true,"href":"https:\/\/enapol.com\/xii\/wp-json\/wp\/v2\/comments?post=2997"}],"version-history":[{"count":7,"href":"https:\/\/enapol.com\/xii\/wp-json\/wp\/v2\/pages\/2997\/revisions"}],"predecessor-version":[{"id":3035,"href":"https:\/\/enapol.com\/xii\/wp-json\/wp\/v2\/pages\/2997\/revisions\/3035"}],"up":[{"embeddable":true,"href":"https:\/\/enapol.com\/xii\/wp-json\/wp\/v2\/pages\/632"}],"wp:attachment":[{"href":"https:\/\/enapol.com\/xii\/wp-json\/wp\/v2\/media?parent=2997"}],"curies":[{"name":"wp","href":"https:\/\/api.w.org\/{rel}","templated":true}]}}