{"id":3286,"date":"2025-04-22T11:20:34","date_gmt":"2025-04-22T14:20:34","guid":{"rendered":"https:\/\/enapol.com\/xii\/?page_id=3286"},"modified":"2025-06-03T16:16:07","modified_gmt":"2025-06-03T19:16:07","slug":"tambor-2","status":"publish","type":"page","link":"https:\/\/enapol.com\/xii\/epistemico\/tambor\/boletins\/tambor-2\/","title":{"rendered":"Tambor 2"},"content":{"rendered":"<div class=\"wpb-content-wrapper\">[vc_row][vc_column]<figure class=\"vcex-image vcex-module\"><div class=\"vcex-image-inner wpex-relative wpex-inline-block\"><img width=\"5288\" height=\"1575\" src=\"https:\/\/enapol.com\/xii\/wp-content\/uploads\/sites\/10\/2025\/02\/cabecalho.png\" class=\"vcex-image-img wpex-align-middle\" alt=\"\" loading=\"lazy\" decoding=\"async\" srcset=\"https:\/\/enapol.com\/xii\/wp-content\/uploads\/sites\/10\/2025\/02\/cabecalho.png 5288w, https:\/\/enapol.com\/xii\/wp-content\/uploads\/sites\/10\/2025\/02\/cabecalho-300x89.png 300w, https:\/\/enapol.com\/xii\/wp-content\/uploads\/sites\/10\/2025\/02\/cabecalho-1024x305.png 1024w, https:\/\/enapol.com\/xii\/wp-content\/uploads\/sites\/10\/2025\/02\/cabecalho-768x229.png 768w, https:\/\/enapol.com\/xii\/wp-content\/uploads\/sites\/10\/2025\/02\/cabecalho-1536x457.png 1536w, https:\/\/enapol.com\/xii\/wp-content\/uploads\/sites\/10\/2025\/02\/cabecalho-2048x610.png 2048w, https:\/\/enapol.com\/xii\/wp-content\/uploads\/sites\/10\/2025\/02\/cabecalho-500x149.png 500w, https:\/\/enapol.com\/xii\/wp-content\/uploads\/sites\/10\/2025\/02\/cabecalho-700x208.png 700w\" sizes=\"(max-width: 5288px) 100vw, 5288px\" \/><\/div><\/figure>[\/vc_column][\/vc_row][vc_row][vc_column][vc_column_text css=&#8221;.vc_custom_1746121837272{padding-top: 20px !important;padding-right: 20px !important;padding-bottom: 20px !important;padding-left: 20px !important;background-color: #EE643D !important;}&#8221;]\n<p style=\"text-align: left;\"><span style=\"font-size: 18px;\"><strong><span style=\"color: #ffffff;\">Boletim Tambor 2<\/span><\/strong><\/span><\/p>\n[\/vc_column_text][\/vc_column][\/vc_row][vc_row][vc_column][vc_column_text css=&#8221;&#8221;]\n<h3><u>Rubrica Eixo 1:<br \/>\n<em>ISSO<\/em> RESSOA NO CORPO COMO UM TAMBOR<\/u><\/h3>\n<p><em>Luisa Arag\u00f3n &#8211; NEL\/AMP<\/em><\/p>\n<p><em>Falar com a crian\u00e7a <\/em>revela o lugar da palavra em uma an\u00e1lise e seus alcances, transcendendo a distin\u00e7\u00e3o de idade. <em>Tem que falar, porque faz bem!<\/em> \u00e9 o lema que hoje se promove por meio da prolifera\u00e7\u00e3o de propostas terap\u00eauticas. Em que se distingue nossa pr\u00e1tica como experi\u00eancia de palavra?<\/p>\n<p style=\"text-align: justify;\"><a title=\"Rubrica Eixo 1: ISSO RESSOA NO CORPO COMO UM TAMBOR\" href=\"https:\/\/enapol.com\/xii\/rubrica-eixo-1-isso-ressoa-no-corpo-como-um-tambor\/\"><span style=\"color: #ff0000;\">[leia +]<\/span><\/a><\/p>\n[\/vc_column_text][\/vc_column][\/vc_row][vc_row][vc_column][vc_column_text css=&#8221;&#8221;]\n<h3><u>Rubrica Eixo 3:<br \/>\nINF\u00c2NCIA INEXTINGU\u00cdVEL, DOCILIDADE TRANSFERENCIAL<\/u><\/h3>\n<p><em>Marcela Antelo &#8211; EBP\/AMP<br \/>\n<\/em><\/p>\n<p>Costuma-se dizer que a inf\u00e2ncia se perde, que a inoc\u00eancia se perde, que os ideais se espatifam e as ilus\u00f5es se corroem, que o amor se erode, e que n\u00e3o o refletimos como ayer. O tempo e o lugar do \u00f3cio, do brincar, do dolce far niente fica cada vez mais custoso. Sem falar do t\u00f4nus muscular, a pele de p\u00eassego e os cabelos sedosos. Uma dimens\u00e3o do que perdura a perda pura, como dizia Lacan, na patologia da vida cotidiana, da vida que dura.<\/p>\n<p><a title=\"Rubrica Eixo 3: INF\u00c2NCIA INEXTINGU\u00cdVEL, DOCILIDADE TRANSFERENCIAL\" href=\"https:\/\/enapol.com\/xii\/rubrica-eixo-3-infancia-inextinguivel-docilidade-transferencial\/\"><span style=\"color: #ff0000;\">[Leia +]<\/span><\/a><\/p>\n[\/vc_column_text][\/vc_column][\/vc_row][vc_row][vc_column][vc_column_text css=&#8221;&#8221;]\n<h3><u>Conex\u00f5es \u2013 \u201cO inextingu\u00edvel da inf\u00e2ncia\u201d<\/u><\/h3>\n<p><a href=\"https:\/\/enapol.com\/xii\/wp-content\/uploads\/sites\/10\/2025\/04\/thumb_video_pt.png\"><img fetchpriority=\"high\" decoding=\"async\" class=\"aligncenter wp-image-3657\" src=\"https:\/\/enapol.com\/xii\/wp-content\/uploads\/sites\/10\/2025\/04\/thumb_video_pt.png\" alt=\"\" width=\"500\" height=\"270\" srcset=\"https:\/\/enapol.com\/xii\/wp-content\/uploads\/sites\/10\/2025\/04\/thumb_video_pt.png 1893w, https:\/\/enapol.com\/xii\/wp-content\/uploads\/sites\/10\/2025\/04\/thumb_video_pt-300x162.png 300w, https:\/\/enapol.com\/xii\/wp-content\/uploads\/sites\/10\/2025\/04\/thumb_video_pt-1024x554.png 1024w, https:\/\/enapol.com\/xii\/wp-content\/uploads\/sites\/10\/2025\/04\/thumb_video_pt-768x415.png 768w, https:\/\/enapol.com\/xii\/wp-content\/uploads\/sites\/10\/2025\/04\/thumb_video_pt-1536x831.png 1536w, https:\/\/enapol.com\/xii\/wp-content\/uploads\/sites\/10\/2025\/04\/thumb_video_pt-500x270.png 500w, https:\/\/enapol.com\/xii\/wp-content\/uploads\/sites\/10\/2025\/04\/thumb_video_pt-700x379.png 700w\" sizes=\"(max-width: 500px) 100vw, 500px\" \/><\/a><\/p>\n<p><a title=\"\u201cO inextingu\u00edvel da inf\u00e2ncia\u201d\" href=\"https:\/\/enapol.com\/xii\/o-inextinguivel-da-infancia\/\"><span style=\"color: #ff0000;\">[Leia +]<\/span><\/a><\/p>\n[\/vc_column_text][\/vc_column][\/vc_row][vc_row][vc_column][vc_column_text css=&#8221;&#8221;]\n<h3><u>CITA\u00c7\u00d5ES E REFER\u00caNCIAS BIBLIOGR\u00c1FICAS<\/u><\/h3>\n<div>\n<h3><span style=\"color: #ff0000;\"><strong>FREUD<\/strong><\/span><\/h3>\n<p>&#8220;Em certos casos, tive a impress\u00e3o de que a conhecida amn\u00e9sia infantil, que teoricamente nos \u00e9 t\u00e3o importante, \u00e9 completamente contrabalan\u00e7ada pelas lembran\u00e7as encobridoras. N\u00e3o apenas algo, mas a totalidade do que \u00e9 essencial na inf\u00e2ncia foi retido nessas lembran\u00e7as. Trata-se simplesmente de saber como extra\u00ed-lo delas pela an\u00e1lise. Elas representam os anos esquecidos da inf\u00e2ncia t\u00e3o adequadamente quanto o conte\u00fado manifesto de um sonho representa os pensamentos on\u00edricos&#8221;.<\/p>\n<p><a title=\"CITA\u00c7\u00d5ES E REFER\u00caNCIAS BIBLIOGR\u00c1FICAS\" href=\"https:\/\/enapol.com\/xii\/citacoes-e-referencias-bibliograficas\/\"><span style=\"color: #ff0000;\">[Leia +]<\/span><\/a><\/p>\n<\/div>\n[\/vc_column_text][\/vc_column][\/vc_row]\n<\/div>","protected":false},"excerpt":{"rendered":"<p>[vc_row][vc_column][\/vc_column][\/vc_row][vc_row][vc_column][vc_column_text css=&#8221;.vc_custom_1746121837272{padding-top: 20px !important;padding-right: 20px !important;padding-bottom: 20px !important;padding-left: 20px !important;background-color: #EE643D !important;}&#8221;] Boletim Tambor 2 [\/vc_column_text][\/vc_column][\/vc_row][vc_row][vc_column][vc_column_text css=&#8221;&#8221;] Rubrica Eixo 1: ISSO RESSOA NO CORPO COMO UM TAMBOR Luisa Arag\u00f3n &#8211; NEL\/AMP Falar com a crian\u00e7a revela o lugar da palavra em uma an\u00e1lise e seus alcances, transcendendo a distin\u00e7\u00e3o de idade. Tem que falar, porque&hellip;<\/p>\n","protected":false},"author":3,"featured_media":0,"parent":1875,"menu_order":0,"comment_status":"closed","ping_status":"closed","template":"","meta":{"_monsterinsights_skip_tracking":false,"_monsterinsights_sitenote_active":false,"_monsterinsights_sitenote_note":"","_monsterinsights_sitenote_category":0,"footnotes":""},"_links":{"self":[{"href":"https:\/\/enapol.com\/xii\/wp-json\/wp\/v2\/pages\/3286"}],"collection":[{"href":"https:\/\/enapol.com\/xii\/wp-json\/wp\/v2\/pages"}],"about":[{"href":"https:\/\/enapol.com\/xii\/wp-json\/wp\/v2\/types\/page"}],"author":[{"embeddable":true,"href":"https:\/\/enapol.com\/xii\/wp-json\/wp\/v2\/users\/3"}],"replies":[{"embeddable":true,"href":"https:\/\/enapol.com\/xii\/wp-json\/wp\/v2\/comments?post=3286"}],"version-history":[{"count":13,"href":"https:\/\/enapol.com\/xii\/wp-json\/wp\/v2\/pages\/3286\/revisions"}],"predecessor-version":[{"id":5425,"href":"https:\/\/enapol.com\/xii\/wp-json\/wp\/v2\/pages\/3286\/revisions\/5425"}],"up":[{"embeddable":true,"href":"https:\/\/enapol.com\/xii\/wp-json\/wp\/v2\/pages\/1875"}],"wp:attachment":[{"href":"https:\/\/enapol.com\/xii\/wp-json\/wp\/v2\/media?parent=3286"}],"curies":[{"name":"wp","href":"https:\/\/api.w.org\/{rel}","templated":true}]}}