{"id":4611,"date":"2025-05-02T08:27:00","date_gmt":"2025-05-02T11:27:00","guid":{"rendered":"https:\/\/enapol.com\/xii\/rubrica-eixo-1\/"},"modified":"2025-08-14T06:32:12","modified_gmt":"2025-08-14T09:32:12","slug":"rubrica-eixo-1","status":"publish","type":"page","link":"https:\/\/enapol.com\/xii\/epistemico\/tambor\/rubricas\/rubrica-eixo-1\/","title":{"rendered":"R\u00fabrica Eixo 1"},"content":{"rendered":"<div class=\"wpb-content-wrapper\">[vc_row][vc_column][vc_column_text css=&#8221;&#8221;]\n<h3><span style=\"color: #ff0000;\"><strong>Rubrica Eixo 1<br \/>\n<\/strong><strong>UM TAMBOR VIBRA EM UM DISPOSITIVO DE SA\u00daDE P\u00daBLICA<\/strong><\/span><\/h3>\n<p><em>Mar\u00eda Laura Errecarte &#8211; EOL\/AMP<\/em><\/p>\n<p><strong>\u00a0<\/strong>Seguindo o som do Tambor deste ENAPOL, no eixo \u2018Falar de \u201cisso de que n\u00e3o se pode falar\u201d\u2019, transmitirei uma experi\u00eancia atual em que estou trabalhando junto a uma equipe de sa\u00fade. Experi\u00eancia cl\u00ednica que proporciona o acesso \u00e0 interrup\u00e7\u00e3o da gravidez e ao atendimento no p\u00f3s-aborto.[\/vc_column_text]<a href=\"https:\/\/enapol.com\/xii\/rubrica-eixo-1-um-tambor-vibra-em-um-dispositivo-de-saude-publica\/\" class=\"vcex-button theme-button inline\"><span class=\"vcex-button-inner theme-button-inner wpex-flex wpex-flex-wrap wpex-items-center wpex-justify-center\">Leia +<\/span><\/a> [\/vc_column][\/vc_row][vc_row][vc_column][vc_column_text css=&#8221;&#8221;]\n<h3><span style=\"color: #ff0000;\"><u>Rubrica Eixo 1:<br \/>\n<em>ISSO<\/em>\u00a0RESSOA NO CORPO COMO UM TAMBOR<\/u><\/span><\/h3>\n<p><em>Luisa Arag\u00f3n \u2013 NEL\/AMP<\/em><\/p>\n<p><em>Falar com a crian\u00e7a\u00a0<\/em>revela o lugar da palavra em uma an\u00e1lise e seus alcances, transcendendo a distin\u00e7\u00e3o de idade.\u00a0<em>Tem que falar, porque faz bem!<\/em>\u00a0\u00e9 o lema que hoje se promove por meio da prolifera\u00e7\u00e3o de propostas terap\u00eauticas. Em que se distingue nossa pr\u00e1tica como experi\u00eancia de palavra?[\/vc_column_text]<a href=\"https:\/\/enapol.com\/xii\/rubrica-eixo-1-isso-ressoa-no-corpo-como-um-tambor\/\" class=\"vcex-button theme-button inline\"><span class=\"vcex-button-inner theme-button-inner wpex-flex wpex-flex-wrap wpex-items-center wpex-justify-center\">Leia +<\/span><\/a> [\/vc_column][\/vc_row]\n<\/div>","protected":false},"excerpt":{"rendered":"<p>[vc_row][vc_column][vc_column_text css=&#8221;&#8221;] Rubrica Eixo 1 UM TAMBOR VIBRA EM UM DISPOSITIVO DE SA\u00daDE P\u00daBLICA Mar\u00eda Laura Errecarte &#8211; EOL\/AMP \u00a0Seguindo o som do Tambor deste ENAPOL, no eixo \u2018Falar de \u201cisso de que n\u00e3o se pode falar\u201d\u2019, transmitirei uma experi\u00eancia atual em que estou trabalhando junto a uma equipe de sa\u00fade. Experi\u00eancia cl\u00ednica que proporciona&hellip;<\/p>\n","protected":false},"author":3,"featured_media":0,"parent":1851,"menu_order":0,"comment_status":"closed","ping_status":"closed","template":"","meta":{"_monsterinsights_skip_tracking":false,"_monsterinsights_sitenote_active":false,"_monsterinsights_sitenote_note":"","_monsterinsights_sitenote_category":0,"footnotes":""},"_links":{"self":[{"href":"https:\/\/enapol.com\/xii\/wp-json\/wp\/v2\/pages\/4611"}],"collection":[{"href":"https:\/\/enapol.com\/xii\/wp-json\/wp\/v2\/pages"}],"about":[{"href":"https:\/\/enapol.com\/xii\/wp-json\/wp\/v2\/types\/page"}],"author":[{"embeddable":true,"href":"https:\/\/enapol.com\/xii\/wp-json\/wp\/v2\/users\/3"}],"replies":[{"embeddable":true,"href":"https:\/\/enapol.com\/xii\/wp-json\/wp\/v2\/comments?post=4611"}],"version-history":[{"count":4,"href":"https:\/\/enapol.com\/xii\/wp-json\/wp\/v2\/pages\/4611\/revisions"}],"predecessor-version":[{"id":7087,"href":"https:\/\/enapol.com\/xii\/wp-json\/wp\/v2\/pages\/4611\/revisions\/7087"}],"up":[{"embeddable":true,"href":"https:\/\/enapol.com\/xii\/wp-json\/wp\/v2\/pages\/1851"}],"wp:attachment":[{"href":"https:\/\/enapol.com\/xii\/wp-json\/wp\/v2\/media?parent=4611"}],"curies":[{"name":"wp","href":"https:\/\/api.w.org\/{rel}","templated":true}]}}