{"id":4613,"date":"2025-05-02T08:31:36","date_gmt":"2025-05-02T11:31:36","guid":{"rendered":"https:\/\/enapol.com\/xii\/?page_id=4613"},"modified":"2025-08-20T16:50:36","modified_gmt":"2025-08-20T19:50:36","slug":"rubrica-eixo-3","status":"publish","type":"page","link":"https:\/\/enapol.com\/xii\/epistemico\/tambor\/rubricas\/rubrica-eixo-3\/","title":{"rendered":"Rubrica Eixo 3"},"content":{"rendered":"<div class=\"wpb-content-wrapper\">[vc_row][vc_column][vc_column_text css=&#8221;&#8221;]\n<h3><span style=\"color: #ff0000;\"><u>RUBRICA EIXO<\/u><u>\u00a03<br \/>\n<\/u><strong>O ANALISTA AO LADO: UM FRAGMENTO CL\u00cdNICO<\/strong><\/span><\/h3>\n<p><span style=\"font-size: 13px;\"><strong>Frederico Feu de Carvalho &#8211; <\/strong><strong>EBP\/AMP<\/strong><\/span><\/p>\n<p>Um analisante argumenta que sua fala em an\u00e1lise, marcada por um interesse genu\u00edno pela trama significante do inconsciente em torno de seu romance familiar, lembran\u00e7as e sonhos, havia chegado a um impasse e se tornara repetitiva e ma\u00e7ante.[\/vc_column_text]<a href=\"https:\/\/enapol.com\/xii\/rubrica-eixo-3-o-analista-ao-lado-um-fragmento-clinico\/\" class=\"vcex-button theme-button inline\"><span class=\"vcex-button-inner theme-button-inner wpex-flex wpex-flex-wrap wpex-items-center wpex-justify-center\">LEIA +<\/span><\/a> [\/vc_column][\/vc_row][vc_row][vc_column][vc_column_text css=&#8221;&#8221;]\n<h3><span style=\"color: #ff0000;\"><u>RUBRICA EIXO 3<br \/>\n<\/u><strong>POR QUE FALAR COM A CRIAN\u00c7A SOB TRANSFER\u00caNCIA, HOJE?<\/strong><\/span><\/h3>\n<p><span style=\"font-size: 13px;\"><strong>Withney Ferrufino &#8211; Nova Pol\u00edtica da Juventude &#8211; NEL<br \/>\n<\/strong><\/span><\/p>\n<p>Na \u00e9poca da decad\u00eancia da ordem simb\u00f3lica, os sujeitos n\u00e3o querem falar, n\u00e3o querem saber, mas gozam. Parece n\u00e3o haver lugar para falar do resultado do impacto de <em>lal\u00edngua<\/em> no corpo, uma das formas de entender o que esse XII ENAPOL prop\u00f5e como \u201cfalar com a crian\u00e7a\u201d. Apesar de tudo, fala-se sozinho no <em>parl\u00eatre,<\/em> ou algo retorna no real sem media\u00e7\u00e3o, tornando as urg\u00eancias subjetivas cada vez mais frequentes, em suas distintas modalidades, carregadas de ang\u00fastia.[\/vc_column_text]<a href=\"https:\/\/enapol.com\/xii\/rubrica-eixo-3-por-que-falar-com-a-crianca-sob-transferencia-hoje\/\" class=\"vcex-button theme-button inline\"><span class=\"vcex-button-inner theme-button-inner wpex-flex wpex-flex-wrap wpex-items-center wpex-justify-center\">LEIA +<\/span><\/a> [\/vc_column][\/vc_row][vc_row][vc_column][vc_column_text css=&#8221;&#8221;]\n<h3><span style=\"color: #ff0000;\"><u>Rubrica Eixo 3:<br \/>\n<em>COM<\/em> A CRIAN\u00c7A<\/u><\/span><\/h3>\n<p><em>Manuel Zlotnik &#8211; EOL\/AMP<\/em><\/p>\n<p>Em outras \u00e9pocas, n\u00e3o se deixava a crian\u00e7a falar. \u201cVoc\u00ea n\u00e3o sabe o que \u00e9 fome!\u201d disseram ao nosso colega Alejandro Reinoso quando era crian\u00e7a, e isso o calou. A crian\u00e7a n\u00e3o sabia, n\u00e3o tinha experi\u00eancia nem conhecimento, portanto, n\u00e3o podia falar. Os mais velhos falavam e os mais novos se calavam; era a \u00e9poca da supremacia do Nome do Pai.[\/vc_column_text]<a href=\"https:\/\/enapol.com\/xii\/rubrica-eixo-3-com-a-crianca\/\" class=\"vcex-button theme-button inline\"><span class=\"vcex-button-inner theme-button-inner wpex-flex wpex-flex-wrap wpex-items-center wpex-justify-center\">LEIA +<\/span><\/a> [\/vc_column][\/vc_row][vc_row][vc_column][vc_column_text css=&#8221;&#8221;]\n<h3><span style=\"color: #ff0000;\"><u>Rubrica Eixo 3:<br \/>\nINF\u00c2NCIA INEXTINGU\u00cdVEL, DOCILIDADE TRANSFERENCIAL<\/u><\/span><\/h3>\n<p><em>Marcela Antelo \u2013 EBP\/AMP<br \/>\n<\/em><\/p>\n<p>Costuma-se dizer que a inf\u00e2ncia se perde, que a inoc\u00eancia se perde, que os ideais se espatifam e as ilus\u00f5es se corroem, que o amor se erode, e que n\u00e3o o refletimos como ayer. O tempo e o lugar do \u00f3cio, do brincar, do dolce far niente fica cada vez mais custoso. Sem falar do t\u00f4nus muscular, a pele de p\u00eassego e os cabelos sedosos. Uma dimens\u00e3o do que perdura a perda pura, como dizia Lacan, na patologia da vida cotidiana, da vida que dura.[\/vc_column_text]<a href=\"https:\/\/enapol.com\/xii\/rubrica-eixo-3-infancia-inextinguivel-docilidade-transferencial\/\" class=\"vcex-button theme-button inline\"><span class=\"vcex-button-inner theme-button-inner wpex-flex wpex-flex-wrap wpex-items-center wpex-justify-center\">LEIA +<\/span><\/a> [\/vc_column][\/vc_row]\n<\/div>","protected":false},"excerpt":{"rendered":"<p>[vc_row][vc_column][vc_column_text css=&#8221;&#8221;] RUBRICA EIXO\u00a03 O ANALISTA AO LADO: UM FRAGMENTO CL\u00cdNICO Frederico Feu de Carvalho &#8211; EBP\/AMP Um analisante argumenta que sua fala em an\u00e1lise, marcada por um interesse genu\u00edno pela trama significante do inconsciente em torno de seu romance familiar, lembran\u00e7as e sonhos, havia chegado a um impasse e se tornara repetitiva e ma\u00e7ante.[\/vc_column_text][\/vc_column][\/vc_row][vc_row][vc_column][vc_column_text&hellip;<\/p>\n","protected":false},"author":3,"featured_media":0,"parent":1851,"menu_order":0,"comment_status":"closed","ping_status":"closed","template":"","meta":{"_monsterinsights_skip_tracking":false,"_monsterinsights_sitenote_active":false,"_monsterinsights_sitenote_note":"","_monsterinsights_sitenote_category":0,"footnotes":""},"_links":{"self":[{"href":"https:\/\/enapol.com\/xii\/wp-json\/wp\/v2\/pages\/4613"}],"collection":[{"href":"https:\/\/enapol.com\/xii\/wp-json\/wp\/v2\/pages"}],"about":[{"href":"https:\/\/enapol.com\/xii\/wp-json\/wp\/v2\/types\/page"}],"author":[{"embeddable":true,"href":"https:\/\/enapol.com\/xii\/wp-json\/wp\/v2\/users\/3"}],"replies":[{"embeddable":true,"href":"https:\/\/enapol.com\/xii\/wp-json\/wp\/v2\/comments?post=4613"}],"version-history":[{"count":8,"href":"https:\/\/enapol.com\/xii\/wp-json\/wp\/v2\/pages\/4613\/revisions"}],"predecessor-version":[{"id":7302,"href":"https:\/\/enapol.com\/xii\/wp-json\/wp\/v2\/pages\/4613\/revisions\/7302"}],"up":[{"embeddable":true,"href":"https:\/\/enapol.com\/xii\/wp-json\/wp\/v2\/pages\/1851"}],"wp:attachment":[{"href":"https:\/\/enapol.com\/xii\/wp-json\/wp\/v2\/media?parent=4613"}],"curies":[{"name":"wp","href":"https:\/\/api.w.org\/{rel}","templated":true}]}}