{"id":4778,"date":"2025-05-12T06:57:27","date_gmt":"2025-05-12T09:57:27","guid":{"rendered":"https:\/\/enapol.com\/xii\/?page_id=4778"},"modified":"2025-06-03T16:17:34","modified_gmt":"2025-06-03T19:17:34","slug":"tambor-3","status":"publish","type":"page","link":"https:\/\/enapol.com\/xii\/epistemico\/tambor\/boletins\/tambor-3\/","title":{"rendered":"Tambor 3"},"content":{"rendered":"<div class=\"wpb-content-wrapper\">[vc_row][vc_column]<figure class=\"vcex-image vcex-module\"><div class=\"vcex-image-inner wpex-relative wpex-inline-block\"><img width=\"5288\" height=\"1575\" src=\"https:\/\/enapol.com\/xii\/wp-content\/uploads\/sites\/10\/2025\/02\/cabecalho.png\" class=\"vcex-image-img wpex-align-middle\" alt=\"\" loading=\"lazy\" decoding=\"async\" srcset=\"https:\/\/enapol.com\/xii\/wp-content\/uploads\/sites\/10\/2025\/02\/cabecalho.png 5288w, https:\/\/enapol.com\/xii\/wp-content\/uploads\/sites\/10\/2025\/02\/cabecalho-300x89.png 300w, https:\/\/enapol.com\/xii\/wp-content\/uploads\/sites\/10\/2025\/02\/cabecalho-1024x305.png 1024w, https:\/\/enapol.com\/xii\/wp-content\/uploads\/sites\/10\/2025\/02\/cabecalho-768x229.png 768w, https:\/\/enapol.com\/xii\/wp-content\/uploads\/sites\/10\/2025\/02\/cabecalho-1536x457.png 1536w, https:\/\/enapol.com\/xii\/wp-content\/uploads\/sites\/10\/2025\/02\/cabecalho-2048x610.png 2048w, https:\/\/enapol.com\/xii\/wp-content\/uploads\/sites\/10\/2025\/02\/cabecalho-500x149.png 500w, https:\/\/enapol.com\/xii\/wp-content\/uploads\/sites\/10\/2025\/02\/cabecalho-700x208.png 700w\" sizes=\"(max-width: 5288px) 100vw, 5288px\" \/><\/div><\/figure>[\/vc_column][\/vc_row][vc_row][vc_column][vc_column_text css=&#8221;.vc_custom_1747043908374{padding-top: 20px !important;padding-right: 20px !important;padding-bottom: 20px !important;padding-left: 20px !important;background-color: #FEAD32 !important;}&#8221;]\n<p style=\"text-align: left;\"><span style=\"font-size: 18px;\"><strong><span style=\"color: #ffffff;\">Boletim Tambor 3<\/span><\/strong><\/span><\/p>\n[\/vc_column_text][\/vc_column][\/vc_row][vc_row][vc_column][vc_column_text css=&#8221;&#8221;]\n<h3><u>Rubrica Eixo 4:<\/u><\/h3>\n<figure id=\"attachment_4785\" aria-describedby=\"caption-attachment-4785\" style=\"width: 500px\" class=\"wp-caption aligncenter\"><a href=\"https:\/\/enapol.com\/xii\/wp-content\/uploads\/sites\/10\/2025\/05\/capa_boletim3_001.jpg\"><img fetchpriority=\"high\" decoding=\"async\" class=\"wp-image-4785\" src=\"https:\/\/enapol.com\/xii\/wp-content\/uploads\/sites\/10\/2025\/05\/capa_boletim3_001.jpg\" alt=\"\" width=\"500\" height=\"376\" srcset=\"https:\/\/enapol.com\/xii\/wp-content\/uploads\/sites\/10\/2025\/05\/capa_boletim3_001.jpg 623w, https:\/\/enapol.com\/xii\/wp-content\/uploads\/sites\/10\/2025\/05\/capa_boletim3_001-300x225.jpg 300w, https:\/\/enapol.com\/xii\/wp-content\/uploads\/sites\/10\/2025\/05\/capa_boletim3_001-500x376.jpg 500w\" sizes=\"(max-width: 500px) 100vw, 500px\" \/><\/a><figcaption id=\"caption-attachment-4785\" class=\"wp-caption-text\">Ciudad Cultural Konex (Buenos Aires) \u2013 Foto: Lisa Erbin<\/figcaption><\/figure>\n<h3><u><br \/>\nALERTA AM\u00c9RICA! CRIAN\u00c7AS EM PERIGO DIANTE DO AVAN\u00c7O A PASSO FIRME DO DISCURSO DA UNIVERSALIZA\u00c7\u00c3O<\/u><\/h3>\n<p style=\"margin: 0cm;\"><span style=\"font-size: 13px;\"><em>Viviana Berger &#8211; NEL\/AMP<\/em><\/span><\/p>\n<p style=\"margin: 0cm; text-align: justify;\">Que outra resposta a psican\u00e1lise pode dar sen\u00e3o empunhar sua interpreta\u00e7\u00e3o diretamente ao centro do cora\u00e7\u00e3o da \u201ccrian\u00e7a generalizada\u201d como os discursos da modernidade nos prop\u00f5e? \u201cPSICANALISTAS, SAIAM A DIZER!\u201d Est\u00e3o atropelando o mais precioso do sujeito! \u2013 urge a FAPOL.<\/p>\n<p style=\"text-align: justify;\"><a title=\"Rubrica Eixo 1: ISSO RESSOA NO CORPO COMO UM TAMBOR\" href=\"https:\/\/enapol.com\/xii\/rubrica-eixo-4-alerta-america-criancas-em-perigo-diante-do-avanco-a-passo-firme-do-discurso-da-universalizacao\/\"><span style=\"color: #ff0000;\">[leia +]<\/span><\/a><\/p>\n[\/vc_column_text][\/vc_column][\/vc_row][vc_row][vc_column][vc_column_text css=&#8221;&#8221;]\n<h3><u>Rubrica Eixo 2:<\/u><\/h3>\n<figure id=\"attachment_4879\" aria-describedby=\"caption-attachment-4879\" style=\"width: 500px\" class=\"wp-caption aligncenter\"><a href=\"https:\/\/enapol.com\/xii\/wp-content\/uploads\/sites\/10\/2025\/05\/WhatsApp-Image-2025-05-14-at-07.41.32.jpeg\"><img decoding=\"async\" class=\"wp-image-4879\" src=\"https:\/\/enapol.com\/xii\/wp-content\/uploads\/sites\/10\/2025\/05\/WhatsApp-Image-2025-05-14-at-07.41.32.jpeg\" alt=\"\" width=\"500\" height=\"667\" srcset=\"https:\/\/enapol.com\/xii\/wp-content\/uploads\/sites\/10\/2025\/05\/WhatsApp-Image-2025-05-14-at-07.41.32.jpeg 960w, https:\/\/enapol.com\/xii\/wp-content\/uploads\/sites\/10\/2025\/05\/WhatsApp-Image-2025-05-14-at-07.41.32-225x300.jpeg 225w, https:\/\/enapol.com\/xii\/wp-content\/uploads\/sites\/10\/2025\/05\/WhatsApp-Image-2025-05-14-at-07.41.32-768x1024.jpeg 768w, https:\/\/enapol.com\/xii\/wp-content\/uploads\/sites\/10\/2025\/05\/WhatsApp-Image-2025-05-14-at-07.41.32-500x667.jpeg 500w, https:\/\/enapol.com\/xii\/wp-content\/uploads\/sites\/10\/2025\/05\/WhatsApp-Image-2025-05-14-at-07.41.32-700x933.jpeg 700w\" sizes=\"(max-width: 500px) 100vw, 500px\" \/><\/a><figcaption id=\"caption-attachment-4879\" class=\"wp-caption-text\">Ciudad Cultural Konex (Buenos Aires) \u2013 Foto: Lisa Erbin<\/figcaption><\/figure>\n<h3><u><br \/>\nFALAR EM AN\u00c1LISE: ENTRE A FIC\u00c7\u00c3O E O REAL <\/u><\/h3>\n<p><em>Gabriela Villarroel &#8211; Nova Pol\u00edtica da Juventude &#8211; NEL<\/em><\/p>\n<p style=\"text-align: justify;\">Convocada pelas vibra\u00e7\u00f5es do tambor do ENAPOL, compartilho algumas resson\u00e2ncias que o eixo 2, Falar&#8230; \u201ctestemunhar da melhor maneira poss\u00edvel sobre a verdade mentirosa\u201d, me suscitou.<\/p>\n<p><a title=\"Rubrica Eixo 3: INF\u00c2NCIA INEXTINGU\u00cdVEL, DOCILIDADE TRANSFERENCIAL\" href=\"https:\/\/enapol.com\/xii\/rubrica-eixo-2-falar-em-analise-entre-a-ficcao-e-o-real\/\"><span style=\"color: #ff0000;\">[Leia +]<\/span><\/a><\/p>\n[\/vc_column_text][\/vc_column][\/vc_row][vc_row][vc_column][vc_column_text css=&#8221;&#8221;]\n<h3><u>Conex\u00f5es &#8211; LA BOMBA DE TIEMPO: RESSON\u00c2NCIAS-ENSINOS<\/u><\/h3>\n<p><span style=\"font-size: 13px;\"><em>Ana Sol Sikic, Lisa Erbin, Micaela Parici &#8211; EOL\/AMP<\/em><\/span><\/p>\n<figure id=\"attachment_4781\" aria-describedby=\"caption-attachment-4781\" style=\"width: 500px\" class=\"wp-caption aligncenter\"><a href=\"https:\/\/enapol.com\/xii\/wp-content\/uploads\/sites\/10\/2025\/05\/capa_boletim3_003.jpg\"><img decoding=\"async\" class=\"wp-image-4781\" src=\"https:\/\/enapol.com\/xii\/wp-content\/uploads\/sites\/10\/2025\/05\/capa_boletim3_003.jpg\" alt=\"\" width=\"500\" height=\"341\" srcset=\"https:\/\/enapol.com\/xii\/wp-content\/uploads\/sites\/10\/2025\/05\/capa_boletim3_003.jpg 568w, https:\/\/enapol.com\/xii\/wp-content\/uploads\/sites\/10\/2025\/05\/capa_boletim3_003-300x204.jpg 300w, https:\/\/enapol.com\/xii\/wp-content\/uploads\/sites\/10\/2025\/05\/capa_boletim3_003-500x341.jpg 500w\" sizes=\"(max-width: 500px) 100vw, 500px\" \/><\/a><figcaption id=\"caption-attachment-4781\" class=\"wp-caption-text\">Gabriel Spiller. Foto: Lisa Erbin | Realiza\u00e7\u00e3o e edi\u00e7\u00e3o de v\u00eddeo: Juliana Horowitz | Legendas: K\u00e9sia Ramos e Bruno Senna<\/figcaption><\/figure>\n<p style=\"text-align: justify;\">Para a Conex\u00e3o deste n\u00famero do Tambor escolhemos <strong>La Bomba de Tiempo<\/strong> porque \u00e9 um grupo movido puramente a tambores. Percuss\u00f5es, ritmos, vibra\u00e7\u00f5es, sinais, corpos, dan\u00e7as, tempo, encontro ap\u00f3s encontro, improvisa\u00e7\u00e3o. Tudo isso acontece ali quando eles se re\u00fanem \u00e0s segundas-feiras, \u00e0s 20h, no belo palco da Cidade Cultura Konex, Buenos Aires, h\u00e1 14 anos. Gabriel Spiller aceitou conversar conosco sobre isso, guiados pelo desejo de nos deixarmos ensinar pelos artistas.<\/p>\n<p><a title=\"\u201cO inextingu\u00edvel da inf\u00e2ncia\u201d\" href=\"https:\/\/enapol.com\/xii\/la-bomba-de-tiempo-ressonancias-ensinos\/\"><span style=\"color: #ff0000;\">[Leia +]<\/span><\/a><\/p>\n[\/vc_column_text][\/vc_column][\/vc_row][vc_row][vc_column][vc_column_text css=&#8221;&#8221;]\n<h3><u>CITA\u00c7\u00d5ES E REFER\u00caNCIAS BIBLIOGR\u00c1FICAS<\/u><\/h3>\n<div>\n<h3><span style=\"color: #ff0000;\"><strong>LACAN<\/strong><\/span><\/h3>\n<p style=\"text-align: justify;\">\u201cO que conv\u00e9m apontar aqui, no entanto, \u00e9 (&#8230;) opor a que seja o corpo da crian\u00e7a que corresponde ao objeto\u00a0<em>a<\/em>. (&#8230;) no impulso do \u201cteu corpo \u00e9 teu\u201d, no qual se vulgarizou no in\u00edcio do s\u00e9culo um ad\u00e1gio do liberalismo, a quest\u00e3o de saber se, em virtude da ignor\u00e2ncia em que \u00e9 mantido esse corpo pelo sujeito da ci\u00eancia, chegaremos a ter o direito de desmembr\u00e1-lo para a troca. (&#8230;) Haveremos de destacar pelo termo crian\u00e7a generalizada a consequ\u00eancia disso? (&#8230;) Eis o que assinala a entrada de um mundo inteiro no caminho da segrega\u00e7\u00e3o\u201d.<\/p>\n<p><a title=\"CITA\u00c7\u00d5ES E REFER\u00caNCIAS BIBLIOGR\u00c1FICAS\" href=\"https:\/\/enapol.com\/xii\/citacoes-e-referencias-bibliograficas-2\/\"><span style=\"color: #ff0000;\">[Leia +]<\/span><\/a><\/p>\n<\/div>\n[\/vc_column_text][\/vc_column][\/vc_row]\n<\/div>","protected":false},"excerpt":{"rendered":"<p>[vc_row][vc_column][\/vc_column][\/vc_row][vc_row][vc_column][vc_column_text css=&#8221;.vc_custom_1747043908374{padding-top: 20px !important;padding-right: 20px !important;padding-bottom: 20px !important;padding-left: 20px !important;background-color: #FEAD32 !important;}&#8221;] Boletim Tambor 3 [\/vc_column_text][\/vc_column][\/vc_row][vc_row][vc_column][vc_column_text css=&#8221;&#8221;] Rubrica Eixo 4: ALERTA AM\u00c9RICA! CRIAN\u00c7AS EM PERIGO DIANTE DO AVAN\u00c7O A PASSO FIRME DO DISCURSO DA UNIVERSALIZA\u00c7\u00c3O Viviana Berger &#8211; NEL\/AMP Que outra resposta a psican\u00e1lise pode dar sen\u00e3o empunhar sua interpreta\u00e7\u00e3o diretamente ao centro do cora\u00e7\u00e3o&hellip;<\/p>\n","protected":false},"author":3,"featured_media":0,"parent":1875,"menu_order":0,"comment_status":"closed","ping_status":"closed","template":"","meta":{"_monsterinsights_skip_tracking":false,"_monsterinsights_sitenote_active":false,"_monsterinsights_sitenote_note":"","_monsterinsights_sitenote_category":0,"footnotes":""},"_links":{"self":[{"href":"https:\/\/enapol.com\/xii\/wp-json\/wp\/v2\/pages\/4778"}],"collection":[{"href":"https:\/\/enapol.com\/xii\/wp-json\/wp\/v2\/pages"}],"about":[{"href":"https:\/\/enapol.com\/xii\/wp-json\/wp\/v2\/types\/page"}],"author":[{"embeddable":true,"href":"https:\/\/enapol.com\/xii\/wp-json\/wp\/v2\/users\/3"}],"replies":[{"embeddable":true,"href":"https:\/\/enapol.com\/xii\/wp-json\/wp\/v2\/comments?post=4778"}],"version-history":[{"count":13,"href":"https:\/\/enapol.com\/xii\/wp-json\/wp\/v2\/pages\/4778\/revisions"}],"predecessor-version":[{"id":5427,"href":"https:\/\/enapol.com\/xii\/wp-json\/wp\/v2\/pages\/4778\/revisions\/5427"}],"up":[{"embeddable":true,"href":"https:\/\/enapol.com\/xii\/wp-json\/wp\/v2\/pages\/1875"}],"wp:attachment":[{"href":"https:\/\/enapol.com\/xii\/wp-json\/wp\/v2\/media?parent=4778"}],"curies":[{"name":"wp","href":"https:\/\/api.w.org\/{rel}","templated":true}]}}