{"id":4841,"date":"2025-05-14T07:03:25","date_gmt":"2025-05-14T10:03:25","guid":{"rendered":"https:\/\/enapol.com\/xii\/?page_id=4841"},"modified":"2025-08-11T05:44:36","modified_gmt":"2025-08-11T08:44:36","slug":"cinema-com-lacan","status":"publish","type":"page","link":"https:\/\/enapol.com\/xii\/redes-tal\/cinema-com-lacan\/","title":{"rendered":"Cinema com Lacan"},"content":{"rendered":"<div class=\"wpb-content-wrapper\">[vc_row][vc_column]<div class=\"vcex-spacing wpex-w-100 wpex-clear\"><\/div>[\/vc_column][\/vc_row][vc_row][vc_column width=&#8221;1\/2&#8243;][vc_column_text css=&#8221;&#8221;]A Federa\u00e7\u00e3o Americana de Psican\u00e1lise da Orienta\u00e7\u00e3o Lacaniana (FAPOL), a Escola Brasileira de Psican\u00e1lise \u2013 MG e o Pal\u00e1cio das Artes \u00a0convidam para um encontro Psican\u00e1lise e cinema \u00a0\u2013 conversando sobre filme Dor e Gl\u00f3ria de Pedro Almod\u00f3var<\/p>\n<ul>\n<li><strong>Convidadas<\/strong>: Ondina Machado \u00a0(EBP\/AMP) e Diana Paulosky (EOL\/AMP)<\/li>\n<li><strong>Coordena\u00e7\u00e3o<\/strong>: Ant\u00f4nio Teixeira (EBP\/AMP)<\/li>\n<li><strong>Data<\/strong>: 04 de setembro, \u00e0s 19H<\/li>\n<li><strong>Local<\/strong>: Sala Humberto Mauro, Av Afonso Pena 1537<\/li>\n<li><strong>Atividade Presencial &#8211; Entrada gratuita<\/strong><br \/>\nIngressos devem ser retirados na plataforma Eventim , dois por CPF, at\u00e9 uma hora antes do\u00a0in\u00edcio\u00a0do\u00a0filme<\/li>\n<\/ul>\n[\/vc_column_text][\/vc_column][vc_column width=&#8221;1\/2&#8243;]<figure class=\"vcex-image vcex-module\"><div class=\"vcex-image-inner wpex-relative wpex-inline-block\"><a href=\"https:\/\/enapol.com\/xii\/wp-content\/uploads\/sites\/10\/2025\/08\/cinema.jpg\" class=\"wpex-lightbox\"><img width=\"1024\" height=\"1280\" src=\"https:\/\/enapol.com\/xii\/wp-content\/uploads\/sites\/10\/2025\/08\/cinema.jpg\" class=\"vcex-image-img wpex-align-middle\" alt=\"\" loading=\"lazy\" decoding=\"async\" srcset=\"https:\/\/enapol.com\/xii\/wp-content\/uploads\/sites\/10\/2025\/08\/cinema.jpg 1024w, https:\/\/enapol.com\/xii\/wp-content\/uploads\/sites\/10\/2025\/08\/cinema-240x300.jpg 240w, https:\/\/enapol.com\/xii\/wp-content\/uploads\/sites\/10\/2025\/08\/cinema-819x1024.jpg 819w, https:\/\/enapol.com\/xii\/wp-content\/uploads\/sites\/10\/2025\/08\/cinema-768x960.jpg 768w, https:\/\/enapol.com\/xii\/wp-content\/uploads\/sites\/10\/2025\/08\/cinema-500x625.jpg 500w, https:\/\/enapol.com\/xii\/wp-content\/uploads\/sites\/10\/2025\/08\/cinema-700x875.jpg 700w\" sizes=\"(max-width: 1024px) 100vw, 1024px\" \/><\/a><\/div><\/figure>[\/vc_column][\/vc_row]\n<\/div>","protected":false},"excerpt":{"rendered":"<p>[vc_row][vc_column][\/vc_column][\/vc_row][vc_row][vc_column width=&#8221;1\/2&#8243;][vc_column_text css=&#8221;&#8221;]A Federa\u00e7\u00e3o Americana de Psican\u00e1lise da Orienta\u00e7\u00e3o Lacaniana (FAPOL), a Escola Brasileira de Psican\u00e1lise \u2013 MG e o Pal\u00e1cio das Artes \u00a0convidam para um encontro Psican\u00e1lise e cinema \u00a0\u2013 conversando sobre filme Dor e Gl\u00f3ria de Pedro Almod\u00f3var Convidadas: Ondina Machado \u00a0(EBP\/AMP) e Diana Paulosky (EOL\/AMP) Coordena\u00e7\u00e3o: Ant\u00f4nio Teixeira (EBP\/AMP) Data: 04 de&hellip;<\/p>\n","protected":false},"author":3,"featured_media":0,"parent":4892,"menu_order":0,"comment_status":"closed","ping_status":"closed","template":"","meta":{"_monsterinsights_skip_tracking":false,"_monsterinsights_sitenote_active":false,"_monsterinsights_sitenote_note":"","_monsterinsights_sitenote_category":0,"footnotes":""},"_links":{"self":[{"href":"https:\/\/enapol.com\/xii\/wp-json\/wp\/v2\/pages\/4841"}],"collection":[{"href":"https:\/\/enapol.com\/xii\/wp-json\/wp\/v2\/pages"}],"about":[{"href":"https:\/\/enapol.com\/xii\/wp-json\/wp\/v2\/types\/page"}],"author":[{"embeddable":true,"href":"https:\/\/enapol.com\/xii\/wp-json\/wp\/v2\/users\/3"}],"replies":[{"embeddable":true,"href":"https:\/\/enapol.com\/xii\/wp-json\/wp\/v2\/comments?post=4841"}],"version-history":[{"count":4,"href":"https:\/\/enapol.com\/xii\/wp-json\/wp\/v2\/pages\/4841\/revisions"}],"predecessor-version":[{"id":7004,"href":"https:\/\/enapol.com\/xii\/wp-json\/wp\/v2\/pages\/4841\/revisions\/7004"}],"up":[{"embeddable":true,"href":"https:\/\/enapol.com\/xii\/wp-json\/wp\/v2\/pages\/4892"}],"wp:attachment":[{"href":"https:\/\/enapol.com\/xii\/wp-json\/wp\/v2\/media?parent=4841"}],"curies":[{"name":"wp","href":"https:\/\/api.w.org\/{rel}","templated":true}]}}