{"id":4843,"date":"2025-05-14T07:04:05","date_gmt":"2025-05-14T10:04:05","guid":{"rendered":"https:\/\/enapol.com\/xii\/?page_id=4843"},"modified":"2025-08-14T06:50:48","modified_gmt":"2025-08-14T09:50:48","slug":"fapol-no-lacan-na-academia","status":"publish","type":"page","link":"https:\/\/enapol.com\/xii\/redes-tal\/fapol-no-lacan-na-academia\/","title":{"rendered":"FAPOL no Lacan na Academia"},"content":{"rendered":"<div class=\"wpb-content-wrapper\">[vc_row][vc_column width=&#8221;1\/2&#8243;]<div class=\"vcex-spacing wpex-w-100 wpex-clear\"><\/div>[vc_column_text css=&#8221;&#8221;]A Federa\u00e7\u00e3o Americana de Psican\u00e1lise da Orienta\u00e7\u00e3o Lacaniana (FAPOL), a Escola Brasileira de Psican\u00e1lise \u2013 MG e a Academia Mineira de Letras convidam para um encontro do Lacan na Academia \u2013 conversando com a Literatura: Subverter a \u00a0segrega\u00e7\u00e3o?\u00a0 Na psican\u00e1lise e na literatura<\/p>\n<ul>\n<li><strong>Convidado<\/strong>: Jacyntho Lins Brand\u00e3o (Escritor, Tradutor, Presidente da Academia Mineira de Letras)<\/li>\n<li><strong>Curadoria e Media\u00e7\u00e3o<\/strong>: Luc\u00edola Mac\u00eado (EBP)<\/li>\n<li><strong>Entrevistadores<\/strong>: Maria Cristina Giraldo (NEL), Francisco Pisani (NEL), Pablo Russo (EOL) e Fatima Pinheiro (EBP)<\/li>\n<li><strong>Data<\/strong>: 04 de setembro, \u00e0s 19h<\/li>\n<li><strong>Local<\/strong>: Academia Mineira de Letras, Rua da Bahia, n.1466.<\/li>\n<li><strong>Atividade Presencial &#8211; Entrada gratuita<br \/>\n<\/strong>N\u00e3o requer inscri\u00e7\u00e3o pr\u00e9via<\/li>\n<\/ul>\n[\/vc_column_text][\/vc_column][vc_column width=&#8221;1\/2&#8243;]<div class=\"vcex-spacing wpex-w-100 wpex-clear\"><\/div>[vc_column_text css=&#8221;&#8221;]\n<p><a href=\"https:\/\/enapol.com\/xii\/wp-content\/uploads\/sites\/10\/2025\/08\/Lacan-na-academia.jpg\"><img fetchpriority=\"high\" decoding=\"async\" class=\"alignleft wp-image-6659 size-large\" src=\"https:\/\/enapol.com\/xii\/wp-content\/uploads\/sites\/10\/2025\/08\/Lacan-na-academia-819x1024.jpg\" alt=\"\" width=\"819\" height=\"1024\" srcset=\"https:\/\/enapol.com\/xii\/wp-content\/uploads\/sites\/10\/2025\/08\/Lacan-na-academia-819x1024.jpg 819w, https:\/\/enapol.com\/xii\/wp-content\/uploads\/sites\/10\/2025\/08\/Lacan-na-academia-240x300.jpg 240w, https:\/\/enapol.com\/xii\/wp-content\/uploads\/sites\/10\/2025\/08\/Lacan-na-academia-768x960.jpg 768w, https:\/\/enapol.com\/xii\/wp-content\/uploads\/sites\/10\/2025\/08\/Lacan-na-academia-1229x1536.jpg 1229w, https:\/\/enapol.com\/xii\/wp-content\/uploads\/sites\/10\/2025\/08\/Lacan-na-academia-500x625.jpg 500w, https:\/\/enapol.com\/xii\/wp-content\/uploads\/sites\/10\/2025\/08\/Lacan-na-academia-700x875.jpg 700w, https:\/\/enapol.com\/xii\/wp-content\/uploads\/sites\/10\/2025\/08\/Lacan-na-academia.jpg 1280w\" sizes=\"(max-width: 819px) 100vw, 819px\" \/><\/a>[\/vc_column_text][\/vc_column][\/vc_row]\n<\/div>","protected":false},"excerpt":{"rendered":"<p>[vc_row][vc_column width=&#8221;1\/2&#8243;][vc_column_text css=&#8221;&#8221;]A Federa\u00e7\u00e3o Americana de Psican\u00e1lise da Orienta\u00e7\u00e3o Lacaniana (FAPOL), a Escola Brasileira de Psican\u00e1lise \u2013 MG e a Academia Mineira de Letras convidam para um encontro do Lacan na Academia \u2013 conversando com a Literatura: Subverter a \u00a0segrega\u00e7\u00e3o?\u00a0 Na psican\u00e1lise e na literatura Convidado: Jacyntho Lins Brand\u00e3o (Escritor, Tradutor, Presidente da Academia Mineira&hellip;<\/p>\n","protected":false},"author":3,"featured_media":0,"parent":4892,"menu_order":0,"comment_status":"closed","ping_status":"closed","template":"","meta":{"_monsterinsights_skip_tracking":false,"_monsterinsights_sitenote_active":false,"_monsterinsights_sitenote_note":"","_monsterinsights_sitenote_category":0,"footnotes":""},"_links":{"self":[{"href":"https:\/\/enapol.com\/xii\/wp-json\/wp\/v2\/pages\/4843"}],"collection":[{"href":"https:\/\/enapol.com\/xii\/wp-json\/wp\/v2\/pages"}],"about":[{"href":"https:\/\/enapol.com\/xii\/wp-json\/wp\/v2\/types\/page"}],"author":[{"embeddable":true,"href":"https:\/\/enapol.com\/xii\/wp-json\/wp\/v2\/users\/3"}],"replies":[{"embeddable":true,"href":"https:\/\/enapol.com\/xii\/wp-json\/wp\/v2\/comments?post=4843"}],"version-history":[{"count":5,"href":"https:\/\/enapol.com\/xii\/wp-json\/wp\/v2\/pages\/4843\/revisions"}],"predecessor-version":[{"id":7098,"href":"https:\/\/enapol.com\/xii\/wp-json\/wp\/v2\/pages\/4843\/revisions\/7098"}],"up":[{"embeddable":true,"href":"https:\/\/enapol.com\/xii\/wp-json\/wp\/v2\/pages\/4892"}],"wp:attachment":[{"href":"https:\/\/enapol.com\/xii\/wp-json\/wp\/v2\/media?parent=4843"}],"curies":[{"name":"wp","href":"https:\/\/api.w.org\/{rel}","templated":true}]}}