{"id":4845,"date":"2025-05-14T07:05:03","date_gmt":"2025-05-14T10:05:03","guid":{"rendered":"https:\/\/enapol.com\/xii\/?page_id=4845"},"modified":"2025-06-29T07:32:26","modified_gmt":"2025-06-29T10:32:26","slug":"real","status":"publish","type":"page","link":"https:\/\/enapol.com\/xii\/redes-tal\/real\/","title":{"rendered":"REAL"},"content":{"rendered":"<div class=\"wpb-content-wrapper\">[vc_row][vc_column width=&#8221;1\/2&#8243;]<div class=\"vcex-spacing wpex-w-100 wpex-clear\"><\/div>[vc_column_text css=&#8221;&#8221;]\n<h3><span style=\"color: #ff0000;\"><strong>REAL \u2013 Rede de Estudos sobre o Autismo na Am\u00e9rica Latina<\/strong><\/span><\/h3>\n<p><strong>Conversa\u00e7\u00e3o de REAL com \u00c9ric Laurent<\/strong><\/p>\n<p>FALAR AO AUTISTA<\/p>\n<p>Da vertiginosa subida do autismo a cen\u00e1rios p\u00fablicos diversos emergem incont\u00e1veis teorias e pr\u00e1ticas de amplo alcance, que tentam abordar tanto a dimens\u00e3o da causa como do tratamento do autista. REAL es uma Rede de estudos e investiga\u00e7\u00f5es sobre o autismo criada pela FAPOL para as tr\u00eas Escolas de Am\u00e9rica \u2013 EOL, EBP e NEL &#8211; para destacar novas perspectivas de abordagem do autismo que, no lugar de impor condutas normativas ou homog\u00eaneas, d\u00e3o lugar ao sujeito autista e acolhem sua singularidade.<\/p>\n<p>Parece claro que o que se escuta do sujeito autista determina, em boa medida, o modo de dirigir-se a ele. Desta maneira, um dos aspectos de maior considera\u00e7\u00e3o \u00e9 o lugar que tem a linguagem como instrumento de interven\u00e7\u00e3o, mais ainda, se o autista n\u00e3o disp\u00f5e de uma fala efetiva. Neste sentido, se requer que aquele que se orienta pela psican\u00e1lise escute e observe em detalhe os interesses, as posi\u00e7\u00f5es e as palavras particulares que usualmente defendem o autista do Outro. Este \u00e9 o ato inicial que abre uma experi\u00eancia in\u00e9dita para um e para outro, a reinventar-se a cada vez.<\/p>\n<p>Se partimos da indica\u00e7\u00e3o de Lacan segundo a qual aos autistas \u201ch\u00e1, certamente, algo a lhes dizer\u201d<a href=\"#_ftn1\" name=\"_ftnref1\">[1]<\/a>, podemos nos perguntar: Como apostar no ensino de Lacan sobre a l\u00edngua, quando n\u00e3o se conta com o semblante do di\u00e1logo, da dial\u00e9tica, da conversa\u00e7\u00e3o, do la\u00e7o? Como sermos d\u00f3ceis a suas \u00ednfimas inven\u00e7\u00f5es, para que sejam fecundas? Que possibilidades abre a conversa\u00e7\u00e3o com seus pais, seus educadores e outros praticantes?<\/p>\n<p>Convidamos os interessados a participar da <strong>Conversa\u00e7\u00e3o de REAL com \u00c9ric Laurent<\/strong>, a partir do programa de investiga\u00e7\u00e3o cl\u00ednica que teve lugar nos encontros previos entre os participantes de REAL.<\/p>\n<p><strong>Data: 4 de setembro de 2025 <\/strong><\/p>\n<p><strong>Hor\u00e1rio: 9h30 \u2013 12h00<\/strong><\/p>\n<p>COORDENA\u00c7\u00c3O de REAL<\/p>\n<ul>\n<li><em>Claudia Lijtinstens e Silvia Elena Tendlarz (EOL)<\/em><\/li>\n<li><em>Elisa Alvarenga e Paula Pimenta (EBP)<\/em><\/li>\n<li><em><em>Lizbeth Ahumada e\u00a0 Piedad Spurrier (NEL)<\/em><\/em><br \/>\n<hr \/>\n<\/li>\n<\/ul>\n<p><span style=\"font-size: 13px;\"><a href=\"#_ftnref1\" name=\"_ftn1\">[1]<\/a> Lacan, J. Confer\u00eancia em Genebra sobre o sintoma, in <em>Op\u00e7\u00e3o Lacaniana, Revista internacional brasileira de psican\u00e1lise\u00a0 <\/em>n. 23. S\u00e3o Paulo: Eolia, dez. 1998, p. 12.<\/span>[\/vc_column_text][\/vc_column][vc_column width=&#8221;1\/2&#8243;]<div class=\"vcex-spacing wpex-w-100 wpex-clear\"><\/div><figure class=\"vcex-image vcex-module\"><div class=\"vcex-image-inner wpex-relative wpex-inline-block\"><img width=\"1240\" height=\"1754\" src=\"https:\/\/enapol.com\/xii\/wp-content\/uploads\/sites\/10\/2025\/06\/WhatsApp-Image-2025-06-11-at-19.02.52.jpeg\" class=\"vcex-image-img wpex-align-middle\" alt=\"\" loading=\"lazy\" decoding=\"async\" srcset=\"https:\/\/enapol.com\/xii\/wp-content\/uploads\/sites\/10\/2025\/06\/WhatsApp-Image-2025-06-11-at-19.02.52.jpeg 1240w, https:\/\/enapol.com\/xii\/wp-content\/uploads\/sites\/10\/2025\/06\/WhatsApp-Image-2025-06-11-at-19.02.52-212x300.jpeg 212w, https:\/\/enapol.com\/xii\/wp-content\/uploads\/sites\/10\/2025\/06\/WhatsApp-Image-2025-06-11-at-19.02.52-724x1024.jpeg 724w, https:\/\/enapol.com\/xii\/wp-content\/uploads\/sites\/10\/2025\/06\/WhatsApp-Image-2025-06-11-at-19.02.52-768x1086.jpeg 768w, https:\/\/enapol.com\/xii\/wp-content\/uploads\/sites\/10\/2025\/06\/WhatsApp-Image-2025-06-11-at-19.02.52-1086x1536.jpeg 1086w, https:\/\/enapol.com\/xii\/wp-content\/uploads\/sites\/10\/2025\/06\/WhatsApp-Image-2025-06-11-at-19.02.52-500x707.jpeg 500w, https:\/\/enapol.com\/xii\/wp-content\/uploads\/sites\/10\/2025\/06\/WhatsApp-Image-2025-06-11-at-19.02.52-700x990.jpeg 700w\" sizes=\"(max-width: 1240px) 100vw, 1240px\" \/><\/div><\/figure><div class=\"vcex-spacing wpex-w-100 wpex-clear\"><\/div><a href=\"https:\/\/tally.so\/r\/mejXWQ\" class=\"vcex-button theme-button inline\" target=\"_blank\" rel=\"noopener noreferrer\"><span class=\"vcex-button-inner theme-button-inner wpex-flex wpex-flex-wrap wpex-items-center wpex-justify-center\">INSCRI\u00c7\u00c3O<\/span><\/a> [\/vc_column][\/vc_row]\n<\/div>","protected":false},"excerpt":{"rendered":"<p>[vc_row][vc_column width=&#8221;1\/2&#8243;][vc_column_text css=&#8221;&#8221;] REAL \u2013 Rede de Estudos sobre o Autismo na Am\u00e9rica Latina Conversa\u00e7\u00e3o de REAL com \u00c9ric Laurent FALAR AO AUTISTA Da vertiginosa subida do autismo a cen\u00e1rios p\u00fablicos diversos emergem incont\u00e1veis teorias e pr\u00e1ticas de amplo alcance, que tentam abordar tanto a dimens\u00e3o da causa como do tratamento do autista. REAL es&hellip;<\/p>\n","protected":false},"author":3,"featured_media":0,"parent":4892,"menu_order":0,"comment_status":"closed","ping_status":"closed","template":"","meta":{"_monsterinsights_skip_tracking":false,"_monsterinsights_sitenote_active":false,"_monsterinsights_sitenote_note":"","_monsterinsights_sitenote_category":0,"footnotes":""},"_links":{"self":[{"href":"https:\/\/enapol.com\/xii\/wp-json\/wp\/v2\/pages\/4845"}],"collection":[{"href":"https:\/\/enapol.com\/xii\/wp-json\/wp\/v2\/pages"}],"about":[{"href":"https:\/\/enapol.com\/xii\/wp-json\/wp\/v2\/types\/page"}],"author":[{"embeddable":true,"href":"https:\/\/enapol.com\/xii\/wp-json\/wp\/v2\/users\/3"}],"replies":[{"embeddable":true,"href":"https:\/\/enapol.com\/xii\/wp-json\/wp\/v2\/comments?post=4845"}],"version-history":[{"count":7,"href":"https:\/\/enapol.com\/xii\/wp-json\/wp\/v2\/pages\/4845\/revisions"}],"predecessor-version":[{"id":5997,"href":"https:\/\/enapol.com\/xii\/wp-json\/wp\/v2\/pages\/4845\/revisions\/5997"}],"up":[{"embeddable":true,"href":"https:\/\/enapol.com\/xii\/wp-json\/wp\/v2\/pages\/4892"}],"wp:attachment":[{"href":"https:\/\/enapol.com\/xii\/wp-json\/wp\/v2\/media?parent=4845"}],"curies":[{"name":"wp","href":"https:\/\/api.w.org\/{rel}","templated":true}]}}