{"id":4848,"date":"2025-05-14T07:05:18","date_gmt":"2025-05-14T10:05:18","guid":{"rendered":"https:\/\/enapol.com\/xii\/?page_id=4848"},"modified":"2025-09-02T17:57:18","modified_gmt":"2025-09-02T20:57:18","slug":"rua","status":"publish","type":"page","link":"https:\/\/enapol.com\/xii\/redes-tal\/rua\/","title":{"rendered":"RUA"},"content":{"rendered":"<div class=\"wpb-content-wrapper\">[vc_row][vc_column width=&#8221;1\/2&#8243;]<div class=\"vcex-spacing wpex-w-100 wpex-clear\"><\/div>[vc_column_text css=&#8221;&#8221;]\n<h3><span style=\"color: #ff0000;\">OS ALGORITMOS DO SABER: PSICAN\u00c1LISE E UNIVERSIDADE<\/span><\/h3>\n<p>As primeiras m\u00e1quinas cibern\u00e9ticas, batizadas em homenagem ao matem\u00e1tico Norbert Wiener<a href=\"#_ftn1\" name=\"_ftnref1\">[1]<\/a>, surpreenderam na d\u00e9cada de 1950 e continuam surpreendendo at\u00e9 hoje. Com sua l\u00f3gica bin\u00e1ria, baseada em combina\u00e7\u00f5es algor\u00edtmicas e ciclos repetitivos, ilustram a natureza de uma linguagem purificada de significado, uma sintaxe pura, com autonomia pr\u00f3pria. Lacan<a href=\"#_ftn2\" name=\"_ftnref2\">[2]<\/a>, em sua confer\u00eancia sobre Psican\u00e1lise e Cibern\u00e9tica, proferida no in\u00edcio de seu ensino, ressalta essa dimens\u00e3o da natureza da linguagem, sublinhando que, nas m\u00e1quinas, o simb\u00f3lico trabalha sozinho, com total independ\u00eancia da subjetividade, em um modo sequencial de funcionar que, em si mesmo, n\u00e3o significa nada.<\/p>\n<p>A m\u00e1quina \u201c(&#8230;)n\u00e3o reivindica nada\u201d. O mesmo n\u00e3o acontece no homem, pois neste \u201ca escans\u00e3o est\u00e1 viva\u201d<a href=\"#_ftn3\" name=\"_ftnref3\"><sup>[3]<\/sup><\/a>. O computador pode at\u00e9 pensar, afirma Lacan mais adiante, no Semin\u00e1rio 20, mas \u201cque ele saiba, quem \u00e9 que vai dizer isto? Pois a funda\u00e7\u00e3o de um saber \u00e9 que o gozo de seu exerc\u00edcio \u00e9 o mesmo do da sua aquisi\u00e7\u00e3o\u201d<a href=\"#_ftn4\" name=\"_ftnref4\"><sup>[4]<\/sup><\/a>. Assim, para a psican\u00e1lise, o saber se articula ao gozo. Esse saber aut\u00eantico se distingue dos saberes artificiais, aqueles cuja matriz est\u00e1 no discurso universit\u00e1rio. O saber assume distintos estatutos, de acordo com o lugar que ocupa nos discursos, sendo que o discurso anal\u00edtico p\u00f5e \u00e0 prova um saber sem valor de ensino. E, como prop\u00f5e Miller<a href=\"#_ftn5\" name=\"_ftnref5\"><sup>[5]<\/sup><\/a>, em \u201cA crian\u00e7a e o saber\u201d, o saber da crian\u00e7a \u00e9 aut\u00eantico.<\/p>\n<p>A partir dessas indica\u00e7\u00f5es, propomo-nos a conversar sobre os algoritmos do saber e sua rela\u00e7\u00e3o com os artif\u00edcios, sob a perspectiva da psican\u00e1lise de orienta\u00e7\u00e3o lacaniana e sua inser\u00e7\u00e3o na universidade. Como a intelig\u00eancia artificial impacta a rela\u00e7\u00e3o com o saber e convoca o desejo de transmiss\u00e3o da psican\u00e1lise na universidade? Como falar com \u00e0s novas gera\u00e7\u00f5es, marcadas pela presen\u00e7a maci\u00e7a do \u201csaber artificial\u201d na era do Um e da civiliza\u00e7\u00e3o digital?<\/p>\n<p>A investiga\u00e7\u00e3o rumo ao XII ENAPOL, realizada previamente por meio de grupos de trabalho com colegas das tr\u00eas Escolas da FAPOL que atuam na universiade, pretende fazer da RUA um territ\u00f3rio vivo de interc\u00e2mbio de experi\u00eancias, cujos frutos ser\u00e3o objeto de uma Conversa\u00e7\u00e3o com Carolina Koretzky.<\/p>\n<p>Orientaremos nosso trabalho com base em tr\u00eas eixos norteadores:<\/p>\n<ol>\n<li>Artif\u00edcios do saber e saber aut\u00eantico<\/li>\n<li>Os algoritmos do discurso na universidade e os algoritmos da psican\u00e1lise<\/li>\n<li>Universidade: desejo de ensinar e futuro da psican\u00e1lise<\/li>\n<\/ol>\n<p><strong>Data: 4 de setembro de 2025<\/strong><\/p>\n<p><strong>Hor\u00e1rio: 16h \u00e0s 18h<\/strong><\/p>\n<p><strong>Respons\u00e1veis:<\/strong><\/p>\n<ul>\n<li>Ines Sotelo e Roxana Vogler (EOL)<\/li>\n<li>Alejandro Reinoso e Fernando Espa\u00f1a (NEL)<\/li>\n<li>Cleide Monteiro e Virg\u00ednia Carvalho (EBP)<\/li>\n<\/ul>\n<hr \/>\n<p><span style=\"font-size: 13px;\"><a href=\"#_ftnref1\" name=\"_ftn1\">[1]<\/a> NORBERT WIENER (Columbia, Missouri, 26\/11\/1894 \u2013 Estocolmo, 18\/03\/1964) foi um matem\u00e1tico e fil\u00f3sofo estadunidense, conhecido como o fundador da cibern\u00e9tica. Ele cunhou o termo em seu livro <em>Cibern\u00e9tica ou o Controle e Comunica\u00e7\u00e3o em Animais e M\u00e1quinas<\/em>, publicado em 1948.<\/span><\/p>\n<p><span style=\"font-size: 13px;\"><a href=\"#_ftnref2\" name=\"_ftn2\">[2]<\/a> LACAN, J. <em>O Semin\u00e1rio<\/em>, livro 2: <em>O eu na teoria de Freud e na t\u00e9cnica da psican\u00e1lise<\/em>. (1954-1955).Rio de Janeiro: Jorge Zahar Ed., 1985. p. 384.<\/span><\/p>\n<p><span style=\"font-size: 13px;\"><a href=\"#_ftnref3\" name=\"_ftn3\"><sup>[3]<\/sup><\/a> <em>I<\/em><em>bidem<\/em><\/span><\/p>\n<p><span style=\"font-size: 13px;\"><a href=\"#_ftnref4\" name=\"_ftn4\"><sup>[4]<\/sup><\/a> LACAN, J. <em>O Semin\u00e1rio, livro 20: Mais, ainda<\/em> (1972-1973). Rio de Janeiro: Jorge Zahar Ed., 1985. p. 131.<\/span><\/p>\n<p><span style=\"font-size: 13px;\"><a href=\"#_ftnref5\" name=\"_ftn5\"><sup>[5]<\/sup><\/a> MILLER, A crian\u00e7a e o saber<strong>. <\/strong>CIEN-Digital, n. 11, jn. 2012. Dispon\u00edvel em: <a href=\"https:\/\/www.ciendigital.com.br\/wp-content\/uploads\/2018\/11\/CIEN-Digital11.pdf\">https:\/\/www.ciendigital.com.br\/wp-content\/uploads\/2018\/11\/CIEN-Digital11.pdf<\/a><\/span>[\/vc_column_text][\/vc_column][vc_column width=&#8221;1\/2&#8243;]<div class=\"vcex-spacing wpex-w-100 wpex-clear\"><\/div><figure class=\"vcex-image vcex-module\"><div class=\"vcex-image-inner wpex-relative wpex-inline-block\"><img width=\"1240\" height=\"1754\" src=\"https:\/\/enapol.com\/xii\/wp-content\/uploads\/sites\/10\/2025\/06\/cartaz_rua.jpeg\" class=\"vcex-image-img wpex-align-middle\" alt=\"\" loading=\"lazy\" decoding=\"async\" srcset=\"https:\/\/enapol.com\/xii\/wp-content\/uploads\/sites\/10\/2025\/06\/cartaz_rua.jpeg 1240w, https:\/\/enapol.com\/xii\/wp-content\/uploads\/sites\/10\/2025\/06\/cartaz_rua-212x300.jpeg 212w, https:\/\/enapol.com\/xii\/wp-content\/uploads\/sites\/10\/2025\/06\/cartaz_rua-724x1024.jpeg 724w, https:\/\/enapol.com\/xii\/wp-content\/uploads\/sites\/10\/2025\/06\/cartaz_rua-768x1086.jpeg 768w, https:\/\/enapol.com\/xii\/wp-content\/uploads\/sites\/10\/2025\/06\/cartaz_rua-1086x1536.jpeg 1086w, https:\/\/enapol.com\/xii\/wp-content\/uploads\/sites\/10\/2025\/06\/cartaz_rua-500x707.jpeg 500w, https:\/\/enapol.com\/xii\/wp-content\/uploads\/sites\/10\/2025\/06\/cartaz_rua-700x990.jpeg 700w\" sizes=\"(max-width: 1240px) 100vw, 1240px\" \/><\/div><\/figure><div class=\"vcex-spacing wpex-w-100 wpex-clear\"><\/div><a href=\"https:\/\/tally.so\/r\/w2zNb9\" class=\"vcex-button theme-button inline\" target=\"_blank\" rel=\"noopener noreferrer\"><span class=\"vcex-button-inner theme-button-inner wpex-flex wpex-flex-wrap wpex-items-center wpex-justify-center\">INSCRI\u00c7\u00c3O<\/span><\/a> [\/vc_column][\/vc_row][vc_row][vc_column][vc_column_text css=&#8221;&#8221;]\n<h3 style=\"text-align: justify;\"><span style=\"color: #ff0000;\">Artif\u00edcios do Saber e Saber Aut\u00eantico<\/span><\/h3>\n[\/vc_column_text]<div class=\"vcex-spacing wpex-w-100 wpex-clear\"><\/div><a href=\"https:\/\/enapol.com\/xii\/artificios-do-saber-e-saber-autentico\/\" class=\"vcex-button theme-button inline\"><span class=\"vcex-button-inner theme-button-inner wpex-flex wpex-flex-wrap wpex-items-center wpex-justify-center\">Leia+<\/span><\/a> [\/vc_column][\/vc_row][vc_row][vc_column][vc_column_text css=&#8221;&#8221;]\n<h3 style=\"text-align: justify;\"><span style=\"color: #ff0000;\">Os Algoritmos do Discurso na Universidade e os Algoritmos da Psican\u00e1lise<\/span><\/h3>\n[\/vc_column_text]<div class=\"vcex-spacing wpex-w-100 wpex-clear\"><\/div><a href=\"https:\/\/enapol.com\/xii\/os-algoritmos-do-saber-psicanalise-e-universidade\/\" class=\"vcex-button theme-button inline\"><span class=\"vcex-button-inner theme-button-inner wpex-flex wpex-flex-wrap wpex-items-center wpex-justify-center\">Leia+<\/span><\/a> [\/vc_column][\/vc_row][vc_row][vc_column][vc_column_text css=&#8221;&#8221;]\n<h3><span style=\"color: #ff0000;\">Universidade: o desejo de ensinar e o futuro da psican\u00e1lise em tempos de intelig\u00eancia artificial<\/span><\/h3>\n[\/vc_column_text]<div class=\"vcex-spacing wpex-w-100 wpex-clear\"><\/div><a href=\"https:\/\/enapol.com\/xii\/universidade-o-desejo-de-ensinar-e-o-futuro-da-psicanalise-em-tempos-de-inteligencia-artificial\/\" class=\"vcex-button theme-button inline\"><span class=\"vcex-button-inner theme-button-inner wpex-flex wpex-flex-wrap wpex-items-center wpex-justify-center\">Leia+<\/span><\/a> [\/vc_column][\/vc_row]\n<\/div>","protected":false},"excerpt":{"rendered":"<p>[vc_row][vc_column width=&#8221;1\/2&#8243;][vc_column_text css=&#8221;&#8221;] OS ALGORITMOS DO SABER: PSICAN\u00c1LISE E UNIVERSIDADE As primeiras m\u00e1quinas cibern\u00e9ticas, batizadas em homenagem ao matem\u00e1tico Norbert Wiener[1], surpreenderam na d\u00e9cada de 1950 e continuam surpreendendo at\u00e9 hoje. Com sua l\u00f3gica bin\u00e1ria, baseada em combina\u00e7\u00f5es algor\u00edtmicas e ciclos repetitivos, ilustram a natureza de uma linguagem purificada de significado, uma sintaxe pura, com&hellip;<\/p>\n","protected":false},"author":3,"featured_media":0,"parent":4892,"menu_order":0,"comment_status":"closed","ping_status":"closed","template":"","meta":{"_monsterinsights_skip_tracking":false,"_monsterinsights_sitenote_active":false,"_monsterinsights_sitenote_note":"","_monsterinsights_sitenote_category":0,"footnotes":""},"_links":{"self":[{"href":"https:\/\/enapol.com\/xii\/wp-json\/wp\/v2\/pages\/4848"}],"collection":[{"href":"https:\/\/enapol.com\/xii\/wp-json\/wp\/v2\/pages"}],"about":[{"href":"https:\/\/enapol.com\/xii\/wp-json\/wp\/v2\/types\/page"}],"author":[{"embeddable":true,"href":"https:\/\/enapol.com\/xii\/wp-json\/wp\/v2\/users\/3"}],"replies":[{"embeddable":true,"href":"https:\/\/enapol.com\/xii\/wp-json\/wp\/v2\/comments?post=4848"}],"version-history":[{"count":15,"href":"https:\/\/enapol.com\/xii\/wp-json\/wp\/v2\/pages\/4848\/revisions"}],"predecessor-version":[{"id":7966,"href":"https:\/\/enapol.com\/xii\/wp-json\/wp\/v2\/pages\/4848\/revisions\/7966"}],"up":[{"embeddable":true,"href":"https:\/\/enapol.com\/xii\/wp-json\/wp\/v2\/pages\/4892"}],"wp:attachment":[{"href":"https:\/\/enapol.com\/xii\/wp-json\/wp\/v2\/media?parent=4848"}],"curies":[{"name":"wp","href":"https:\/\/api.w.org\/{rel}","templated":true}]}}