{"id":4930,"date":"2025-05-15T15:59:25","date_gmt":"2025-05-15T18:59:25","guid":{"rendered":"https:\/\/enapol.com\/xii\/rubrica-eixo-4\/"},"modified":"2025-08-20T16:52:14","modified_gmt":"2025-08-20T19:52:14","slug":"rubrica-eixo-4","status":"publish","type":"page","link":"https:\/\/enapol.com\/xii\/epistemico\/tambor\/rubricas\/rubrica-eixo-4\/","title":{"rendered":"Rubrica Eixo 4"},"content":{"rendered":"<div class=\"wpb-content-wrapper\">[vc_row][vc_column][vc_column_text css=&#8221;&#8221;]\n<h3><span style=\"color: #ff0000;\"><u>RUBRICA EIXO<\/u><u>\u00a04<br \/>\n<\/u><strong>O IMPOSS\u00cdVEL DE EDUCAR<\/strong><\/span><\/h3>\n<p><span style=\"font-size: 13px;\"><strong>Daniela Fern\u00e1ndez &#8211; <\/strong><strong>EOL\/AMP<\/strong><\/span><\/p>\n<p>Sua m\u00e3e vem \u00e0 consulta por imposi\u00e7\u00e3o da escola, que amea\u00e7a expuls\u00e1-lo. A gota d\u2019\u00e1gua foi que Ivan, famoso por bater em outras crian\u00e7as, gritou na aula dedicada ao 2 de abril: \u201cas Malvinas s\u00e3o inglesas\u201d, negando-se a \u201cdesdizer-se\u201d, inclusive perante o diretor. Nessa escola, convidam as crian\u00e7as a se desdizer. Para a psican\u00e1lise, isso \u00e9 imposs\u00edvel. Quando uma crian\u00e7a encontra um analista descobre que falar t\u00eam consequ\u00eancias.[\/vc_column_text]<a href=\"https:\/\/enapol.com\/xii\/rubrica-eixo-4-o-impossivel-de-educar\/\" class=\"vcex-button theme-button inline\"><span class=\"vcex-button-inner theme-button-inner wpex-flex wpex-flex-wrap wpex-items-center wpex-justify-center\">Leia +<\/span><\/a> [\/vc_column][\/vc_row][vc_row][vc_column][vc_column_text css=&#8221;&#8221;]\n<h3><span style=\"color: #ff0000;\"><u>RUBRICA EIXO<\/u><u> 4<br \/>\n<\/u><strong>ADVERT\u00caNCIA PREPOSICIONAL<\/strong><\/span><\/h3>\n<p><span style=\"font-size: 13px;\"><strong>Celeste Vi\u00f1al &#8211; <\/strong><strong>EOL\/AMP<\/strong><\/span><\/p>\n<p>P\u00e1gina em branco, n\u00e3o me decido. A proposta do Tambor repercute, cumprindo sua tarefa, e o t\u00edtulo de nosso pr\u00f3ximo ENAPOL ressoa em mim, evocando possibilidades distintas.<\/p>\n<p>Se eu falasse, pessoalmente, numa esp\u00e9cie de \u201cfalo com o cora\u00e7\u00e3o\u201d para substituir o <em>a partir de<\/em>, o que eu diria?[\/vc_column_text]<a href=\"https:\/\/enapol.com\/xii\/rubrica-eixo-4-advertencia-preposicional\/\" class=\"vcex-button theme-button inline\"><span class=\"vcex-button-inner theme-button-inner wpex-flex wpex-flex-wrap wpex-items-center wpex-justify-center\">Leia +<\/span><\/a> [\/vc_column][\/vc_row][vc_row][vc_column][vc_column_text css=&#8221;&#8221;]\n<h3><span style=\"color: #ff0000;\"><u>Rubrica Eixo 4:<br \/>\n<\/u><u>COMO FALAR COM O FEMININO?<\/u><\/span><\/h3>\n<p><em>Margarida Elia Assad &#8211; EBP\/AMP<\/em><\/p>\n<p>S\u00e3o muitas as manifesta\u00e7\u00f5es do que se extravia na constitui\u00e7\u00e3o do <em>falasser<\/em>. Ao assistirmos a s\u00e9rie <em>Adolesc\u00eancia<\/em>, muito comentada nas redes sociais, ficamos pensando sobre o qu\u00ea\u00a0 falar com esses sujeitos que acabaram de sair do que chamamos Inf\u00e2ncia, tradicionalmente chamados de p\u00faberes ou adolescentes, e se mostram desorientados em rela\u00e7\u00e3o \u00e0s parcerias sexuais.[\/vc_column_text]<a href=\"https:\/\/enapol.com\/xii\/rubrica-eixo-4-como-falar-com-o-feminino\/\" class=\"vcex-button theme-button inline\"><span class=\"vcex-button-inner theme-button-inner wpex-flex wpex-flex-wrap wpex-items-center wpex-justify-center\">Leia +<\/span><\/a> [\/vc_column][\/vc_row][vc_row][vc_column][vc_column_text css=&#8221;&#8221;]\n<h3><span style=\"color: #ff0000;\"><u>Rubrica Eixo 4:<br \/>\n<\/u><u>ALERTA AM\u00c9RICA! CRIAN\u00c7AS EM PERIGO DIANTE DO AVAN\u00c7O A PASSO FIRME DO DISCURSO DA UNIVERSALIZA\u00c7\u00c3O<\/u><\/span><\/h3>\n<p><em>Viviana Berger \u2013 NEL\/AMP<\/em><\/p>\n<p>Que outra resposta a psican\u00e1lise pode dar sen\u00e3o empunhar sua interpreta\u00e7\u00e3o diretamente ao centro do cora\u00e7\u00e3o da \u201ccrian\u00e7a generalizada\u201d como os discursos da modernidade nos prop\u00f5e? \u201cPSICANALISTAS, SAIAM A DIZER!\u201d Est\u00e3o atropelando o mais precioso do sujeito! \u2013 urge a FAPOL.[\/vc_column_text]<a href=\"https:\/\/enapol.com\/xii\/rubrica-eixo-4-alerta-america-criancas-em-perigo-diante-do-avanco-a-passo-firme-do-discurso-da-universalizacao\/\" class=\"vcex-button theme-button inline\"><span class=\"vcex-button-inner theme-button-inner wpex-flex wpex-flex-wrap wpex-items-center wpex-justify-center\">Leia +<\/span><\/a> [\/vc_column][\/vc_row]\n<\/div>","protected":false},"excerpt":{"rendered":"<p>[vc_row][vc_column][vc_column_text css=&#8221;&#8221;] RUBRICA EIXO\u00a04 O IMPOSS\u00cdVEL DE EDUCAR Daniela Fern\u00e1ndez &#8211; EOL\/AMP Sua m\u00e3e vem \u00e0 consulta por imposi\u00e7\u00e3o da escola, que amea\u00e7a expuls\u00e1-lo. A gota d\u2019\u00e1gua foi que Ivan, famoso por bater em outras crian\u00e7as, gritou na aula dedicada ao 2 de abril: \u201cas Malvinas s\u00e3o inglesas\u201d, negando-se a \u201cdesdizer-se\u201d, inclusive perante o diretor.&hellip;<\/p>\n","protected":false},"author":3,"featured_media":0,"parent":1851,"menu_order":0,"comment_status":"closed","ping_status":"closed","template":"","meta":{"_monsterinsights_skip_tracking":false,"_monsterinsights_sitenote_active":false,"_monsterinsights_sitenote_note":"","_monsterinsights_sitenote_category":0,"footnotes":""},"_links":{"self":[{"href":"https:\/\/enapol.com\/xii\/wp-json\/wp\/v2\/pages\/4930"}],"collection":[{"href":"https:\/\/enapol.com\/xii\/wp-json\/wp\/v2\/pages"}],"about":[{"href":"https:\/\/enapol.com\/xii\/wp-json\/wp\/v2\/types\/page"}],"author":[{"embeddable":true,"href":"https:\/\/enapol.com\/xii\/wp-json\/wp\/v2\/users\/3"}],"replies":[{"embeddable":true,"href":"https:\/\/enapol.com\/xii\/wp-json\/wp\/v2\/comments?post=4930"}],"version-history":[{"count":7,"href":"https:\/\/enapol.com\/xii\/wp-json\/wp\/v2\/pages\/4930\/revisions"}],"predecessor-version":[{"id":7304,"href":"https:\/\/enapol.com\/xii\/wp-json\/wp\/v2\/pages\/4930\/revisions\/7304"}],"up":[{"embeddable":true,"href":"https:\/\/enapol.com\/xii\/wp-json\/wp\/v2\/pages\/1851"}],"wp:attachment":[{"href":"https:\/\/enapol.com\/xii\/wp-json\/wp\/v2\/media?parent=4930"}],"curies":[{"name":"wp","href":"https:\/\/api.w.org\/{rel}","templated":true}]}}