{"id":4943,"date":"2025-05-15T16:11:59","date_gmt":"2025-05-15T19:11:59","guid":{"rendered":"https:\/\/enapol.com\/xii\/?page_id=4943"},"modified":"2025-08-14T06:34:59","modified_gmt":"2025-08-14T09:34:59","slug":"rubrica-eixo-2","status":"publish","type":"page","link":"https:\/\/enapol.com\/xii\/epistemico\/tambor\/rubricas\/rubrica-eixo-2\/","title":{"rendered":"Rubrica Eixo 2"},"content":{"rendered":"<div class=\"wpb-content-wrapper\">[vc_row][vc_column][vc_column_text css=&#8221;&#8221;]\n<h3><span style=\"color: #ff0000;\"><strong>Rubrica Eixo 2<br \/>\n<\/strong><strong>\u201cD\u00c1FNIS E CLO\u00c9: DO S\u00c9CULO II AO S\u00c9CULO XXI\u201d<\/strong><\/span><\/h3>\n<p><em>Susana Schaer &#8211; NEL\/AMP<\/em><\/p>\n<p>\u00c9 sabido que a puberdade \u00e9 o encontro com os grandes enigmas: o corpo, a sexualidade, a rela\u00e7\u00e3o com o outro. Um encontro com o imposs\u00edvel da rela\u00e7\u00e3o sexual, o imposs\u00edvel de dizer que n\u00e3o se subjetiva por completo. \u00c9 com isso que o p\u00fabere tem de se virar. \u201cE \u00e9 a isso que Lacan chamou de o real\u201d.[\/vc_column_text]<a href=\"https:\/\/enapol.com\/xii\/rubrica-eixo-2-dafnis-e-cloe-do-seculo-ii-ao-seculo-xxi\/\" class=\"vcex-button theme-button inline\"><span class=\"vcex-button-inner theme-button-inner wpex-flex wpex-flex-wrap wpex-items-center wpex-justify-center\">Leia +<\/span><\/a> [\/vc_column][\/vc_row][vc_row][vc_column][vc_column_text css=&#8221;&#8221;]\n<h3><span style=\"color: #ff0000;\"><u>Rubrica Eixo 2<br \/>\n<\/u><u><\/u><u><\/u><u>FALAR EM AN\u00c1LISE: ENTRE A FIC\u00c7\u00c3O E O REAL<\/u><\/span><\/h3>\n<p><em>Gabriela Villarroel \u2013 Nova Pol\u00edtica da Juventude \u2013 NEL<\/em><\/p>\n<p>Convocada pelas vibra\u00e7\u00f5es do tambor do ENAPOL, compartilho algumas resson\u00e2ncias que o eixo 2, Falar\u2026 \u201ctestemunhar da melhor maneira poss\u00edvel sobre a verdade mentirosa\u201d, me suscitou.[\/vc_column_text]<a href=\"https:\/\/enapol.com\/xii\/rubrica-eixo-2-falar-em-analise-entre-a-ficcao-e-o-real\/\" class=\"vcex-button theme-button inline\"><span class=\"vcex-button-inner theme-button-inner wpex-flex wpex-flex-wrap wpex-items-center wpex-justify-center\">Leia +<\/span><\/a> [\/vc_column][\/vc_row]\n<\/div>","protected":false},"excerpt":{"rendered":"<p>[vc_row][vc_column][vc_column_text css=&#8221;&#8221;] Rubrica Eixo 2 \u201cD\u00c1FNIS E CLO\u00c9: DO S\u00c9CULO II AO S\u00c9CULO XXI\u201d Susana Schaer &#8211; NEL\/AMP \u00c9 sabido que a puberdade \u00e9 o encontro com os grandes enigmas: o corpo, a sexualidade, a rela\u00e7\u00e3o com o outro. Um encontro com o imposs\u00edvel da rela\u00e7\u00e3o sexual, o imposs\u00edvel de dizer que n\u00e3o se subjetiva&hellip;<\/p>\n","protected":false},"author":3,"featured_media":0,"parent":1851,"menu_order":0,"comment_status":"closed","ping_status":"closed","template":"","meta":{"_monsterinsights_skip_tracking":false,"_monsterinsights_sitenote_active":false,"_monsterinsights_sitenote_note":"","_monsterinsights_sitenote_category":0,"footnotes":""},"_links":{"self":[{"href":"https:\/\/enapol.com\/xii\/wp-json\/wp\/v2\/pages\/4943"}],"collection":[{"href":"https:\/\/enapol.com\/xii\/wp-json\/wp\/v2\/pages"}],"about":[{"href":"https:\/\/enapol.com\/xii\/wp-json\/wp\/v2\/types\/page"}],"author":[{"embeddable":true,"href":"https:\/\/enapol.com\/xii\/wp-json\/wp\/v2\/users\/3"}],"replies":[{"embeddable":true,"href":"https:\/\/enapol.com\/xii\/wp-json\/wp\/v2\/comments?post=4943"}],"version-history":[{"count":5,"href":"https:\/\/enapol.com\/xii\/wp-json\/wp\/v2\/pages\/4943\/revisions"}],"predecessor-version":[{"id":7090,"href":"https:\/\/enapol.com\/xii\/wp-json\/wp\/v2\/pages\/4943\/revisions\/7090"}],"up":[{"embeddable":true,"href":"https:\/\/enapol.com\/xii\/wp-json\/wp\/v2\/pages\/1851"}],"wp:attachment":[{"href":"https:\/\/enapol.com\/xii\/wp-json\/wp\/v2\/media?parent=4943"}],"curies":[{"name":"wp","href":"https:\/\/api.w.org\/{rel}","templated":true}]}}