{"id":5203,"date":"2025-05-29T10:02:43","date_gmt":"2025-05-29T13:02:43","guid":{"rendered":"https:\/\/enapol.com\/xii\/?page_id=5203"},"modified":"2025-06-16T05:58:37","modified_gmt":"2025-06-16T08:58:37","slug":"tambor-4","status":"publish","type":"page","link":"https:\/\/enapol.com\/xii\/epistemico\/tambor\/boletins\/tambor-4\/","title":{"rendered":"Tambor 4"},"content":{"rendered":"<div class=\"wpb-content-wrapper\">[vc_row][vc_column]<figure class=\"vcex-image vcex-module\"><div class=\"vcex-image-inner wpex-relative wpex-inline-block\"><img width=\"5288\" height=\"1575\" src=\"https:\/\/enapol.com\/xii\/wp-content\/uploads\/sites\/10\/2025\/02\/cabecalho.png\" class=\"vcex-image-img wpex-align-middle\" alt=\"\" loading=\"lazy\" decoding=\"async\" srcset=\"https:\/\/enapol.com\/xii\/wp-content\/uploads\/sites\/10\/2025\/02\/cabecalho.png 5288w, https:\/\/enapol.com\/xii\/wp-content\/uploads\/sites\/10\/2025\/02\/cabecalho-300x89.png 300w, https:\/\/enapol.com\/xii\/wp-content\/uploads\/sites\/10\/2025\/02\/cabecalho-1024x305.png 1024w, https:\/\/enapol.com\/xii\/wp-content\/uploads\/sites\/10\/2025\/02\/cabecalho-768x229.png 768w, https:\/\/enapol.com\/xii\/wp-content\/uploads\/sites\/10\/2025\/02\/cabecalho-1536x457.png 1536w, https:\/\/enapol.com\/xii\/wp-content\/uploads\/sites\/10\/2025\/02\/cabecalho-2048x610.png 2048w, https:\/\/enapol.com\/xii\/wp-content\/uploads\/sites\/10\/2025\/02\/cabecalho-500x149.png 500w, https:\/\/enapol.com\/xii\/wp-content\/uploads\/sites\/10\/2025\/02\/cabecalho-700x208.png 700w\" sizes=\"(max-width: 5288px) 100vw, 5288px\" \/><\/div><\/figure>[\/vc_column][\/vc_row][vc_row][vc_column][vc_column_text css=&#8221;.vc_custom_1748523194261{padding-top: 20px !important;padding-right: 20px !important;padding-bottom: 20px !important;padding-left: 20px !important;background-color: #FADA5B !important;}&#8221;]\n<p style=\"text-align: left;\"><span style=\"font-size: 18px;\"><strong><span style=\"color: #ffffff;\">Boletim Tambor 4<\/span><\/strong><\/span><\/p>\n[\/vc_column_text][\/vc_column][\/vc_row][vc_row][vc_column][vc_column_text css=&#8221;&#8221;]\n<h3><u>Rubrica Eixo 2:<\/u><\/h3>\n<figure id=\"attachment_5181\" aria-describedby=\"caption-attachment-5181\" style=\"width: 500px\" class=\"wp-caption aligncenter\"><a href=\"https:\/\/enapol.com\/xii\/wp-content\/uploads\/sites\/10\/2025\/05\/Imagem1.jpg\"><img fetchpriority=\"high\" decoding=\"async\" class=\"wp-image-5181\" src=\"https:\/\/enapol.com\/xii\/wp-content\/uploads\/sites\/10\/2025\/05\/Imagem1.jpg\" alt=\"\" width=\"500\" height=\"490\" srcset=\"https:\/\/enapol.com\/xii\/wp-content\/uploads\/sites\/10\/2025\/05\/Imagem1.jpg 731w, https:\/\/enapol.com\/xii\/wp-content\/uploads\/sites\/10\/2025\/05\/Imagem1-300x294.jpg 300w, https:\/\/enapol.com\/xii\/wp-content\/uploads\/sites\/10\/2025\/05\/Imagem1-500x490.jpg 500w, https:\/\/enapol.com\/xii\/wp-content\/uploads\/sites\/10\/2025\/05\/Imagem1-700x687.jpg 700w\" sizes=\"(max-width: 500px) 100vw, 500px\" \/><\/a><figcaption id=\"caption-attachment-5181\" class=\"wp-caption-text\">Foto: NASA. Cr\u00e9dito Digitaliza\u00e7\u00e3o: NASA Johnson\/Kipp Teague<\/figcaption><\/figure>\n<h3><u><br \/>\nFIC\u00c7\u00c3O E CANTO DA PALAVRA<\/u><\/h3>\n<p><span style=\"font-size: 13px;\"><em>Gisela Smania &#8211; EOL\/AMP<\/em><\/span><\/p>\n<p style=\"text-align: justify;\">Uma an\u00e1lise implica enla\u00e7ar-se de maneira original com o fato de falar. Destinadas a dar voltas no dizer, as recorda\u00e7\u00f5es encontram seu lugar, imediatamente, como peda\u00e7os de vida exercidos em nome da hist\u00f3ria, impress\u00f5es, pe\u00e7as infantis que \u201ca mem\u00f3ria \u2013 suspeitosamente \u2013 acredita que reproduz\u201d e que carregam o anseio da revela\u00e7\u00e3o, o lampejo fugidio da verdade com o qual o inconsciente sonha.<\/p>\n<p style=\"text-align: justify;\"><a title=\"Rubrica Eixo 1: ISSO RESSOA NO CORPO COMO UM TAMBOR\" href=\"https:\/\/enapol.com\/xii\/rubrica-eixo-2-ficcao-e-canto-da-palavra\/\"><span style=\"color: #ff0000;\">[leia +]<\/span><\/a><\/p>\n[\/vc_column_text][\/vc_column][\/vc_row][vc_row][vc_column][vc_column_text css=&#8221;&#8221;]\n<h3><u>CONEX\u00d5ES:<\/u><\/h3>\n<figure id=\"attachment_5189\" aria-describedby=\"caption-attachment-5189\" style=\"width: 500px\" class=\"wp-caption aligncenter\"><a href=\"https:\/\/enapol.com\/xii\/wp-content\/uploads\/sites\/10\/2025\/05\/Imagem2.jpg\"><img decoding=\"async\" class=\"wp-image-5189\" src=\"https:\/\/enapol.com\/xii\/wp-content\/uploads\/sites\/10\/2025\/05\/Imagem2.jpg\" alt=\"\" width=\"500\" height=\"218\" srcset=\"https:\/\/enapol.com\/xii\/wp-content\/uploads\/sites\/10\/2025\/05\/Imagem2.jpg 986w, https:\/\/enapol.com\/xii\/wp-content\/uploads\/sites\/10\/2025\/05\/Imagem2-300x131.jpg 300w, https:\/\/enapol.com\/xii\/wp-content\/uploads\/sites\/10\/2025\/05\/Imagem2-768x334.jpg 768w, https:\/\/enapol.com\/xii\/wp-content\/uploads\/sites\/10\/2025\/05\/Imagem2-500x218.jpg 500w, https:\/\/enapol.com\/xii\/wp-content\/uploads\/sites\/10\/2025\/05\/Imagem2-700x305.jpg 700w\" sizes=\"(max-width: 500px) 100vw, 500px\" \/><\/a><figcaption id=\"caption-attachment-5189\" class=\"wp-caption-text\">Foto: NASA. Cr\u00e9dito Digitaliza\u00e7\u00e3o: NASA Johnson\/Kipp Teague<\/figcaption><\/figure>\n<h3><u><br \/>\nA MAGN\u00cdFICA DESOLA\u00c7\u00c3O E A ENCARNA\u00c7\u00c3O DO CORTE<\/u><\/h3>\n<p><span style=\"font-size: 13px;\"><em>Ram Mandil &#8211; EBP\/AMP<\/em><\/span><\/p>\n<p style=\"text-align: justify;\">O epis\u00f3dio \u00e9 pouco conhecido.\u00a0 Instantes antes de fazer o primeiro pouso na Lua, um alarme soa no computador do M\u00f3dulo Lunar: o enigm\u00e1tico \u201cc\u00f3digo 1202\u201d, indicando sobrecarga de dados no sistema.\u00a0 Nem os astronautas a bordo, Neil Armstrong e Edwin \u201cBuzz\u201d Aldrin, nem a Central em Houston sabiam as causas. Tens\u00e3o, seguida de checagem de todos os par\u00e2metros para embasar a decis\u00e3o: GO ou ABORT STAGE.\u00a0 Mesmo sem saber exatamente a causa, Houston d\u00e1 seu parecer: \u201cSomos pelo GO\u201d. As an\u00e1lises indicavam tratar-se de um \u201crisco aceit\u00e1vel\u201d.<\/p>\n<p><a title=\"Rubrica Eixo 3: INF\u00c2NCIA INEXTINGU\u00cdVEL, DOCILIDADE TRANSFERENCIAL\" href=\"https:\/\/enapol.com\/xii\/a-magnifica-desolacao-e-a-encarnacao-do-corte\/\"><span style=\"color: #ff0000;\">[Leia +]<\/span><\/a><\/p>\n[\/vc_column_text][\/vc_column][\/vc_row][vc_row][vc_column][vc_column_text css=&#8221;&#8221;]\n<h3><u>CITA\u00c7\u00d5ES E REFER\u00caNCIAS BIBLIOGR\u00c1FICAS<\/u><\/h3>\n<div>\n<p><strong>Entrevista com Silvia Pino &#8211; EOL\/AMP &#8211; \u201cN\u00e3o h\u00e1 rela\u00e7\u00e3o sexual, h\u00e1 um excedente de sexualidade\u201d<\/strong><\/p>\n<p style=\"text-align: justify;\">No presente v\u00eddeo, <strong>Silvia Pino<\/strong>, psicanalista membro da EOL e da AMP, nos convida a extrair do texto de orienta\u00e7\u00e3o para o XII ENAPOL de Jacques-Alain Miller, \u2018O estatuto do trauma\u2019, uma fecunda chave de leitura que nos permitir\u00e1 situar: a passagem de falar com a crian\u00e7a para falar com a crian\u00e7a na experi\u00eancia anal\u00edtica.<\/p>\n<p style=\"text-align: justify;\">E um extra: ela nos presenteia com refer\u00eancias bibliogr\u00e1ficas imprescind\u00edveis, \u00f3timas para animar voc\u00eas, queridos colegas, ao ritmo da escrita!<\/p>\n<\/div>\n<p style=\"text-align: center;\"><span style=\"font-size: 13px;\"><a href=\"https:\/\/youtu.be\/VxvacJAB8zk\"><img decoding=\"async\" class=\"aligncenter wp-image-5204\" src=\"https:\/\/enapol.com\/xii\/wp-content\/uploads\/sites\/10\/2025\/05\/Thum_video_silvia.png\" alt=\"\" width=\"500\" height=\"285\" srcset=\"https:\/\/enapol.com\/xii\/wp-content\/uploads\/sites\/10\/2025\/05\/Thum_video_silvia.png 1193w, https:\/\/enapol.com\/xii\/wp-content\/uploads\/sites\/10\/2025\/05\/Thum_video_silvia-300x171.png 300w, https:\/\/enapol.com\/xii\/wp-content\/uploads\/sites\/10\/2025\/05\/Thum_video_silvia-1024x585.png 1024w, https:\/\/enapol.com\/xii\/wp-content\/uploads\/sites\/10\/2025\/05\/Thum_video_silvia-768x438.png 768w, https:\/\/enapol.com\/xii\/wp-content\/uploads\/sites\/10\/2025\/05\/Thum_video_silvia-500x285.png 500w, https:\/\/enapol.com\/xii\/wp-content\/uploads\/sites\/10\/2025\/05\/Thum_video_silvia-700x400.png 700w\" sizes=\"(max-width: 500px) 100vw, 500px\" \/><\/a><\/span><\/p>\n<p style=\"text-align: center;\"><span style=\"font-size: 13px;\">Autoria: Silvia Pino; Tradu\u00e7\u00e3o: Cristiana Gallo; Revis\u00e3o: Paola Salinas; Legendas: Catalina Escardo; Texto de introdu\u00e7\u00e3o: Andrea Amendola.<br \/>\nTradu\u00e7\u00e3o: Cristiana Gallo &#8211; Revis\u00e3o: Paola Salinas<\/span><\/p>\n<div>\n<p><a title=\"CITA\u00c7\u00d5ES E REFER\u00caNCIAS BIBLIOGR\u00c1FICAS\" href=\"https:\/\/enapol.com\/xii\/entrevista-com-silvia-pino-eol-amp-nao-ha-relacao-sexual-ha-um-excedente-de-sexualidade\/\"><span style=\"color: #ff0000;\">[Leia +]<\/span><\/a><\/p>\n<\/div>\n[\/vc_column_text][\/vc_column][\/vc_row]\n<\/div>","protected":false},"excerpt":{"rendered":"<p>[vc_row][vc_column][\/vc_column][\/vc_row][vc_row][vc_column][vc_column_text css=&#8221;.vc_custom_1748523194261{padding-top: 20px !important;padding-right: 20px !important;padding-bottom: 20px !important;padding-left: 20px !important;background-color: #FADA5B !important;}&#8221;] Boletim Tambor 4 [\/vc_column_text][\/vc_column][\/vc_row][vc_row][vc_column][vc_column_text css=&#8221;&#8221;] Rubrica Eixo 2: FIC\u00c7\u00c3O E CANTO DA PALAVRA Gisela Smania &#8211; EOL\/AMP Uma an\u00e1lise implica enla\u00e7ar-se de maneira original com o fato de falar. Destinadas a dar voltas no dizer, as recorda\u00e7\u00f5es encontram seu lugar, imediatamente, como peda\u00e7os&hellip;<\/p>\n","protected":false},"author":3,"featured_media":0,"parent":1875,"menu_order":0,"comment_status":"closed","ping_status":"closed","template":"","meta":{"_monsterinsights_skip_tracking":false,"_monsterinsights_sitenote_active":false,"_monsterinsights_sitenote_note":"","_monsterinsights_sitenote_category":0,"footnotes":""},"_links":{"self":[{"href":"https:\/\/enapol.com\/xii\/wp-json\/wp\/v2\/pages\/5203"}],"collection":[{"href":"https:\/\/enapol.com\/xii\/wp-json\/wp\/v2\/pages"}],"about":[{"href":"https:\/\/enapol.com\/xii\/wp-json\/wp\/v2\/types\/page"}],"author":[{"embeddable":true,"href":"https:\/\/enapol.com\/xii\/wp-json\/wp\/v2\/users\/3"}],"replies":[{"embeddable":true,"href":"https:\/\/enapol.com\/xii\/wp-json\/wp\/v2\/comments?post=5203"}],"version-history":[{"count":9,"href":"https:\/\/enapol.com\/xii\/wp-json\/wp\/v2\/pages\/5203\/revisions"}],"predecessor-version":[{"id":5732,"href":"https:\/\/enapol.com\/xii\/wp-json\/wp\/v2\/pages\/5203\/revisions\/5732"}],"up":[{"embeddable":true,"href":"https:\/\/enapol.com\/xii\/wp-json\/wp\/v2\/pages\/1875"}],"wp:attachment":[{"href":"https:\/\/enapol.com\/xii\/wp-json\/wp\/v2\/media?parent=5203"}],"curies":[{"name":"wp","href":"https:\/\/api.w.org\/{rel}","templated":true}]}}