{"id":5740,"date":"2025-06-17T05:39:46","date_gmt":"2025-06-17T08:39:46","guid":{"rendered":"https:\/\/enapol.com\/xii\/?page_id=5740"},"modified":"2025-07-31T07:14:53","modified_gmt":"2025-07-31T10:14:53","slug":"ziriguidum-la-fiesta","status":"publish","type":"page","link":"https:\/\/enapol.com\/xii\/ziriguidum-la-fiesta\/","title":{"rendered":"ZIRIGUIDUM \u2014 La fiesta\ud83c\udfb6"},"content":{"rendered":"<div class=\"wpb-content-wrapper\">[vc_row][vc_column width=&#8221;2\/3&#8243;][vc_column_text css=&#8221;&#8221;]<strong>No fio do som da psican\u00e1lise, do samba e dos tambores!<\/strong><\/p>\n<p>A festa do XII ENAPOL acontecer\u00e1 no Mercado Distrital, um lugar de muita hist\u00f3ria e alegria, onde teremos atra\u00e7\u00f5es que falam da cena cultural de Belo Horizonte.<\/p>\n<p>Para come\u00e7ar S\u00e9rgio Perer\u00ea e seus tambores, em seguida, uma roda de samba com Adriana Ara\u00fajo e, para terminar, vamos para a pista com o DJ Gustavo Zubreu.<\/p>\n<p>Al\u00e9m das comidas e bebidas t\u00edpicas de Minas!<\/p>\n<p>Venham!!!<\/p>\n<hr \/>\n<p><strong>\ud83d\uddd3 5\/9 | 20h \u00e0s 2h<\/strong><\/p>\n<p><strong>\ud83d\udccd Mercado Distrital do Cruzeiro \u2014 Rua Opala, 55 (ou entrada pela Rua Ouro Fino, 452)<\/strong><\/p>\n<p><strong>\ud83c\udfa4 S\u00e9rgio Perer\u00ea (Bloco Tambolel\u00ea) | Adriana Ara\u00fajo (samba) | DJ Gustavo Zubreu<\/strong><\/p>\n<p><strong>\ud83c\udf9f Ingressos: 1\u00ba lote promocional: R$150,00<\/strong> (20\/06 a 30\/06) <strong>| 2\u00ba lote: R$180,00 <\/strong>(a partir 01\/07)<\/p>\n<p><span style=\"color: #ff0000;\"><strong>ATEN\u00c7\u00c3O: Ingressos limitados<\/strong><\/span>[\/vc_column_text]<div class=\"vcex-spacing wpex-w-100 wpex-clear\"><\/div><a href=\"https:\/\/forms.gle\/aCDFUGwMpuNufPpA9\" class=\"vcex-button theme-button inline\" target=\"_blank\" rel=\"noopener noreferrer\"><span class=\"vcex-button-inner theme-button-inner wpex-flex wpex-flex-wrap wpex-items-center wpex-justify-center\">INSCRI\u00c7\u00c3O<\/span><\/a> [\/vc_column][vc_column width=&#8221;1\/3&#8243;]<figure class=\"vcex-image vcex-module\"><div class=\"vcex-image-inner wpex-relative wpex-inline-block\"><a href=\"https:\/\/enapol.com\/xii\/wp-content\/uploads\/sites\/10\/2025\/06\/CARTAZES-FESTA-002-01-1500x1875.png\" class=\"wpex-lightbox\"><img width=\"2048\" height=\"2560\" src=\"https:\/\/enapol.com\/xii\/wp-content\/uploads\/sites\/10\/2025\/06\/CARTAZES-FESTA-002-01-scaled.jpg\" class=\"vcex-image-img wpex-align-middle\" alt=\"\" loading=\"lazy\" decoding=\"async\" srcset=\"https:\/\/enapol.com\/xii\/wp-content\/uploads\/sites\/10\/2025\/06\/CARTAZES-FESTA-002-01-scaled.jpg 2048w, https:\/\/enapol.com\/xii\/wp-content\/uploads\/sites\/10\/2025\/06\/CARTAZES-FESTA-002-01-240x300.jpg 240w, https:\/\/enapol.com\/xii\/wp-content\/uploads\/sites\/10\/2025\/06\/CARTAZES-FESTA-002-01-819x1024.jpg 819w, https:\/\/enapol.com\/xii\/wp-content\/uploads\/sites\/10\/2025\/06\/CARTAZES-FESTA-002-01-768x960.jpg 768w, https:\/\/enapol.com\/xii\/wp-content\/uploads\/sites\/10\/2025\/06\/CARTAZES-FESTA-002-01-1229x1536.jpg 1229w, https:\/\/enapol.com\/xii\/wp-content\/uploads\/sites\/10\/2025\/06\/CARTAZES-FESTA-002-01-1638x2048.jpg 1638w, https:\/\/enapol.com\/xii\/wp-content\/uploads\/sites\/10\/2025\/06\/CARTAZES-FESTA-002-01-500x625.jpg 500w, https:\/\/enapol.com\/xii\/wp-content\/uploads\/sites\/10\/2025\/06\/CARTAZES-FESTA-002-01-700x875.jpg 700w\" sizes=\"(max-width: 2048px) 100vw, 2048px\" \/><\/a><\/div><\/figure><div class=\"vcex-spacing wpex-w-100 wpex-clear\"><\/div><div class=\"vcex-video wpex-bg-black\" data-vcex-video-type=\"youtube\"><div class=\"vcex-video-inner wpex-relative\"><iframe class=\"wpex-block wpex-w-100 wpex-h-100 wpex-aspect-16-9\" src=\"https:\/\/youtube.com\/embed\/ef7ZUTNvqYw\" title=\"\" frameborder=\"0\" allow=\"accelerometer; autoplay; clipboard-write; encrypted-media; gyroscope; picture-in-picture; web-share\" allowfullscreen loading=\"lazy\"><\/iframe><\/div><\/div>[\/vc_column][\/vc_row]\n<\/div>","protected":false},"excerpt":{"rendered":"<p>[vc_row][vc_column width=&#8221;2\/3&#8243;][vc_column_text css=&#8221;&#8221;]No fio do som da psican\u00e1lise, do samba e dos tambores! A festa do XII ENAPOL acontecer\u00e1 no Mercado Distrital, um lugar de muita hist\u00f3ria e alegria, onde teremos atra\u00e7\u00f5es que falam da cena cultural de Belo Horizonte. Para come\u00e7ar S\u00e9rgio Perer\u00ea e seus tambores, em seguida, uma roda de samba com Adriana&hellip;<\/p>\n","protected":false},"author":3,"featured_media":0,"parent":0,"menu_order":0,"comment_status":"closed","ping_status":"closed","template":"","meta":{"_monsterinsights_skip_tracking":false,"_monsterinsights_sitenote_active":false,"_monsterinsights_sitenote_note":"","_monsterinsights_sitenote_category":0,"footnotes":""},"_links":{"self":[{"href":"https:\/\/enapol.com\/xii\/wp-json\/wp\/v2\/pages\/5740"}],"collection":[{"href":"https:\/\/enapol.com\/xii\/wp-json\/wp\/v2\/pages"}],"about":[{"href":"https:\/\/enapol.com\/xii\/wp-json\/wp\/v2\/types\/page"}],"author":[{"embeddable":true,"href":"https:\/\/enapol.com\/xii\/wp-json\/wp\/v2\/users\/3"}],"replies":[{"embeddable":true,"href":"https:\/\/enapol.com\/xii\/wp-json\/wp\/v2\/comments?post=5740"}],"version-history":[{"count":13,"href":"https:\/\/enapol.com\/xii\/wp-json\/wp\/v2\/pages\/5740\/revisions"}],"predecessor-version":[{"id":6596,"href":"https:\/\/enapol.com\/xii\/wp-json\/wp\/v2\/pages\/5740\/revisions\/6596"}],"wp:attachment":[{"href":"https:\/\/enapol.com\/xii\/wp-json\/wp\/v2\/media?parent=5740"}],"curies":[{"name":"wp","href":"https:\/\/api.w.org\/{rel}","templated":true}]}}