{"id":6086,"date":"2025-06-30T15:42:42","date_gmt":"2025-06-30T18:42:42","guid":{"rendered":"https:\/\/enapol.com\/xii\/?page_id=6086"},"modified":"2025-07-04T11:55:08","modified_gmt":"2025-07-04T14:55:08","slug":"tambor-6","status":"publish","type":"page","link":"https:\/\/enapol.com\/xii\/epistemico\/tambor\/boletins\/tambor-6\/","title":{"rendered":"Tambor 6"},"content":{"rendered":"<div class=\"wpb-content-wrapper\">[vc_row][vc_column]<figure class=\"vcex-image vcex-module\"><div class=\"vcex-image-inner wpex-relative wpex-inline-block\"><img width=\"5288\" height=\"1575\" src=\"https:\/\/enapol.com\/xii\/wp-content\/uploads\/sites\/10\/2025\/02\/cabecalho.png\" class=\"vcex-image-img wpex-align-middle\" alt=\"\" loading=\"lazy\" decoding=\"async\" srcset=\"https:\/\/enapol.com\/xii\/wp-content\/uploads\/sites\/10\/2025\/02\/cabecalho.png 5288w, https:\/\/enapol.com\/xii\/wp-content\/uploads\/sites\/10\/2025\/02\/cabecalho-300x89.png 300w, https:\/\/enapol.com\/xii\/wp-content\/uploads\/sites\/10\/2025\/02\/cabecalho-1024x305.png 1024w, https:\/\/enapol.com\/xii\/wp-content\/uploads\/sites\/10\/2025\/02\/cabecalho-768x229.png 768w, https:\/\/enapol.com\/xii\/wp-content\/uploads\/sites\/10\/2025\/02\/cabecalho-1536x457.png 1536w, https:\/\/enapol.com\/xii\/wp-content\/uploads\/sites\/10\/2025\/02\/cabecalho-2048x610.png 2048w, https:\/\/enapol.com\/xii\/wp-content\/uploads\/sites\/10\/2025\/02\/cabecalho-500x149.png 500w, https:\/\/enapol.com\/xii\/wp-content\/uploads\/sites\/10\/2025\/02\/cabecalho-700x208.png 700w\" sizes=\"(max-width: 5288px) 100vw, 5288px\" \/><\/div><\/figure>[\/vc_column][\/vc_row][vc_row][vc_column][vc_column_text css=&#8221;.vc_custom_1751308622668{padding-top: 20px !important;padding-right: 20px !important;padding-bottom: 20px !important;padding-left: 20px !important;background-color: #FF835E !important;}&#8221;]\n<p style=\"text-align: left;\"><span style=\"font-size: 18px;\"><strong><span style=\"color: #ffffff;\">Boletim Tambor 6<\/span><\/strong><\/span><\/p>\n[\/vc_column_text][\/vc_column][\/vc_row][vc_row][vc_column][vc_column_text css=&#8221;&#8221;]\n<h3><u>RUBRICA EIXO 1<\/u><\/h3>\n<p><strong>ENTRE DUAS L\u00cdNGUAS<\/strong><\/p>\n<p><span style=\"font-size: 13px;\"><strong>Ennia Favret<br \/>\n<\/strong><strong>EOL\/AMP<\/strong><\/span><\/p>\n<p>Orientada por esta proposta, apresentarei duas vinhetas.<\/p>\n<ol>\n<li>Margot \u00e9 uma crian\u00e7a quando sua professora a nomeia como \u201ca estrangeira que escreve sem erros de ortografia\u201d.<\/li>\n<\/ol>\n<p>Uma frase com inten\u00e7\u00e3o elogiosa, que n\u00e3o possui uma carga traum\u00e1tica aparente, mas que, no entanto, impacta, perturbando sua subjetividade \u2013 desconcerta-a, divide-a.<\/p>\n<p><a href=\"https:\/\/enapol.com\/xii\/rubrica-eixo-1-entre-duas-linguas\/\"><span style=\"color: #ff0000;\">(Leia +)<\/span><\/a>[\/vc_column_text][\/vc_column][\/vc_row][vc_row][vc_column][vc_column_text css=&#8221;&#8221;]\n<h3><u>RUBRICA EIXO 2<\/u><\/h3>\n<p><strong>SEMBLANTE E REAL<\/strong><\/p>\n<p><span style=\"font-size: 13px;\"><strong>Maria do Ros\u00e1rio Collier do R\u00eago Barros<br \/>\n<\/strong><strong>EBP\/AMP<\/strong><\/span><\/p>\n<p>Acrescentar ao falar a dimens\u00e3o do testemunho coloca em jogo a presen\u00e7a de algo que escapa ao sujeito ao falar e que\u00a0o atormenta e\u00a0vai al\u00e9m de qualquer inten\u00e7\u00e3o de comunicar.\u00a0Est\u00e1 l\u00e1 o que atormenta, o que angustia,\u00a0sem que se possa falar.\u00a0O testemunhar\u00a0requer um trabalho, a constru\u00e7\u00e3o\u00a0de uma verdade mentirosa, uma <em>histoeria<\/em>, que torna transmiss\u00edvel\u00a0o que permite lidar com a tormenta.<\/p>\n<p style=\"text-align: justify;\"><a title=\"Rubrica Eixo 1: ISSO RESSOA NO CORPO COMO UM TAMBOR\" href=\"https:\/\/enapol.com\/xii\/rubrica-eixo-2-semblante-e-real\/\"><span style=\"color: #ff0000;\">[leia +]<\/span><\/a><\/p>\n[\/vc_column_text][\/vc_column][\/vc_row][vc_row][vc_column][vc_column_text css=&#8221;&#8221;]\n<h3><u>CITA\u00c7\u00d5ES E REFER\u00caNCIAS BIBLIOGR\u00c1FICAS<\/u><\/h3>\n<div>\n<p><strong>\u201cUM EXCESSO DE SEXUALIDADE\u201d &#8211; Entrevista com Jos\u00e9 Luis Obaid &#8211; NEL\/AMP<\/strong><\/p>\n<p>Jos\u00e9 Luis Obaid, membro da NEL e da AMP, interessa-se pelo <em>witz<\/em>, \u201cfalar com a crian\u00e7a\u201d, e convida-nos a segui-lo numa elabora\u00e7\u00e3o precisa que, dando lugar ao sentido \u2014 ao que \u00e9 \u201cvivido como\u201d \u2014 e \u00e0s voltas e reviravoltas da hist\u00f3ria, aponta para uma borda fina e invari\u00e1vel (digamos com Lacan, <em>trou<\/em> e <em>trop<\/em>), \u00faltim\u00edssima e primeira \u2014 Obaid sublinha como um ox\u00edmoro \u2014 no falar do sujeito.<\/p>\n<p><strong><a href=\"https:\/\/youtu.be\/scjHQUtUKEg\"><img fetchpriority=\"high\" decoding=\"async\" class=\"aligncenter wp-image-6087 size-full\" src=\"https:\/\/enapol.com\/xii\/wp-content\/uploads\/sites\/10\/2025\/06\/thumb_video.jpg\" alt=\"\" width=\"800\" height=\"477\" srcset=\"https:\/\/enapol.com\/xii\/wp-content\/uploads\/sites\/10\/2025\/06\/thumb_video.jpg 800w, https:\/\/enapol.com\/xii\/wp-content\/uploads\/sites\/10\/2025\/06\/thumb_video-300x179.jpg 300w, https:\/\/enapol.com\/xii\/wp-content\/uploads\/sites\/10\/2025\/06\/thumb_video-768x458.jpg 768w, https:\/\/enapol.com\/xii\/wp-content\/uploads\/sites\/10\/2025\/06\/thumb_video-500x298.jpg 500w, https:\/\/enapol.com\/xii\/wp-content\/uploads\/sites\/10\/2025\/06\/thumb_video-700x417.jpg 700w\" sizes=\"(max-width: 800px) 100vw, 800px\" \/><\/a><\/strong><\/p>\n<p style=\"text-align: center;\"><span style=\"font-size: 13px;\">(Tradu\u00e7\u00e3o: Carla S\u00e1 Freire; Revis\u00e3o: Lucila Darrigo; Legendas: Gustavo Mello; Texto de introdu\u00e7\u00e3o: Felipe Maino)<\/span><\/p>\n<\/div>\n<div>\n<p><a title=\"CITA\u00c7\u00d5ES E REFER\u00caNCIAS BIBLIOGR\u00c1FICAS\" href=\"https:\/\/enapol.com\/xii\/citacoes-e-referencias-bibliograficas-4\/\"><span style=\"color: #ff0000;\">[Leia +]<\/span><\/a><\/p>\n<\/div>\n[\/vc_column_text][\/vc_column][\/vc_row]\n<\/div>","protected":false},"excerpt":{"rendered":"<p>[vc_row][vc_column][\/vc_column][\/vc_row][vc_row][vc_column][vc_column_text css=&#8221;.vc_custom_1751308622668{padding-top: 20px !important;padding-right: 20px !important;padding-bottom: 20px !important;padding-left: 20px !important;background-color: #FF835E !important;}&#8221;] Boletim Tambor 6 [\/vc_column_text][\/vc_column][\/vc_row][vc_row][vc_column][vc_column_text css=&#8221;&#8221;] RUBRICA EIXO 1 ENTRE DUAS L\u00cdNGUAS Ennia Favret EOL\/AMP Orientada por esta proposta, apresentarei duas vinhetas. Margot \u00e9 uma crian\u00e7a quando sua professora a nomeia como \u201ca estrangeira que escreve sem erros de ortografia\u201d. Uma frase com inten\u00e7\u00e3o&hellip;<\/p>\n","protected":false},"author":3,"featured_media":0,"parent":1875,"menu_order":0,"comment_status":"closed","ping_status":"closed","template":"","meta":{"_monsterinsights_skip_tracking":false,"_monsterinsights_sitenote_active":false,"_monsterinsights_sitenote_note":"","_monsterinsights_sitenote_category":0,"footnotes":""},"_links":{"self":[{"href":"https:\/\/enapol.com\/xii\/wp-json\/wp\/v2\/pages\/6086"}],"collection":[{"href":"https:\/\/enapol.com\/xii\/wp-json\/wp\/v2\/pages"}],"about":[{"href":"https:\/\/enapol.com\/xii\/wp-json\/wp\/v2\/types\/page"}],"author":[{"embeddable":true,"href":"https:\/\/enapol.com\/xii\/wp-json\/wp\/v2\/users\/3"}],"replies":[{"embeddable":true,"href":"https:\/\/enapol.com\/xii\/wp-json\/wp\/v2\/comments?post=6086"}],"version-history":[{"count":11,"href":"https:\/\/enapol.com\/xii\/wp-json\/wp\/v2\/pages\/6086\/revisions"}],"predecessor-version":[{"id":6216,"href":"https:\/\/enapol.com\/xii\/wp-json\/wp\/v2\/pages\/6086\/revisions\/6216"}],"up":[{"embeddable":true,"href":"https:\/\/enapol.com\/xii\/wp-json\/wp\/v2\/pages\/1875"}],"wp:attachment":[{"href":"https:\/\/enapol.com\/xii\/wp-json\/wp\/v2\/media?parent=6086"}],"curies":[{"name":"wp","href":"https:\/\/api.w.org\/{rel}","templated":true}]}}