{"id":635,"date":"2024-12-04T12:38:58","date_gmt":"2024-12-04T15:38:58","guid":{"rendered":"https:\/\/enapol.com\/xii\/inscricoes\/"},"modified":"2025-08-30T23:04:07","modified_gmt":"2025-08-31T02:04:07","slug":"inscricoes","status":"publish","type":"page","link":"https:\/\/enapol.com\/xii\/inscricoes\/","title":{"rendered":"Inscri\u00e7\u00e3o"},"content":{"rendered":"<div class=\"wpb-content-wrapper\">[vc_row][vc_column]<div class=\"vcex-spacing wpex-w-100 wpex-clear\" style=\"height:50px;\"><\/div>[\/vc_column][\/vc_row][vc_row][vc_column][vc_column_text css=&#8221;&#8221;]\n<h3><span style=\"color: #ff0000;\">Passo a passo para inscri\u00e7\u00e3o<\/span><\/h3>\n<p>Para sua inscri\u00e7\u00e3o no XII ENAPOL voc\u00ea ter\u00e1 que preencher um formul\u00e1rio com seus dados pessoais e definir sua forma e categoria de participa\u00e7\u00e3o. Informamos que PayPal \u00e9 a plataforma de pagamento utilizada para efetivar sua inscri\u00e7\u00e3o. \u00c9 necess\u00e1rio que tenha cadastro registrado nessa plataforma para realizar a compra. Em alguns pa\u00edses, <strong>PayPal permite pagar parcelado e o n\u00famero de parcelas depender\u00e1 das regras do seu cart\u00e3o de cr\u00e9dito.<\/strong><\/p>\n<ol>\n<li>O ENAPOL ser\u00e1 em formato h\u00edbrido, portanto, o primeiro passo ser\u00e1 escolher se participar\u00e1 de forma <strong>presencial <\/strong>ou <strong>remota<\/strong> via streaming.<\/li>\n<li>Em seguida, escolha a categoria na qual deseja se inscrever e preencha a ficha com seus dados cadastrais, aceite os termos de uso e clique no bot\u00e3o para finalizar a compra.\n<ul>\n<li><strong>Aten\u00e7\u00e3o: Nas inscri\u00e7\u00f5es das categorias de estudantes (gradua\u00e7\u00e3o, mestrado, doutorado e alunos dos Institutos do Campo Freudiano) e residentes da \u00e1rea de sa\u00fade ser\u00e1 exigido o envio do comprovante de matr\u00edcula. <\/strong><\/li>\n<li><strong>Para anexar o comprovante de matr\u00edcula h\u00e1 um bot\u00e3o vermelho, no final do formul\u00e1rio onde voc\u00ea poder\u00e1 incluir seu documento.<\/strong><\/li>\n<li><a href=\"https:\/\/enapol.com\/xii\/cursos-validos-para-inscricao-de-estudantes-e-residentes-na-area-de-saude\/\" target=\"_blank\" rel=\"noopener\"><strong>Cursos v\u00e1lidos para inscri\u00e7\u00e3o de estudantes e residentes na \u00e1rea de sa\u00fade.<\/strong><\/a><\/li>\n<\/ul>\n<\/li>\n<li>Ap\u00f3s a escolha da sua categoria de inscri\u00e7\u00e3o, a p\u00e1gina de compras ser\u00e1 carregada com o valor a ser debitado. Revise o seu pedido e clique em <strong>continuar<\/strong> para efetuar o pagamento.<\/li>\n<li>Uma p\u00e1gina com os detalhes da compra ser\u00e1 aberta assim que o seu pagamento for efetuado.<\/li>\n<li>Voc\u00ea receber\u00e1 imediatamente um e-mail, do PayPal, no endere\u00e7o cadastrado no ato da compra, contendo o resumo da transa\u00e7\u00e3o.<\/li>\n<li>O XII ENAPOL enviar\u00e1 um e-mail confirmando sua inscri\u00e7\u00e3o.<\/li>\n<\/ol>\n<p><strong>Aten\u00e7\u00e3o na hora de cadastrar seus dados, qualquer erro de digita\u00e7\u00e3o poder\u00e1 comprometer a conclus\u00e3o de sua inscri\u00e7\u00e3o.<\/strong><\/p>\n<p><strong>\u00a0<\/strong><span style=\"color: var(--wpex-text-2);\">Sugerimos que leia com aten\u00e7\u00e3o os termos de cancelamento e a devolu\u00e7\u00e3o de sua compra. Voc\u00ea poder\u00e1 acess\u00e1-lo <\/span><a href=\"https:\/\/enapol.com\/xii\/pt-br\/politica-de-devolucao-e-reembolso\/\"><strong>clicando aqui<\/strong><\/a><span style=\"color: var(--wpex-text-2);\">.<\/span>[\/vc_column_text][vc_empty_space][vc_raw_html css=&#8221;&#8221;]JTNDdGFibGUlMjB3aWR0aCUzRCUyMjEwMCUyNSUyMiUyMGJvcmRlciUzRCUyMjAlMjIlMjBjZWxscGFkZGluZyUzRCUyMjUlMjIlMjBjZWxsc3BhY2luZyUzRCUyMjAlMjIlM0UlMEElMjAlMjAlM0N0ciUzRSUwQSUyMCUyMCUyMCUyMCUzQ3RkJTIwd2lkdGglM0QlMjIxMTMlMjIlMjB2YWxpZ24lM0QlMjJ0b3AlMjIlMjBiZ2NvbG9yJTNEJTIyJTIzRjBGMEYwJTIyJTNFJTNDcCUyMGFsaWduJTNEJTIyY2VudGVyJTIyJTNFJTNDc3Ryb25nJTNFRGF0YXMlM0MlMkZzdHJvbmclM0UlM0MlMkZwJTNFJTNDJTJGdGQlM0UlMEElMjAlMjAlMjAlMjAlM0N0ZCUyMHdpZHRoJTNEJTIyMTEzJTIyJTIwdmFsaWduJTNEJTIydG9wJTIyJTIwYmdjb2xvciUzRCUyMiUyM0YwRjBGMCUyMiUzRSUzQ3AlMjBhbGlnbiUzRCUyMmNlbnRlciUyMiUzRSUzQ3N0cm9uZyUzRURlJTIwMTAlMkYwMiUyMGF0JUMzJUE5JTIwMzAlMkYwNCUzQyUyRnN0cm9uZyUzRSUzQyUyRnAlM0UlM0MlMkZ0ZCUzRSUwQSUyMCUyMCUyMCUyMCUzQ3RkJTIwd2lkdGglM0QlMjIxMTMlMjIlMjB2YWxpZ24lM0QlMjJ0b3AlMjIlMjBiZ2NvbG9yJTNEJTIyJTIzRjBGMEYwJTIyJTNFJTNDcCUyMGFsaWduJTNEJTIyY2VudGVyJTIyJTNFJTNDc3Ryb25nJTNFRGUlMjAwMSUyRjA1JTIwYXQlQzMlQTklMjAzMCUyRjA2JTNDJTJGc3Ryb25nJTNFJTNDJTJGcCUzRSUzQyUyRnRkJTNFJTBBJTIwJTIwJTIwJTIwJTNDdGQlMjB3aWR0aCUzRCUyMjExMyUyMiUyMHZhbGlnbiUzRCUyMnRvcCUyMiUyMGJnY29sb3IlM0QlMjIlMjNGMEYwRjAlMjIlM0UlM0NwJTIwYWxpZ24lM0QlMjJjZW50ZXIlMjIlM0UlM0NzdHJvbmclM0VEZSUyMDAxJTJGMDclMjBhdCVDMyVBOSUyMDMwJTJGMDglMjAlMkElM0MlMkZzdHJvbmclM0UlM0NzdHJvbmclM0UlMjAlM0MlMkZzdHJvbmclM0UlM0MlMkZwJTNFJTNDJTJGdGQlM0UlMEElMjAlMjAlM0MlMkZ0ciUzRSUwQSUyMCUyMCUzQ3RyJTNFJTBBJTIwJTIwJTIwJTIwJTNDdGQlMjB3aWR0aCUzRCUyMjExMyUyMiUyMHZhbGlnbiUzRCUyMnRvcCUyMiUyMGJnY29sb3IlM0QlMjIlMjNEQ0RDREMlMjIlM0UlM0NwJTNFJTNDc3Ryb25nJTNFTWVtYnJvcyUyMGRhJTIwQU1QJTNDJTJGc3Ryb25nJTNFJTNDc3Ryb25nJTNFJTIwJTNDJTJGc3Ryb25nJTNFJTNDJTJGcCUzRSUzQyUyRnRkJTNFJTBBJTIwJTIwJTIwJTIwJTNDdGQlMjB3aWR0aCUzRCUyMjExMyUyMiUyMHZhbGlnbiUzRCUyMnRvcCUyMiUyMGJnY29sb3IlM0QlMjIlMjNEQ0RDREMlMjIlM0UlM0NwJTIwYWxpZ24lM0QlMjJjZW50ZXIlMjIlM0VVU0QlMjAyMzAlM0MlMkZwJTNFJTNDJTJGdGQlM0UlMEElMjAlMjAlMjAlMjAlM0N0ZCUyMHdpZHRoJTNEJTIyMTEzJTIyJTIwdmFsaWduJTNEJTIydG9wJTIyJTIwYmdjb2xvciUzRCUyMiUyM0RDRENEQyUyMiUzRSUzQ3AlMjBhbGlnbiUzRCUyMmNlbnRlciUyMiUzRVVTRCUyMDI1MCUzQyUyRnAlM0UlM0MlMkZ0ZCUzRSUwQSUyMCUyMCUyMCUyMCUzQ3RkJTIwd2lkdGglM0QlMjIxMTMlMjIlMjB2YWxpZ24lM0QlMjJ0b3AlMjIlMjBiZ2NvbG9yJTNEJTIyJTIzRENEQ0RDJTIyJTNFJTNDcCUyMGFsaWduJTNEJTIyY2VudGVyJTIyJTNFVVNEJTIwMjcwJTNDJTJGcCUzRSUzQyUyRnRkJTNFJTBBJTIwJTIwJTNDJTJGdHIlM0UlMEElMjAlMjAlM0N0ciUzRSUwQSUyMCUyMCUyMCUyMCUzQ3RkJTIwd2lkdGglM0QlMjIxMTMlMjIlMjB2YWxpZ24lM0QlMjJ0b3AlMjIlMjBiZ2NvbG9yJTNEJTIyJTIzRjBGMEYwJTIyJTNFJTNDcCUzRSUzQ3N0cm9uZyUzRVByb2Zpc3Npb25haXMlMjBlJTIwcCVDMyVCQWJsaWNvJTIwZW0lMjBnZXJhbCUzQyUyRnN0cm9uZyUzRSUzQ3N0cm9uZyUzRSUyMCUzQyUyRnN0cm9uZyUzRSUzQyUyRnAlM0UlM0MlMkZ0ZCUzRSUwQSUyMCUyMCUyMCUyMCUzQ3RkJTIwd2lkdGglM0QlMjIxMTMlMjIlMjB2YWxpZ24lM0QlMjJ0b3AlMjIlMjBiZ2NvbG9yJTNEJTIyJTIzRjBGMEYwJTIyJTNFJTNDcCUyMGFsaWduJTNEJTIyY2VudGVyJTIyJTNFVVNEJTIwMTgwJTNDJTJGcCUzRSUzQyUyRnRkJTNFJTBBJTIwJTIwJTIwJTIwJTNDdGQlMjB3aWR0aCUzRCUyMjExMyUyMiUyMHZhbGlnbiUzRCUyMnRvcCUyMiUyMGJnY29sb3IlM0QlMjIlMjNGMEYwRjAlMjIlM0UlM0NwJTIwYWxpZ24lM0QlMjJjZW50ZXIlMjIlM0VVU0QlMjAyMjAlM0MlMkZwJTNFJTNDJTJGdGQlM0UlMEElMjAlMjAlMjAlMjAlM0N0ZCUyMHdpZHRoJTNEJTIyMTEzJTIyJTIwdmFsaWduJTNEJTIydG9wJTIyJTIwYmdjb2xvciUzRCUyMiUyM0YwRjBGMCUyMiUzRSUzQ3AlMjBhbGlnbiUzRCUyMmNlbnRlciUyMiUzRVVTRCUyMDIzMCUzQyUyRnAlM0UlM0MlMkZ0ZCUzRSUwQSUyMCUyMCUzQyUyRnRyJTNFJTBBJTIwJTIwJTNDdHIlM0UlMEElMjAlMjAlMjAlMjAlM0N0ZCUyMHdpZHRoJTNEJTIyMTEzJTIyJTIwdmFsaWduJTNEJTIydG9wJTIyJTIwYmdjb2xvciUzRCUyMiUyM0RDRENEQyUyMiUzRSUzQ3AlM0UlM0NzdHJvbmclM0VFc3R1ZGFudGVzJTIwZGUlMjBwJUMzJUIzcy1ncmFkdWElQzMlQTclQzMlQTNvJTIwdW5pdmVyc2l0JUMzJUExcmlhJTJDJTIwbWVzdHJhZG8lMkMlMjBkb3V0b3JhZG8lMjBvdSUyMHJlc2lkJUMzJUFBbmNpYSUyMG5hJTIwJUMzJUExcmVhJTIwZGUlMjBzYSVDMyVCQWRlJTJBJTJBJTIwJTNDJTJGc3Ryb25nJTNFJTNDc3Ryb25nJTNFJTIwJTNDJTJGc3Ryb25nJTNFJTNDJTJGcCUzRSUzQyUyRnRkJTNFJTBBJTIwJTIwJTIwJTIwJTNDdGQlMjB3aWR0aCUzRCUyMjExMyUyMiUyMHZhbGlnbiUzRCUyMnRvcCUyMiUyMGJnY29sb3IlM0QlMjIlMjNEQ0RDREMlMjIlM0UlM0NwJTIwYWxpZ24lM0QlMjJjZW50ZXIlMjIlM0VVU0QlMjAxMDAlM0MlMkZwJTNFJTNDJTJGdGQlM0UlMEElMjAlMjAlMjAlMjAlM0N0ZCUyMHdpZHRoJTNEJTIyMTEzJTIyJTIwdmFsaWduJTNEJTIydG9wJTIyJTIwYmdjb2xvciUzRCUyMiUyM0RDRENEQyUyMiUzRSUzQ3AlMjBhbGlnbiUzRCUyMmNlbnRlciUyMiUzRVVTRCUyMDEyMCUzQyUyRnAlM0UlM0MlMkZ0ZCUzRSUwQSUyMCUyMCUyMCUyMCUzQ3RkJTIwd2lkdGglM0QlMjIxMTMlMjIlMjB2YWxpZ24lM0QlMjJ0b3AlMjIlMjBiZ2NvbG9yJTNEJTIyJTIzRENEQ0RDJTIyJTNFJTNDcCUyMGFsaWduJTNEJTIyY2VudGVyJTIyJTNFVVNEJTIwMTQwJTNDJTJGcCUzRSUzQyUyRnRkJTNFJTBBJTIwJTIwJTNDJTJGdHIlM0UlMEElMjAlMjAlM0N0ciUzRSUwQSUyMCUyMCUyMCUyMCUzQ3RkJTIwd2lkdGglM0QlMjIxMTMlMjIlMjB2YWxpZ24lM0QlMjJ0b3AlMjIlMjBiZ2NvbG9yJTNEJTIyJTIzRjBGMEYwJTIyJTNFJTNDcCUzRSUzQ3N0cm9uZyUzRSUyNm5ic3AlM0IlM0MlMkZzdHJvbmclM0UlM0NzdHJvbmclM0VFc3R1ZGFudGVzJTIwZGUlMjBncmFkdWElQzMlQTclQzMlQTNvJTJBJTJBJTJBJTNDJTJGc3Ryb25nJTNFJTNDc3Ryb25nJTNFJTIwJTNDJTJGc3Ryb25nJTNFJTNDJTJGcCUzRSUzQyUyRnRkJTNFJTBBJTIwJTIwJTIwJTIwJTNDdGQlMjB3aWR0aCUzRCUyMjExMyUyMiUyMHZhbGlnbiUzRCUyMnRvcCUyMiUyMGJnY29sb3IlM0QlMjIlMjNGMEYwRjAlMjIlM0UlM0NwJTIwYWxpZ24lM0QlMjJjZW50ZXIlMjIlM0VVU0QlMjA2MCUzQyUyRnAlM0UlM0MlMkZ0ZCUzRSUwQSUyMCUyMCUyMCUyMCUzQ3RkJTIwd2lkdGglM0QlMjIxMTMlMjIlMjB2YWxpZ24lM0QlMjJ0b3AlMjIlMjBiZ2NvbG9yJTNEJTIyJTIzRjBGMEYwJTIyJTNFJTNDcCUyMGFsaWduJTNEJTIyY2VudGVyJTIyJTNFVVNEJTIwNjAlM0MlMkZwJTNFJTNDJTJGdGQlM0UlMEElMjAlMjAlMjAlMjAlM0N0ZCUyMHdpZHRoJTNEJTIyMTEzJTIyJTIwdmFsaWduJTNEJTIydG9wJTIyJTIwYmdjb2xvciUzRCUyMiUyM0YwRjBGMCUyMiUzRSUzQ3AlMjBhbGlnbiUzRCUyMmNlbnRlciUyMiUzRVVTRCUyMDYwJTNDJTJGcCUzRSUzQyUyRnRkJTNFJTBBJTIwJTIwJTNDJTJGdHIlM0UlMEElM0MlMkZ0YWJsZSUzRQ==[\/vc_raw_html][vc_empty_space][\/vc_column][\/vc_row][vc_row][vc_column][vc_empty_space][vc_column_text css=&#8221;&#8221;]<strong><span style=\"font-size: 13px;\">VALOR EM D\u00d3LAR, SUJEITO A COTA\u00c7\u00c3O DO DIA<\/span><\/strong><\/p>\n<p><span style=\"font-size: 13px;\">*As inscri\u00e7\u00f5es poder\u00e3o se encerrar antes, de acordo com a lota\u00e7\u00e3o do espa\u00e7o.<\/span><\/p>\n<p><span style=\"font-size: 13px;\">** Estudantes de p\u00f3s-gradua\u00e7\u00e3o universit\u00e1ria, mestrado, doutorado ou resid\u00eancia na \u00e1rea de sa\u00fade: solicitamos a documenta\u00e7\u00e3o que comprove sua condi\u00e7\u00e3o no momento da inscri\u00e7\u00e3o. Alunos dos Institutos, dever\u00e3o estar inscritos no curso regular e enviar comprovante de matr\u00edcula.<\/span><\/p>\n<p><span style=\"font-size: 13px;\">*** Somente estudantes universit\u00e1rios de gradua\u00e7\u00e3o.<\/span>[\/vc_column_text][\/vc_column][\/vc_row]\n<\/div>","protected":false},"excerpt":{"rendered":"<p>[vc_row][vc_column][\/vc_column][\/vc_row][vc_row][vc_column][vc_column_text css=&#8221;&#8221;] Passo a passo para inscri\u00e7\u00e3o Para sua inscri\u00e7\u00e3o no XII ENAPOL voc\u00ea ter\u00e1 que preencher um formul\u00e1rio com seus dados pessoais e definir sua forma e categoria de participa\u00e7\u00e3o. Informamos que PayPal \u00e9 a plataforma de pagamento utilizada para efetivar sua inscri\u00e7\u00e3o. \u00c9 necess\u00e1rio que tenha cadastro registrado nessa plataforma para realizar a&hellip;<\/p>\n","protected":false},"author":3,"featured_media":0,"parent":0,"menu_order":0,"comment_status":"closed","ping_status":"closed","template":"templates\/no-sidebar.php","meta":{"_monsterinsights_skip_tracking":false,"_monsterinsights_sitenote_active":false,"_monsterinsights_sitenote_note":"","_monsterinsights_sitenote_category":0,"footnotes":""},"_links":{"self":[{"href":"https:\/\/enapol.com\/xii\/wp-json\/wp\/v2\/pages\/635"}],"collection":[{"href":"https:\/\/enapol.com\/xii\/wp-json\/wp\/v2\/pages"}],"about":[{"href":"https:\/\/enapol.com\/xii\/wp-json\/wp\/v2\/types\/page"}],"author":[{"embeddable":true,"href":"https:\/\/enapol.com\/xii\/wp-json\/wp\/v2\/users\/3"}],"replies":[{"embeddable":true,"href":"https:\/\/enapol.com\/xii\/wp-json\/wp\/v2\/comments?post=635"}],"version-history":[{"count":34,"href":"https:\/\/enapol.com\/xii\/wp-json\/wp\/v2\/pages\/635\/revisions"}],"predecessor-version":[{"id":7891,"href":"https:\/\/enapol.com\/xii\/wp-json\/wp\/v2\/pages\/635\/revisions\/7891"}],"wp:attachment":[{"href":"https:\/\/enapol.com\/xii\/wp-json\/wp\/v2\/media?parent=635"}],"curies":[{"name":"wp","href":"https:\/\/api.w.org\/{rel}","templated":true}]}}